{"id":465,"date":"2017-09-24T16:11:51","date_gmt":"2017-09-24T14:11:51","guid":{"rendered":"https:\/\/site.uit.no\/dataverseno\/?page_id=465"},"modified":"2024-04-22T16:23:28","modified_gmt":"2024-04-22T14:23:28","slug":"administrering-dataverseno","status":"publish","type":"page","link":"https:\/\/site.uit.no\/dataverseno\/nn\/admin\/administrering-dataverseno\/","title":{"rendered":"Guide for arkivforvaltning"},"content":{"rendered":"<p>M\u00e5lgruppe: DataverseNO-arkivforvaltninga p\u00e5 UiT<\/p>\n<span class=\"collapseomatic  find-me\" id=\"brukaradministrasjon\"  tabindex=\"0\" title=\"Brukar- og tilgangsadministrasjon\" data-findme=\"\"   ><strong>Brukar- og tilgangsadministrasjon<\/strong><\/span><div id=\"target-brukaradministrasjon\" class=\"collapseomatic_content \"><a href=\"https:\/\/site.uit.no\/dataverseno\/nn\/admin\/administrering-dataverseno\/#brukaradministrasjon\" target=\"_blank\" rel=\"noopener\"><img decoding=\"async\" class=\"alignleft wp-image-977\" title=\"Bruk denne lenkja n\u00e5r du skal referera til dette avsnittet.\" src=\"https:\/\/site.uit.no\/dataverseno\/wp-content\/uploads\/sites\/314\/2018\/04\/External-link-icon-150x150.png\" alt=\"\" width=\"15\" height=\"15\" srcset=\"https:\/\/site.uit.no\/dataverseno\/wp-content\/uploads\/sites\/314\/2018\/04\/External-link-icon-150x150.png 150w, https:\/\/site.uit.no\/dataverseno\/wp-content\/uploads\/sites\/314\/2018\/04\/External-link-icon.png 225w\" sizes=\"(max-width: 15px) 100vw, 15px\" \/><\/a><br \/>\n<br class=\"custom-break\" \/><br class=\"custom-break\" \/><span class=\"collapseomatic  find-me\" id=\"oppretting-av-brukarkonto\"  tabindex=\"0\" title=\"Oppretting av brukarkonto\" data-findme=\"\"   ><strong>Oppretting av brukarkonto<\/strong><\/span><div id=\"target-oppretting-av-brukarkonto\" class=\"collapseomatic_content \"><a href=\"https:\/\/site.uit.no\/dataverseno\/nn\/admin\/administrering-dataverseno\/#oppretting-av-brukarkonto\" target=\"_blank\" rel=\"noopener\"><img decoding=\"async\" class=\"alignleft wp-image-977\" title=\"Bruk denne lenkja n\u00e5r du skal referera til dette avsnittet.\" src=\"https:\/\/site.uit.no\/dataverseno\/wp-content\/uploads\/sites\/314\/2018\/04\/External-link-icon-150x150.png\" alt=\"\" width=\"15\" height=\"15\" srcset=\"https:\/\/site.uit.no\/dataverseno\/wp-content\/uploads\/sites\/314\/2018\/04\/External-link-icon-150x150.png 150w, https:\/\/site.uit.no\/dataverseno\/wp-content\/uploads\/sites\/314\/2018\/04\/External-link-icon.png 225w\" sizes=\"(max-width: 15px) 100vw, 15px\" \/><\/a><\/p>\n<p>Ein registrert brukar i DataverseNO er alltid registrert som brukar av heile arkivet. For \u00e5 kunna arkivera data m\u00e5 ein f\u00e5 tilgang til rett samling. Vi skil mellom to hovudgrupper av brukarar: brukarar fr\u00e5 norske forskingsinstitusjonar og andre brukarar.<\/p>\n<span class=\"collapseomatic  find-me\" id=\"brukarar-fraa-norske-forskingsinstitusjonar\"  tabindex=\"0\" title=\"Brukarar fr\u00e5 norske forskingsinstitusjonar\" data-findme=\"\"   ><strong>Brukarar fr\u00e5 norske forskingsinstitusjonar<\/strong><\/span><div id=\"target-brukarar-fraa-norske-forskingsinstitusjonar\" class=\"collapseomatic_content \"><a href=\"https:\/\/site.uit.no\/dataverseno\/nn\/admin\/administrering-dataverseno\/#brukarar-fraa-norske-forskingsinstitusjonar\" target=\"_blank\" rel=\"noopener\"><img decoding=\"async\" class=\"alignleft wp-image-977\" title=\"Bruk denne lenkja n\u00e5r du skal referera til dette avsnittet.\" src=\"https:\/\/site.uit.no\/dataverseno\/wp-content\/uploads\/sites\/314\/2018\/04\/External-link-icon-150x150.png\" alt=\"\" width=\"15\" height=\"15\" srcset=\"https:\/\/site.uit.no\/dataverseno\/wp-content\/uploads\/sites\/314\/2018\/04\/External-link-icon-150x150.png 150w, https:\/\/site.uit.no\/dataverseno\/wp-content\/uploads\/sites\/314\/2018\/04\/External-link-icon.png 225w\" sizes=\"(max-width: 15px) 100vw, 15px\" \/><\/a><\/p>\n<p>Brukarar fr\u00e5 norske forskingsinstitusjonar opprettar ein brukarkonto ved f\u00f8rstegongs innlogging via Feide eller ORCiD (sj\u00e5 <a href=\"https:\/\/site.uit.no\/dataverseno\/nn\/arkivering\/arkiver-dataa-dine\/#brukarar-fraa-norske-forskingsinstitusjonar\" target=\"_blank\" rel=\"noopener\">DataverseNO-arkiveringsguide<\/a>). Forskarar fr\u00e5 institusjonar som bruker Feide, b\u00f8r logga inn med Feide. Feide-brukarar som er tilknytte ein DataverseNO-partnarinstitusjon, f\u00e5r etter f\u00f8rstegongs innlogging automatisk tildelt tilgangsrettar til rett institusjonssamling. ORCiD-brukarar som er tilknytte ein DataverseNO-partnarinstitusjon, m\u00e5 etter f\u00f8rstegongs innlogging i DataverseNO f\u00f8rst verifisera institusjons-e-postadressa si f\u00f8r dei f\u00e5r tildelt tilgangsrettar til rett institusjonssamling. For brukarar fr\u00e5 norske norske forskingsinstitusjonar som ikkje er DataverseNO-partnarar, gjeld det same, men desse brukarane f\u00e5r automatisk tildelt tilgangsrettar til toppniv\u00e5samlinga. I begge tilfella kan brukarane oppretta datasett etter f\u00f8rstegongs innlogging. Ingen brukaradministrasjon er n\u00f8dvendig. Feide-brukarar loggar alltid inn med Feide ved \u00e5 velja alternativet <em>Your Institution<\/em>, medan ORCiD-brukarar vel alternativet <em>Other Options &gt; ORCID<\/em>. Det er ogs\u00e5 mogleg \u00e5 logga inn med Azure AD, men det alternativet er pr. i dag berre brukt av Nofima. Desse brukarane vel alternativet <em>Other Options &gt; Nofima<\/em>.<\/p>\n<\/div>\n<br class=\"custom-break\" \/><span class=\"collapseomatic  find-me\" id=\"andre-brukarar\"  tabindex=\"0\" title=\"Andre brukarar\" data-findme=\"\"   ><strong>Andre brukarar<\/strong><\/span><div id=\"target-andre-brukarar\" class=\"collapseomatic_content \"><a href=\"https:\/\/site.uit.no\/dataverseno\/nn\/admin\/administrering-dataverseno\/#andre-brukarar\" target=\"_blank\" rel=\"noopener\"><img decoding=\"async\" class=\"alignleft wp-image-977\" title=\"Bruk denne lenkja n\u00e5r du skal referera til dette avsnittet.\" src=\"https:\/\/site.uit.no\/dataverseno\/wp-content\/uploads\/sites\/314\/2018\/04\/External-link-icon-150x150.png\" alt=\"\" width=\"15\" height=\"15\" srcset=\"https:\/\/site.uit.no\/dataverseno\/wp-content\/uploads\/sites\/314\/2018\/04\/External-link-icon-150x150.png 150w, https:\/\/site.uit.no\/dataverseno\/wp-content\/uploads\/sites\/314\/2018\/04\/External-link-icon.png 225w\" sizes=\"(max-width: 15px) 100vw, 15px\" \/><\/a><\/p>\n<p>Brukarar som ikkje er tilknytte nokon norsk forskingsinstitusjon, kan oppretta ein DataverseNO-brukarkonto ved \u00e5 logga inn med eduGAIN eller ORCiD (sj\u00e5 <a href=\"https:\/\/site.uit.no\/dataverseno\/nn\/arkivering\/arkiver-dataa-dine\/#andre-brukarar\" target=\"_blank\" rel=\"noopener\">DataverseNO-arkiveringsguiden<\/a>). Etter f\u00f8rste gongs innlogging, m\u00e5 dei s\u00f8kja om \u00e5 f\u00e5 tildelt arkiveringstilgang til ei samling i DataverseNO ved \u00e5 fylla ut og senda inn eit sp\u00f8rjeskjema (Nettskjema). Ein kopi av skjemaet blir sendt til <a href=\"mailto:support@dataverse.no\">support@dataverse.no<\/a>. Etter avklaring med forvaltaren av den aktuelle samlinga ordnar DataverseNO-arkivforvaltaren tilgang til rett samling for den nye brukaren. Rettleiingar p\u00e5 tildeling av tilgangsrettar til samlinga finn du nedanfor. NB! Den nye brukaren vil ikkje f\u00e5 tilsendt noka automatisk melding n\u00e5r tilgang er ordna, men m\u00e5 informerast om det via e-post.<\/p>\n<p><em><em><strong>Ordna samlingstilgang for ny brukar som ikkje er tilknytt norsk forskingsinstitusjon:<\/strong><\/em><\/em><\/p>\n<ol>\n<li>Gje den nye brukaren tilgang til rett samling: Logg inn som administrator\/deg sj\u00f8lv, g\u00e5 til rett samling, og legg den nye brukaren til i rettigheitsgruppa for vanlege brukarar (t.d. NMBU Dataset Creator); sj\u00e5 avsnittet <a href=\"https:\/\/site.uit.no\/dataverseno\/nn\/admin\/administrering-samlingar\/#Gje-brukar-tilgang-til-rett-samling\" target=\"_blank\" rel=\"noopener\"><em>Gje brukar tilgang til rett samling<\/em><\/a> i Administratorguide for samlingar.<\/li>\n<li>Gje beskjed til forvaltar av den aktuelle samlinga om at den nye brukaren har f\u00e5tt tilgang til samlinga. Dette kan gjerast ved \u00e5 setja samlingsforvaltar p\u00e5 kopi i e-posten du sender til den nye brukaren der du informerer om at vedkomande no har tilgang til den aktuelle samlinga.<\/li>\n<\/ol>\n<p><em>Forslag til e-post til ny brukar etter at tilgang er godkjend og ordna:<\/em><\/p>\n<blockquote><p>Dear [NN],<\/p>\n<p>Thank you for requesting deposit access to the [NN] collection in DataverseNO.<\/p>\n<p>Your request has been approved and you have been granted deposit access to the collection. To log in, click on this link:<br \/>\nhttps:\/\/dataverse.no\/loginpage.xhtml?redirectPage=%2Fdataverse.xhtml%3Falias%3D[KORTNAMN P\u00c5 SAMLING, T.D: uit]\n<p>Before depositing your data, please have a look at the DataverseNO Deposit Guidelines:<br \/>\n[REMOVE]https:\/\/site.uit.no\/dataverseno\/deposit\/[REMOVE]\n<p>If you have any questions or comments, please contact us by replying to this email.<\/p><\/blockquote>\n<\/div>\n<br class=\"custom-break\" \/><span class=\"collapseomatic  find-me\" id=\"brukarar-pa-demo-dataverse-no\"  tabindex=\"0\" title=\"Brukarar p\u00e5 demo.dataverse.no\" data-findme=\"\"   ><strong>Brukarar p\u00e5 demo.dataverse.no<\/strong><\/span><div id=\"target-brukarar-pa-demo-dataverse-no\" class=\"collapseomatic_content \"><a href=\"https:\/\/site.uit.no\/dataverseno\/nn\/admin\/administrering-dataverseno\/#brukarar-pa-demo-dataverse-no\" target=\"_blank\" rel=\"noopener\"><img decoding=\"async\" class=\"alignleft wp-image-977\" title=\"Bruk denne lenkja n\u00e5r du skal referera til dette avsnittet.\" src=\"https:\/\/site.uit.no\/dataverseno\/wp-content\/uploads\/sites\/314\/2018\/04\/External-link-icon-150x150.png\" alt=\"\" width=\"15\" height=\"15\" srcset=\"https:\/\/site.uit.no\/dataverseno\/wp-content\/uploads\/sites\/314\/2018\/04\/External-link-icon-150x150.png 150w, https:\/\/site.uit.no\/dataverseno\/wp-content\/uploads\/sites\/314\/2018\/04\/External-link-icon.png 225w\" sizes=\"(max-width: 15px) 100vw, 15px\" \/><\/a><\/p>\n<p>Vi kan bruka demo.dataverse.no\u00a0til oppl\u00e6ring og testing. Brukaradministrering p\u00e5 demo.dataverse.no fungerer p\u00e5 same m\u00e5ten som for dataverse.no; sj\u00e5 ovanfor. <strong>NB!<\/strong> Datasett i testbasen kan bli sletta ved versjonsoppgraderingar av Dataverse.<br \/>\n<\/div>\n<\/div>\n<br class=\"custom-break\" \/><span class=\"collapseomatic  find-me\" id=\"endring-av-tilgang-nar-institusjon-blir-dataverseno-partnar\"  tabindex=\"0\" title=\"Endring av tilgang n\u00e5r institusjon blir DataverseNO-partnar\" data-findme=\"\"   ><strong>Endring av tilgang n\u00e5r institusjon blir DataverseNO-partnar<\/strong><\/span><div id=\"target-endring-av-tilgang-nar-institusjon-blir-dataverseno-partnar\" class=\"collapseomatic_content \"><a href=\"https:\/\/site.uit.no\/dataverseno\/nn\/admin\/administrering-dataverseno\/#endring-av-tilgang-nar-institusjon-blir-dataverseno-partnar\" target=\"_blank\" rel=\"noopener\"><img decoding=\"async\" class=\"alignleft wp-image-977\" title=\"Bruk denne lenkja n\u00e5r du skal referera til dette avsnittet.\" src=\"https:\/\/site.uit.no\/dataverseno\/wp-content\/uploads\/sites\/314\/2018\/04\/External-link-icon-150x150.png\" alt=\"\" width=\"15\" height=\"15\" srcset=\"https:\/\/site.uit.no\/dataverseno\/wp-content\/uploads\/sites\/314\/2018\/04\/External-link-icon-150x150.png 150w, https:\/\/site.uit.no\/dataverseno\/wp-content\/uploads\/sites\/314\/2018\/04\/External-link-icon.png 225w\" sizes=\"(max-width: 15px) 100vw, 15px\" \/><\/a><\/p>\n<p>N\u00e5r ein norsk UH- eller forskingsinstitusjon blir partnar i DataverseNO, s\u00e5 m\u00e5 ein endra tilgangen til brukarane fr\u00e5 denne institusjonen. F\u00f8r institusjonen blei partnar, hadde brukarane fr\u00e5 institusjonen tilgang p\u00e5 rot. N\u00e5r institusjonen blir partnar, f\u00e5r dei oppretta ei eiga institusjonssamling under DataverseNO. Brukarane fr\u00e5 den nye partnarinstitusjonen m\u00e5 no f\u00e5 automatisk tilgang til denne nye institusjonssamlinga, og dei m\u00e5 f\u00e5 fjerna tilgang til rot. Dette skal ordnast av DataverseNO-admin p\u00e5 f\u00f8lgjande m\u00e5te:<\/p>\n<p>Slett tilgang til rot:<\/p>\n<ol>\n<li>G\u00e5 til DataverseNO\/rot, klikk p\u00e5 <em>Edit,<\/em> og vel <em>Permissions<\/em>.<\/li>\n<li>Klikk p\u00e5 <em>Users\/Groups<\/em>.<\/li>\n<li>Leit opp den aktuelle rettigheitsgruppa (t.d. nmbu.no) ved \u00e5 scrolla gjennom lista eller med hjelp av Ctrl+F, og klikk p\u00e5 <em>Remove Assigned Role<\/em>.<\/li>\n<\/ol>\n<p>Legg til tilgang til ny institusjonssamling:<\/p>\n<ol>\n<li>G\u00e5 til rett institusjonssamling (t.d. NMBU-samlinga), klikk p\u00e5 <em>Edit,<\/em> og vel <em>Permission.<\/em><\/li>\n<li>Klikk p\u00e5 <em>Users\/Groups<\/em>.<\/li>\n<li>Klikk p\u00e5 <em>Assign Roles to Users\/Groups<\/em>.<\/li>\n<li>Leit opp og vel den aktuelle rettigheitsgruppe i s\u00f8kjefeltet (<em>Users\/Groups<\/em>) (t.d. nmbu.no) (NB! Dersom institusjonen manglar rettigheitsgruppe, m\u00e5 ei slik opprettast p\u00e5 rot.).<\/li>\n<li>Vel rolla <em>Dataset Creator<\/em>, og klikk p\u00e5 <em>Save Changes<\/em>.<\/li>\n<\/ol>\n<\/div>\n<\/div>\n<br class=\"custom-break\" \/><span class=\"collapseomatic  find-me\" id=\"flytting-av-datasett-n\u00e5r-institusjon-blir-dataverseno-partnar\"  tabindex=\"0\" title=\"Flytting av datasett n\u00e5r institusjon blir DataverseNO-partnar\" data-findme=\"\"   ><strong>Flytting av datasett n\u00e5r institusjon blir DataverseNO-partnar<\/strong><\/span><div id=\"target-flytting-av-datasett-n\u00e5r-institusjon-blir-dataverseno-partnar\" class=\"collapseomatic_content \"><a href=\"https:\/\/site.uit.no\/dataverseno\/nn\/admin\/administrering-dataverseno\/#flytting-av-datasett-n\u00e5r-institusjon-blir-dataverseno-partnar\" target=\"_blank\" rel=\"noopener\"><img decoding=\"async\" class=\"alignleft wp-image-977\" title=\"Bruk denne lenkja n\u00e5r du skal referera til dette avsnittet.\" src=\"https:\/\/site.uit.no\/dataverseno\/wp-content\/uploads\/sites\/314\/2018\/04\/External-link-icon-150x150.png\" alt=\"\" width=\"15\" height=\"15\" srcset=\"https:\/\/site.uit.no\/dataverseno\/wp-content\/uploads\/sites\/314\/2018\/04\/External-link-icon-150x150.png 150w, https:\/\/site.uit.no\/dataverseno\/wp-content\/uploads\/sites\/314\/2018\/04\/External-link-icon.png 225w\" sizes=\"(max-width: 15px) 100vw, 15px\" \/><\/a><\/p>\n<p>Arkivforvaltar m\u00e5 flytta eventuelle datasett som forskarar p\u00e5 den nye partnarinsitusjonen har oppretta under rot, til den nye institusjonssamlinga.<br \/>\n<\/div>\n<br class=\"custom-break\" \/><span class=\"collapseomatic  find-me\" id=\"oppdatering-av-kontaktinformasjon-pa-info-dataverse-no\"  tabindex=\"0\" title=\"Oppdatering av kontaktinformasjon p\u00e5 info.dataverse.no\" data-findme=\"\"   ><strong>Oppdatering av kontaktinformasjon p\u00e5 info.dataverse.no<\/strong><\/span><div id=\"target-oppdatering-av-kontaktinformasjon-pa-info-dataverse-no\" class=\"collapseomatic_content \"><a href=\"https:\/\/site.uit.no\/dataverseno\/nn\/admin\/administrering-dataverseno\/#oppdatering-av-kontaktinformasjon-pa-info-dataverse-no\" target=\"_blank\" rel=\"noopener\"><img decoding=\"async\" class=\"alignleft wp-image-977\" title=\"Bruk denne lenkja n\u00e5r du skal referera til dette avsnittet.\" src=\"https:\/\/site.uit.no\/dataverseno\/wp-content\/uploads\/sites\/314\/2018\/04\/External-link-icon-150x150.png\" alt=\"\" width=\"15\" height=\"15\" srcset=\"https:\/\/site.uit.no\/dataverseno\/wp-content\/uploads\/sites\/314\/2018\/04\/External-link-icon-150x150.png 150w, https:\/\/site.uit.no\/dataverseno\/wp-content\/uploads\/sites\/314\/2018\/04\/External-link-icon.png 225w\" sizes=\"(max-width: 15px) 100vw, 15px\" \/><\/a><\/p>\n<p>N\u00e5r ny partnarinstitusjon er p\u00e5 plass, m\u00e5 DataverseNO-arkivforvaltar oppdatera kontaktinformasjon p\u00e5 info.dataverse.no:<\/p>\n<ul>\n<li>Norsk side:\u00a0<a href=\"https:\/\/site.uit.no\/dataverseno\/nn\/stotte\/\" target=\"_blank\" rel=\"noopener\">https:\/\/site.uit.no\/dataverseno\/nn\/stotte\/<\/a><\/li>\n<li>Engelsk side:\u00a0<a href=\"https:\/\/site.uit.no\/dataverseno\/support\/\" target=\"_blank\" rel=\"noopener\">https:\/\/site.uit.no\/dataverseno\/support\/<\/a><\/li>\n<\/ul>\n<\/div>\n<br class=\"custom-break\" \/><span class=\"collapseomatic  find-me\" id=\"oai-pmh-sett-for-hausting\"  tabindex=\"0\" title=\"OAI-PMH-sett for hausting\" data-findme=\"\"   ><strong>OAI-PMH-sett for hausting<\/strong><\/span><div id=\"target-oai-pmh-sett-for-hausting\" class=\"collapseomatic_content \"><a href=\"https:\/\/site.uit.no\/dataverseno\/nn\/admin\/administrering-dataverseno\/#oai-pmh-sett-for-hausting\" target=\"_blank\" rel=\"noopener\"><img decoding=\"async\" class=\"alignleft wp-image-977\" title=\"Bruk denne lenkja n\u00e5r du skal referera til dette avsnittet.\" src=\"https:\/\/site.uit.no\/dataverseno\/wp-content\/uploads\/sites\/314\/2018\/04\/External-link-icon-150x150.png\" alt=\"\" width=\"15\" height=\"15\" srcset=\"https:\/\/site.uit.no\/dataverseno\/wp-content\/uploads\/sites\/314\/2018\/04\/External-link-icon-150x150.png 150w, https:\/\/site.uit.no\/dataverseno\/wp-content\/uploads\/sites\/314\/2018\/04\/External-link-icon.png 225w\" sizes=\"(max-width: 15px) 100vw, 15px\" \/><\/a><\/p>\n<p>N\u00e5r ei ny samling er oppretta, m\u00e5 ein ogs\u00e5 laga eit OAI-PMH-sett for den nye samlinga. For \u00e5 oppretta eit slikt sett klikk p\u00e5 brukarnamnet ditt \u00f8vst til h\u00f8gre i DataverseNO, og vel <em>Dashboard<\/em>. I boksen <em>Harvesting Server<\/em> klikk p\u00e5 <em>Manage Server<\/em>. Klikk p\u00e5 Add Set, og fyll ut felta. For NTNU-samlinga ser dette t.d. slik ut:<\/p>\n<p>Definition Query:\u00a0subtreePaths:&#8221;\/5622&#8243;<br \/>\nName: ntnu<br \/>\nDescription: OAI-PMH harvesting set for the NTNU \u2013 Norwegian University of Science and Technology collection in DataverseNO<\/p>\n<p>parentId f\u00e5r ein p\u00e5 f\u00f8lgjande m\u00e5te: Logg inn p\u00e5 dataverse.no. Naviger til den aktuelle samlinga, klikk p\u00e5 <em>Edit<\/em>, og vel <em>Permissions<\/em>. parentId blir no vist heilt til slutt i URL-en (t.d. \u00abid=5622\u00bb for NTNU-samlinga).<\/p>\n<p>Adressa som skal brukast til hausting blir d\u00e5 slik (t.d. for NTNU-samlinga):<br \/>\nhttps:\/\/dataverse.no\/oai?verb=ListRecords&#038;metadataPrefix=oai_dc&#038;set=ntnu<br \/>\nDenne adressa skal listast opp under Metadatahausting|Metadata Harvesting p\u00e5 sida Om|About p\u00e5 info.dataverse.no.<\/p>\n<p>NB!\u00a0OAI-PMH-settet m\u00e5 \u00f2g oppdaterast ved eventuell flytting av ei samling (jf. t.d. n\u00e5r TROLLing blei flytta til rot.)<\/p>\n<\/div>\n<br class=\"custom-break\" \/><span class=\"collapseomatic  find-me\" id=\"oppdatering-av-re3data-innforsel\"  tabindex=\"0\" title=\"Oppdatering av re3data-innf\u00f8rsel\" data-findme=\"\"   ><strong>Oppdatering av re3data-innf\u00f8rsel<\/strong><\/span><div id=\"target-oppdatering-av-re3data-innforsel\" class=\"collapseomatic_content \"><a href=\"https:\/\/site.uit.no\/dataverseno\/nn\/admin\/administrering-dataverseno\/#oppdatering-av-re3data-innforsel\" target=\"_blank\" rel=\"noopener\"><img decoding=\"async\" class=\"alignleft wp-image-977\" title=\"Bruk denne lenkja n\u00e5r du skal referera til dette avsnittet.\" src=\"https:\/\/site.uit.no\/dataverseno\/wp-content\/uploads\/sites\/314\/2018\/04\/External-link-icon-150x150.png\" alt=\"\" width=\"15\" height=\"15\" srcset=\"https:\/\/site.uit.no\/dataverseno\/wp-content\/uploads\/sites\/314\/2018\/04\/External-link-icon-150x150.png 150w, https:\/\/site.uit.no\/dataverseno\/wp-content\/uploads\/sites\/314\/2018\/04\/External-link-icon.png 225w\" sizes=\"(max-width: 15px) 100vw, 15px\" \/><\/a><\/p>\n<p>N\u00e5r ei ny institusjonssamling er oppretta, m\u00e5 ein oppdatera re3data-innf\u00f8rselen. G\u00e5 til re3data, og leit opp DataverseNO. Klikk p\u00e5\u00a0<em>Submit a change request<\/em> under innf\u00f8rselen. Informasjon om den nye institusjonssamlinga m\u00e5 leggjast til p\u00e5 to stader: i feltet <em>Additional names<\/em> i bolken <em>General<\/em> og i feltet <em>Institutions<\/em> i bolken <em>Institutes<\/em>.<\/p>\n<p>N\u00e5r det er oppretta ei ny spesialsamling (jf. TROLLing), s\u00e5 m\u00e5 ein vurdera \u00e5 oppretta ein eigen re3data-innf\u00f8rsel.<\/p>\n<\/div>\n<br class=\"custom-break\" \/><span class=\"collapseomatic  find-me\" id=\"opplasting-av-store-filer\"  tabindex=\"0\" title=\"Opplasting av store filer\" data-findme=\"\"   ><strong>Opplasting av store filer<\/strong><\/span><div id=\"target-opplasting-av-store-filer\" class=\"collapseomatic_content \"><a href=\"https:\/\/site.uit.no\/dataverseno\/nn\/admin\/administrering-dataverseno\/#opplasting-av-store-filer\" target=\"_blank\" rel=\"noopener\"><img decoding=\"async\" class=\"alignleft wp-image-977\" title=\"Bruk denne lenkja n\u00e5r du skal referera til dette avsnittet.\" src=\"https:\/\/site.uit.no\/dataverseno\/wp-content\/uploads\/sites\/314\/2018\/04\/External-link-icon-150x150.png\" alt=\"\" width=\"15\" height=\"15\" srcset=\"https:\/\/site.uit.no\/dataverseno\/wp-content\/uploads\/sites\/314\/2018\/04\/External-link-icon-150x150.png 150w, https:\/\/site.uit.no\/dataverseno\/wp-content\/uploads\/sites\/314\/2018\/04\/External-link-icon.png 225w\" sizes=\"(max-width: 15px) 100vw, 15px\" \/><\/a><\/p>\n<p>Dersom det er behov for\u00a0opplasting\u00a0av fil(er) som samla sett er\u00a0<strong>st\u00f8rre enn 200 GB<\/strong>, s\u00e5 m\u00e5 dette avtalast med\u00a0UiT, slik at vi kan g\u00e5 i dialog med deponent f\u00f8r opplastinga blir gjennomf\u00f8rt.; sj\u00e5 DataverseNO-arkiveringsguiden.<\/p>\n<p><strong>Enkeltforskarar <strong>utan institusjonsavtale<\/strong> kan i utgangspunktet arkivera data p\u00e5\u00a0opptil <strong>10 GB<\/strong> gratis. Sjekk om det samla datavolumet er innanfor denne grensa ved \u00e5 summera opp filstorleikane.<\/strong><\/p>\n<\/div>\n<br class=\"custom-break\" \/><span class=\"collapseomatic  find-me\" id=\"oppgaver-i-samband-med-langtidsbevaring\"  tabindex=\"0\" title=\"Oppg\u00e5ver i samband med langtidsbevaring\" data-findme=\"\"   ><strong>Oppg\u00e5ver i samband med langtidsbevaring<\/strong><\/span><div id=\"target-oppgaver-i-samband-med-langtidsbevaring\" class=\"collapseomatic_content \"><a href=\"https:\/\/site.uit.no\/dataverseno\/nn\/admin\/administrering-dataverseno\/#oppgaver-i-samband-med-langtidsbevaring\" target=\"_blank\" rel=\"noopener\"><img decoding=\"async\" class=\"alignleft wp-image-977\" title=\"Bruk denne lenkja n\u00e5r du skal referera til dette avsnittet.\" src=\"https:\/\/site.uit.no\/dataverseno\/wp-content\/uploads\/sites\/314\/2018\/04\/External-link-icon-150x150.png\" alt=\"\" width=\"15\" height=\"15\" srcset=\"https:\/\/site.uit.no\/dataverseno\/wp-content\/uploads\/sites\/314\/2018\/04\/External-link-icon-150x150.png 150w, https:\/\/site.uit.no\/dataverseno\/wp-content\/uploads\/sites\/314\/2018\/04\/External-link-icon.png 225w\" sizes=\"(max-width: 15px) 100vw, 15px\" \/><\/a><\/p>\n<p>DataverseNO forpliktar seg til \u00e5 sikra at data som er publiserte i eit arkivverdig filformat, ogs\u00e5 kan brukast p\u00e5 lang sikt (jf.\u00a0<a href=\"https:\/\/site.uit.no\/dataverseno\/about\/policy-framework\/preservation-policy\/\" target=\"_blank\" rel=\"noopener\">Preservation Policy<\/a>). Som eit ledd i dette arbeidet har DataverseNO-forvaltarane ei rekkje oppg\u00e5ver som er spesifiserte i <a href=\"https:\/\/site.uit.no\/dataverseno\/about\/policy-framework\/preservation-policy\/\" target=\"_blank\" rel=\"noopener\">Preservation Policy<\/a> og <a href=\"https:\/\/site.uit.no\/dataverseno\/about\/policy-framework\/preservation-policy\/preservation-plan\/\" target=\"_blank\" rel=\"noopener\">Preservation Plan<\/a>.<\/p>\n<\/div>\n<br class=\"custom-break\" \/><span class=\"collapseomatic  find-me\" id=\"oppdatering-av-tilgjengelegheitserklaringar\"  tabindex=\"0\" title=\"Oppdatering av tilgjengelegheitserkl\u00e6ringar\" data-findme=\"\"   ><strong>Oppdatering av tilgjengelegheitserkl\u00e6ringar<\/strong><\/span><div id=\"target-oppdatering-av-tilgjengelegheitserklaringar\" class=\"collapseomatic_content \"><a href=\"https:\/\/site.uit.no\/dataverseno\/nn\/admin\/administrering-dataverseno\/#oppdatering-av-tilgjengelegheitserklaringar\" target=\"_blank\" rel=\"noopener\"><img decoding=\"async\" class=\"alignleft wp-image-977\" title=\"Bruk denne lenkja n\u00e5r du skal referera til dette avsnittet.\" src=\"https:\/\/site.uit.no\/dataverseno\/wp-content\/uploads\/sites\/314\/2018\/04\/External-link-icon-150x150.png\" alt=\"\" width=\"15\" height=\"15\" srcset=\"https:\/\/site.uit.no\/dataverseno\/wp-content\/uploads\/sites\/314\/2018\/04\/External-link-icon-150x150.png 150w, https:\/\/site.uit.no\/dataverseno\/wp-content\/uploads\/sites\/314\/2018\/04\/External-link-icon.png 225w\" sizes=\"(max-width: 15px) 100vw, 15px\" \/><\/a><\/p>\n<p>Fr\u00e5 1. februar 2023 skal alle offentlege verksemder ha ei tilgjengelegheitserkl\u00e6ring p\u00e5 plass p\u00e5 sine nettstader. Ei tilgjengelegheitserkl\u00e6ring er ein sj\u00f8lvdeklarasjon om i kva grad ei verksemd sin nettstad etterlever krava til universell utforming av IKT. Det er laga tilgjengelegheitserkl\u00e6ringar for nettsidene som er knytte til DataverseNO (dataverse.no, demo.dataverse.no, info.dataverse.no). Tilggjengelegheitserkl\u00e6ringar skal oppdaterast minst ein gang i \u00e5ret, og ved st\u00f8rre endringar p\u00e5 nettl\u00f8ysinga. Avsnittet &#8220;Accessibility Statements&#8221; i DataverseNO-driftsdokumentasjonen inneheld meir informasjon om korleis tilgjengelegheitserkl\u00e6ringar skal lagast og oppdaterast.<\/p>\n<\/div>\n<br class=\"custom-break\" \/><\/p>\n","protected":false},"excerpt":{"rendered":"<p>M\u00e5lgruppe: DataverseNO-arkivforvaltninga p\u00e5 UiT<\/p>\n","protected":false},"author":425,"featured_media":0,"parent":453,"menu_order":0,"comment_status":"closed","ping_status":"closed","template":"","meta":{"footnotes":""},"class_list":["post-465","page","type-page","status-publish","hentry"],"_links":{"self":[{"href":"https:\/\/site.uit.no\/dataverseno\/wp-json\/wp\/v2\/pages\/465","targetHints":{"allow":["GET"]}}],"collection":[{"href":"https:\/\/site.uit.no\/dataverseno\/wp-json\/wp\/v2\/pages"}],"about":[{"href":"https:\/\/site.uit.no\/dataverseno\/wp-json\/wp\/v2\/types\/page"}],"author":[{"embeddable":true,"href":"https:\/\/site.uit.no\/dataverseno\/wp-json\/wp\/v2\/users\/425"}],"replies":[{"embeddable":true,"href":"https:\/\/site.uit.no\/dataverseno\/wp-json\/wp\/v2\/comments?post=465"}],"version-history":[{"count":3,"href":"https:\/\/site.uit.no\/dataverseno\/wp-json\/wp\/v2\/pages\/465\/revisions"}],"predecessor-version":[{"id":3496,"href":"https:\/\/site.uit.no\/dataverseno\/wp-json\/wp\/v2\/pages\/465\/revisions\/3496"}],"up":[{"embeddable":true,"href":"https:\/\/site.uit.no\/dataverseno\/wp-json\/wp\/v2\/pages\/453"}],"wp:attachment":[{"href":"https:\/\/site.uit.no\/dataverseno\/wp-json\/wp\/v2\/media?parent=465"}],"curies":[{"name":"wp","href":"https:\/\/api.w.org\/{rel}","templated":true}]}}