{"id":815,"date":"2018-01-03T12:45:52","date_gmt":"2018-01-03T11:45:52","guid":{"rendered":"https:\/\/site.uit.no\/dataverseno\/?page_id=815"},"modified":"2023-10-25T13:10:36","modified_gmt":"2023-10-25T11:10:36","slug":"referer-til-dataa-dine","status":"publish","type":"page","link":"https:\/\/site.uit.no\/dataverseno\/nn\/arkivering\/referer-til-dataa-dine\/","title":{"rendered":"Referer til dataa dine"},"content":{"rendered":"<p>N\u00e5r du har arkivert og publisert dataa dine, kan du og andre referera til dei ved \u00e5 bruka referansen i den bl\u00e5e boksen som arkivet genererer for kvart datasett:<\/p>\n<p><img decoding=\"async\" class=\"alignnone wp-image-807\" src=\"https:\/\/site.uit.no\/dataverseno\/wp-content\/uploads\/sites\/314\/2018\/01\/DataverseNO_citation-300x28.png\" alt=\"\" width=\"632\" height=\"59\" srcset=\"https:\/\/site.uit.no\/dataverseno\/wp-content\/uploads\/sites\/314\/2018\/01\/DataverseNO_citation-300x28.png 300w, https:\/\/site.uit.no\/dataverseno\/wp-content\/uploads\/sites\/314\/2018\/01\/DataverseNO_citation-768x70.png 768w, https:\/\/site.uit.no\/dataverseno\/wp-content\/uploads\/sites\/314\/2018\/01\/DataverseNO_citation-1024x94.png 1024w, https:\/\/site.uit.no\/dataverseno\/wp-content\/uploads\/sites\/314\/2018\/01\/DataverseNO_citation.png 1569w\" sizes=\"(max-width: 632px) 100vw, 632px\" \/><\/p>\n<p>Du m\u00e5 eventuelt tilpassa referansestilen i tr\u00e5d med retningslinene til publiseringskanalen du bruker.<\/p>\n<p>Ei kort innf\u00f8ring i bruk av referansar til forskingsdata finn du <a href=\"http:\/\/force11.github.io\/data-citation-primer\/authors\/\" target=\"_blank\" rel=\"noopener\">her<\/a>.<\/p>\n<p><br class=\"custom-break\"><span class=\"collapseomatic  find-me\" id=\"referer-til-upublisert-datasett\"  tabindex=\"0\" title=\"Referer til upublisert datasett\" data-findme=\"\"   ><strong>Referer til upublisert datasett<\/strong><\/span><div id=\"target-referer-til-upublisert-datasett\" class=\"collapseomatic_content \"><a href=\"https:\/\/site.uit.no\/dataverseno\/nn\/arkivering\/referer-til-dataa-dine\/#referer-til-upublisert-datasett\"><img decoding=\"async\" class=\"alignleft wp-image-977\" title=\"Bruk denne lenkja n\u00e5r du skal referera til dette avsnittet.\" src=\"https:\/\/site.uit.no\/dataverseno\/wp-content\/uploads\/sites\/314\/2018\/04\/External-link-icon-150x150.png\" alt=\"\" width=\"15\" height=\"15\" srcset=\"https:\/\/site.uit.no\/dataverseno\/wp-content\/uploads\/sites\/314\/2018\/04\/External-link-icon-150x150.png 150w, https:\/\/site.uit.no\/dataverseno\/wp-content\/uploads\/sites\/314\/2018\/04\/External-link-icon.png 225w\" sizes=\"(max-width: 15px) 100vw, 15px\" \/><\/a><\/p>\n<p>I DataverseNO kan du gje redakt\u00f8rar eller samarbeidspartnarar tilgang til datasettet ditt f\u00f8r det er publisert (sj\u00e5 <em>Steg 3: F\u00e5 dataa dine publisert<\/em>). N\u00e5r du referer til eit slikt upublisert datasett, s\u00e5 m\u00e5 du passa p\u00e5 at informasjonen i referansen (og i metadataposten for \u00f8vrig) tilfredsstiller anonymitetskrava til utgjevar (prim\u00e6rt ved double-blind review).<\/p>\n<p>Her er eit d\u00f8me p\u00e5 ein ikkje-anonym referanse til eit upublisert datasett:<\/p>\n<blockquote><p>Ji, Yinglin, 2018, \u201cCognitive representation of spontaneous motion in a second language\u201d, https:\/\/doi.org\/10.18710\/N8KO4O, DataverseNO, DRAFT VERSION.<\/p><\/blockquote>\n<p>Her er eit d\u00f8me p\u00e5 ein anonymisert referanse til eit upublisert datasett:<\/p>\n<blockquote><p>NN, 2018, \u201cCognitive representation of spontaneous motion in a second language\u201d, https:\/\/doi.org\/10.18710\/N8KO4O, DataverseNO, DRAFT VERSION.<\/p><\/blockquote>\n<p>N\u00e5r artikkel- eller bokmanuset ditt er godkjent for publisering, kan du ogs\u00e5 f\u00e5 publisert datasettet ditt. D\u00e5 m\u00e5 du gjera f\u00f8lgjande endringar i datasettreferansen i artikkel- eller bokmanuset ditt <strong>f\u00f8r<\/strong> du sender inn den endelege versjonen av manuset til publisering:<\/p>\n<ul>\n<li>Erstatta \u00abDRAFT VERSION\u00bb med \u00abV1\u00bb<\/li>\n<li>Ta bort eventuell anonymisering av forfattar(ar)<\/li>\n<li>Eventuelt endra \u00e5rstalet for publisering av datasettet dersom det har vore eit \u00e5rsskifte etter at du la inn referansen til DRAFT-versjonen av datasettet.<\/li>\n<\/ul>\n<\/div>\n<p>Meir informasjon om referansebruk ved forskingsdata finn du p\u00e5 infosidene til <a href=\"https:\/\/site.uit.no\/dataverseno\/nn\/stotte\/\" target=\"_blank\" rel=\"noopener noreferrer\">forskarst\u00f8tta<\/a>&nbsp;p\u00e5 institusjonen din.<\/p>\n<p>&nbsp;<\/p>\n","protected":false},"excerpt":{"rendered":"<p>N\u00e5r du har arkivert og publisert dataa dine, kan du og andre referera til dei ved \u00e5 bruka referansen i den bl\u00e5e boksen som arkivet genererer for kvart datasett: Du m\u00e5 eventuelt tilpassa referansestilen i tr\u00e5d med retningslinene til publiseringskanalen &hellip; <a href=\"https:\/\/site.uit.no\/dataverseno\/nn\/arkivering\/referer-til-dataa-dine\/\">Continue reading <span class=\"meta-nav\">&rarr;<\/span><\/a><\/p>\n","protected":false},"author":425,"featured_media":0,"parent":376,"menu_order":3,"comment_status":"closed","ping_status":"closed","template":"","meta":{"footnotes":""},"class_list":["post-815","page","type-page","status-publish","hentry"],"_links":{"self":[{"href":"https:\/\/site.uit.no\/dataverseno\/wp-json\/wp\/v2\/pages\/815","targetHints":{"allow":["GET"]}}],"collection":[{"href":"https:\/\/site.uit.no\/dataverseno\/wp-json\/wp\/v2\/pages"}],"about":[{"href":"https:\/\/site.uit.no\/dataverseno\/wp-json\/wp\/v2\/types\/page"}],"author":[{"embeddable":true,"href":"https:\/\/site.uit.no\/dataverseno\/wp-json\/wp\/v2\/users\/425"}],"replies":[{"embeddable":true,"href":"https:\/\/site.uit.no\/dataverseno\/wp-json\/wp\/v2\/comments?post=815"}],"version-history":[{"count":3,"href":"https:\/\/site.uit.no\/dataverseno\/wp-json\/wp\/v2\/pages\/815\/revisions"}],"predecessor-version":[{"id":3314,"href":"https:\/\/site.uit.no\/dataverseno\/wp-json\/wp\/v2\/pages\/815\/revisions\/3314"}],"up":[{"embeddable":true,"href":"https:\/\/site.uit.no\/dataverseno\/wp-json\/wp\/v2\/pages\/376"}],"wp:attachment":[{"href":"https:\/\/site.uit.no\/dataverseno\/wp-json\/wp\/v2\/media?parent=815"}],"curies":[{"name":"wp","href":"https:\/\/api.w.org\/{rel}","templated":true}]}}