{"id":23,"date":"2022-10-20T15:17:45","date_gmt":"2022-10-20T13:17:45","guid":{"rendered":"https:\/\/site.uit.no\/eman7\/?page_id=23"},"modified":"2025-09-23T14:21:34","modified_gmt":"2025-09-23T12:21:34","slug":"people","status":"publish","type":"page","link":"https:\/\/site.uit.no\/eman7\/people\/","title":{"rendered":"People"},"content":{"rendered":" <div class=\"wp-block-media-text alignwide is-stacked-on-mobile\" style=\"grid-template-columns:19% auto\"><figure class=\"wp-block-media-text__media\"><img fetchpriority=\"high\" decoding=\"async\" width=\"699\" height=\"699\" src=\"https:\/\/site.uit.no\/eman7\/wp-content\/uploads\/sites\/487\/2022\/10\/Benedicte-Ferre-edited.jpg\" alt=\"\" class=\"wp-image-49 size-full\" srcset=\"https:\/\/site.uit.no\/eman7\/wp-content\/uploads\/sites\/487\/2022\/10\/Benedicte-Ferre-edited.jpg 699w, https:\/\/site.uit.no\/eman7\/wp-content\/uploads\/sites\/487\/2022\/10\/Benedicte-Ferre-edited-300x300.jpg 300w, https:\/\/site.uit.no\/eman7\/wp-content\/uploads\/sites\/487\/2022\/10\/Benedicte-Ferre-edited-150x150.jpg 150w\" sizes=\"(max-width: 699px) 100vw, 699px\" \/><\/figure><div class=\"wp-block-media-text__content\"> <p class=\"has-cyan-bluish-gray-background-color has-background has-medium-font-size\" style=\"font-style:normal;font-weight:400\"><strong>B\u00e9n\u00e9dicte Ferr\u00e9<\/strong> (UiT \u2013 The Arctic University of Norway) is the leader of EMAN7, responsible for cruises and partner in the water column group (WP3). She was team leader for the research group Gas in the Water column at the Centre for Arctic Gas Hydrate, Environment and Climate (<a href=\"http:\/\/cage.uit.no\" data-type=\"URL\" data-id=\"cage.uit.no\">CAGE<\/a>), and responsible for the development, acquisition and data analysis related to the seafloor observatory K-lander. She has a background in physical oceanography and specialized in methane seeps and technology to measure dissolved and non-dissolved methane gas.&nbsp;<\/p> <\/div><\/div>    <p><\/p>    <div class=\"wp-block-media-text alignwide is-stacked-on-mobile\" style=\"grid-template-columns:19% auto\"><figure class=\"wp-block-media-text__media\"><img decoding=\"async\" width=\"400\" height=\"400\" src=\"https:\/\/site.uit.no\/eman7\/wp-content\/uploads\/sites\/487\/2022\/10\/image.jpeg\" alt=\"\" class=\"wp-image-51 size-full\" srcset=\"https:\/\/site.uit.no\/eman7\/wp-content\/uploads\/sites\/487\/2022\/10\/image.jpeg 400w, https:\/\/site.uit.no\/eman7\/wp-content\/uploads\/sites\/487\/2022\/10\/image-300x300.jpeg 300w, https:\/\/site.uit.no\/eman7\/wp-content\/uploads\/sites\/487\/2022\/10\/image-150x150.jpeg 150w\" sizes=\"(max-width: 400px) 100vw, 400px\" \/><\/figure><div class=\"wp-block-media-text__content\"> <p class=\"has-cyan-bluish-gray-background-color has-background has-medium-font-size\"><strong>Giuliana Panieri<\/strong> (UiT \u2013 The Arctic University of Norway) is a Professor at the Department of Geosciences and researcher at CAGE; Center for Arctic Gas Hydrate, Environment and Climate. She holds an Adjunct position at WHOI, Woods Hole Oceanographic Institution (USA).&nbsp;&nbsp;Giuliana is interested in investigating extreme environments (methane and gas hydrate settings, and hydrothermal vents) using micropaleontology and geochemistry. Her primary interest is using foraminifera to infer timing and magnitude of past CH4 emission events together with climate and oceanographic histories.&nbsp;In the project EMAN 7, she is co-leading the WP2: Sub-sea and seafloor characterization and leading the WP 4: Biological response where she will reconstruct past methane activities through analyses of AOM biomarkers, and foraminifera stable isotopes geochemistry.&nbsp;&nbsp;<\/p>    <p class=\"has-medium-font-size\">&nbsp;<\/p> <\/div><\/div>    <div class=\"wp-block-media-text alignwide is-stacked-on-mobile\" style=\"grid-template-columns:20% auto\"><figure class=\"wp-block-media-text__media\"><img decoding=\"async\" width=\"400\" height=\"400\" src=\"https:\/\/site.uit.no\/eman7\/wp-content\/uploads\/sites\/487\/2022\/10\/image-1.jpeg\" alt=\"\" class=\"wp-image-53 size-full\" srcset=\"https:\/\/site.uit.no\/eman7\/wp-content\/uploads\/sites\/487\/2022\/10\/image-1.jpeg 400w, https:\/\/site.uit.no\/eman7\/wp-content\/uploads\/sites\/487\/2022\/10\/image-1-300x300.jpeg 300w, https:\/\/site.uit.no\/eman7\/wp-content\/uploads\/sites\/487\/2022\/10\/image-1-150x150.jpeg 150w\" sizes=\"(max-width: 400px) 100vw, 400px\" \/><\/figure><div class=\"wp-block-media-text__content\"> <p class=\"has-cyan-bluish-gray-background-color has-background has-medium-font-size\"><strong>Claudio Argentino<\/strong> (UiT \u2013 The Arctic University of Norway) is a researcher at the Centre for Arctic Gas Hydrate, Environment and Climate (CAGE) of The Arctic University of Norway (UiT).&nbsp;&nbsp;Claudio\u2019s research interests include the sediment biogeochemistry of deep-sea extreme environments, i.e. hydrocarbon seeps and hydrothermal vents, and marine ecosystems affected by antropogenic activities. Claudio is expert in sediment and pore fluid geochemistry and isotope geochemistry (C, N, O, S, Sr).&nbsp;&nbsp;Claudio works in the WP4 to reconstruct past methane emissions and associated acidification and collaborates with WP2 to link seafloor habitats to subsurface diagenetic processes.&nbsp;<\/p> <\/div><\/div>    <p><\/p>    <div class=\"wp-block-media-text alignwide is-stacked-on-mobile\" style=\"grid-template-columns:19% auto\"><figure class=\"wp-block-media-text__media\"><img decoding=\"async\" src=\"https:\/\/site.uit.no\/eman7\/wp-content\/uploads\/sites\/487\/2022\/10\/Fatih-920x1024.jpg\" alt=\"\" class=\"wp-image-61 size-full\" \/><\/figure><div class=\"wp-block-media-text__content\"> <p class=\"has-cyan-bluish-gray-background-color has-background has-medium-font-size\"><strong>Muhammed Fatih Sert<\/strong> (UiT \u2013 The Arctic University of Norway) is Researcher at CAGE, and has a background in chemistry, chemical oceanography and marine biogeochemical cycles. He is studying the effect of methane release into oceanic carbon cycles and related biogeochemical processes. In EMAN7, he leads WP3 \u2013 Water column characterization.<\/p> <\/div><\/div>    <p><\/p>    <div class=\"wp-block-media-text alignwide is-stacked-on-mobile\" style=\"grid-template-columns:19% auto\"><figure class=\"wp-block-media-text__media\"><img loading=\"lazy\" decoding=\"async\" width=\"90\" height=\"90\" src=\"https:\/\/site.uit.no\/eman7\/wp-content\/uploads\/sites\/487\/2022\/10\/Sam.jpg\" alt=\"\" class=\"wp-image-66 size-full\" \/><\/figure><div class=\"wp-block-media-text__content\"> <p class=\"has-cyan-bluish-gray-background-color has-background has-medium-font-size\"><strong>Samuel Rastrick<\/strong> (IMR)&nbsp;leads the Biological Response WP. His research uses physiology to explain the ecological distribution, both temporal and spatial, of species important to both ecosystem function and services. Examining how changes in biodiversity and ecosystem function relates to the physiological tolerances and energetic trade-offs within species. He has investigated the effects of other seeps sites on the physiology and ecology of benthic organisms in the Mediterranean, Japan, and the Caribbean. With the PhD student Jorge Corrales Guerrero he is developing traditionally laboratory-based methods for use in the field. Investigating the metabolic responses of benthic invertebrates across natural environmental gradients at the Hola reef aggregation.<\/p> <\/div><\/div>    <p> &nbsp;<\/p>    <p><\/p>    <div class=\"wp-block-media-text alignwide is-stacked-on-mobile\" style=\"grid-template-columns:19% auto\"><figure class=\"wp-block-media-text__media\"><img loading=\"lazy\" decoding=\"async\" width=\"275\" height=\"275\" src=\"https:\/\/site.uit.no\/eman7\/wp-content\/uploads\/sites\/487\/2022\/10\/Jorge.jpg\" alt=\"\" class=\"wp-image-65 size-full\" srcset=\"https:\/\/site.uit.no\/eman7\/wp-content\/uploads\/sites\/487\/2022\/10\/Jorge.jpg 275w, https:\/\/site.uit.no\/eman7\/wp-content\/uploads\/sites\/487\/2022\/10\/Jorge-150x150.jpg 150w\" sizes=\"(max-width: 275px) 100vw, 275px\" \/><\/figure><div class=\"wp-block-media-text__content\"> <p class=\"has-cyan-bluish-gray-background-color has-background has-medium-font-size\"><strong>Jorge Corrales Guerrero<\/strong> (IMR, PhD candidate) is a marine ecologist with previous experience in coral ecophysiology, associated biodiversity and climate change impacts. He is working as a PhD student at the Institute of Marine Resources (IMR) in Bergen. Together with his supervisors Samuel Rastrick, Tina Kutti, and Melissa Chierici, they are investigating the effects of CH4 seeps in cold-water coral reefs, studying macrobenthic community changes and the physiological responses of ecosystem engineer species in the area. Furthermore, they are looking to find a natural analogue on how deep-sea reefs may be affected by future climate change.\u202f\u202f&nbsp;<\/p> <\/div><\/div>    <p><\/p>    <div class=\"wp-block-media-text alignwide is-stacked-on-mobile\" style=\"grid-template-columns:19% auto\"><figure class=\"wp-block-media-text__media\"><img decoding=\"async\" src=\"https:\/\/site.uit.no\/eman7\/wp-content\/uploads\/sites\/487\/2022\/10\/Knut-Ola.jpg\" alt=\"\" class=\"wp-image-63 size-full\" \/><\/figure><div class=\"wp-block-media-text__content\"> <p class=\"has-cyan-bluish-gray-background-color has-background has-medium-font-size\"><strong>Knut Ola<\/strong> <strong>D\u00f8lven<\/strong> (UiT \u2013 The Arctic University of Norway, postdoc fellow)&nbsp;<\/p> <\/div><\/div>    <p> &nbsp;<\/p>    <div class=\"wp-block-media-text alignwide is-stacked-on-mobile\" style=\"grid-template-columns:19% auto\"><figure class=\"wp-block-media-text__media\"><img loading=\"lazy\" decoding=\"async\" width=\"120\" height=\"120\" src=\"https:\/\/site.uit.no\/eman7\/wp-content\/uploads\/sites\/487\/2022\/10\/Thibaut.jpg\" alt=\"\" class=\"wp-image-67 size-full\" \/><\/figure><div class=\"wp-block-media-text__content\"> <p class=\"has-cyan-bluish-gray-background-color has-background has-medium-font-size\"><strong>Thibaut Barreyre<\/strong> (University of Bergen)&nbsp;<\/p> <\/div><\/div>    <div class=\"wp-block-media-text alignwide is-stacked-on-mobile\" style=\"grid-template-columns:19% auto\"><figure class=\"wp-block-media-text__media\"><img loading=\"lazy\" decoding=\"async\" width=\"120\" height=\"120\" src=\"https:\/\/site.uit.no\/eman7\/wp-content\/uploads\/sites\/487\/2022\/10\/Tina.jpg\" alt=\"\" class=\"wp-image-68 size-full\" \/><\/figure><div class=\"wp-block-media-text__content\"> <p class=\"has-cyan-bluish-gray-background-color has-background has-medium-font-size\"><strong>Tina Kutti<\/strong> (IMR)&nbsp;<\/p> <\/div><\/div>    <p><\/p>    <p><\/p>    <p><\/p>    <p><\/p>    <p><\/p> ","protected":false},"excerpt":{"rendered":"<p>B\u00e9n\u00e9dicte Ferr\u00e9 (UiT \u2013 The Arctic University of Norway) is the leader of EMAN7, responsible for cruises and partner in the water column group (WP3). She was team leader for the research group Gas in the Water column at the Centre for Arctic Gas Hydrate, Environment and Climate (CAGE), and responsible for the development, acquisition [&hellip;]<\/p>\n","protected":false},"author":123579,"featured_media":0,"parent":0,"menu_order":0,"comment_status":"closed","ping_status":"closed","template":"","meta":{"footnotes":""},"class_list":["post-23","page","type-page","status-publish","hentry"],"_links":{"self":[{"href":"https:\/\/site.uit.no\/eman7\/wp-json\/wp\/v2\/pages\/23","targetHints":{"allow":["GET"]}}],"collection":[{"href":"https:\/\/site.uit.no\/eman7\/wp-json\/wp\/v2\/pages"}],"about":[{"href":"https:\/\/site.uit.no\/eman7\/wp-json\/wp\/v2\/types\/page"}],"author":[{"embeddable":true,"href":"https:\/\/site.uit.no\/eman7\/wp-json\/wp\/v2\/users\/123579"}],"replies":[{"embeddable":true,"href":"https:\/\/site.uit.no\/eman7\/wp-json\/wp\/v2\/comments?post=23"}],"version-history":[{"count":3,"href":"https:\/\/site.uit.no\/eman7\/wp-json\/wp\/v2\/pages\/23\/revisions"}],"predecessor-version":[{"id":244,"href":"https:\/\/site.uit.no\/eman7\/wp-json\/wp\/v2\/pages\/23\/revisions\/244"}],"wp:attachment":[{"href":"https:\/\/site.uit.no\/eman7\/wp-json\/wp\/v2\/media?parent=23"}],"curies":[{"name":"wp","href":"https:\/\/api.w.org\/{rel}","templated":true}]}}