{"id":230,"date":"2025-09-23T11:02:36","date_gmt":"2025-09-23T09:02:36","guid":{"rendered":"https:\/\/site.uit.no\/eman7\/?page_id=230"},"modified":"2025-09-23T14:28:02","modified_gmt":"2025-09-23T12:28:02","slug":"presentations-at-conferences","status":"publish","type":"page","link":"https:\/\/site.uit.no\/eman7\/presentations-at-conferences\/","title":{"rendered":"Presentations at conferences"},"content":{"rendered":" <div class=\"wp-block-media-text is-stacked-on-mobile\" style=\"grid-template-columns:25% auto\"><figure class=\"wp-block-media-text__media\"><img fetchpriority=\"high\" decoding=\"async\" width=\"700\" height=\"400\" src=\"https:\/\/site.uit.no\/eman7\/wp-content\/uploads\/sites\/487\/2025\/09\/EGU-General-Assembly-2025.png\" alt=\"\" class=\"wp-image-232 size-full\" srcset=\"https:\/\/site.uit.no\/eman7\/wp-content\/uploads\/sites\/487\/2025\/09\/EGU-General-Assembly-2025.png 700w, https:\/\/site.uit.no\/eman7\/wp-content\/uploads\/sites\/487\/2025\/09\/EGU-General-Assembly-2025-300x171.png 300w\" sizes=\"(max-width: 700px) 100vw, 700px\" \/><\/figure><div class=\"wp-block-media-text__content\"> <p style=\"font-size:30px\"><strong>EGU 2025 &#8211; Vienna, Austria | 27 April\u20132 May 2025<\/strong><\/p> <\/div><\/div>    <p class=\"has-medium-font-size\"><strong>Claudio Augustino represented EMAN7 during EGU25<\/strong> where he presented his poster entitled &#8220;<strong>Methane-related seafloor habitats and sediment microbiome at a cold-water corals site off the Vester\u00e5len coast, northern Norway<\/strong>&#8220;<\/p>    <p class=\"has-medium-font-size\">B\u00e9n\u00e9dicte Ferr\u00e9, <strong> Claudio Argentino<\/strong>, Luca Fallati, Giuliana Panieri, Sebastien Petters, Hans C.<br>Bernstein, Ines A. Barrenechea, and Alessandra Savini<\/p>    <p class=\"has-medium-font-size\">Cold-water corals in the Hola area off the coast of Vester\u00e5len (N. Norway), thrive on a substrate made of methane-derived carbonate and are closely associated with microbial mats. High resolution seafloor imagery and sediment samples collected during the EMAN7 expedition in June 2022 allowed us to reconstruct the spatial relationships between methane seepage and seafloor habitats and gain insights into subsurface biogeochemical processes directly influencing benthic ecosystems. Here, we present the fine-scale orthomosaics and habitat maps covering 1680 m2 of seafloor in proximity to the coral mounds and the geochemistry (sedimentary carbon and nitrogen, pore waters) of a pushcore and blade core collected from a microbial mat and a reference area, respectively. The push core revealed the presence of a macroscopic microbial biofilm at 9 cm depth within the sediment, which is associated with a sharp drop in downcore \u03b413C of sedimentary organic matter and dissolved inorganic carbon and in C\/N ratios. Results from 16S rRNA gene analyses conducted on the uppermost 10 cm of sediment in the pushcore showed a drop in alpha diversity and a compositional change from high abundance of ASVs representing Protebacteria to those representing Halobacterota that we ascribe to the occurrence of methanotrophic consortia performing anaerobic oxidation of methane.<\/p>    <div class=\"wp-block-media-text is-stacked-on-mobile\" style=\"grid-template-columns:26% auto\"><figure class=\"wp-block-media-text__media\"><img decoding=\"async\" width=\"497\" height=\"147\" src=\"https:\/\/site.uit.no\/eman7\/wp-content\/uploads\/sites\/487\/2024\/06\/Skjermbilde-2024-06-04-134547-1.png\" alt=\"\" class=\"wp-image-177 size-full\" srcset=\"https:\/\/site.uit.no\/eman7\/wp-content\/uploads\/sites\/487\/2024\/06\/Skjermbilde-2024-06-04-134547-1.png 497w, https:\/\/site.uit.no\/eman7\/wp-content\/uploads\/sites\/487\/2024\/06\/Skjermbilde-2024-06-04-134547-1-300x89.png 300w\" sizes=\"(max-width: 497px) 100vw, 497px\" \/><\/figure><div class=\"wp-block-media-text__content\"> <p style=\"font-size:30px\">EGU 2024 &#8211; Vienna, Austria | 14\u201319 April 2024<\/p> <\/div><\/div>    <p class=\"has-medium-font-size\">Many of us met during EGU in 2024 in Vienna for posters or presentations. Below are the abstracts:  <\/p>    <h3 class=\"wp-block-heading\" style=\"font-size:25px\">Biogeochemistry of seep-impacted sediments at a cold-water coral site off the Vester\u00e5len coast, Northern Norway<\/h3>    <p class=\"has-medium-font-size\"><strong>Claudio Argentino<\/strong>, Giuliana Panieri, Luca Fallati, Alessandra Savini, Ines Barrenechea Angeles, Abidemi Akinselure, and Benedicte Ferr\u00e9<\/p>    <p class=\"has-medium-font-size\">Methane seepage in the Hola area off the coast of Vester\u00e5len (N. Norway) has long been known for its peculiar association with cold-water coral mounds, but only recently it was possible to explore the distribution of seafloor ecosystems using a Remotely Operated Vehicle (ROV) and to conduct microhabitat-specific samplings for biogeochemical investigations. Here, we describe the results from sediment (carbon-nitrogen systematics) and pore fluid geochemistry (sulfate, dissolved inorganic carbon, methane) and interpret them in relation to the seafloor ecosystems. Microbial mats are the dominant seep-related community and form small white patches of a few tens of cm in diameter located at various distances from the coral mounds. Seep carbonates are widespread at this location and form extensive pavements. The seafloor distribution of methane bubbling and chemosynthetic communities seem controlled by fractures in the carbonates. Microbial mats are associated with intense sulfate-driven anaerobic oxidation of methane producing shallow sulfate-methane transitions coupled with highly&nbsp;<sup>13<\/sup>C-depleted dissolved inorganic carbon in the pore water.<\/p>    <p><\/p>    <h3 class=\"wp-block-heading\" style=\"font-size:25px\">Modeling the fate of methane in the water column by model coupling<\/h3>    <p class=\"has-medium-font-size\"><strong>Knut Ola D\u00f8lven<\/strong>, H\u00e5vard Espenes, Magnus Drivdal, Muhammed Fatih Sert, and B\u00e9n\u00e9dicte F\u00e9rr\u00e9<\/p>    <p class=\"has-medium-font-size\">Estimates of atmospheric methane emissions due to seabed methane seepage are hard to constrain. Additionally, high concentrations of methane can have an impact on local biology due to local ocean acidification. In both cases, better tools for modeling the fate of methane in the water column are needed. &nbsp;<\/p>    <p class=\"has-medium-font-size\">We present a new approach where we include and couple a wide range of water column processes by using several already verified models in tandem, attempting to form a complete modelling framework for the fate of methane in the water column. Included processes are gas phase changes, advection, dilution, direct and diffusive atmospheric flux and microbial oxidation. The modelling framework allows for a complete estimate of atmospheric emissions, both direct and diffusive fluxes, as well as the 3-dimensional distribution of methane in the water column. The framework can be applied to specific seep sites of interest using hydroacoustic data as input. Additionally, it is also possible to simulate atmospheric fluxes in potential edge cases and future scenarios in areas where local seepage is expected to change or is unknown.<\/p>    <p class=\"has-medium-font-size\">We tested the methodology using hydroacoustic field data from a seep site in the Hola trough offshore North-Western Norway in Spring 2020. We calculated both direct and diffusive atmospheric methane fluxes, distribution of methane in the water column and its potential for affecting local biology due to acidification.<\/p>    <p><a href=\"https:\/\/meetingorganizer.copernicus.org\/EGU24\/EGU24-20009.html?pdf\"><\/a><\/p>    <h3 class=\"wp-block-heading\" style=\"font-size:25px\">Carbon cycling in coexisting marine ecosystems: Cold seeps and coral reefs in Northern Norway<\/h3>    <p class=\"has-medium-font-size\"><strong>Muhammed Fatih Sert<\/strong>, Knut Ola D\u00f8lven, Sebastian Petters, Timo Kek\u00e4l\u00e4inen, Janne J\u00e4nis, Jorge Corrales-Guerrero, and B\u00e9n\u00e9dicte Ferr\u00e9<\/p>    <p class=\"has-medium-font-size\">Cold seeps and cold water corals (CWCs) coexist on Northern Norway\u2019s continental shelf at the Hola trough between Lofoten and Vester\u00e5len. Here, cold seeps release methane from the seabed, yet only a limited amount reaches the atmosphere. The remaining methane dissolves and disperses in nearby seeps. Methane is unreactive for most microorganisms in the water column, yet it is a unique energy and carbon source for methane-oxidizing bacteria (MOB). MOBs metabolize methane and release carbon dioxide as the end product of oxidation. Increasing carbon dioxide may constrain pH-sensitive CWCs in the region. We investigated the biogeochemistry of carbon, carbon isotopes, nutrients, dissolved organic matter (DOM) compositions and microbial diversity through water column profiles and water samples collected in June 2022. Preliminary results indicated that elevated methane increases dissolved inorganic carbon concentrations and modifies carbon isotopic compositions. Additionally, DOM compositions implied a positive correlation between prokaryotic diversity and protein-like DOM components at cold seeps and the entire water column near CWCs, suggesting analogous microbial modifications. Our preliminary conclusion suggests cold seeps and CWCs symbiotically coexist in Northern Norway continental shelves; however, enhanced water temperatures and consequent increase in methane release at cold seeps may mitigate the functioning of CWCs in future.<\/p>    <h3 class=\"wp-block-heading\" style=\"font-size:25px\">EMAN7: understanding methane seepage dynamics in the Hola Trough<\/h3>    <p class=\"has-medium-font-size\"><strong>B\u00e9n\u00e9dicte Ferr\u00e9<\/strong>, Thibaut Barreyre, stefan B\u00fcnz, Claudio Argentino, Jorge Corrales-Guerrero, Knut Ola D\u00f8lven, Marie Stetzler, Luca Fallati, Muhamed Fatih Sert, Giuliana Panieri, Samuel Rastrick, Tina Kutti, and Manuel Moser<\/p>    <p class=\"has-medium-font-size\">The Hola Trough, offshore Norway\u2019s Lofoten-Vester\u00e5len (LoVe) area, has been of interest for many years due to its rich marine life and potential oil and gas resources. There, coral mounds thrive around methane seepage. The LoVe observatory network monitors this unique environment. Using this observatory platform, associated dataset and research expeditions at sea, the project EMAN7 (Environmental impact of Methane seepage and sub-seabed characterization at LoVe-Node 7) aims to understand the environmental impact of methane seepage as well as its spatio-temporal variability.<\/p>    <p class=\"has-medium-font-size\">The comparison of methane seep activity during two summers with different environmental conditions revealed 3.5 times more seeps when a combination of warmer bottom water and low tide changes the sediment pore pressure. Piezometer data, recording subseafloor pore pressure and bottom temperature, support these findings. Sub-seafloor investigations identified pathways for gas migration in methane seep areas, influenced by topography.<\/p>    <div class=\"wp-block-media-text is-stacked-on-mobile\" style=\"grid-template-columns:28% auto\"><figure class=\"wp-block-media-text__media\"><img decoding=\"async\" width=\"375\" height=\"120\" src=\"https:\/\/site.uit.no\/eman7\/wp-content\/uploads\/sites\/487\/2024\/06\/GIMS15.png\" alt=\"\" class=\"wp-image-185 size-full\" srcset=\"https:\/\/site.uit.no\/eman7\/wp-content\/uploads\/sites\/487\/2024\/06\/GIMS15.png 375w, https:\/\/site.uit.no\/eman7\/wp-content\/uploads\/sites\/487\/2024\/06\/GIMS15-300x96.png 300w\" sizes=\"(max-width: 375px) 100vw, 375px\" \/><\/figure><div class=\"wp-block-media-text__content\"> <p style=\"font-size:30px\">GIMS15 &#8211; Cadiz, Spain | 23-27 October 2023<\/p> <\/div><\/div>    <p class=\"has-medium-font-size\"><strong>Claudio Argentino<\/strong> presented data from the Hola area off the coast of Vester\u00e5len (N. Norway) at the conference <strong>GIMS15: Gas in Marine Sediments<\/strong> (2023, Cadiz, Spain).&nbsp;He described imagery, sediment and pore fluid datasets collected in 2022 that were combined to reconstruct biogeochemical processes in the sediment and their control over seafloor ecosystems. The title of his talk was &#8220;Biogeochemical processes affecting the distribution of chemosynthetic communities at a cold-water coral site off the Vester\u00e5len coast, Northern Norway&#8221;<\/p>    <p><\/p> ","protected":false},"excerpt":{"rendered":"<p>EGU 2025 &#8211; Vienna, Austria | 27 April\u20132 May 2025 Claudio Augustino represented EMAN7 during EGU25 where he presented his poster entitled &#8220;Methane-related seafloor habitats and sediment microbiome at a cold-water corals site off the Vester\u00e5len coast, northern Norway&#8220; B\u00e9n\u00e9dicte Ferr\u00e9, Claudio Argentino, Luca Fallati, Giuliana Panieri, Sebastien Petters, Hans C.Bernstein, Ines A. Barrenechea, and [&hellip;]<\/p>\n","protected":false},"author":123579,"featured_media":0,"parent":0,"menu_order":0,"comment_status":"closed","ping_status":"closed","template":"","meta":{"footnotes":""},"class_list":["post-230","page","type-page","status-publish","hentry"],"_links":{"self":[{"href":"https:\/\/site.uit.no\/eman7\/wp-json\/wp\/v2\/pages\/230","targetHints":{"allow":["GET"]}}],"collection":[{"href":"https:\/\/site.uit.no\/eman7\/wp-json\/wp\/v2\/pages"}],"about":[{"href":"https:\/\/site.uit.no\/eman7\/wp-json\/wp\/v2\/types\/page"}],"author":[{"embeddable":true,"href":"https:\/\/site.uit.no\/eman7\/wp-json\/wp\/v2\/users\/123579"}],"replies":[{"embeddable":true,"href":"https:\/\/site.uit.no\/eman7\/wp-json\/wp\/v2\/comments?post=230"}],"version-history":[{"count":3,"href":"https:\/\/site.uit.no\/eman7\/wp-json\/wp\/v2\/pages\/230\/revisions"}],"predecessor-version":[{"id":248,"href":"https:\/\/site.uit.no\/eman7\/wp-json\/wp\/v2\/pages\/230\/revisions\/248"}],"wp:attachment":[{"href":"https:\/\/site.uit.no\/eman7\/wp-json\/wp\/v2\/media?parent=230"}],"curies":[{"name":"wp","href":"https:\/\/api.w.org\/{rel}","templated":true}]}}