{"id":29,"date":"2020-01-27T15:54:07","date_gmt":"2020-01-27T14:54:07","guid":{"rendered":"https:\/\/site.uit.no\/envistress\/?page_id=29"},"modified":"2021-03-03T12:36:30","modified_gmt":"2021-03-03T11:36:30","slug":"research-team","status":"publish","type":"page","link":"https:\/\/site.uit.no\/envistress\/research-team\/","title":{"rendered":"Research team"},"content":{"rendered":"<p><strong>Project leader<\/strong>: <strong>Dr. Jan Ove Bustnes<\/strong>, senior scientist at the Norwegian Institute for Nature Research (NINA) in Troms\u00f8, Northern Norway.<\/p>\n<p><img decoding=\"async\" class=\"wp-image-178 alignleft\" src=\"https:\/\/site.uit.no\/envistress\/wp-content\/uploads\/sites\/450\/2021\/03\/Jan-Bustnes-300x300.jpg\" alt=\"\" width=\"174\" height=\"174\" srcset=\"https:\/\/site.uit.no\/envistress\/wp-content\/uploads\/sites\/450\/2021\/03\/Jan-Bustnes-300x300.jpg 300w, https:\/\/site.uit.no\/envistress\/wp-content\/uploads\/sites\/450\/2021\/03\/Jan-Bustnes-150x150.jpg 150w, https:\/\/site.uit.no\/envistress\/wp-content\/uploads\/sites\/450\/2021\/03\/Jan-Bustnes.jpg 512w\" sizes=\"(max-width: 174px) 100vw, 174px\" \/><\/p>\n<p><img decoding=\"async\" class=\"alignnone wp-image-88\" src=\"https:\/\/site.uit.no\/envistress\/wp-content\/uploads\/sites\/450\/2020\/02\/NINA-logo-300x182.jpeg\" alt=\"\" width=\"109\" height=\"70\" \/><\/p>\n<p><a href=\"https:\/\/www.nina.no\/Contact\/employees\/employeeinfo.aspx?AnsattID=18015\" target=\"_blank\" rel=\"noopener\"><strong>Jan Ove Bustnes<\/strong><\/a> has long experience in avian ecology and ecotoxicology in general, and\u00a0 more specifically\u00a0 has excellent\u00a0 expertise\u00a0 in\u00a0 investigating pollution\u00a0 stress in avian\u00a0 top predatory species.<\/p>\n<p><img decoding=\"async\" class=\"wp-image-179 alignleft\" src=\"https:\/\/site.uit.no\/envistress\/wp-content\/uploads\/sites\/450\/2021\/03\/BJ-B\u00e5rdsen.jpg\" alt=\"\" width=\"171\" height=\"207\" \/><\/p>\n<p><img loading=\"lazy\" decoding=\"async\" class=\"alignnone wp-image-88\" src=\"https:\/\/site.uit.no\/envistress\/wp-content\/uploads\/sites\/450\/2020\/02\/NINA-logo-300x182.jpeg\" alt=\"\" width=\"107\" height=\"69\" \/><\/p>\n<p><a href=\"https:\/\/www.researchgate.net\/profile\/Bard-Jorgen_Bardsen\" target=\"_blank\" rel=\"noopener\"><strong>Dr. B\u00e5rd-J\u00f8rgen B\u00e5rdsen<\/strong><\/a>, senior scientist at NINA Troms\u00f8, is a quantitative ecologist who is in charge of statistical data analysis and theoretical modelling.<\/p>\n<p>&nbsp;<\/p>\n<p><img loading=\"lazy\" decoding=\"async\" class=\" wp-image-181 alignleft\" src=\"https:\/\/site.uit.no\/envistress\/wp-content\/uploads\/sites\/450\/2021\/03\/Dorte-Herzke.jpg\" alt=\"\" width=\"166\" height=\"207\" \/><\/p>\n<p><img loading=\"lazy\" decoding=\"async\" class=\"alignnone size-full wp-image-180\" src=\"https:\/\/site.uit.no\/envistress\/wp-content\/uploads\/sites\/450\/2021\/03\/Logo-NILU.png\" alt=\"\" width=\"204\" height=\"61\" \/><\/p>\n<p><a href=\"https:\/\/www.nilu.com\/employee\/dorte-herzke\/\" target=\"_blank\" rel=\"noopener\"><strong>Dr. Dorte Herzke<\/strong><\/a>, senior scientist at NILU Troms\u00f8 and adjunct professor at UiT, is an environmental chemist who is interested in contaminant fate, exposure and effects to organisms.<\/p>\n<p>&nbsp;<\/p>\n<p><img loading=\"lazy\" decoding=\"async\" class=\"wp-image-183 alignleft\" src=\"https:\/\/site.uit.no\/envistress\/wp-content\/uploads\/sites\/450\/2021\/03\/S.-Bourgeon-2-300x300.jpg\" alt=\"\" width=\"176\" height=\"176\" srcset=\"https:\/\/site.uit.no\/envistress\/wp-content\/uploads\/sites\/450\/2021\/03\/S.-Bourgeon-2-300x300.jpg 300w, https:\/\/site.uit.no\/envistress\/wp-content\/uploads\/sites\/450\/2021\/03\/S.-Bourgeon-2-150x150.jpg 150w, https:\/\/site.uit.no\/envistress\/wp-content\/uploads\/sites\/450\/2021\/03\/S.-Bourgeon-2.jpg 683w\" sizes=\"(max-width: 176px) 100vw, 176px\" \/><\/p>\n<p><img loading=\"lazy\" decoding=\"async\" class=\"alignnone size-medium wp-image-182\" src=\"https:\/\/site.uit.no\/envistress\/wp-content\/uploads\/sites\/450\/2021\/03\/Logo-UiT-300x30.png\" alt=\"\" width=\"300\" height=\"30\" srcset=\"https:\/\/site.uit.no\/envistress\/wp-content\/uploads\/sites\/450\/2021\/03\/Logo-UiT-300x30.png 300w, https:\/\/site.uit.no\/envistress\/wp-content\/uploads\/sites\/450\/2021\/03\/Logo-UiT.png 359w\" sizes=\"(max-width: 300px) 100vw, 300px\" \/><\/p>\n<p><a href=\"https:\/\/sophiebourgeon.webs.com\/\" target=\"_blank\" rel=\"noopener\"><strong>Dr. Sophie Bourgeon<\/strong><\/a>, associate professor in arctic marine ecotoxicology at UiT, is an ecophysiologist interested in the physiological effects of persistent organic pollutants of vertebrates.<\/p>\n<p>&nbsp;<\/p>\n<p><img loading=\"lazy\" decoding=\"async\" class=\" wp-image-185 alignleft\" src=\"https:\/\/site.uit.no\/envistress\/wp-content\/uploads\/sites\/450\/2021\/03\/Elisabeth2-300x300.jpg\" alt=\"\" width=\"180\" height=\"180\" srcset=\"https:\/\/site.uit.no\/envistress\/wp-content\/uploads\/sites\/450\/2021\/03\/Elisabeth2-300x300.jpg 300w, https:\/\/site.uit.no\/envistress\/wp-content\/uploads\/sites\/450\/2021\/03\/Elisabeth2-150x150.jpg 150w, https:\/\/site.uit.no\/envistress\/wp-content\/uploads\/sites\/450\/2021\/03\/Elisabeth2-768x768.jpg 768w, https:\/\/site.uit.no\/envistress\/wp-content\/uploads\/sites\/450\/2021\/03\/Elisabeth2.jpg 1000w\" sizes=\"(max-width: 180px) 100vw, 180px\" \/><\/p>\n<p><img loading=\"lazy\" decoding=\"async\" class=\"alignnone size-medium wp-image-182\" src=\"https:\/\/site.uit.no\/envistress\/wp-content\/uploads\/sites\/450\/2021\/03\/Logo-UiT-300x30.png\" alt=\"\" width=\"300\" height=\"30\" srcset=\"https:\/\/site.uit.no\/envistress\/wp-content\/uploads\/sites\/450\/2021\/03\/Logo-UiT-300x30.png 300w, https:\/\/site.uit.no\/envistress\/wp-content\/uploads\/sites\/450\/2021\/03\/Logo-UiT.png 359w\" sizes=\"(max-width: 300px) 100vw, 300px\" \/><\/p>\n<p>Phd candidate<a href=\"https:\/\/arctos.uit.no\/?page_id=339&amp;cn-entry-slug=elisabeth-hansen\" target=\"_blank\" rel=\"noopener\"><strong> Elisabeth Hansen<\/strong><\/a> is investigating the physiological and ecological effects of organic and inorganic contaminants in marine and terrestrial raptor species.<\/p>\n<p>&nbsp;<\/p>\n<p><img loading=\"lazy\" decoding=\"async\" class=\"wp-image-187 alignleft\" src=\"https:\/\/site.uit.no\/envistress\/wp-content\/uploads\/sites\/450\/2021\/03\/Igor-300x300.jpg\" alt=\"\" width=\"189\" height=\"189\" srcset=\"https:\/\/site.uit.no\/envistress\/wp-content\/uploads\/sites\/450\/2021\/03\/Igor-300x300.jpg 300w, https:\/\/site.uit.no\/envistress\/wp-content\/uploads\/sites\/450\/2021\/03\/Igor-150x150.jpg 150w, https:\/\/site.uit.no\/envistress\/wp-content\/uploads\/sites\/450\/2021\/03\/Igor-768x768.jpg 768w, https:\/\/site.uit.no\/envistress\/wp-content\/uploads\/sites\/450\/2021\/03\/Igor-1024x1024.jpg 1024w, https:\/\/site.uit.no\/envistress\/wp-content\/uploads\/sites\/450\/2021\/03\/Igor.jpg 1176w\" sizes=\"(max-width: 189px) 100vw, 189px\" \/><\/p>\n<p><img loading=\"lazy\" decoding=\"async\" class=\"alignnone wp-image-188\" src=\"https:\/\/site.uit.no\/envistress\/wp-content\/uploads\/sites\/450\/2021\/03\/Logo-NPI.png\" alt=\"\" width=\"92\" height=\"86\" \/><\/p>\n<p><a href=\"https:\/\/www.researchgate.net\/profile\/Igor_Eulaers\" target=\"_blank\" rel=\"noopener\"><strong>Dr. Igor Eulaers<\/strong><\/a>, post-doctoral researcher at the Norwegian Polar Institute, has long empirical and <em>in silico <\/em>expertise in wildlife and food web ecotoxicology and biogeochemistry.<\/p>\n<p><img loading=\"lazy\" decoding=\"async\" class=\" wp-image-189 alignleft\" src=\"https:\/\/site.uit.no\/envistress\/wp-content\/uploads\/sites\/450\/2021\/03\/FRITSCH-Clementine_inra_image-268x300.png\" alt=\"\" width=\"154\" height=\"171\" \/><\/p>\n<p><img loading=\"lazy\" decoding=\"async\" class=\"alignnone wp-image-190\" src=\"https:\/\/site.uit.no\/envistress\/wp-content\/uploads\/sites\/450\/2021\/03\/Logo-CNRS.png\" alt=\"\" width=\"216\" height=\"50\" \/><\/p>\n<p><a href=\"https:\/\/chrono-environnement.univ-fcomte.fr\/spip.php?page=perso&amp;nom=FRITSCH&amp;prenom=Cl%C3%A9mentine&amp;lang=fr\" target=\"_blank\" rel=\"noopener\"><strong>Dr. Clementine Fritsch<\/strong><\/a>, is a research scientist (CNRS, France) specialized in terrestrial top predators, landscape ecotoxicology and stress ecology.<\/p>\n<p>&nbsp;<\/p>\n<p><img loading=\"lazy\" decoding=\"async\" class=\"wp-image-191 alignleft\" src=\"https:\/\/site.uit.no\/envistress\/wp-content\/uploads\/sites\/450\/2021\/03\/Georg-300x284.jpg\" alt=\"\" width=\"191\" height=\"182\" srcset=\"https:\/\/site.uit.no\/envistress\/wp-content\/uploads\/sites\/450\/2021\/03\/Georg-300x284.jpg 300w, https:\/\/site.uit.no\/envistress\/wp-content\/uploads\/sites\/450\/2021\/03\/Georg-317x300.jpg 317w, https:\/\/site.uit.no\/envistress\/wp-content\/uploads\/sites\/450\/2021\/03\/Georg.jpg 321w\" sizes=\"(max-width: 191px) 100vw, 191px\" \/><\/p>\n<p><img loading=\"lazy\" decoding=\"async\" class=\"alignnone wp-image-192\" src=\"https:\/\/site.uit.no\/envistress\/wp-content\/uploads\/sites\/450\/2021\/03\/Logo-Milj\u00f8dirketorat.png\" alt=\"\" width=\"73\" height=\"70\" \/><\/p>\n<p><strong>Georg Bangjord<\/strong> is a nature consultant who has been in charge of fieldwork on tawny owls and goldeneye ducks in the Trondheim area.<\/p>\n","protected":false},"excerpt":{"rendered":"<p>Project leader: Dr. Jan Ove Bustnes, senior scientist at the Norwegian Institute for Nature Research (NINA) in Troms\u00f8, Northern Norway. Jan Ove Bustnes has long experience in avian ecology and ecotoxicology in general, and\u00a0 more specifically\u00a0 has excellent\u00a0 expertise\u00a0 in\u00a0 &hellip; <a href=\"https:\/\/site.uit.no\/envistress\/research-team\/\">Continue reading <span class=\"meta-nav\">&rarr;<\/span><\/a><\/p>\n","protected":false},"author":1074,"featured_media":0,"parent":0,"menu_order":4,"comment_status":"closed","ping_status":"closed","template":"","meta":{"footnotes":""},"class_list":["post-29","page","type-page","status-publish","hentry"],"_links":{"self":[{"href":"https:\/\/site.uit.no\/envistress\/wp-json\/wp\/v2\/pages\/29","targetHints":{"allow":["GET"]}}],"collection":[{"href":"https:\/\/site.uit.no\/envistress\/wp-json\/wp\/v2\/pages"}],"about":[{"href":"https:\/\/site.uit.no\/envistress\/wp-json\/wp\/v2\/types\/page"}],"author":[{"embeddable":true,"href":"https:\/\/site.uit.no\/envistress\/wp-json\/wp\/v2\/users\/1074"}],"replies":[{"embeddable":true,"href":"https:\/\/site.uit.no\/envistress\/wp-json\/wp\/v2\/comments?post=29"}],"version-history":[{"count":12,"href":"https:\/\/site.uit.no\/envistress\/wp-json\/wp\/v2\/pages\/29\/revisions"}],"predecessor-version":[{"id":197,"href":"https:\/\/site.uit.no\/envistress\/wp-json\/wp\/v2\/pages\/29\/revisions\/197"}],"wp:attachment":[{"href":"https:\/\/site.uit.no\/envistress\/wp-json\/wp\/v2\/media?parent=29"}],"curies":[{"name":"wp","href":"https:\/\/api.w.org\/{rel}","templated":true}]}}