{"id":1149,"date":"2012-09-04T11:28:33","date_gmt":"2012-09-04T09:28:33","guid":{"rendered":"https:\/\/site.uit.no\/favllis\/?page_id=1149"},"modified":"2013-06-12T16:06:27","modified_gmt":"2013-06-12T14:06:27","slug":"gjesteforskere-i-favllis","status":"publish","type":"page","link":"https:\/\/site.uit.no\/favllis\/gjesteforskere-i-favllis\/","title":{"rendered":"Gjesteforskere"},"content":{"rendered":"<p><strong>Angelika L\u00e4tsch<br \/>\n<\/strong>Stipendiat Angelika L\u00e4tsch ved det sosialantropologiske Institut i Bern i Sveits var gjesteforsker ved Senter for samiske studier i ett \u00e5r fra 1. oktober 2010, og deltok i F\u00e1vllis-prosjekt I. Bakgrunnen for oppholdet var et \u00e5rs stipend for \u00e5 gj\u00f8re feltarbeid i sitt PhD-prosjekt. (Stipend fra Swiss National Foundation).\u00a0Arbeidstittel p\u00e5 hennes prosjekt: <em>Contested claims: The Debate Between State, Sami Parliament and local Organisations about fjordal Resources in Norway.<\/em>\u00a0Ogs\u00e5 hennes masteroppgave er basert p\u00e5 studier i sj\u00f8samiske omr\u00e5der.<\/p>\n<p><strong>Kevin St. Martin<br \/>\n<\/strong>I v\u00e5rsemesteret 2010 hadde Fulbright forsker Kevin St. Martin fra Rutgers, The State University of New Jersey, et forskeropphold ved\u00a0Senter for samiske studier.\u00a0Han var tilknyttet F\u00e1vllis- nettverket og Norges fiskerih\u00f8gskole.<\/p>\n<p>Kevin St. Martin is an Economic Geographer with a specialization in the Application of Geographic Information Systems (GIS). He is interested in critical analyses of economic and resource management discourse. His current research focuses on the discourse and practice of fisheries science and management and its implications on both resource management and community-based economic development. His interest in GIS has lead to an examination of the use of GIS in participatory scientific and resource management initiatives.<\/p>\n","protected":false},"excerpt":{"rendered":"<p>Angelika L\u00e4tsch Stipendiat Angelika L\u00e4tsch ved det sosialantropologiske Institut i Bern i Sveits var gjesteforsker ved Senter for samiske studier i ett \u00e5r fra 1. oktober 2010, og deltok i F\u00e1vllis-prosjekt I. Bakgrunnen for oppholdet var et \u00e5rs stipend for &hellip; <a href=\"https:\/\/site.uit.no\/favllis\/gjesteforskere-i-favllis\/\">Continue reading <span class=\"meta-nav\">&rarr;<\/span><\/a><\/p>\n","protected":false},"author":70,"featured_media":0,"parent":0,"menu_order":0,"comment_status":"closed","ping_status":"closed","template":"onecolumn-page.php","meta":{"footnotes":""},"class_list":["post-1149","page","type-page","status-publish","hentry"],"_links":{"self":[{"href":"https:\/\/site.uit.no\/favllis\/wp-json\/wp\/v2\/pages\/1149","targetHints":{"allow":["GET"]}}],"collection":[{"href":"https:\/\/site.uit.no\/favllis\/wp-json\/wp\/v2\/pages"}],"about":[{"href":"https:\/\/site.uit.no\/favllis\/wp-json\/wp\/v2\/types\/page"}],"author":[{"embeddable":true,"href":"https:\/\/site.uit.no\/favllis\/wp-json\/wp\/v2\/users\/70"}],"replies":[{"embeddable":true,"href":"https:\/\/site.uit.no\/favllis\/wp-json\/wp\/v2\/comments?post=1149"}],"version-history":[{"count":4,"href":"https:\/\/site.uit.no\/favllis\/wp-json\/wp\/v2\/pages\/1149\/revisions"}],"predecessor-version":[{"id":1714,"href":"https:\/\/site.uit.no\/favllis\/wp-json\/wp\/v2\/pages\/1149\/revisions\/1714"}],"wp:attachment":[{"href":"https:\/\/site.uit.no\/favllis\/wp-json\/wp\/v2\/media?parent=1149"}],"curies":[{"name":"wp","href":"https:\/\/api.w.org\/{rel}","templated":true}]}}