{"id":1373,"date":"2012-10-04T09:09:38","date_gmt":"2012-10-04T07:09:38","guid":{"rendered":"https:\/\/site.uit.no\/favllis\/?page_id=1373"},"modified":"2013-08-04T13:26:05","modified_gmt":"2013-08-04T11:26:05","slug":"lokal-okologisk-kunnskap-i-lyngenfjorden","status":"publish","type":"page","link":"https:\/\/site.uit.no\/favllis\/lokal-okologisk-kunnskap-i-lyngenfjorden\/","title":{"rendered":"L\u00d8K p\u00e5 kart i Lyngenfjorden"},"content":{"rendered":"<p>Klikk p\u00e5 punktene i kartet for \u00e5 se klipp fra forskningsmaterialet som omhandler Lyngenfjorden. Punktene er satt p\u00e5 steder der forskningen har foreg\u00e5tt eller som nevnes av informanter i prosjektet, og som det er knyttet hendelser, kunnskap eller minner til. Bruk pilene eller dra p\u00e5 kartet for \u00e5 se punktene.<\/p>\n<p>[google-map-v3 width=&#8221;768&#8243; height=&#8221;600&#8243; zoom=&#8221;12&#8243; maptype=&#8221;roadmap&#8221; mapalign=&#8221;center&#8221; directionhint=&#8221;false&#8221; language=&#8221;default&#8221; poweredby=&#8221;false&#8221; maptypecontrol=&#8221;true&#8221; pancontrol=&#8221;true&#8221; zoomcontrol=&#8221;true&#8221; scalecontrol=&#8221;true&#8221; streetviewcontrol=&#8221;false&#8221; scrollwheelcontrol=&#8221;false&#8221; draggable=&#8221;true&#8221; tiltfourtyfive=&#8221;false&#8221; addmarkermashupbubble=&#8221;false&#8221; addmarkermashupbubble=&#8221;false&#8221; kml=&#8221;https:\/\/maps.google.no\/maps\/ms?authuser=0&amp;vps=2&amp;ie=UTF8&amp;msa=0&amp;output=kml&amp;msid=202714061890854860887.0004cb2a559c37038c5fd&#8221; bubbleautopan=&#8221;true&#8221; showbike=&#8221;false&#8221; showtraffic=&#8221;false&#8221; showpanoramio=&#8221;false&#8221;]<br \/>\n<strong><\/strong><\/p>\n<p><strong>Tegnforklaring:<\/strong><\/p>\n<table border=\"1\" cellspacing=\"0\" cellpadding=\"0\">\n<tbody>\n<tr>\n<td valign=\"top\" width=\"64\"><img decoding=\"async\" class=\"alignleft size-full wp-image-1351\" alt=\"\" src=\"https:\/\/site.uit.no\/favllis\/wp-content\/uploads\/sites\/29\/2012\/05\/homegardenbusiness.png\" width=\"32\" height=\"32\" \/><\/td>\n<td valign=\"top\" width=\"550\"><a title=\"Lokale samarbeidspartnere\" href=\"https:\/\/site.uit.no\/favllis\/medarbeidere-og-samarbeidspartnere-i-favllis-prosjektet\/\">Lokale samarbeidspartnere<\/a> i forskningsprosjektet F\u00e1vllis.<\/td>\n<\/tr>\n<tr>\n<td valign=\"top\" width=\"64\">\u00a0<img decoding=\"async\" class=\"alignleft  wp-image-1363\" alt=\"\" src=\"https:\/\/site.uit.no\/favllis\/wp-content\/uploads\/sites\/29\/2012\/09\/red-circle.png\" width=\"32\" height=\"32\" \/><\/td>\n<td valign=\"top\" width=\"550\">Observasjoner. Dette er steder der fiskere eller andre har observert nye arter, deformert fisk, eller annet som avviker fra det normale.<\/td>\n<\/tr>\n<tr>\n<td valign=\"top\" width=\"64\"><img decoding=\"async\" class=\"alignleft size-full wp-image-1352\" alt=\"\" src=\"https:\/\/site.uit.no\/favllis\/wp-content\/uploads\/sites\/29\/2012\/05\/movies.png\" width=\"32\" height=\"32\" \/><\/td>\n<td valign=\"top\" width=\"550\">Video. P\u00e5 disse punktene finner du videoklipp og utdrag fra forskningsfilmer. Punktene er knyttet til stedene det ble filmet eller til bostedet til sentrale personer i filmene. Videoen er produsert Reni Wright, som har tilknytning til Visuelle kulturstudier ved UiT.<\/td>\n<\/tr>\n<tr>\n<td valign=\"top\" width=\"64\"><strong><span style=\"color: #ff0000\">R\u00f8de felter<\/span><\/strong><\/td>\n<td valign=\"top\" width=\"550\">Gytefelter kartlagt av Fiskeridirektoratet i Troms, basert p\u00e5 informasjon fra fiskere. Kilde: Kartverkt\u00f8y p\u00e5 <a href=\"http:\/\/www.fiskeridir.no\">www.fiskeridir.no<\/a>.<\/td>\n<\/tr>\n<\/tbody>\n<\/table>\n","protected":false},"excerpt":{"rendered":"<p>Klikk p\u00e5 punktene i kartet for \u00e5 se klipp fra forskningsmaterialet som omhandler Lyngenfjorden. Punktene er satt p\u00e5 steder der forskningen har foreg\u00e5tt eller som nevnes av informanter i prosjektet, og som det er knyttet hendelser, kunnskap eller minner til. &hellip; <a href=\"https:\/\/site.uit.no\/favllis\/lokal-okologisk-kunnskap-i-lyngenfjorden\/\">Continue reading <span class=\"meta-nav\">&rarr;<\/span><\/a><\/p>\n","protected":false},"author":70,"featured_media":0,"parent":0,"menu_order":0,"comment_status":"closed","ping_status":"closed","template":"onecolumn-page.php","meta":{"footnotes":""},"class_list":["post-1373","page","type-page","status-publish","hentry"],"_links":{"self":[{"href":"https:\/\/site.uit.no\/favllis\/wp-json\/wp\/v2\/pages\/1373","targetHints":{"allow":["GET"]}}],"collection":[{"href":"https:\/\/site.uit.no\/favllis\/wp-json\/wp\/v2\/pages"}],"about":[{"href":"https:\/\/site.uit.no\/favllis\/wp-json\/wp\/v2\/types\/page"}],"author":[{"embeddable":true,"href":"https:\/\/site.uit.no\/favllis\/wp-json\/wp\/v2\/users\/70"}],"replies":[{"embeddable":true,"href":"https:\/\/site.uit.no\/favllis\/wp-json\/wp\/v2\/comments?post=1373"}],"version-history":[{"count":16,"href":"https:\/\/site.uit.no\/favllis\/wp-json\/wp\/v2\/pages\/1373\/revisions"}],"predecessor-version":[{"id":2460,"href":"https:\/\/site.uit.no\/favllis\/wp-json\/wp\/v2\/pages\/1373\/revisions\/2460"}],"wp:attachment":[{"href":"https:\/\/site.uit.no\/favllis\/wp-json\/wp\/v2\/media?parent=1373"}],"curies":[{"name":"wp","href":"https:\/\/api.w.org\/{rel}","templated":true}]}}