{"id":1455,"date":"2012-10-07T15:31:02","date_gmt":"2012-10-07T13:31:02","guid":{"rendered":"https:\/\/site.uit.no\/favllis\/?page_id=1455"},"modified":"2013-08-04T14:20:12","modified_gmt":"2013-08-04T12:20:12","slug":"fiskerier-samfunn-og-lokal-fjordkunnskap","status":"publish","type":"page","link":"https:\/\/site.uit.no\/favllis\/fiskerier-samfunn-og-lokal-fjordkunnskap\/","title":{"rendered":"Fjorder som grunnlag for bosetning, lokalsamfunn og kultur"},"content":{"rendered":"<p>(Under arbeid)<\/p>\n<p><strong>Noen utviklingstrekk i fjordsamfunn<br \/>\n<\/strong>Fiskeressursene i fjorder og andre kystn\u00e6re farvann inng\u00e5r i det materielle naturgrunnlaget for blant annet sj\u00f8samisk kultur, samtidig som det knytter seg en rekke problemer til forvaltningen av disse ressursene. De sj\u00f8samiske samfunnene er preget av lang tids marginalisering, noe som kommer til uttrykk gjennom stor befolkningsnedgang, fortsatt spr\u00e5klig fornorskning og en sterkt svekket fiskerin\u00e6ring (stor nedgang i antall fiskere, b\u00e5ter og mottaks- og foredlingsanlegg p\u00e5 land samt betydelig mindre fangster).<\/p>\n<p><span style=\"text-decoration: underline\">\u00d8kologiske endringer<\/span> i fjordene bidrar til en rekke forandringer i den lokale fiskerin\u00e6ringen, og dermed ogs\u00e5 i lokalsamfunn langs fjorden. Fangstm\u00f8nsteret har endret seg, blant annet ved at fiskere med store nok b\u00e5ter drar langt ut i fjorden eller til andre fjorder, eller til havomr\u00e5dene utenfor Finnmarkskysten. (I Porsanger, og sannsynligvis ogs\u00e5 i andre fjorder). Mange fiskere med sm\u00e5 og dermed mindre mobile b\u00e5ter har g\u00e5tt ut av fiskeryrket. Krabbefisket er n\u00e5 det viktigste kommersielle fisket bl.a. i Porsanger. Torskefisket om vinteren og v\u00e5ren som tidligere ga det st\u00f8rste \u00f8konomiske utbyttet der, har n\u00e5 atskillig mindre betydning som grunnlag for yrkesfiske.<\/p>\n<p><strong>Kultur og kunnskap<\/strong><br \/>\nNegativ utvikling innen slike sentrale omr\u00e5der har konsekvenser for lokal kunnskap p\u00e5 ulike m\u00e5ter. Mindre fiskeriaktivitet medf\u00f8rer f\u00e6rre arbeidsplasser og m\u00f8teplasser, og dermed f\u00e6rre arenaer for overf\u00f8ring av lokal\/tradisjonell \u00f8kologisk kunnskap \u2013 b\u00e5de i samisk, norsk og kvensk spr\u00e5kdrakt.\u00a0 S\u00e6rlig i de siste ti\u00e5rene har skjedd store forandringer n\u00e5r det gjelder kunnskapsoverf\u00f8ring mellom generasjoner og bruk av lokal kunnskap. Og etter hvert som antall fiskere og andre brukere av fjorden reduseres, blir det f\u00e6rre b\u00e6rere av den lokale kunnskapen, og dermed f\u00e6rre som b\u00e5de videref\u00f8rer, videreutvikler og oppdaterer denne kunnskapen og m\u00e5lb\u00e6rer den overfor beslutningstakere p\u00e5 ulike niv\u00e5. Dette inneb\u00e6rer s\u00e6rlige utfordringer i forhold til <em>in situ<\/em>-bevaring av lokal\/tradisjonell kunnskap: Konvensjonen om biologisk mangfold foreskriver in situ-bevaring (artikkel 8), det vil si <em>bevaring p\u00e5 stedet<\/em>.<\/p>\n<p><strong>Statistikk<\/strong><br \/>\n&#8230;<\/p>\n<p>&nbsp;<\/p>\n","protected":false},"excerpt":{"rendered":"<p>(Under arbeid) Noen utviklingstrekk i fjordsamfunn Fiskeressursene i fjorder og andre kystn\u00e6re farvann inng\u00e5r i det materielle naturgrunnlaget for blant annet sj\u00f8samisk kultur, samtidig som det knytter seg en rekke problemer til forvaltningen av disse ressursene. De sj\u00f8samiske samfunnene er &hellip; <a href=\"https:\/\/site.uit.no\/favllis\/fiskerier-samfunn-og-lokal-fjordkunnskap\/\">Continue reading <span class=\"meta-nav\">&rarr;<\/span><\/a><\/p>\n","protected":false},"author":69,"featured_media":0,"parent":0,"menu_order":0,"comment_status":"closed","ping_status":"closed","template":"onecolumn-page.php","meta":{"footnotes":""},"class_list":["post-1455","page","type-page","status-publish","hentry"],"_links":{"self":[{"href":"https:\/\/site.uit.no\/favllis\/wp-json\/wp\/v2\/pages\/1455","targetHints":{"allow":["GET"]}}],"collection":[{"href":"https:\/\/site.uit.no\/favllis\/wp-json\/wp\/v2\/pages"}],"about":[{"href":"https:\/\/site.uit.no\/favllis\/wp-json\/wp\/v2\/types\/page"}],"author":[{"embeddable":true,"href":"https:\/\/site.uit.no\/favllis\/wp-json\/wp\/v2\/users\/69"}],"replies":[{"embeddable":true,"href":"https:\/\/site.uit.no\/favllis\/wp-json\/wp\/v2\/comments?post=1455"}],"version-history":[{"count":13,"href":"https:\/\/site.uit.no\/favllis\/wp-json\/wp\/v2\/pages\/1455\/revisions"}],"predecessor-version":[{"id":1457,"href":"https:\/\/site.uit.no\/favllis\/wp-json\/wp\/v2\/pages\/1455\/revisions\/1457"}],"wp:attachment":[{"href":"https:\/\/site.uit.no\/favllis\/wp-json\/wp\/v2\/media?parent=1455"}],"curies":[{"name":"wp","href":"https:\/\/api.w.org\/{rel}","templated":true}]}}