{"id":1586,"date":"2012-11-09T12:40:28","date_gmt":"2012-11-09T11:40:28","guid":{"rendered":"https:\/\/site.uit.no\/favllis\/?page_id=1586"},"modified":"2013-08-04T15:26:14","modified_gmt":"2013-08-04T13:26:14","slug":"lokal-kunnskap-om-fjordokologi-og-arter","status":"publish","type":"page","link":"https:\/\/site.uit.no\/favllis\/lokal-kunnskap-om-fjordokologi-og-arter\/","title":{"rendered":"L\u00d8K i Porsanger"},"content":{"rendered":"<p>Oppslagsverket L\u00d8Ksikon p\u00e5 denne siden\u00a0er knyttet til steder i fjordlandskapet i Porsanger og basert p\u00e5 tekster fra den popul\u00e6rvitenskapelige publikasjonen <em>(\u201c<a title=\"&quot;Den gang var det jo rikelig med fisk&quot;\" href=\"https:\/\/site.uit.no\/favllis\/fjorder\/porsanger\/den-gang-var-det-jo-rikelig-med-fisk\/\">Den gang var det jo rikelig med fisk\u201d<\/a>) <\/em>utgitt av Sj\u00f8samisk kompetansesenter i samarbeid med F\u00e1vllis-prosjektet, i tillegg til narrativer\/fortellinger, videoklipp og annet materiale fra prosjektet.<\/p>\n<p>Fjorden kan forst\u00e5s som et sosio-\u00f8kologisk system, der utnyttelse av naturressurser og samfunn\u00a0inng\u00e5r i gjensidig p\u00e5virkning. Det sosio-\u00f8kologiske systemet i Porsangerfjorden best\u00e5r av sm\u00e5skala kyst- og fjordfiskere som kombinerer fiske etter torsk, sei, hyse og kongekrabbe med andre n\u00e6ringer eller har fiske som fulltidsyrke, og de artene i fjorden som p\u00e5virkes av dette fisket. I v\u00e5r L\u00d8K-database er materialet organisert i substansielle kategorier (for eksempel arter, steder, navn) og mer analytiske kategorier (narrativer\/fortellinger knyttet til sosio-\u00f8kologiske hendelser, oppfatninger av politiske prosesser, forvaltning etc.).<\/p>\n<p>Et sentralt tema i intervjuene har v\u00e6rt \u00f8kologiske endringer,\u00a0noe som gjenspeiler seg\u00a0i presentasjonene av\u00a0L\u00d8K om arter. Det er lagt mest vekt p\u00e5 observasjoner, men noen hypoteser og forklaringer vedr\u00f8rende \u00e5rsakssammenhenger er ogs\u00e5 med.<\/p>\n<ul>\n<li><a title=\"Arter\" href=\"https:\/\/site.uit.no\/favllis\/arter\/\">Arter<\/a><\/li>\n<li><a title=\"Samisk fiskeriterminologi\" href=\"https:\/\/site.uit.no\/favllis\/sjosamenes-spesielle-ordforrad-i-dag-og-i-historien\/\">Samisk fiskeriterminologi<\/a><\/li>\n<li><a title=\"Sosio-\u00f8kologiske hendelser\" href=\"https:\/\/site.uit.no\/favllis\/sosio-okologiske-hendelser\/\">Sosio-\u00f8kologiske hendelser<\/a><\/li>\n<li>Steder<\/li>\n<li><a title=\"Stedsnavn\" href=\"https:\/\/site.uit.no\/favllis\/stedsnavn\/\">Stedsnavn<\/a><\/li>\n<\/ul>\n<p><strong>Bakgrunn<\/strong><\/p>\n<ul>\n<li><a title=\"Om sj\u00f8samenes n\u00e6ring og ressursutnyttelse i Porsangerfjorden\" href=\"https:\/\/site.uit.no\/favllis\/om-sjosamenes-naering-og-ressursutnyttelse-i-porsangerfjorden\/\">Om sj\u00f8samenes n\u00e6ring og ressursutnyttelse i Porsangerfjorden<\/a>\u00a0(historisk bruk)<\/li>\n<li><a title=\"Porsangerfjorden som grunnlag for bosetning, samfunn og kultur\" href=\"https:\/\/site.uit.no\/favllis\/porsangerfjorden-som-grunnlag-for-bosetning-samfunn-og-kultur\/\">Porsangerfjorden som grunnlag for bosetning, samfunn og kultur<\/a><\/li>\n<li><a title=\"L\u00d8K og annen fjordkunnskap\" href=\"https:\/\/site.uit.no\/favllis\/fjordkunnskap\/\">L\u00d8K og annen fjordkunnskap<\/a><\/li>\n<li><a title=\"Statistikk\" href=\"https:\/\/site.uit.no\/favllis\/statistikk-porsanger\/\">Statistikk<\/a><\/li>\n<\/ul>\n","protected":false},"excerpt":{"rendered":"<p>Oppslagsverket L\u00d8Ksikon p\u00e5 denne siden\u00a0er knyttet til steder i fjordlandskapet i Porsanger og basert p\u00e5 tekster fra den popul\u00e6rvitenskapelige publikasjonen (\u201cDen gang var det jo rikelig med fisk\u201d) utgitt av Sj\u00f8samisk kompetansesenter i samarbeid med F\u00e1vllis-prosjektet, i tillegg til narrativer\/fortellinger, &hellip; <a href=\"https:\/\/site.uit.no\/favllis\/lokal-kunnskap-om-fjordokologi-og-arter\/\">Continue reading <span class=\"meta-nav\">&rarr;<\/span><\/a><\/p>\n","protected":false},"author":236,"featured_media":0,"parent":0,"menu_order":0,"comment_status":"closed","ping_status":"closed","template":"onecolumn-page.php","meta":{"footnotes":""},"class_list":["post-1586","page","type-page","status-publish","hentry"],"_links":{"self":[{"href":"https:\/\/site.uit.no\/favllis\/wp-json\/wp\/v2\/pages\/1586","targetHints":{"allow":["GET"]}}],"collection":[{"href":"https:\/\/site.uit.no\/favllis\/wp-json\/wp\/v2\/pages"}],"about":[{"href":"https:\/\/site.uit.no\/favllis\/wp-json\/wp\/v2\/types\/page"}],"author":[{"embeddable":true,"href":"https:\/\/site.uit.no\/favllis\/wp-json\/wp\/v2\/users\/236"}],"replies":[{"embeddable":true,"href":"https:\/\/site.uit.no\/favllis\/wp-json\/wp\/v2\/comments?post=1586"}],"version-history":[{"count":47,"href":"https:\/\/site.uit.no\/favllis\/wp-json\/wp\/v2\/pages\/1586\/revisions"}],"predecessor-version":[{"id":2485,"href":"https:\/\/site.uit.no\/favllis\/wp-json\/wp\/v2\/pages\/1586\/revisions\/2485"}],"wp:attachment":[{"href":"https:\/\/site.uit.no\/favllis\/wp-json\/wp\/v2\/media?parent=1586"}],"curies":[{"name":"wp","href":"https:\/\/api.w.org\/{rel}","templated":true}]}}