{"id":1724,"date":"2013-06-12T18:29:48","date_gmt":"2013-06-12T16:29:48","guid":{"rendered":"https:\/\/site.uit.no\/favllis\/?page_id=1724"},"modified":"2013-06-24T15:24:49","modified_gmt":"2013-06-24T13:24:49","slug":"metode","status":"publish","type":"page","link":"https:\/\/site.uit.no\/favllis\/metode\/","title":{"rendered":"Metode"},"content":{"rendered":"<p><strong>Intervju<br \/>\n<\/strong>Prosjektene har fokusert p\u00e5 innsamling av lokal \u00f8kologisk kunnskap (L\u00d8K) gjennom semi-strukturerte intervjuer med fiskere og andre brukere av fjorder. Intervjuarbeidet i Porsanger og Tana har hatt hovedfokus p\u00e5 \u00f8kologiske forandringer, og det har v\u00e6rt spurt b\u00e5de etter observasjoner av arter og ogs\u00e5 om forandringer med hensyn til\u00a0bestander i tilknytning til noen sentrale hendelser i fjordenes historie; i hovedsak avgrenset til etterkrigstiden.<\/p>\n<p>Det ble lagt vekt p\u00e5 hendelser og forandringer av ulike slag \u2013 b\u00e5de fiskeriaktiviteter som har bidratt til \u00f8kologiske endringer i fjordene og ogs\u00e5 observerte \u00f8kologiske endringer med mindre klare \u00e5rsaksforklaringer. Nedgangen i forekomsten av sild p\u00e5 1960-tallet og av torsk og sei p\u00e5 1980- og 90-tallet, den s\u00e5kalte selinvasjonen p\u00e5 1980-tallet og kongekrabbens ankomst fra 1990-tallet utgj\u00f8r sentrale hendelser i det man kan kalle fjordenes sosio-\u00f8kologiske historie, og de kommer ogs\u00e5 p\u00e5 ulike m\u00e5ter til uttrykk i den lokale kunnskapen fra Porsangerfjorden og Tanafjorden.<\/p>\n<p><a title=\"Hendelser og tidsperioder\" href=\"https:\/\/site.uit.no\/favllis\/715-2\/\">Hendelser og tidsperioder<\/a><\/p>\n<p>I K\u00e5fjord\/Lyngen i Troms har hovedfokus v\u00e6rt p\u00e5 kartlegging av bruksm\u00e5ter samt konflikter omkring oppdrett og gyteplasser, og mindre p\u00e5 intervjuunders\u00f8kelser.<\/p>\n","protected":false},"excerpt":{"rendered":"<p>Intervju Prosjektene har fokusert p\u00e5 innsamling av lokal \u00f8kologisk kunnskap (L\u00d8K) gjennom semi-strukturerte intervjuer med fiskere og andre brukere av fjorder. Intervjuarbeidet i Porsanger og Tana har hatt hovedfokus p\u00e5 \u00f8kologiske forandringer, og det har v\u00e6rt spurt b\u00e5de etter observasjoner &hellip; <a href=\"https:\/\/site.uit.no\/favllis\/metode\/\">Continue reading <span class=\"meta-nav\">&rarr;<\/span><\/a><\/p>\n","protected":false},"author":120,"featured_media":0,"parent":0,"menu_order":0,"comment_status":"closed","ping_status":"closed","template":"onecolumn-page.php","meta":{"footnotes":""},"class_list":["post-1724","page","type-page","status-publish","hentry"],"_links":{"self":[{"href":"https:\/\/site.uit.no\/favllis\/wp-json\/wp\/v2\/pages\/1724","targetHints":{"allow":["GET"]}}],"collection":[{"href":"https:\/\/site.uit.no\/favllis\/wp-json\/wp\/v2\/pages"}],"about":[{"href":"https:\/\/site.uit.no\/favllis\/wp-json\/wp\/v2\/types\/page"}],"author":[{"embeddable":true,"href":"https:\/\/site.uit.no\/favllis\/wp-json\/wp\/v2\/users\/120"}],"replies":[{"embeddable":true,"href":"https:\/\/site.uit.no\/favllis\/wp-json\/wp\/v2\/comments?post=1724"}],"version-history":[{"count":10,"href":"https:\/\/site.uit.no\/favllis\/wp-json\/wp\/v2\/pages\/1724\/revisions"}],"predecessor-version":[{"id":1838,"href":"https:\/\/site.uit.no\/favllis\/wp-json\/wp\/v2\/pages\/1724\/revisions\/1838"}],"wp:attachment":[{"href":"https:\/\/site.uit.no\/favllis\/wp-json\/wp\/v2\/media?parent=1724"}],"curies":[{"name":"wp","href":"https:\/\/api.w.org\/{rel}","templated":true}]}}