{"id":180,"date":"2011-08-19T11:25:58","date_gmt":"2011-08-19T09:25:58","guid":{"rendered":"https:\/\/site.uit.no\/favllis\/?page_id=180"},"modified":"2013-06-12T22:28:00","modified_gmt":"2013-06-12T20:28:00","slug":"narrativ-om-gades","status":"publish","type":"page","link":"https:\/\/site.uit.no\/favllis\/bakgrunn-for-forstaelse-av-lokal-kunnskap\/narrativ-om-gades\/","title":{"rendered":"G\u00e1\u0111e\u0161"},"content":{"rendered":"<p><strong>G\u00e1\u0111e\u0161 \u2013 en fiskeplass i Porsanger<\/strong><\/p>\n<p style=\"text-align: left\"><img fetchpriority=\"high\" decoding=\"async\" class=\"aligncenter size-full wp-image-206\" alt=\"\" src=\"https:\/\/site.uit.no\/favllis\/wp-content\/uploads\/sites\/29\/2011\/08\/560-gades-DSC00557.jpg\" width=\"358\" height=\"269\" srcset=\"https:\/\/site.uit.no\/favllis\/wp-content\/uploads\/sites\/29\/2011\/08\/560-gades-DSC00557.jpg 560w, https:\/\/site.uit.no\/favllis\/wp-content\/uploads\/sites\/29\/2011\/08\/560-gades-DSC00557-300x225.jpg 300w\" sizes=\"(max-width: 358px) 100vw, 358px\" \/>G\u00e1\u0111e\u0161 er navnet p\u00e5 en grunne som ligger mellom Rein\u00f8ya og Kolvik p\u00e5 vestsiden av Porsangerfjorden. <a href=\"http:\/\/www.mearrasapmi.no\/index.php?option=com_sobi2&amp;sobi2Task=sobi2Details&amp;catid=73&amp;sobi2Id=2930&amp;Itemid=74&amp;lang=nb\">Se Sj\u00f8samisk kompetansesenters side<\/a> om stedet. Dette er en av fiskegrunnene som flere forteller var s\u00e6rdeles viktig for lokale fiskere, og den blir omtalt som en av hovedplassene som det ble fisket p\u00e5 med tradisjonelle redskaper. En tidligere fisker forteller at \u201di gamle dager s\u00e5 var det jo b\u00e6nkers \u00e5 f\u00e5 fisk her, p\u00e5 juksa og garn.\u201d En annen som forbinder stedet med spesielt godt fiske sier: \u201dDen gang fiska vi mest med juksa, vi hadde ikke andre redskaper enn det (\u2026) De st\u00f8rste og beste fiskene fikk man ved G\u00e1\u0111e\u0161 og F\u00e1hccabealle.\u201d<\/p>\n<p>Bruken av fiskeplassen var sesongbasert, og aktiviteten der ga en indikasjon p\u00e5 den generelle fiskeriaktiviteten i omr\u00e5det. \u201dSamtidig omtrent, n\u00e5r det foregikk fiske der s\u00e5 foregikk det fiske i hele sundet her ogs\u00e5. Men det var som regel bare en kort periode av \u00e5ret at fisken oppholdt seg der\u201d, fortelles det. Kunnskapen om fiskeplassen er ikke bare knyttet til hvor fisken er, men ogs\u00e5 fiskens vandringer, som dette utsagnet er et eksempel p\u00e5: \u201dMen det var ikke s\u00e5nt oppholdssted, den kom etter \u00e5ta. Den kunne f\u00f8lge \u00e5ta helt til land. Om h\u00f8sten brukte torsken \u00e5 bryte p\u00e5 land, og det samme med seien. Det var rikelig med fisk, helt fra v\u00e5ren n\u00e5r den kom. Og der var alle sorter fisk.\u201d<\/p>\n<p>Det er torsk, og ogs\u00e5 i stor grad sei som trekkes frem som de viktigste fiskeslagene som ble fisket p\u00e5 G\u00e1\u0111e\u0161. \u201dStorsei fantes det jo overalt, men den var ikke s\u00e5 lett \u00e5 fange som der. Den stoppet opp der og sto p\u00e5 et veldig lite omr\u00e5de. Det her var p\u00e5 forsommeren og utover. Det er mange sportsfiskere som har mista fiskeredskap der\u201d, forteller en av dagens fiskere.<\/p>\n<p>Den samme fiskeren forteller ogs\u00e5 at omr\u00e5det l\u00e5 sentralt i forhold til fiskeriaktiviteten i omr\u00e5det f\u00f8r andre verdenskrig: \u201dMen i riktig gamle tider s\u00e5 har det v\u00e6rt fiskebruk der, og lineegning har forg\u00e5tt der. P\u00e5 Rein\u00f8ya. Her ligger enda store dunger med skjell som har v\u00e6rt brukt til agn. Men det her er snakk om f\u00f8r krigen, jeg vet ikke om det var s\u00e6rlig mye etter krigen. Det kan jo v\u00e6re det var p\u00e5 50-tallet\u201d.<\/p>\n<p>G\u00e1\u0111e\u0161 blir trukket frem som en viktig og god fiskeplass opp igjennom 1970- og begynnelsen av 1980-tallet: \u201dMen det var det jo f\u00f8r s\u00e5nn at man kunne f\u00e5 stabbsei bare ved \u00e5 dorge her utp\u00e5 fjorden. Og p\u00e5 70- og 80-tallet s\u00e5 var jo det her, her var det jo storsei i fleng rundt G\u00e1de\u0161 og F\u00e1hccabealli.\u201d<\/p>\n<p>Utover 1980-tallet ble det ble d\u00e5rligere med fisk i fjorden, og man merket tidlig nedgangen p\u00e5 G\u00e1\u0111e\u0161: \u201dDet forsvant nok tidligere der, eller det ble merkbart mindre. Det var bare helt sporadisk at det p\u00e5 80-tallet var fisk der i en kort sommerm\u00e5ned.\u201d Selinvasjonen p\u00e5 slutten av 1980-tallet er en hendelse som mange fiskere knytter til nedgangen i fiskebestandene, men flere forteller at fisken ble borte fra G\u00e1\u0111e\u0161 f\u00f8r den tid. En eldre fisker knytter nedgangen til overbeskatning etter at nylongarn ble tatt i bruk. \u201dDe som var s\u00e5pass rike, de anskaffet rikelig med garn. S\u00e5 vet du at en liten grunne der fisken holder seg, det er ikke s\u00e5 store omr\u00e5der.\u201d<\/p>\n<p><strong>Andre narrativer fra Porsanger<br \/>\n<\/strong><a href=\"https:\/\/site.uit.no\/favllis\/bakgrunn-for-forstaelse-av-lokal-kunnskap\/narrativ-om-fahccabealli\/\">Fahccabealli \u2013 en fiskegrunne i Porsanger<\/a><br \/>\n<a href=\"https:\/\/site.uit.no\/favllis\/bakgrunn-for-forstaelse-av-lokal-kunnskap\/narrativ-om-overfiske\/\">Overbeskatning av fiskeressurser<\/a><br \/>\n<a href=\"https:\/\/site.uit.no\/favllis\/bakgrunn-for-forstaelse-av-lokal-kunnskap\/narrativ-om-ufred-pa-fjorden\/\">Ufred p\u00e5 fjorden<\/a><br \/>\n<a href=\"https:\/\/site.uit.no\/favllis\/bakgrunn-for-forstaelse-av-lokal-kunnskap\/narrativ-om-kvoteordninger\/\">Kvoteordninger<\/a><br \/>\n<a href=\"https:\/\/site.uit.no\/favllis\/bakgrunn-for-forstaelse-av-lokal-kunnskap\/narrativ-om-sel\/\">Sel<\/a><br \/>\n<a href=\"https:\/\/site.uit.no\/favllis\/bakgrunn-for-forstaelse-av-lokal-kunnskap\/narrativ-om-krakeboller\/\">Kr\u00e5keboller<\/a><\/p>\n<p><a title=\"Oversikt over samiske og norske navn p\u00e5 fiskegrunner\" href=\"https:\/\/site.uit.no\/favllis\/fjorder\/porsanger\/oversikt-over-samiske-og-norske-navn-pa-fiskegrunner-i-porsanger\/\">Oversikt over fiskegrunner i Porsanger<\/a><\/p>\n","protected":false},"excerpt":{"rendered":"<p>G\u00e1\u0111e\u0161 \u2013 en fiskeplass i Porsanger G\u00e1\u0111e\u0161 er navnet p\u00e5 en grunne som ligger mellom Rein\u00f8ya og Kolvik p\u00e5 vestsiden av Porsangerfjorden. Se Sj\u00f8samisk kompetansesenters side om stedet. Dette er en av fiskegrunnene som flere forteller var s\u00e6rdeles viktig for &hellip; <a href=\"https:\/\/site.uit.no\/favllis\/bakgrunn-for-forstaelse-av-lokal-kunnskap\/narrativ-om-gades\/\">Continue reading <span class=\"meta-nav\">&rarr;<\/span><\/a><\/p>\n","protected":false},"author":70,"featured_media":0,"parent":19,"menu_order":0,"comment_status":"closed","ping_status":"closed","template":"onecolumn-page.php","meta":{"footnotes":""},"class_list":["post-180","page","type-page","status-publish","hentry"],"_links":{"self":[{"href":"https:\/\/site.uit.no\/favllis\/wp-json\/wp\/v2\/pages\/180","targetHints":{"allow":["GET"]}}],"collection":[{"href":"https:\/\/site.uit.no\/favllis\/wp-json\/wp\/v2\/pages"}],"about":[{"href":"https:\/\/site.uit.no\/favllis\/wp-json\/wp\/v2\/types\/page"}],"author":[{"embeddable":true,"href":"https:\/\/site.uit.no\/favllis\/wp-json\/wp\/v2\/users\/70"}],"replies":[{"embeddable":true,"href":"https:\/\/site.uit.no\/favllis\/wp-json\/wp\/v2\/comments?post=180"}],"version-history":[{"count":17,"href":"https:\/\/site.uit.no\/favllis\/wp-json\/wp\/v2\/pages\/180\/revisions"}],"predecessor-version":[{"id":1771,"href":"https:\/\/site.uit.no\/favllis\/wp-json\/wp\/v2\/pages\/180\/revisions\/1771"}],"up":[{"embeddable":true,"href":"https:\/\/site.uit.no\/favllis\/wp-json\/wp\/v2\/pages\/19"}],"wp:attachment":[{"href":"https:\/\/site.uit.no\/favllis\/wp-json\/wp\/v2\/media?parent=180"}],"curies":[{"name":"wp","href":"https:\/\/api.w.org\/{rel}","templated":true}]}}