{"id":185,"date":"2011-08-19T11:26:33","date_gmt":"2011-08-19T09:26:33","guid":{"rendered":"https:\/\/site.uit.no\/favllis\/?page_id=185"},"modified":"2013-05-13T19:38:35","modified_gmt":"2013-05-13T17:38:35","slug":"narrativ-om-kvoteordninger","status":"publish","type":"page","link":"https:\/\/site.uit.no\/favllis\/bakgrunn-for-forstaelse-av-lokal-kunnskap\/narrativ-om-kvoteordninger\/","title":{"rendered":"Narrativ om kvoteordninger"},"content":{"rendered":"<p><strong>Kvoter \u2013 et viktig rammevilk\u00e5r for fiskeriene<\/strong><\/p>\n<p style=\"text-align: left\"><img fetchpriority=\"high\" decoding=\"async\" class=\"aligncenter size-full wp-image-207\" alt=\"\" src=\"https:\/\/site.uit.no\/favllis\/wp-content\/uploads\/sites\/29\/2011\/08\/560-kvoteordninger-DSC01363.jpg\" width=\"448\" height=\"336\" srcset=\"https:\/\/site.uit.no\/favllis\/wp-content\/uploads\/sites\/29\/2011\/08\/560-kvoteordninger-DSC01363.jpg 560w, https:\/\/site.uit.no\/favllis\/wp-content\/uploads\/sites\/29\/2011\/08\/560-kvoteordninger-DSC01363-300x225.jpg 300w\" sizes=\"(max-width: 448px) 100vw, 448px\" \/><\/p>\n<p style=\"text-align: left\">Dagens kvoteordning, den s\u00e5kalte fart\u00f8ykvoteordningen som ble innf\u00f8rt i 1990, \u00a0har ofte v\u00e6rt tema for diskusjon blant befolkningen\u00a0langs Porsangerfjorden, og mange har meninger om\u00a0denne ordningen. Det er en vanlig oppfatning at fjordfiskere og andre sm\u00e5skalafiskere har kommet d\u00e5rligere ut enn st\u00f8rre kystfart\u00f8y og havfiskefl\u00e5ten. Dette kommer blant annet til uttrykk i dette utsagnet fra en av beboerne langs fjorden:<\/p>\n<p>\u201cDet er nok en stor mulighet at myndighetene har favorisert den store havg\u00e5ende fl\u00e5ten framfor fjordfinnene p\u00e5 land. Eller, man har beordret dem p\u00e5 land. Og der syntes jeg at statsmyndighetene har spilt kjempefallitt. (&#8230;) Da skulle man heller sagt \u2018Nei, n\u00e5 f\u00e5r ikke du bygge, du f\u00e5r ikke kvote til din tr\u00e5ler n\u00e5 for vi skal ha en kvote her for disse stakkars fjordfinnene som livn\u00e6rer seg her\u2019.\u201d<\/p>\n<p>En tidligere fisker mener at innf\u00f8ringen av fart\u00f8ykvoteordningen i 1990\u00a0fikk store konsekvenser for\u00a0fjordfiskerne: \u201cPlutselig kom det kvoter p\u00e5 sjarkene. Det var styrt fra toppen og nedover. Hvor store kvotene skulle v\u00e6re. Og det her mannskapet som hadde sm\u00e5b\u00e5ter, deres yrkeskarriere ble tatt med et pennestr\u00f8k. I og med at de fikk s\u00e5 liten kvote p\u00e5 sm\u00e5b\u00e5ten deres. 1800 kilo sl\u00f8yd fisk. De kunne ikke leve av det. Og derfor\u2026 med at staten tok livsgrunnlaget bort fra dem &#8211; de m\u00e5tte finne p\u00e5 noe annet \u00e5 gj\u00f8re enn \u00e5 fiske.\u201d<\/p>\n<p>En av dagens fjordfiskere i Porsanger som mener at kvoteordningen var d\u00e5rlig for de med sm\u00e5 b\u00e5ter, foreklarer dette slik:\u00a0\u201cFor det f\u00f8rste s\u00e5 sl\u00e5r den d\u00e5rlig ut fordi at veldig mange av fjordfiskerne har forholdsvis sm\u00e5 b\u00e5ter, ogs\u00e5 fordi fjordfiskeren aldri har trengt st\u00f8rre b\u00e5ter. Man har hatt tilgang p\u00e5 ressurs,\u00a0hvorfor skal du ha en stor b\u00e5t som er dyr \u00e5 drive hvis du ikke trenger det. Man har satsa p\u00e5 en b\u00e5tst\u00f8rrelse som man synes er billig og lettvint \u00e5 drive. Man tilpasser seg variasjonene i bestandene, og man er ofte veldig torskeavhengig. S\u00e5 blir fordelinga helt skeiv, fordi at g\u00e5r du opp p\u00e5 st\u00f8rre b\u00e5ter, 20 meter og over der, s\u00e5 har dem s\u00e5 mye konsesjoner at de nesten ikke har dager nok i \u00e5ret til \u00e5 f\u00e5 brukt opp konsesjonene sine. Mens kystfl\u00e5ten, opp til 50 fot, kanskje er jaga til kaia, fordi de ikke har noe \u00e5 fiske p\u00e5. Og da blir jo sp\u00f8rsm\u00e5let, ville det ikke v\u00e6re mer rettferdig \u00e5 fordele p\u00e5 litt anna vis?\u201d<\/p>\n<p>Han\u00a0forteller i et senere intervju at kvoteordningen av 1990 ogs\u00e5 har f\u00e5tt konsekvenser for fiskeres forst\u00e5elser av hvor mye man b\u00f8r fiske, og om du er en god fisker eller ikke: \u201cDet er jo noen som har g\u00e5tt ut av fjorden og ikke kommet tilbake, og g\u00e5r p\u00e5 kysten og er der. Og der er mer fisk, og de gj\u00f8r den kvota sin fortere unna og s\u00e5nt. Jeg skj\u00f8nner dem jo. Men det kommer an p\u00e5 hvor mye man mener man skal ha. Om man skal fiske opp den kvota, om du berges med mindre og alt det her. For meg er det n\u00e5 stort sett det det kommer an p\u00e5. Selv om jeg har en kvote som er, 10 eller 15 eller 20 eller 100 tonn for den saks skyld, s\u00e5 fisker jeg s\u00e5 mye at jeg finner ut at \u201djeg trenger ikke \u00e5 fiske mer, det er nok\u201d. Det er et pussig fenomen det der. Alts\u00e5, f\u00f8r det her reguleringssystemet ble innf\u00f8rt i 1990, da vi ikke hadde kvote. Da fiska man til sesongen var over, og s\u00e5 slutta man n\u00e5r det var d\u00e5rlig. Og orka ikke \u00e5 dra mer. Etter at kvotene kom s\u00e5 h\u00f8rer man ikke snakk om noe annet enn at man m\u00e5 fiske opp den kvota. Og det er uansett om den er p\u00e5 10 tonn eller 100 tonn eller 150 tonn. Alts\u00e5, du m\u00e5 f\u00e5 opp den kvota.\u201d<\/p>\n<p><a href=\"https:\/\/maps.google.com\/maps\/ms?msid=202714061890854860887.0004c774dbc1030581c03&amp;msa=0&amp;ie=UTF8&amp;t=h&amp;source=embed&amp;ll=70.480666,25.510254&amp;spn=0.223231,1.056747&amp;z=11&amp;vpsrc=6&amp;iwloc=0004c7751923367349b5b\">Klikk her for \u00e5 finne narrativet i kartet<\/a>.<\/p>\n<p><strong>Andre narrativer fra Porsanger<br \/>\n<\/strong><a href=\"https:\/\/site.uit.no\/favllis\/bakgrunn-for-forstaelse-av-lokal-kunnskap\/narrativ-om-fahccabealli\/\">Fahccabealli \u2013 en fiskegrunne i Porsanger<\/a><br \/>\n<a href=\"https:\/\/site.uit.no\/favllis\/bakgrunn-for-forstaelse-av-lokal-kunnskap\/narrativ-om-gades\/\">G\u00e1\u0111e\u0161 \u2013 en fiskegrunne i Porsanger<\/a><br \/>\n<a href=\"https:\/\/site.uit.no\/favllis\/bakgrunn-for-forstaelse-av-lokal-kunnskap\/narrativ-om-overfiske\/\">Overbeskatning av fiskeressurser<\/a><br \/>\n<a href=\"https:\/\/site.uit.no\/favllis\/bakgrunn-for-forstaelse-av-lokal-kunnskap\/narrativ-om-ufred-pa-fjorden\/\">Ufred p\u00e5 fjorden<\/a><br \/>\n<a href=\"https:\/\/site.uit.no\/favllis\/bakgrunn-for-forstaelse-av-lokal-kunnskap\/narrativ-om-sel\/\">Sel<\/a><br \/>\n<a href=\"https:\/\/site.uit.no\/favllis\/bakgrunn-for-forstaelse-av-lokal-kunnskap\/narrativ-om-krakeboller\/\">Kr\u00e5keboller<\/a><\/p>\n<p><strong>Lenker til materiale om\u00a0fart\u00f8ykvoteordningen og andre fiskerireguleringer<\/strong><br \/>\nNOU2008:5 Retten til fiske i havet utenfor Finnmark:<br \/>\n<a title=\"Torskekrise og regulering\" href=\"http:\/\/www.regjeringen.no\/nb\/dep\/fkd\/dok\/nouer\/2008\/nou-2008-5\/8\/4.html?id=500056\">1990 &#8211; Torskekrise og regulering<\/a><br \/>\n<a href=\"http:\/\/www.regjeringen.no\/nb\/dep\/fkd\/dok\/nouer\/2008\/nou-2008-5\/4.html?id=499834\">Kapitlet om gjeldende fiskerireguleringer for .Finnmark<\/a><\/p>\n","protected":false},"excerpt":{"rendered":"<p>Kvoter \u2013 et viktig rammevilk\u00e5r for fiskeriene Dagens kvoteordning, den s\u00e5kalte fart\u00f8ykvoteordningen som ble innf\u00f8rt i 1990, \u00a0har ofte v\u00e6rt tema for diskusjon blant befolkningen\u00a0langs Porsangerfjorden, og mange har meninger om\u00a0denne ordningen. Det er en vanlig oppfatning at fjordfiskere og &hellip; <a href=\"https:\/\/site.uit.no\/favllis\/bakgrunn-for-forstaelse-av-lokal-kunnskap\/narrativ-om-kvoteordninger\/\">Continue reading <span class=\"meta-nav\">&rarr;<\/span><\/a><\/p>\n","protected":false},"author":70,"featured_media":0,"parent":19,"menu_order":0,"comment_status":"closed","ping_status":"closed","template":"onecolumn-page.php","meta":{"footnotes":""},"class_list":["post-185","page","type-page","status-publish","hentry"],"_links":{"self":[{"href":"https:\/\/site.uit.no\/favllis\/wp-json\/wp\/v2\/pages\/185","targetHints":{"allow":["GET"]}}],"collection":[{"href":"https:\/\/site.uit.no\/favllis\/wp-json\/wp\/v2\/pages"}],"about":[{"href":"https:\/\/site.uit.no\/favllis\/wp-json\/wp\/v2\/types\/page"}],"author":[{"embeddable":true,"href":"https:\/\/site.uit.no\/favllis\/wp-json\/wp\/v2\/users\/70"}],"replies":[{"embeddable":true,"href":"https:\/\/site.uit.no\/favllis\/wp-json\/wp\/v2\/comments?post=185"}],"version-history":[{"count":21,"href":"https:\/\/site.uit.no\/favllis\/wp-json\/wp\/v2\/pages\/185\/revisions"}],"predecessor-version":[{"id":1643,"href":"https:\/\/site.uit.no\/favllis\/wp-json\/wp\/v2\/pages\/185\/revisions\/1643"}],"up":[{"embeddable":true,"href":"https:\/\/site.uit.no\/favllis\/wp-json\/wp\/v2\/pages\/19"}],"wp:attachment":[{"href":"https:\/\/site.uit.no\/favllis\/wp-json\/wp\/v2\/media?parent=185"}],"curies":[{"name":"wp","href":"https:\/\/api.w.org\/{rel}","templated":true}]}}