{"id":189,"date":"2011-08-19T11:27:07","date_gmt":"2011-08-19T09:27:07","guid":{"rendered":"https:\/\/site.uit.no\/favllis\/?page_id=189"},"modified":"2012-05-15T08:10:38","modified_gmt":"2012-05-15T06:10:38","slug":"narrativ-om-ufred-pa-fjorden","status":"publish","type":"page","link":"https:\/\/site.uit.no\/favllis\/bakgrunn-for-forstaelse-av-lokal-kunnskap\/narrativ-om-ufred-pa-fjorden\/","title":{"rendered":"Narrativ om ufred p\u00e5 fjorden"},"content":{"rendered":"<p><strong>Ufred p\u00e5 fjorden \u2013 konflikter mellom fiskere<br \/>\n<\/strong>Det har forekommet ufredelige m\u00f8ter p\u00e5 fjorden.\u00a0En pensjonert fisker\u00a0forteller om et ublidt m\u00f8te med en st\u00f8rre sk\u00f8yte en gang p\u00e5 1950-tallet: \u201c\u2019Kor dokker har gjort av kommagan?\u2019 Og s\u00e5 flirte dem av oss. Og s\u00e5 hadde vi jo s\u00e5nne sm\u00e5b\u00e5ta, som hadde sm\u00e5 n\u00f8ter som vi brukte \u00e5 fiske med. Og da var det en god del fisk i Porsangerfjorden. Og vi brukte jo \u00e5 sette de n\u00f8tene n\u00e5r vi fant fisk. Og da hadde vi ogs\u00e5 setta ut nota, torskenota. Og heisann! Her kom det en stor b\u00e5t, han hadde sett oss. Og ringa rundt oss. S\u00e5 ble vi st\u00e5ende der. Inni nota. Vi m\u00e5tte bare slippe alt, og ikke kunne vi gj\u00f8re noe. Av faenskap, s\u00e5 \u00e5pna de nota litt, for at vi skulle komme oss ut. De hadde ikke setta nota ut for at dem skulle fiske, det var for \u00e5 hindre oss. (\u2026) Jada, dem pr\u00f8vde jo \u00e5 herse med oss. (\u2026) P\u00e5 den m\u00e5ten at de kalte oss for finner og, \u2018hvor har dere gjort av kommagan?\u2019 og \u2018og hva skal d\u00e5kker gj\u00f8re her, d\u00e5kker er jo finner?\u2019 (\u2026) Og, det var en av v\u00e5res karer sa det at \u201ddu skal bare vente litt\u2026 f\u00f8r du n\u00e5r til havn i Honningsv\u00e5g s\u00e5 g\u00e5r det galt.\u201d Og da ble det stilt. Og dem slutta akkurat da \u00e5 herse med oss. Og vi gjorde heller ikke noe. Vi hadde jo ikke mulighet. Storkapitalister.\u201d<\/p>\n<p><strong>Andre narrativer fra Porsanger<\/strong><br \/>\n<a href=\"https:\/\/site.uit.no\/favllis\/bakgrunn-for-forstaelse-av-lokal-kunnskap\/narrativ-om-fahccabealli\/\">Fahccabealli \u2013 en fiskegrunne i Porsanger<\/a><br \/>\n<a href=\"https:\/\/site.uit.no\/favllis\/bakgrunn-for-forstaelse-av-lokal-kunnskap\/narrativ-om-gades\/\">G\u00e1\u0111e\u0161 \u2013 en fiskegrunne i Porsanger<\/a><br \/>\n<a href=\"https:\/\/site.uit.no\/favllis\/bakgrunn-for-forstaelse-av-lokal-kunnskap\/narrativ-om-overfiske\/\">Overbeskatning av fiskeressurser<\/a><br \/>\n<a href=\"https:\/\/site.uit.no\/favllis\/bakgrunn-for-forstaelse-av-lokal-kunnskap\/narrativ-om-kvoteordninger\/\">Kvoteordninger<\/a><br \/>\n<a href=\"https:\/\/site.uit.no\/favllis\/bakgrunn-for-forstaelse-av-lokal-kunnskap\/narrativ-om-sel\/\">Sel<\/a><br \/>\n<a href=\"https:\/\/site.uit.no\/favllis\/bakgrunn-for-forstaelse-av-lokal-kunnskap\/narrativ-om-krakeboller\/\">Kr\u00e5keboller<\/a><\/p>\n","protected":false},"excerpt":{"rendered":"<p>Ufred p\u00e5 fjorden \u2013 konflikter mellom fiskere Det har forekommet ufredelige m\u00f8ter p\u00e5 fjorden.\u00a0En pensjonert fisker\u00a0forteller om et ublidt m\u00f8te med en st\u00f8rre sk\u00f8yte en gang p\u00e5 1950-tallet: \u201c\u2019Kor dokker har gjort av kommagan?\u2019 Og s\u00e5 flirte dem av oss. &hellip; <a href=\"https:\/\/site.uit.no\/favllis\/bakgrunn-for-forstaelse-av-lokal-kunnskap\/narrativ-om-ufred-pa-fjorden\/\">Continue reading <span class=\"meta-nav\">&rarr;<\/span><\/a><\/p>\n","protected":false},"author":70,"featured_media":0,"parent":19,"menu_order":0,"comment_status":"closed","ping_status":"closed","template":"onecolumn-page.php","meta":{"footnotes":""},"class_list":["post-189","page","type-page","status-publish","hentry"],"_links":{"self":[{"href":"https:\/\/site.uit.no\/favllis\/wp-json\/wp\/v2\/pages\/189","targetHints":{"allow":["GET"]}}],"collection":[{"href":"https:\/\/site.uit.no\/favllis\/wp-json\/wp\/v2\/pages"}],"about":[{"href":"https:\/\/site.uit.no\/favllis\/wp-json\/wp\/v2\/types\/page"}],"author":[{"embeddable":true,"href":"https:\/\/site.uit.no\/favllis\/wp-json\/wp\/v2\/users\/70"}],"replies":[{"embeddable":true,"href":"https:\/\/site.uit.no\/favllis\/wp-json\/wp\/v2\/comments?post=189"}],"version-history":[{"count":9,"href":"https:\/\/site.uit.no\/favllis\/wp-json\/wp\/v2\/pages\/189\/revisions"}],"predecessor-version":[{"id":866,"href":"https:\/\/site.uit.no\/favllis\/wp-json\/wp\/v2\/pages\/189\/revisions\/866"}],"up":[{"embeddable":true,"href":"https:\/\/site.uit.no\/favllis\/wp-json\/wp\/v2\/pages\/19"}],"wp:attachment":[{"href":"https:\/\/site.uit.no\/favllis\/wp-json\/wp\/v2\/media?parent=189"}],"curies":[{"name":"wp","href":"https:\/\/api.w.org\/{rel}","templated":true}]}}