{"id":1914,"date":"2013-06-20T15:42:34","date_gmt":"2013-06-20T13:42:34","guid":{"rendered":"https:\/\/site.uit.no\/favllis\/?page_id=1914"},"modified":"2013-06-20T17:12:00","modified_gmt":"2013-06-20T15:12:00","slug":"porsangerfjorden-som-grunnlag-for-bosetning-samfunn-og-kultur","status":"publish","type":"page","link":"https:\/\/site.uit.no\/favllis\/porsangerfjorden-som-grunnlag-for-bosetning-samfunn-og-kultur\/","title":{"rendered":"Porsangerfjorden som grunnlag for bosetning, samfunn og kultur"},"content":{"rendered":"<p>(Sida er under redigering.)<\/p>\n<p>N\u00e6rheten til fiskeressursene i fjorden har inntil nylig v\u00e6rt en forutsetning for bosetning i Porsanger. I Porsanger bygdebok konkluderes det, basert p\u00e5 blant annen arkeologiske funn av boplasser helt tilbake til steinalderen, at fisken har spilt en overordnet rolle for bosetningsm\u00f8nsteret: \u201cDet er p\u00e5takelig hvordan bosetningen ligger n\u00e6r ved eller utenfor den delen av Porsanger som fryser til. Det er ogs\u00e5 fra denne grensen, det vil si, fra Kolvik og nordover at vi finner de beste fiskefeltene\u201d (Hanssen 1986:21).<br \/>\n&#8230;.<br \/>\n<strong><br \/>\nStatistikk for antall b\u00e5ter i Porsanger 1950\u20132001; \u00e5pne og tildekte b\u00e5ter<\/strong><br \/>\nCamilla Brattland har g\u00e5tt gjennom fart\u00f8yregisteret for fiskeb\u00e5ter i Porsanger i perioden 1950 \u2013 2001, og presenterer sine funn her:<\/p>\n<p>Det er jo en vanlig antagelse at samer fisker med sm\u00e5 b\u00e5ter og konvensjonelle redskaper. Det jeg har funnet ut, er at de gj\u00f8r det i Porsanger, men det er en stor forskjell mellom \u00e5pne og tildekte b\u00e5ter. Selv om de tildekte b\u00e5tene ikke er mye st\u00f8rre enn de \u00e5pne, i begge gruppene kan b\u00e5tene v\u00e6re omkring 6,5 meter lange, er det andre forskjeller. Andelen av b\u00e5ter som var dekket til med overbygg, p\u00e5 ca. 10 meter, var faktisk st\u00f8rre i 1950 i forhold til de \u00e5pne b\u00e5tene, p\u00e5 omkring 6,5 meter og under, enn noen gang senere. Dette kan man finne ut ved \u00e5 telle antall \u00e5pne og dekkede b\u00e5ter i kommunen i rapportene fra Fiskeridirekt\u00f8ren som ligger her: <a href=\"http:\/\/biblioteket.imr.no\/e-tidsskrifter\/merkeregister2\/\" target=\"_blank\">http:\/\/biblioteket.imr.no\/e-tidsskrifter\/merkeregister2\/<\/a>.<\/p>\n<p>Rapportene har mange interessante opplysninger, som for eksempel navn p\u00e5 b\u00e5ter, bruk av ekkolodd\u00a0osv. Et f\u00e5tall har hatt ekkolodd i b\u00e5tene. I 1966, som var det siste \u00e5ret installasjon av ekkolodd ble registrert, hadde bare 4 av 34 b\u00e5ter tildekte b\u00e5ter i Porsanger ekkolodd, samtidig som antallet sm\u00e5 \u00e5pne b\u00e5ter steg fra 4 i 1950 til 114 i 1966. I samme \u00e5r hadde 45 av 400 fiskere i Nordkapp ekkolodd, s\u00e5 det virker som det var en vanlig andel p\u00e5 den tida. Den store reduksjonen p\u00e5 50 % i \u00e5pne b\u00e5ter i 1988 kommer av selinvasjonen i fjorden, som hadde st\u00f8rre effekt enn kvoteinnf\u00f8ringa i 1990. Etter 1988 er man tilbake omtrent p\u00e5 1960-niv\u00e5, men med en nedadg\u00e5ende tendens til vi kommer til de senere \u00e5r, til tallet for 2013 n\u00e5r omtrent samme niv\u00e5 som i 1950.<\/p>\n<p>Her er tabellen fram til 2001:<br \/>\n<a href=\"https:\/\/site.uit.no\/favllis\/wp-content\/uploads\/sites\/29\/2013\/06\/Statistikk_Porsanger_CB.png\"><img fetchpriority=\"high\" decoding=\"async\" class=\"alignnone size-medium wp-image-1915\" alt=\"Statistikk_Porsanger_CB\" src=\"https:\/\/site.uit.no\/favllis\/wp-content\/uploads\/sites\/29\/2013\/06\/Statistikk_Porsanger_CB-300x167.png\" width=\"300\" height=\"167\" srcset=\"https:\/\/site.uit.no\/favllis\/wp-content\/uploads\/sites\/29\/2013\/06\/Statistikk_Porsanger_CB-300x167.png 300w, https:\/\/site.uit.no\/favllis\/wp-content\/uploads\/sites\/29\/2013\/06\/Statistikk_Porsanger_CB.png 605w\" sizes=\"(max-width: 300px) 100vw, 300px\" \/><\/a><\/p>\n","protected":false},"excerpt":{"rendered":"<p>(Sida er under redigering.) N\u00e6rheten til fiskeressursene i fjorden har inntil nylig v\u00e6rt en forutsetning for bosetning i Porsanger. I Porsanger bygdebok konkluderes det, basert p\u00e5 blant annen arkeologiske funn av boplasser helt tilbake til steinalderen, at fisken har spilt &hellip; <a href=\"https:\/\/site.uit.no\/favllis\/porsangerfjorden-som-grunnlag-for-bosetning-samfunn-og-kultur\/\">Continue reading <span class=\"meta-nav\">&rarr;<\/span><\/a><\/p>\n","protected":false},"author":120,"featured_media":0,"parent":0,"menu_order":0,"comment_status":"closed","ping_status":"closed","template":"onecolumn-page.php","meta":{"footnotes":""},"class_list":["post-1914","page","type-page","status-publish","hentry"],"_links":{"self":[{"href":"https:\/\/site.uit.no\/favllis\/wp-json\/wp\/v2\/pages\/1914","targetHints":{"allow":["GET"]}}],"collection":[{"href":"https:\/\/site.uit.no\/favllis\/wp-json\/wp\/v2\/pages"}],"about":[{"href":"https:\/\/site.uit.no\/favllis\/wp-json\/wp\/v2\/types\/page"}],"author":[{"embeddable":true,"href":"https:\/\/site.uit.no\/favllis\/wp-json\/wp\/v2\/users\/120"}],"replies":[{"embeddable":true,"href":"https:\/\/site.uit.no\/favllis\/wp-json\/wp\/v2\/comments?post=1914"}],"version-history":[{"count":7,"href":"https:\/\/site.uit.no\/favllis\/wp-json\/wp\/v2\/pages\/1914\/revisions"}],"predecessor-version":[{"id":1931,"href":"https:\/\/site.uit.no\/favllis\/wp-json\/wp\/v2\/pages\/1914\/revisions\/1931"}],"wp:attachment":[{"href":"https:\/\/site.uit.no\/favllis\/wp-json\/wp\/v2\/media?parent=1914"}],"curies":[{"name":"wp","href":"https:\/\/api.w.org\/{rel}","templated":true}]}}