{"id":1932,"date":"2013-06-20T17:13:02","date_gmt":"2013-06-20T15:13:02","guid":{"rendered":"https:\/\/site.uit.no\/favllis\/?page_id=1932"},"modified":"2013-06-20T17:21:20","modified_gmt":"2013-06-20T15:21:20","slug":"statistikk-porsanger","status":"publish","type":"page","link":"https:\/\/site.uit.no\/favllis\/statistikk-porsanger\/","title":{"rendered":"Statistikk Porsanger"},"content":{"rendered":"<p><strong>Statistikk for antall b\u00e5ter i Porsanger 1950\u20132001; \u00e5pne og tildekte b\u00e5ter<\/strong><br \/>\nCamilla Brattland har g\u00e5tt gjennom fart\u00f8yregisteret for fiskeb\u00e5ter i Porsanger i perioden 1950 \u2013 2001, og presenterer sine funn her:<\/p>\n<p>Det er jo en vanlig antagelse at samer fisker med sm\u00e5 b\u00e5ter og konvensjonelle redskaper. Det jeg har funnet ut, er at de gj\u00f8r det i Porsanger, men det er en stor forskjell mellom \u00e5pne og tildekte b\u00e5ter. Selv om de tildekte b\u00e5tene ikke er mye st\u00f8rre enn de \u00e5pne, i begge gruppene kan b\u00e5tene v\u00e6re omkring 6,5 meter lange, er det andre forskjeller. Andelen av b\u00e5ter som var dekket til med overbygg, p\u00e5 ca. 10 meter, var faktisk st\u00f8rre i 1950 i forhold til de \u00e5pne b\u00e5tene, p\u00e5 omkring 6,5 meter og under, enn noen gang senere. Dette kan man finne ut ved \u00e5 telle antall \u00e5pne og dekkede b\u00e5ter i kommunen i rapportene fra Fiskeridirekt\u00f8ren som ligger her: <a href=\"http:\/\/biblioteket.imr.no\/e-tidsskrifter\/merkeregister2\/\" target=\"_blank\">http:\/\/biblioteket.imr.no\/e-tidsskrifter\/merkeregister2\/<\/a>.<\/p>\n<p>Rapportene har mange interessante opplysninger, som for eksempel navn p\u00e5 b\u00e5ter, bruk av ekkolodd\u00a0osv. Et f\u00e5tall har hatt ekkolodd i b\u00e5tene. I 1966, som var det siste \u00e5ret installasjon av ekkolodd ble registrert, hadde bare 4 av 34 b\u00e5ter tildekte b\u00e5ter i Porsanger ekkolodd, samtidig som antallet sm\u00e5 \u00e5pne b\u00e5ter steg fra 4 i 1950 til 114 i 1966. I samme \u00e5r hadde 45 av 400 fiskere i Nordkapp ekkolodd, s\u00e5 det virker som det var en vanlig andel p\u00e5 den tida. Den store reduksjonen p\u00e5 50 % i \u00e5pne b\u00e5ter i 1988 kommer av selinvasjonen i fjorden, som hadde st\u00f8rre effekt enn kvoteinnf\u00f8ringa i 1990. Etter 1988 er man tilbake omtrent p\u00e5 1960-niv\u00e5, men med en nedadg\u00e5ende tendens til vi kommer til de senere \u00e5r, til tallet for 2013 n\u00e5r omtrent samme niv\u00e5 som i 1950.<\/p>\n<p>Her er tabellen fram til 2001:<\/p>\n<p><a href=\"https:\/\/site.uit.no\/favllis\/wp-content\/uploads\/sites\/29\/2013\/06\/Statistikk_Porsanger_CB.png\"><img fetchpriority=\"high\" decoding=\"async\" alt=\"Statistikk_Porsanger_CB\" src=\"https:\/\/site.uit.no\/favllis\/wp-content\/uploads\/sites\/29\/2013\/06\/Statistikk_Porsanger_CB-300x167.png\" width=\"300\" height=\"167\" \/><\/a><\/p>\n<p><strong>Annen statistikk fra fjordomr\u00e5der<br \/>\n<\/strong>Se sida som omhandler <a title=\"fjorder som grunnlag for bosetning, samfunn og kultur\" href=\"https:\/\/site.uit.no\/favllis\/fiskerier-samfunn-og-lokal-fjordkunnskap\/\">fjorder som grunnlag for bosetning, samfunn og kultur<\/a>.<\/p>\n","protected":false},"excerpt":{"rendered":"<p>Statistikk for antall b\u00e5ter i Porsanger 1950\u20132001; \u00e5pne og tildekte b\u00e5ter Camilla Brattland har g\u00e5tt gjennom fart\u00f8yregisteret for fiskeb\u00e5ter i Porsanger i perioden 1950 \u2013 2001, og presenterer sine funn her: Det er jo en vanlig antagelse at samer fisker &hellip; <a href=\"https:\/\/site.uit.no\/favllis\/statistikk-porsanger\/\">Continue reading <span class=\"meta-nav\">&rarr;<\/span><\/a><\/p>\n","protected":false},"author":120,"featured_media":0,"parent":0,"menu_order":0,"comment_status":"closed","ping_status":"closed","template":"onecolumn-page.php","meta":{"footnotes":""},"class_list":["post-1932","page","type-page","status-publish","hentry"],"_links":{"self":[{"href":"https:\/\/site.uit.no\/favllis\/wp-json\/wp\/v2\/pages\/1932","targetHints":{"allow":["GET"]}}],"collection":[{"href":"https:\/\/site.uit.no\/favllis\/wp-json\/wp\/v2\/pages"}],"about":[{"href":"https:\/\/site.uit.no\/favllis\/wp-json\/wp\/v2\/types\/page"}],"author":[{"embeddable":true,"href":"https:\/\/site.uit.no\/favllis\/wp-json\/wp\/v2\/users\/120"}],"replies":[{"embeddable":true,"href":"https:\/\/site.uit.no\/favllis\/wp-json\/wp\/v2\/comments?post=1932"}],"version-history":[{"count":5,"href":"https:\/\/site.uit.no\/favllis\/wp-json\/wp\/v2\/pages\/1932\/revisions"}],"predecessor-version":[{"id":1937,"href":"https:\/\/site.uit.no\/favllis\/wp-json\/wp\/v2\/pages\/1932\/revisions\/1937"}],"wp:attachment":[{"href":"https:\/\/site.uit.no\/favllis\/wp-json\/wp\/v2\/media?parent=1932"}],"curies":[{"name":"wp","href":"https:\/\/api.w.org\/{rel}","templated":true}]}}