{"id":1943,"date":"2013-06-20T18:10:32","date_gmt":"2013-06-20T16:10:32","guid":{"rendered":"https:\/\/site.uit.no\/favllis\/?page_id=1943"},"modified":"2013-08-04T14:43:43","modified_gmt":"2013-08-04T12:43:43","slug":"flyndre","status":"publish","type":"page","link":"https:\/\/site.uit.no\/favllis\/flyndre\/","title":{"rendered":"Flyndre"},"content":{"rendered":"<p>Hartvig Birkely skriver i sin artikkel om sj\u00f8samenes ressursutnyttelse at Porsanger har v\u00e6rt en god flyndrefjord, der det tidligere var mange gode flyndrefelt. Han viser til intervjuer der det berettes at fra 1930 og utover ga flyndrefisket god pengeinntekt for folk i Porsanger, at kiloprisen var atskillig bedre enn for torsk og sei, og at man i noen omr\u00e5der kunne tjene gode penger p\u00e5 flyndrefiske.<\/p>\n<p>F\u00e1vllis-intervjuene bekrefter at flyndra har v\u00e6rt en sv\u00e6rt viktig fisk i Porsanger, f\u00f8rst og fremst som mat i eget hushold, men tidligere ogs\u00e5 som salgsvare. Den var viktig som s\u00e5kalt matfisk fordi den var n\u00e6rt land, og lett \u00e5 fange. Og ikke minst, det var rikelig av den, og den smakte godt.<\/p>\n<p>Fiskere og andre blant befolkningen forteller om store og rike flyndrefelt. Om flyndrefeltet i Kolvik fortelles det: \u201dDet var rikelig med fisk der. Der var kveite og flyndre. Hvis man hadde lyst p\u00e5 flyndre eller kveite til middag, s\u00e5 var det bare \u00e5 g\u00e5 dit. Hele Kolvik-bukta ut til munningen. Hele veien, det var et stort felt. Og tett med fisk. Det var hele bukta, hver kvadratmeter av Kolvik.\u201d<\/p>\n<p>Og som en av de mange i indre Porsanger som har fisket mye flyndre, mest til familiens hushold, forteller: \u201dDet var en veldig, veldig viktig fisk. For det f\u00f8rste var den s\u00e5 god. Den var lett tilgjengelig. Og den hadde veldig god holdbarhet. Hvis du gadd s\u00e5 snikra du en kasse, og s\u00e5 kunne du ha kassen fort\u00f8yd utenfor fj\u00e6rsteinene her. Og s\u00e5 kunne du hente fersk flyndre til alle d\u00f8gnets tider.\u201d En annen beboer i fjordens indre del forteller at \u201dsatte du noen flyndregarn s\u00e5 var det bare \u00e5 f\u00e6re \u00e5 hente flyndre og koke\u201d, og at de r\u00f8ktet flyndregarnene annenhver dag. Dermed hadde de fersk flyndre annenhver dag. Flyndra var med andre ord en viktig del av kostholdet i mange hjem langs fjorden.<\/p>\n<p>Flyndrefisket foregikk i hovedsak om sommeren og h\u00f8sten.<\/p>\n<p>(Fra Svanhild Andersens artikkel om lokal \u00f8kologisk kunnskap i Porsangerfjorden, i publikasjonen <em><a title=\"&quot;Den gang var det jo rikelig med fisk&quot;\" href=\"https:\/\/site.uit.no\/favllis\/fjorder\/porsanger\/den-gang-var-det-jo-rikelig-med-fisk\/\">\u201cDen gang var det jo rikelig med fisk\u201d<\/a> ).\u00a0\u00a0<\/em><\/p>\n","protected":false},"excerpt":{"rendered":"<p>Hartvig Birkely skriver i sin artikkel om sj\u00f8samenes ressursutnyttelse at Porsanger har v\u00e6rt en god flyndrefjord, der det tidligere var mange gode flyndrefelt. Han viser til intervjuer der det berettes at fra 1930 og utover ga flyndrefisket god pengeinntekt for &hellip; <a href=\"https:\/\/site.uit.no\/favllis\/flyndre\/\">Continue reading <span class=\"meta-nav\">&rarr;<\/span><\/a><\/p>\n","protected":false},"author":120,"featured_media":0,"parent":0,"menu_order":0,"comment_status":"closed","ping_status":"closed","template":"onecolumn-page.php","meta":{"footnotes":""},"class_list":["post-1943","page","type-page","status-publish","hentry"],"_links":{"self":[{"href":"https:\/\/site.uit.no\/favllis\/wp-json\/wp\/v2\/pages\/1943","targetHints":{"allow":["GET"]}}],"collection":[{"href":"https:\/\/site.uit.no\/favllis\/wp-json\/wp\/v2\/pages"}],"about":[{"href":"https:\/\/site.uit.no\/favllis\/wp-json\/wp\/v2\/types\/page"}],"author":[{"embeddable":true,"href":"https:\/\/site.uit.no\/favllis\/wp-json\/wp\/v2\/users\/120"}],"replies":[{"embeddable":true,"href":"https:\/\/site.uit.no\/favllis\/wp-json\/wp\/v2\/comments?post=1943"}],"version-history":[{"count":4,"href":"https:\/\/site.uit.no\/favllis\/wp-json\/wp\/v2\/pages\/1943\/revisions"}],"predecessor-version":[{"id":1946,"href":"https:\/\/site.uit.no\/favllis\/wp-json\/wp\/v2\/pages\/1943\/revisions\/1946"}],"wp:attachment":[{"href":"https:\/\/site.uit.no\/favllis\/wp-json\/wp\/v2\/media?parent=1943"}],"curies":[{"name":"wp","href":"https:\/\/api.w.org\/{rel}","templated":true}]}}