{"id":1990,"date":"2013-06-21T16:53:03","date_gmt":"2013-06-21T14:53:03","guid":{"rendered":"https:\/\/site.uit.no\/favllis\/?page_id=1990"},"modified":"2013-06-21T16:53:28","modified_gmt":"2013-06-21T14:53:28","slug":"statistikk-2","status":"publish","type":"page","link":"https:\/\/site.uit.no\/favllis\/statistikk-2\/","title":{"rendered":"Statistikk"},"content":{"rendered":"<p>Utviklingen i folketall og fiskerier i sj\u00f8samiske omr\u00e5der er beskrevet i henholdsvis kapittel 3 i <em>Samiske tall forteller <\/em>(2008)<em> <\/em>og\u00a0kapittel 3 i\u00a0<a title=\"Samiske tall forteller 2\" href=\"http:\/\/www.regjeringen.no\/nb\/dep\/ad\/dok\/rapporter_planer\/rapporter\/2009\/samiske-tall-forteller-ii.html?id=581511\"><em>Samiske tall forteller<\/em> <em>2<\/em><\/a>\u00a0(2010) (rapporter fra Faglig analysegruppe for samisk statistikk, utgitt av S\u00e1mi Allaskuvla\/Samisk h\u00f8gskole)<\/p>\n<p>Ogs\u00e5 Kystfiskeutvalgets innstilling gj\u00f8r bruk av statistisk materiale for \u00e5 beskrive utviklingen i sj\u00f8samiske bosetningsomr\u00e5der (kapittel 6, bl.a. pkt. 6.7.2 <a title=\"Svekket fiskerin\u00e6ring\" href=\"http:\/\/www.regjeringen.no\/nb\/dep\/fkd\/dok\/nouer\/2008\/nou-2008-5\/7\/7\/2.html?id=500042\">svekket fiskerin\u00e6ring<\/a>).<\/p>\n<p>Fiskeristatistikken som er brukt i de ovennevnte publikasjonene er presentert p\u00e5 grunnlag av <a title=\"Fiskeridirektoratets statistikk\" href=\"http:\/\/www.fiskeridir.no\/statistikk\/fiskeri\">Fiskeridirektoratets statistikk<\/a>, og tall for befolkningsutvikling (og til dels ogs\u00e5 n\u00e6ringsutvikling) er hentet fra <a title=\"SSBs temaside samer i Norge\" href=\"http:\/\/www.ssb.no\/samer\/\">SSBs temaside\u00a0samer i Norge<\/a>.<\/p>\n<p><a title=\"Statistikk fra Porsanger - antall \u00e5pne og lukkede b\u00e5ter 1950-2001\" href=\"https:\/\/site.uit.no\/favllis\/statistikk-porsanger\/\"><strong>Statistikk fra Porsanger \u2013 antall og \u00e5pne og lukkede b\u00e5ter 1950-2001\u00a0<\/strong><\/a><\/p>\n","protected":false},"excerpt":{"rendered":"<p>Utviklingen i folketall og fiskerier i sj\u00f8samiske omr\u00e5der er beskrevet i henholdsvis kapittel 3 i Samiske tall forteller (2008) og\u00a0kapittel 3 i\u00a0Samiske tall forteller 2\u00a0(2010) (rapporter fra Faglig analysegruppe for samisk statistikk, utgitt av S\u00e1mi Allaskuvla\/Samisk h\u00f8gskole) Ogs\u00e5 Kystfiskeutvalgets innstilling &hellip; <a href=\"https:\/\/site.uit.no\/favllis\/statistikk-2\/\">Continue reading <span class=\"meta-nav\">&rarr;<\/span><\/a><\/p>\n","protected":false},"author":120,"featured_media":0,"parent":0,"menu_order":0,"comment_status":"closed","ping_status":"closed","template":"onecolumn-page.php","meta":{"footnotes":""},"class_list":["post-1990","page","type-page","status-publish","hentry"],"_links":{"self":[{"href":"https:\/\/site.uit.no\/favllis\/wp-json\/wp\/v2\/pages\/1990","targetHints":{"allow":["GET"]}}],"collection":[{"href":"https:\/\/site.uit.no\/favllis\/wp-json\/wp\/v2\/pages"}],"about":[{"href":"https:\/\/site.uit.no\/favllis\/wp-json\/wp\/v2\/types\/page"}],"author":[{"embeddable":true,"href":"https:\/\/site.uit.no\/favllis\/wp-json\/wp\/v2\/users\/120"}],"replies":[{"embeddable":true,"href":"https:\/\/site.uit.no\/favllis\/wp-json\/wp\/v2\/comments?post=1990"}],"version-history":[{"count":2,"href":"https:\/\/site.uit.no\/favllis\/wp-json\/wp\/v2\/pages\/1990\/revisions"}],"predecessor-version":[{"id":1992,"href":"https:\/\/site.uit.no\/favllis\/wp-json\/wp\/v2\/pages\/1990\/revisions\/1992"}],"wp:attachment":[{"href":"https:\/\/site.uit.no\/favllis\/wp-json\/wp\/v2\/media?parent=1990"}],"curies":[{"name":"wp","href":"https:\/\/api.w.org\/{rel}","templated":true}]}}