{"id":2104,"date":"2013-06-24T22:20:14","date_gmt":"2013-06-24T20:20:14","guid":{"rendered":"https:\/\/site.uit.no\/favllis\/?page_id=2104"},"modified":"2013-06-24T22:20:14","modified_gmt":"2013-06-24T20:20:14","slug":"doktoravhandling","status":"publish","type":"page","link":"https:\/\/site.uit.no\/favllis\/doktoravhandling\/","title":{"rendered":"Doktoravhandling"},"content":{"rendered":"<p>Camilla Brattland: <a href=\"http:\/\/munin.uit.no\/handle\/10037\/4267\">Making Sami Seascapes Matter : ethno-ecological governance in coastal Norway<\/a><\/p>\n<p>Avhandlingen \u201dMaking Sami Seascapes Matter: ethno-ecological governance in coastal Norway\u201d (Brattland 2012) omhandler endringer i bruken av samiske kyst- og fjordomr\u00e5der s\u00e6rlig siden 1989, og hvordan kunnskap om sj\u00f8samisk kultur produseres og integreres i dagens ressurs- og milj\u00f8forvaltning. Avhandlingen sp\u00f8r hvordan samisk kultur materialiseres i marin ressursforvaltning, og diskuterer hvordan samisk bruk av marine omr\u00e5der kommer til syne gjennom kunnskapsproduksjon i den nye \u00f8kosystembaserte tiln\u00e6rmingen til forvaltning av kyst &#8211; og fjordomr\u00e5der. Den bygger p\u00e5 unders\u00f8kelser av forvaltningens kartleggingsprosesser og forskjeller i fiskernes bruk av sj\u00f8skapet i Porsanger og Lyngen.<\/p>\n<p>Diskusjonen avdekker en avstand mellom fiskeriforvaltningens bilde av sj\u00f8samisk kultur som avhengig av avgrensede materielle ressurser, og fiskernes mangfoldige praksiser og tilpasninger til ulike \u00f8kologiske og samfunnsmessige forhold. Forvaltningspraksiser b\u00e5de i fiskeriene og gjennom kartlegging av samiske rettigheter behandler fiskeriene i disse omr\u00e5dene som om de er tradisjonelle, enhetlige praksiser, som settes i verk gjennom universelle l\u00f8sninger for st\u00f8tte til sm\u00e5skalafiske generelt i hele det samiske administrative omr\u00e5det.<\/p>\n<p>I nye tiln\u00e6rminger til \u00f8kosystembasert forvaltning bidrar forskrifter om hensyn til sj\u00f8samisk kultur til \u00e5 gj\u00f8re noen former for biodiversitet mer s\u00e5rbare og verdifulle enn andre, slik som gyteomr\u00e5der for kysttorsk. Lokalsamfunns bruk av kyst- og fjordomr\u00e5der som verdifulle i seg selv blir imidlertid ikke synliggjort p\u00e5 samme m\u00e5te. Avhandlingen argumenterer for at en slik \u00f8kende etno-\u00f8kologisk tiln\u00e6rming til forvaltning fremmer \u00f8kologisk etnisitet, men gir lite rom for kulturell etnisitet og diversitet, og for anerkjennelse av spesifikt samiske fiskerettigheter.<\/p>\n<p>Den peker ogs\u00e5 p\u00e5 at lokal produksjon av kunnskap om lokale \u00f8kologiske forhold kan bidra til \u00e5 \u00f8ke kunnskapsgrunnlaget om innvirkning p\u00e5 kultur og samfunn i \u00f8kosystembasert ressursforvaltning.<\/p>\n","protected":false},"excerpt":{"rendered":"<p>Camilla Brattland: Making Sami Seascapes Matter : ethno-ecological governance in coastal Norway Avhandlingen \u201dMaking Sami Seascapes Matter: ethno-ecological governance in coastal Norway\u201d (Brattland 2012) omhandler endringer i bruken av samiske kyst- og fjordomr\u00e5der s\u00e6rlig siden 1989, og hvordan kunnskap om &hellip; <a href=\"https:\/\/site.uit.no\/favllis\/doktoravhandling\/\">Continue reading <span class=\"meta-nav\">&rarr;<\/span><\/a><\/p>\n","protected":false},"author":120,"featured_media":0,"parent":0,"menu_order":0,"comment_status":"closed","ping_status":"closed","template":"onecolumn-page.php","meta":{"footnotes":""},"class_list":["post-2104","page","type-page","status-publish","hentry"],"_links":{"self":[{"href":"https:\/\/site.uit.no\/favllis\/wp-json\/wp\/v2\/pages\/2104","targetHints":{"allow":["GET"]}}],"collection":[{"href":"https:\/\/site.uit.no\/favllis\/wp-json\/wp\/v2\/pages"}],"about":[{"href":"https:\/\/site.uit.no\/favllis\/wp-json\/wp\/v2\/types\/page"}],"author":[{"embeddable":true,"href":"https:\/\/site.uit.no\/favllis\/wp-json\/wp\/v2\/users\/120"}],"replies":[{"embeddable":true,"href":"https:\/\/site.uit.no\/favllis\/wp-json\/wp\/v2\/comments?post=2104"}],"version-history":[{"count":1,"href":"https:\/\/site.uit.no\/favllis\/wp-json\/wp\/v2\/pages\/2104\/revisions"}],"predecessor-version":[{"id":2105,"href":"https:\/\/site.uit.no\/favllis\/wp-json\/wp\/v2\/pages\/2104\/revisions\/2105"}],"wp:attachment":[{"href":"https:\/\/site.uit.no\/favllis\/wp-json\/wp\/v2\/media?parent=2104"}],"curies":[{"name":"wp","href":"https:\/\/api.w.org\/{rel}","templated":true}]}}