{"id":2210,"date":"2013-07-10T12:21:33","date_gmt":"2013-07-10T10:21:33","guid":{"rendered":"https:\/\/site.uit.no\/favllis\/?page_id=2210"},"modified":"2013-07-10T12:59:49","modified_gmt":"2013-07-10T10:59:49","slug":"narrativerfortellinger","status":"publish","type":"page","link":"https:\/\/site.uit.no\/favllis\/narrativerfortellinger\/","title":{"rendered":"Narrativer\/fortellinger"},"content":{"rendered":"<p><strong>Narrativer fra Porsanger<\/strong><\/p>\n<p><a href=\"https:\/\/site.uit.no\/favllis\/bakgrunn-for-forstaelse-av-lokal-kunnskap\/narrativ-om-sel\/\">Sel<\/a><br \/>\n<a title=\"Kr\u00e5keboller\" href=\"https:\/\/site.uit.no\/favllis\/bakgrunn-for-forstaelse-av-lokal-kunnskap\/narrativ-om-krakeboller\/\">Kr\u00e5keboller<\/a><strong><br \/>\n<\/strong><a href=\"https:\/\/site.uit.no\/favllis\/bakgrunn-for-forstaelse-av-lokal-kunnskap\/narrativ-om-fahccabealli\/\">Fahccabealli \u2013 en fiskegrunne i Porsanger<\/a><br \/>\n<a href=\"https:\/\/site.uit.no\/favllis\/bakgrunn-for-forstaelse-av-lokal-kunnskap\/narrativ-om-gades\/\">G\u00e1\u0111e\u0161 \u2013 en fiskegrunne i Porsanger<\/a><br \/>\n<a href=\"https:\/\/site.uit.no\/favllis\/bakgrunn-for-forstaelse-av-lokal-kunnskap\/narrativ-om-overfiske\/\">Overbeskatning av fiskeressurser<\/a><br \/>\n<a href=\"https:\/\/site.uit.no\/favllis\/bakgrunn-for-forstaelse-av-lokal-kunnskap\/narrativ-om-ufred-pa-fjorden\/\">Ufred p\u00e5 fjorden<\/a><br \/>\n<a href=\"https:\/\/site.uit.no\/favllis\/bakgrunn-for-forstaelse-av-lokal-kunnskap\/narrativ-om-kvoteordninger\/\">Kvoteordninger<\/a><\/p>\n","protected":false},"excerpt":{"rendered":"<p>Narrativer fra Porsanger Sel Kr\u00e5keboller Fahccabealli \u2013 en fiskegrunne i Porsanger G\u00e1\u0111e\u0161 \u2013 en fiskegrunne i Porsanger Overbeskatning av fiskeressurser Ufred p\u00e5 fjorden Kvoteordninger<\/p>\n","protected":false},"author":120,"featured_media":0,"parent":0,"menu_order":0,"comment_status":"closed","ping_status":"closed","template":"onecolumn-page.php","meta":{"footnotes":""},"class_list":["post-2210","page","type-page","status-publish","hentry"],"_links":{"self":[{"href":"https:\/\/site.uit.no\/favllis\/wp-json\/wp\/v2\/pages\/2210","targetHints":{"allow":["GET"]}}],"collection":[{"href":"https:\/\/site.uit.no\/favllis\/wp-json\/wp\/v2\/pages"}],"about":[{"href":"https:\/\/site.uit.no\/favllis\/wp-json\/wp\/v2\/types\/page"}],"author":[{"embeddable":true,"href":"https:\/\/site.uit.no\/favllis\/wp-json\/wp\/v2\/users\/120"}],"replies":[{"embeddable":true,"href":"https:\/\/site.uit.no\/favllis\/wp-json\/wp\/v2\/comments?post=2210"}],"version-history":[{"count":6,"href":"https:\/\/site.uit.no\/favllis\/wp-json\/wp\/v2\/pages\/2210\/revisions"}],"predecessor-version":[{"id":2212,"href":"https:\/\/site.uit.no\/favllis\/wp-json\/wp\/v2\/pages\/2210\/revisions\/2212"}],"wp:attachment":[{"href":"https:\/\/site.uit.no\/favllis\/wp-json\/wp\/v2\/media?parent=2210"}],"curies":[{"name":"wp","href":"https:\/\/api.w.org\/{rel}","templated":true}]}}