{"id":2290,"date":"2013-07-21T21:24:36","date_gmt":"2013-07-21T19:24:36","guid":{"rendered":"https:\/\/site.uit.no\/favllis\/?page_id=2290"},"modified":"2013-07-22T11:45:16","modified_gmt":"2013-07-22T09:45:16","slug":"lok-i-filmvideoerbilder-2","status":"publish","type":"page","link":"https:\/\/site.uit.no\/favllis\/lok-i-filmvideoerbilder-2\/","title":{"rendered":"L\u00d8K i film\/videosnutter\/bilder"},"content":{"rendered":"<p>I likhet med andre former for kunnskap, er det ikke alle former for L\u00d8K som\u00a0kan uttrykkes i\u00a0\u00a0ord og tekst. Den delen av kunnskapen som ligger i for eksempel praktisk arbeid p\u00e5 fjorden,\u00a0 kan synliggj\u00f8res gjennom bruk av film. Film synliggj\u00f8r dessuten landskap og sosiale relasjoner \u2013 med andre ord omgivelsene der den lokale kunnskapen etableres og brukes. I F\u00e1vllis-prosjekt 2\u00a0har det v\u00e6rt lagt vekt p\u00e5 bruk av film b\u00e5de som metode, for analyse av lokal kunnskap og for formidling.<\/p>\n<p><a href=\"https:\/\/site.uit.no\/favllis\/wp-content\/uploads\/sites\/29\/2013\/07\/Sirkka-p\u00e5-kaia.jpg\"><img fetchpriority=\"high\" decoding=\"async\" class=\"alignnone size-medium wp-image-2322\" alt=\"Sirkka p\u00e5 kaia\" src=\"https:\/\/site.uit.no\/favllis\/wp-content\/uploads\/sites\/29\/2013\/07\/Sirkka-p\u00e5-kaia-300x225.jpg\" width=\"300\" height=\"225\" srcset=\"https:\/\/site.uit.no\/favllis\/wp-content\/uploads\/sites\/29\/2013\/07\/Sirkka-p\u00e5-kaia-300x225.jpg 300w, https:\/\/site.uit.no\/favllis\/wp-content\/uploads\/sites\/29\/2013\/07\/Sirkka-p\u00e5-kaia-1024x768.jpg 1024w\" sizes=\"(max-width: 300px) 100vw, 300px\" \/><\/a>\u00a0\u00a0\u00a0\u00a0\u00a0 <a href=\"https:\/\/site.uit.no\/favllis\/wp-content\/uploads\/sites\/29\/2013\/07\/Sirkka.jpg\"><img decoding=\"async\" class=\"alignnone size-medium wp-image-2321\" alt=\"Sirkka\" src=\"https:\/\/site.uit.no\/favllis\/wp-content\/uploads\/sites\/29\/2013\/07\/Sirkka-300x225.jpg\" width=\"300\" height=\"225\" srcset=\"https:\/\/site.uit.no\/favllis\/wp-content\/uploads\/sites\/29\/2013\/07\/Sirkka-300x225.jpg 300w, https:\/\/site.uit.no\/favllis\/wp-content\/uploads\/sites\/29\/2013\/07\/Sirkka-1024x768.jpg 1024w\" sizes=\"(max-width: 300px) 100vw, 300px\" \/><\/a><br \/>\n<em>Filmantropolog Sirkka Seljevold p\u00e5 arbeid i Porsanger<\/em><\/p>\n<ul>\n<li><a title=\"Dokumentar-\/forskningsfilm\" href=\"https:\/\/site.uit.no\/favllis\/dokumentarforskningsfilm\/\">Dokumentar-\/forskningsfilm<\/a><\/li>\n<li><a title=\"Videosnutter\" href=\"https:\/\/site.uit.no\/favllis\/videosnutter\/\">Videosnutter<\/a><\/li>\n<li><a title=\"Bilder\" href=\"https:\/\/site.uit.no\/favllis\/foto\/\">Bilder<\/a><\/li>\n<\/ul>\n","protected":false},"excerpt":{"rendered":"<p>I likhet med andre former for kunnskap, er det ikke alle former for L\u00d8K som\u00a0kan uttrykkes i\u00a0\u00a0ord og tekst. Den delen av kunnskapen som ligger i for eksempel praktisk arbeid p\u00e5 fjorden,\u00a0 kan synliggj\u00f8res gjennom bruk av film. Film synliggj\u00f8r &hellip; <a href=\"https:\/\/site.uit.no\/favllis\/lok-i-filmvideoerbilder-2\/\">Continue reading <span class=\"meta-nav\">&rarr;<\/span><\/a><\/p>\n","protected":false},"author":120,"featured_media":0,"parent":0,"menu_order":0,"comment_status":"closed","ping_status":"closed","template":"onecolumn-page.php","meta":{"footnotes":""},"class_list":["post-2290","page","type-page","status-publish","hentry"],"_links":{"self":[{"href":"https:\/\/site.uit.no\/favllis\/wp-json\/wp\/v2\/pages\/2290","targetHints":{"allow":["GET"]}}],"collection":[{"href":"https:\/\/site.uit.no\/favllis\/wp-json\/wp\/v2\/pages"}],"about":[{"href":"https:\/\/site.uit.no\/favllis\/wp-json\/wp\/v2\/types\/page"}],"author":[{"embeddable":true,"href":"https:\/\/site.uit.no\/favllis\/wp-json\/wp\/v2\/users\/120"}],"replies":[{"embeddable":true,"href":"https:\/\/site.uit.no\/favllis\/wp-json\/wp\/v2\/comments?post=2290"}],"version-history":[{"count":11,"href":"https:\/\/site.uit.no\/favllis\/wp-json\/wp\/v2\/pages\/2290\/revisions"}],"predecessor-version":[{"id":2505,"href":"https:\/\/site.uit.no\/favllis\/wp-json\/wp\/v2\/pages\/2290\/revisions\/2505"}],"wp:attachment":[{"href":"https:\/\/site.uit.no\/favllis\/wp-json\/wp\/v2\/media?parent=2290"}],"curies":[{"name":"wp","href":"https:\/\/api.w.org\/{rel}","templated":true}]}}