{"id":2296,"date":"2013-07-21T21:31:27","date_gmt":"2013-07-21T19:31:27","guid":{"rendered":"https:\/\/site.uit.no\/favllis\/?page_id=2296"},"modified":"2013-07-22T22:03:48","modified_gmt":"2013-07-22T20:03:48","slug":"foto","status":"publish","type":"page","link":"https:\/\/site.uit.no\/favllis\/foto\/","title":{"rendered":"Bilder"},"content":{"rendered":"<p>Under arbeid<\/p>\n<p><strong>Fangst av kongekrabbe i Porsanger<\/strong><\/p>\n<p><a href=\"https:\/\/site.uit.no\/favllis\/wp-content\/uploads\/sites\/29\/2013\/07\/B\u00e5ter-p\u00e5-rekke.jpg\"><img fetchpriority=\"high\" decoding=\"async\" class=\"alignnone size-medium wp-image-2326\" alt=\"B\u00e5ter p\u00e5 rekke\" src=\"https:\/\/site.uit.no\/favllis\/wp-content\/uploads\/sites\/29\/2013\/07\/B\u00e5ter-p\u00e5-rekke-300x225.jpg\" width=\"300\" height=\"225\" srcset=\"https:\/\/site.uit.no\/favllis\/wp-content\/uploads\/sites\/29\/2013\/07\/B\u00e5ter-p\u00e5-rekke-300x225.jpg 300w, https:\/\/site.uit.no\/favllis\/wp-content\/uploads\/sites\/29\/2013\/07\/B\u00e5ter-p\u00e5-rekke-1024x768.jpg 1024w\" sizes=\"(max-width: 300px) 100vw, 300px\" \/><\/a>\u00a0\u00a0\u00a0 \u00a0<a href=\"https:\/\/site.uit.no\/favllis\/wp-content\/uploads\/sites\/29\/2013\/07\/Roalds-b\u00e5t.jpg\"><img decoding=\"async\" class=\"alignnone size-medium wp-image-2327\" alt=\"Roalds b\u00e5t\" src=\"https:\/\/site.uit.no\/favllis\/wp-content\/uploads\/sites\/29\/2013\/07\/Roalds-b\u00e5t-300x225.jpg\" width=\"300\" height=\"225\" srcset=\"https:\/\/site.uit.no\/favllis\/wp-content\/uploads\/sites\/29\/2013\/07\/Roalds-b\u00e5t-300x225.jpg 300w, https:\/\/site.uit.no\/favllis\/wp-content\/uploads\/sites\/29\/2013\/07\/Roalds-b\u00e5t-1024x768.jpg 1024w\" sizes=\"(max-width: 300px) 100vw, 300px\" \/><\/a><\/p>\n<p>Krabbefiskere venter p\u00e5 \u00e5 f\u00e5 levert fangstene i Sm\u00f8rfjord, Porsanger (2009)<\/p>\n<p><a href=\"https:\/\/site.uit.no\/favllis\/wp-content\/uploads\/sites\/29\/2013\/07\/To-kar.jpg\"><img decoding=\"async\" class=\"alignnone size-medium wp-image-2328\" alt=\"To kar\" src=\"https:\/\/site.uit.no\/favllis\/wp-content\/uploads\/sites\/29\/2013\/07\/To-kar-300x225.jpg\" width=\"300\" height=\"225\" srcset=\"https:\/\/site.uit.no\/favllis\/wp-content\/uploads\/sites\/29\/2013\/07\/To-kar-300x225.jpg 300w, https:\/\/site.uit.no\/favllis\/wp-content\/uploads\/sites\/29\/2013\/07\/To-kar-1024x768.jpg 1024w\" sizes=\"(max-width: 300px) 100vw, 300px\" \/><\/a>\u00a0\u00a0\u00a0 \u00a0<a href=\"https:\/\/site.uit.no\/favllis\/wp-content\/uploads\/sites\/29\/2013\/07\/Krabber-i-kar.jpg\"><img loading=\"lazy\" decoding=\"async\" class=\"alignnone size-medium wp-image-2329\" alt=\"Krabber i kar\" src=\"https:\/\/site.uit.no\/favllis\/wp-content\/uploads\/sites\/29\/2013\/07\/Krabber-i-kar-300x225.jpg\" width=\"300\" height=\"225\" srcset=\"https:\/\/site.uit.no\/favllis\/wp-content\/uploads\/sites\/29\/2013\/07\/Krabber-i-kar-300x225.jpg 300w, https:\/\/site.uit.no\/favllis\/wp-content\/uploads\/sites\/29\/2013\/07\/Krabber-i-kar-1024x768.jpg 1024w\" sizes=\"(max-width: 300px) 100vw, 300px\" \/><\/a><\/p>\n<p>Fangst levert. Kongekrabbe utgj\u00f8r n\u00e5 den viktigste ressursen for yrkesfiskere i Porsanger og andre fjorder i Finnmark.<\/p>\n<p>Blogg fra \u00a0F\u00e1vllis-prosjektet:<br \/>\n<a title=\"Fra fisk til kongekrabbe i Porsangerfjorden\" href=\"http:\/\/www.forskning.no\/blog\/sesam\/233401\">Fra fisk til kongekrabbe i Porsangerfjorden<\/a><\/p>\n<p><strong>Andre bilder fra feltarbeid i Porsanger<br \/>\n<\/strong>Camilla Brattland viser hun fram bilder p\u00e5 forskning.no fra sitt feltarbeid i Porsanger i 2009: <a title=\"Forsker p\u00e5 fj\u00e6ra og fjorden\" href=\"http:\/\/www.forskning.no\/artikler\/2010\/februar\/242356\">Forsker p\u00e5 fj\u00e6ra og fjorden<\/a>. <strong>\u00a0<\/strong><\/p>\n","protected":false},"excerpt":{"rendered":"<p>Under arbeid Fangst av kongekrabbe i Porsanger \u00a0\u00a0\u00a0 \u00a0 Krabbefiskere venter p\u00e5 \u00e5 f\u00e5 levert fangstene i Sm\u00f8rfjord, Porsanger (2009) \u00a0\u00a0\u00a0 \u00a0 Fangst levert. Kongekrabbe utgj\u00f8r n\u00e5 den viktigste ressursen for yrkesfiskere i Porsanger og andre fjorder i Finnmark. Blogg &hellip; <a href=\"https:\/\/site.uit.no\/favllis\/foto\/\">Continue reading <span class=\"meta-nav\">&rarr;<\/span><\/a><\/p>\n","protected":false},"author":120,"featured_media":0,"parent":0,"menu_order":0,"comment_status":"closed","ping_status":"closed","template":"onecolumn-page.php","meta":{"footnotes":""},"class_list":["post-2296","page","type-page","status-publish","hentry"],"_links":{"self":[{"href":"https:\/\/site.uit.no\/favllis\/wp-json\/wp\/v2\/pages\/2296","targetHints":{"allow":["GET"]}}],"collection":[{"href":"https:\/\/site.uit.no\/favllis\/wp-json\/wp\/v2\/pages"}],"about":[{"href":"https:\/\/site.uit.no\/favllis\/wp-json\/wp\/v2\/types\/page"}],"author":[{"embeddable":true,"href":"https:\/\/site.uit.no\/favllis\/wp-json\/wp\/v2\/users\/120"}],"replies":[{"embeddable":true,"href":"https:\/\/site.uit.no\/favllis\/wp-json\/wp\/v2\/comments?post=2296"}],"version-history":[{"count":7,"href":"https:\/\/site.uit.no\/favllis\/wp-json\/wp\/v2\/pages\/2296\/revisions"}],"predecessor-version":[{"id":2313,"href":"https:\/\/site.uit.no\/favllis\/wp-json\/wp\/v2\/pages\/2296\/revisions\/2313"}],"wp:attachment":[{"href":"https:\/\/site.uit.no\/favllis\/wp-json\/wp\/v2\/media?parent=2296"}],"curies":[{"name":"wp","href":"https:\/\/api.w.org\/{rel}","templated":true}]}}