{"id":2422,"date":"2013-07-31T21:03:28","date_gmt":"2013-07-31T19:03:28","guid":{"rendered":"https:\/\/site.uit.no\/favllis\/?page_id=2422"},"modified":"2013-08-01T14:34:20","modified_gmt":"2013-08-01T12:34:20","slug":"epigraph-et-forskningsprosjekt-om-kyst-og-fjordokologi","status":"publish","type":"page","link":"https:\/\/site.uit.no\/favllis\/epigraph-et-forskningsprosjekt-om-kyst-og-fjordokologi\/","title":{"rendered":"Annen fjordkunnskap"},"content":{"rendered":"<p><strong>Havforskningsinstituttets prosjekt EPIGRAPH<br \/>\n<\/strong>&#8220;I Porsangerfjorden er stortareskogane sterkt redusert fordi store mengder kr\u00e5kebollar beiter ned tareplantane. Samstundes er sukkertaren i sterk nedgang og bestanden av brisling kraftig redusert i Hardangerfjorden. For \u00e5 unders\u00f8ke kva som skjer i dei to \u00f8kosystema, starta Havforskingsinstituttet eit strategisk instituttprogram om kyst- og fjord\u00f8kologi i 2008.&#8221; Fra Havforskningsinstituttets <a title=\"nettsider\" href=\"http:\/\/www.imr.no\/prosjektsiter\/epigraph\/nb-no\">nettsider<\/a>, der man finner presentasjon av prosjektets arbeid blant i Hardangerfjorden og\u00a0<a title=\"Porsangerfjorden\" href=\"http:\/\/www.imr.no\/prosjektsiter\/epigraph\/porsangerfjorden\/livet_i_porsangerfjorden_kartlegges\/nb-no\">Porsangerfjorden<\/a>.<\/p>\n<p><strong>Fiskeridirektoratets kart<br \/>\n<\/strong>&#8220;Her finner du sj\u00f8kart, landkart, satellittbilde og ortofoto for hele Norge.<br \/>\nSammen med relevant temainformasjon som akvakulturdata, biomassedata,<br \/>\nverneomr\u00e5der, osv.&#8221;, if\u00f8lge Fiskeridirektoratets presentasjon av sine digetale <a title=\"kart\" href=\"http:\/\/kart.fiskeridir.no\/default.aspx?gui=1&amp;lang=2\">kart<\/a>. Kategorien &#8220;kystn\u00e6re fiskeridata&#8221; har informasjon om blant annet gyteomr\u00e5der, oppvekst-beiteomr\u00e5der og fiskeplasser.<\/p>\n<p><strong>Artsdatabanken<br \/>\n<\/strong>&#8220;Artsdatabanken er en nasjonal kunnskapsbank for naturmangfold. V\u00e5r hovedoppgave er \u00e5 formidle oppdatert og lett tilgjengelig informasjon om arter og naturtyper. (&#8230;) Artsdatabankens nettsted\u00a0<a href=\"http:\/\/www.artsdatabanken.no\/\">www.artsdatabanken.no<\/a>\u00a0er v\u00e5r viktigste formidlingskanal. Her finner du blant annet informasjon om\u00a0<a href=\"http:\/\/www.artsdatabanken.no\/487.link?TargetURL=www.artsportalen.artsdatabanken.no\/\">r\u00f8dlistete arter<\/a>, <a href=\"http:\/\/www.artsdatabanken.no\/721.link?TargetURL=databank.artsdatabanken.no\/FremmedArt2012\">fremmede arter<\/a>, <a href=\"http:\/\/www.artsdatabanken.no\/264.link?TargetURL=www.naturtyper.artsdatabanken.no\/\">naturtyper<\/a> og <a href=\"http:\/\/www.artsdatabanken.no\/405.link?TargetURL=www2.artsdatabanken.no\/artsnavn\/Contentpages\/Hjem.aspx\">artsnavn<\/a>.&#8221; (Fra nevnte nettsted).<\/p>\n<p>Fjorder st\u00e5r for \u00f8vrig p\u00e5 Artsdatabankens r\u00f8dliste for naturtyper. (Se meny til h\u00f8yre i <a title=\"Naturtypebasen\" href=\"http:\/\/www.naturtyper.artsdatabanken.no\/\">naturtypebasen<\/a>.)<\/p>\n<p><strong>Milj\u00f8status i Norge<br \/>\n<\/strong>&#8220;Milj\u00f8status i Norge gir deg den nyeste informasjonen om milj\u00f8ets tilstand og utvikling.\u00a0Her presenteres milj\u00f8kunnskap i en sammenheng. Et vesentlig m\u00e5l er \u00e5 skape forst\u00e5else for sammenhengene mellom milj\u00f8ets tilstand, hva som p\u00e5virker den, konsekvenser og tiltak.&#8221; Fra nettstedet Milj\u00f8status.no, som har <a title=\"hav og kyst\" href=\"http:\/\/www.miljostatus.no\/Tema\/Hav-og-kyst\/\">hav og kyst<\/a>\u00a0som eget tema.<\/p>\n<p>&nbsp;<\/p>\n<div><\/div>\n","protected":false},"excerpt":{"rendered":"<p>Havforskningsinstituttets prosjekt EPIGRAPH &#8220;I Porsangerfjorden er stortareskogane sterkt redusert fordi store mengder kr\u00e5kebollar beiter ned tareplantane. Samstundes er sukkertaren i sterk nedgang og bestanden av brisling kraftig redusert i Hardangerfjorden. For \u00e5 unders\u00f8ke kva som skjer i dei to \u00f8kosystema, &hellip; <a href=\"https:\/\/site.uit.no\/favllis\/epigraph-et-forskningsprosjekt-om-kyst-og-fjordokologi\/\">Continue reading <span class=\"meta-nav\">&rarr;<\/span><\/a><\/p>\n","protected":false},"author":120,"featured_media":0,"parent":0,"menu_order":0,"comment_status":"closed","ping_status":"closed","template":"onecolumn-page.php","meta":{"footnotes":""},"class_list":["post-2422","page","type-page","status-publish","hentry"],"_links":{"self":[{"href":"https:\/\/site.uit.no\/favllis\/wp-json\/wp\/v2\/pages\/2422","targetHints":{"allow":["GET"]}}],"collection":[{"href":"https:\/\/site.uit.no\/favllis\/wp-json\/wp\/v2\/pages"}],"about":[{"href":"https:\/\/site.uit.no\/favllis\/wp-json\/wp\/v2\/types\/page"}],"author":[{"embeddable":true,"href":"https:\/\/site.uit.no\/favllis\/wp-json\/wp\/v2\/users\/120"}],"replies":[{"embeddable":true,"href":"https:\/\/site.uit.no\/favllis\/wp-json\/wp\/v2\/comments?post=2422"}],"version-history":[{"count":11,"href":"https:\/\/site.uit.no\/favllis\/wp-json\/wp\/v2\/pages\/2422\/revisions"}],"predecessor-version":[{"id":2450,"href":"https:\/\/site.uit.no\/favllis\/wp-json\/wp\/v2\/pages\/2422\/revisions\/2450"}],"wp:attachment":[{"href":"https:\/\/site.uit.no\/favllis\/wp-json\/wp\/v2\/media?parent=2422"}],"curies":[{"name":"wp","href":"https:\/\/api.w.org\/{rel}","templated":true}]}}