{"id":715,"date":"2012-02-22T19:42:58","date_gmt":"2012-02-22T18:42:58","guid":{"rendered":"https:\/\/site.uit.no\/favllis\/?page_id=715"},"modified":"2012-10-07T13:19:05","modified_gmt":"2012-10-07T11:19:05","slug":"715-2","status":"publish","type":"page","link":"https:\/\/site.uit.no\/favllis\/715-2\/","title":{"rendered":"Hendelser og tidsperioder"},"content":{"rendered":"<p>Intervjuarbeidet i F\u00e1vllis-prosjektet har hatt hovedfokus p\u00e5 \u00f8kologiske forandringer, og det har v\u00e6rt spurt b\u00e5de etter observasjoner av arter og ogs\u00e5 om\u00a0forandringer mht bestander i tilknytning til noen sentrale hendelser i fjordenes historie; i hovedsak avgrenset til etterkrigstiden. Det ble lagt vekt p\u00e5 hendelser og forandringer av ulike slag \u2013 b\u00e5de fiskeriaktiviteter som har bidratt til \u00f8kologiske endringer i fjorden og ogs\u00e5 observerte \u00f8kologiske endringer med mindre klare \u00e5rsaksforklaringer. Nedgangen i forekomsten av sild p\u00e5 1960-tallet og av torsk og sei p\u00e5 1980- og 90-tallet, den s\u00e5kalte selinvasjonen p\u00e5 1980-tallet og kongekrabbens ankomst fra 1990-tallet utgj\u00f8r sentrale hendelser i det man kan kalle fjordens sosio-\u00f8kologiske historie, og de kommer ogs\u00e5 p\u00e5 ulike m\u00e5ter til uttrykk i den lokale kunnskapen fra Porsangerfjorden og Tanafjorden.<\/p>\n<p>I K\u00e5fjord\/Lyngen i Troms har hovedfokus v\u00e6rt p\u00e5 kartlegging av bruksm\u00e5ter samt konflikter omkring oppdrett og gyteplasser, og mindre p\u00e5 intervjuunders\u00f8kelser. En vektlegging av \u00f8kologiske forandringer ogs\u00e5 i Nord-Troms ville gitt et annet bilde enn i de nevnte fjordene i Finnmark.\u00a0 For eksempel er det man lokalt benevner som selinvasjonen samt kongekrabbens tilkomst sentrale hendelser relatert til \u00f8kologiske forandringer i Porsanger og Tana, mens\u00a0etablering av oppdrettsanlegg og turistfiske er eksempler p\u00e5 slike sentrale hendelser i K\u00e5fjord\/Lyngen (if\u00f8lge\u00a0innlegg p\u00e5 et av F\u00e1vllis-prosjektets \u00e5pne m\u00f8ter i K\u00e5fjord).<\/p>\n","protected":false},"excerpt":{"rendered":"<p>Intervjuarbeidet i F\u00e1vllis-prosjektet har hatt hovedfokus p\u00e5 \u00f8kologiske forandringer, og det har v\u00e6rt spurt b\u00e5de etter observasjoner av arter og ogs\u00e5 om\u00a0forandringer mht bestander i tilknytning til noen sentrale hendelser i fjordenes historie; i hovedsak avgrenset til etterkrigstiden. Det ble &hellip; <a href=\"https:\/\/site.uit.no\/favllis\/715-2\/\">Continue reading <span class=\"meta-nav\">&rarr;<\/span><\/a><\/p>\n","protected":false},"author":69,"featured_media":0,"parent":0,"menu_order":0,"comment_status":"closed","ping_status":"closed","template":"onecolumn-page.php","meta":{"footnotes":""},"class_list":["post-715","page","type-page","status-publish","hentry"],"_links":{"self":[{"href":"https:\/\/site.uit.no\/favllis\/wp-json\/wp\/v2\/pages\/715","targetHints":{"allow":["GET"]}}],"collection":[{"href":"https:\/\/site.uit.no\/favllis\/wp-json\/wp\/v2\/pages"}],"about":[{"href":"https:\/\/site.uit.no\/favllis\/wp-json\/wp\/v2\/types\/page"}],"author":[{"embeddable":true,"href":"https:\/\/site.uit.no\/favllis\/wp-json\/wp\/v2\/users\/69"}],"replies":[{"embeddable":true,"href":"https:\/\/site.uit.no\/favllis\/wp-json\/wp\/v2\/comments?post=715"}],"version-history":[{"count":18,"href":"https:\/\/site.uit.no\/favllis\/wp-json\/wp\/v2\/pages\/715\/revisions"}],"predecessor-version":[{"id":717,"href":"https:\/\/site.uit.no\/favllis\/wp-json\/wp\/v2\/pages\/715\/revisions\/717"}],"wp:attachment":[{"href":"https:\/\/site.uit.no\/favllis\/wp-json\/wp\/v2\/media?parent=715"}],"curies":[{"name":"wp","href":"https:\/\/api.w.org\/{rel}","templated":true}]}}