{"id":82,"date":"2011-08-19T09:15:41","date_gmt":"2011-08-19T07:15:41","guid":{"rendered":"https:\/\/site.uit.no\/favllis\/?page_id=82"},"modified":"2013-08-04T13:56:40","modified_gmt":"2013-08-04T11:56:40","slug":"favllis-hjem","status":"publish","type":"page","link":"https:\/\/site.uit.no\/favllis\/","title":{"rendered":"F\u00e1vllis &#8211; samisk fiskeriforskningsnettverk: Lokal \u00f8kologisk kunnskap om fjorder"},"content":{"rendered":"<p><img decoding=\"async\" class=\"alignleft size-full wp-image-1538\" alt=\"\" src=\"https:\/\/site.uit.no\/favllis\/wp-content\/uploads\/sites\/29\/2011\/08\/favllis_logo.jpg\" width=\"135\" height=\"120\" \/>Form\u00e5let med dette nettstedet er \u00e5 formidle forskning p\u00e5 lokal \u00f8kologisk kunnskap (L\u00d8K) fra <a title=\"F\u00e1vllis \u2013 bakgrunn, emner og m\u00e5l\" href=\"https:\/\/site.uit.no\/favllis\/favllis-bakgrunn-emner-og-mal\/\">F\u00e1vllis-nettverket<\/a>, der hovedaktiviteten har v\u00e6rt to forskningsprosjekt med fokus p\u00e5 slik kunnskap i noen fjorder i nord (Porsanger, K\u00e5fjord, Tana, Varanger). Et sentralt m\u00e5l med forskningen har v\u00e6rt \u00e5 utvide kunnskapsgrunnlaget for forvaltning av fjorder, og med formidling av denne forskningen \u00f8nsker vi\u00a0\u00a0\u00e5 synliggj\u00f8re og vekke interesse for L\u00d8K, b\u00e5de blant et allment publikum, innen areal- og ressursforvaltning og politiske organer samt innen forskning og undervisning.<\/p>\n<p>Lokal \u00f8kologisk kunnskap (L\u00d8K) skapes vanligvis gjennom kontinuerlig bruk av naturressurser i et mer eller mindre avgrenset omr\u00e5de, og formidles muntlig i lokalsamfunn og fra generasjon til generasjon.\u00a0Fra dokumentasjon\u00a0og forskning kan slik kunnskap formidles p\u00e5 ulike m\u00e5ter \u2013 gjennom tekst (blant annet\u00a0<em>narrativer<\/em> &#8211; som i denne sammenheng dreier seg om korte tekster basert p\u00e5 intervju), lyd, bilder og filmopptak. I F\u00e1vllis-prosjektene har alle disse virkemidlene blitt pr\u00f8vd ut, og p\u00e5 dette nettstedet gj\u00f8res deler av materialet fra prosjektene tilgjengelig i en oversikt over lokal \u00f8kologisk kunnskap (<a href=\"https:\/\/site.uit.no\/favllis\/loeksikon\/\">L\u00d8Ksikon<\/a>)\u00a0fra Porsanger, og gjennom \u00e5\u00a0<a href=\"https:\/\/site.uit.no\/favllis\/kart-over-aktivitetsomrader-og-samarbeidspartnere\/\">sette\u00a0kunnskapen p\u00e5 kartet <\/a>i\u00a0det landskapet den er knyttet til. Dessuten presenteres <a title=\"film\/videosnutter\/bilder\" href=\"https:\/\/site.uit.no\/favllis\/lok-i-filmvideoerbilder-2\/\">film\/videosnutter\/bilder<\/a> fra prosjektet ogs\u00e5 samlet, i tillegg til i L\u00d8Ksikonet og p\u00e5 kart.<\/p>\n<p>V\u00e5r tiln\u00e6rming til forskning p\u00e5 lokal \u00f8kologisk kunnskap (teori og metode) presenteres som bakgrunn for nettstedet. Her presenteres ogs\u00e5 sentrale f\u00f8ringer for F\u00e1vllis-arbeidet, som den rettslige utviklingen n\u00e5r det gjelder lokal \u00f8kologisk kunnskap.<\/p>\n<p>Klikk deg inn <a href=\"https:\/\/site.uit.no\/favllis\/kart-over-aktivitetsomrader-og-samarbeidspartnere\/\">her<\/a> for \u00e5 utforske nettstedet, eller klikk p\u00e5 lenker i oversikten over nettstedets hovedemner:<\/p>\n<ul>\n<li><a title=\"L\u00d8Ksikon\" href=\"https:\/\/site.uit.no\/favllis\/loeksikon\/\">L\u00d8Ksikon<\/a><\/li>\n<li><a title=\"L\u00d8K p\u00e5 kart\" href=\"https:\/\/site.uit.no\/favllis\/kart-over-aktivitetsomrader-og-samarbeidspartnere\/\">L\u00d8K p\u00e5 kart<\/a><\/li>\n<li><a title=\"L\u00d8K i film\/videosnutter\/bilder\" href=\"https:\/\/site.uit.no\/favllis\/lok-i-filmvideoerbilder-2\/\">L\u00d8K i film\/videosnutter\/bilder<\/a><\/li>\n<li><a title=\"Generelt om L\u00d8K\" href=\"https:\/\/site.uit.no\/favllis\/bakgrunn-for-forstaelse-av-lokal-kunnskap\/\">Generelt om L\u00d8K<\/a><\/li>\n<li><a title=\"Bruksomr\u00e5der for L\u00d8K i fjorder\" href=\"https:\/\/site.uit.no\/favllis\/utredninger-2\/\">Bruksomr\u00e5der for L\u00d8K i fjorder<\/a><\/li>\n<\/ul>\n<p><strong>Annet:<\/strong><\/p>\n<ul>\n<li>Vi gj\u00f8r ogs\u00e5 bruk av <a title=\"Meron.no\" href=\"http:\/\/www.meron.no\/\">Meron.no<\/a>, en lokalkunnskapsdatabase som er under utvikling ved <a title=\"Sj\u00f8amisk kompetansesenter\" href=\"http:\/\/www.mearrasapmi.no\/index.php\/nb\/om-oss\/sjosamisk-kompetansesenter\">Sj\u00f8samisk kompetansesenter<\/a> i Porsanger.<\/li>\n<li>Prosjektet \u2018<a title=\"'Mapping cultural seascapes'\" href=\"https:\/\/site.uit.no\/favllis\/kart-over-aktivitetsomrader-og-samarbeidspartnere\/mapping-cultural-seascapes\/\">Mapping cultural seascapes<\/a>\u2019; et vesentlig bidrag til\u00a0videreutvikling av\u00a0F\u00e1vllis-nettstedet.<\/li>\n<li>For n\u00e6rmere informasjon om F\u00e1vllis-prosjektene; se arkivet\u00a0med <a title=\"F\u00e1vllis-arkiv\" href=\"https:\/\/site.uit.no\/favllis\/favllis-arkiv\/\">tidligere nettsider og aktiviteter<\/a>.<\/li>\n<li>Publikasjoner, andre tekster fra prosjektene samt oppslag i media; se oversikt <a title=\"Publikasjoner, andre tekster og mediaoppslag\" href=\"https:\/\/site.uit.no\/favllis\/favllis-publikasjoner-etc\/\">her<\/a>.<\/li>\n<\/ul>\n<p>&nbsp;<\/p>\n<h6>Nettstedet F\u00e1vllis er utarbeidet av:<br \/>\n<em>Svanhild Andersen<\/em><br \/>\n<em>Camilla Brattland<\/em><br \/>\n<em>J\u00f8rn Weines<br \/>\n<\/em><br \/>\nLogo:<br \/>\n<em>Bj\u00f8rn Hatteng<\/em><\/h6>\n<p>&nbsp;<\/p>\n","protected":false},"excerpt":{"rendered":"<p>Form\u00e5let med dette nettstedet er \u00e5 formidle forskning p\u00e5 lokal \u00f8kologisk kunnskap (L\u00d8K) fra F\u00e1vllis-nettverket, der hovedaktiviteten har v\u00e6rt to forskningsprosjekt med fokus p\u00e5 slik kunnskap i noen fjorder i nord (Porsanger, K\u00e5fjord, Tana, Varanger). Et sentralt m\u00e5l med forskningen &hellip; <a href=\"https:\/\/site.uit.no\/favllis\/\">Continue reading <span class=\"meta-nav\">&rarr;<\/span><\/a><\/p>\n","protected":false},"author":7,"featured_media":0,"parent":0,"menu_order":0,"comment_status":"closed","ping_status":"closed","template":"onecolumn-page.php","meta":{"footnotes":""},"class_list":["post-82","page","type-page","status-publish","hentry"],"_links":{"self":[{"href":"https:\/\/site.uit.no\/favllis\/wp-json\/wp\/v2\/pages\/82","targetHints":{"allow":["GET"]}}],"collection":[{"href":"https:\/\/site.uit.no\/favllis\/wp-json\/wp\/v2\/pages"}],"about":[{"href":"https:\/\/site.uit.no\/favllis\/wp-json\/wp\/v2\/types\/page"}],"author":[{"embeddable":true,"href":"https:\/\/site.uit.no\/favllis\/wp-json\/wp\/v2\/users\/7"}],"replies":[{"embeddable":true,"href":"https:\/\/site.uit.no\/favllis\/wp-json\/wp\/v2\/comments?post=82"}],"version-history":[{"count":193,"href":"https:\/\/site.uit.no\/favllis\/wp-json\/wp\/v2\/pages\/82\/revisions"}],"predecessor-version":[{"id":150,"href":"https:\/\/site.uit.no\/favllis\/wp-json\/wp\/v2\/pages\/82\/revisions\/150"}],"wp:attachment":[{"href":"https:\/\/site.uit.no\/favllis\/wp-json\/wp\/v2\/media?parent=82"}],"curies":[{"name":"wp","href":"https:\/\/api.w.org\/{rel}","templated":true}]}}