{"id":841,"date":"2012-05-13T13:07:35","date_gmt":"2012-05-13T11:07:35","guid":{"rendered":"https:\/\/site.uit.no\/favllis\/?page_id=841"},"modified":"2013-08-04T13:22:17","modified_gmt":"2013-08-04T11:22:17","slug":"lokal-okologisk-kunnskap-porsanger","status":"publish","type":"page","link":"https:\/\/site.uit.no\/favllis\/lokal-okologisk-kunnskap-porsanger\/","title":{"rendered":"L\u00d8K p\u00e5 kart i Porsanger"},"content":{"rendered":"<p><strong><\/strong>Klikk p\u00e5 symbolene, bruk pilene eller dra i kartet for geografisk oversikt over klipp fra forskningsmaterialet, eller utforsk tekstene som er samlet i <a title=\"L\u00d8Ksikon Porsanger\" href=\"https:\/\/site.uit.no\/favllis\/loeksikon\/\">L\u00d8Ksikonet<\/a> fra Porsangerfjorden. Symbolene representerer klipp fra forskningsmaterialet p\u00e5 steder forskningen har foreg\u00e5tt eller som nevnes av informanter i prosjektet, og som det er knyttet hendelser, kunnskap, narrativer eller minner til.<\/p>\n<p>[google-map-v3 width=&#8221;768&#8243; height=&#8221;600&#8243; zoom=&#8221;12&#8243; maptype=&#8221;roadmap&#8221; mapalign=&#8221;center&#8221; directionhint=&#8221;false&#8221; language=&#8221;default&#8221; poweredby=&#8221;false&#8221; maptypecontrol=&#8221;true&#8221; pancontrol=&#8221;true&#8221; zoomcontrol=&#8221;true&#8221; scalecontrol=&#8221;true&#8221; streetviewcontrol=&#8221;false&#8221; scrollwheelcontrol=&#8221;false&#8221; draggable=&#8221;true&#8221; tiltfourtyfive=&#8221;false&#8221; addmarkermashupbubble=&#8221;false&#8221; addmarkermashupbubble=&#8221;false&#8221; kml=&#8221;https:\/\/maps.google.com\/maps\/ms?authuser=0&amp;vps=3&amp;ie=UTF8&amp;msa=0&amp;output=kml&amp;msid=202714061890854860887.0004c774dbc1030581c03&#8243; bubbleautopan=&#8221;true&#8221; showbike=&#8221;false&#8221; showtraffic=&#8221;false&#8221; showpanoramio=&#8221;false&#8221;]<\/p>\n<p><strong>Tegnforklaring:<\/strong><\/p>\n<table border=\"1\" cellspacing=\"0\" cellpadding=\"0\">\n<tbody>\n<tr>\n<td valign=\"top\" width=\"64\">\u00a0<img decoding=\"async\" class=\"alignleft size-full wp-image-1351\" alt=\"\" src=\"https:\/\/site.uit.no\/favllis\/wp-content\/uploads\/sites\/29\/2012\/05\/homegardenbusiness.png\" width=\"32\" height=\"32\" \/><\/td>\n<td valign=\"top\" width=\"550\"><a title=\"Medarbeidere og samarbeidspartnere i F\u00e1vllis-prosjektet\" href=\"https:\/\/site.uit.no\/favllis\/medarbeidere-og-samarbeidspartnere-i-favllis-prosjektet\/\">Lokale samarbeidspartnere<\/a> i forskningsprosjektet F\u00e1vllis.<\/td>\n<\/tr>\n<tr>\n<td valign=\"top\" width=\"64\"><img decoding=\"async\" class=\"size-full wp-image-1350 alignleft\" alt=\"\" src=\"https:\/\/site.uit.no\/favllis\/wp-content\/uploads\/sites\/29\/2012\/05\/blu-circle_maps.png\" width=\"32\" height=\"32\" \/><\/td>\n<td valign=\"top\" width=\"550\">Narrativ. Intervjumaterialet presenteres blant annet gjennom <em><\/em>fortellinger (<em>narrativ<\/em>) &#8211; som i denne sammenheng dreier seg om korte tekster basert p\u00e5 et eller flere intervju med fiskere eller andre fjordbeboere. Narrativ kan suppleres med vitenskapsbasert kunnskap, statistikk og andre former for kunnskap om fjorden.<\/td>\n<\/tr>\n<tr>\n<td valign=\"top\" width=\"64\">\u00a0<img decoding=\"async\" class=\"alignleft size-full wp-image-1353\" alt=\"\" src=\"https:\/\/site.uit.no\/favllis\/wp-content\/uploads\/sites\/29\/2012\/05\/ylw-circle_maps.png\" width=\"32\" height=\"32\" \/><\/td>\n<td valign=\"top\" width=\"550\">Utdrag fra forskningsartikler om lokal \u00f8kologisk kunnskap.<\/td>\n<\/tr>\n<tr>\n<td valign=\"top\" width=\"64\">\u00a0<img loading=\"lazy\" decoding=\"async\" class=\"alignleft size-full wp-image-1352\" alt=\"\" src=\"https:\/\/site.uit.no\/favllis\/wp-content\/uploads\/sites\/29\/2012\/05\/movies.png\" width=\"32\" height=\"32\" \/><\/td>\n<td valign=\"top\" width=\"550\">Video. P\u00e5 disse punktene finner du videoklipp og utdrag fra forskningsfilmer. Punktene er knyttet til stedene det ble filmet eller til bostedet til sentrale personer i filmene. Videoene er produsert av Sirkka Seljevold og Reni Wright, som begge har tilknytning til Visuelle kulturstudier ved UiT.<\/td>\n<\/tr>\n<tr>\n<td valign=\"top\" width=\"64\"><img loading=\"lazy\" decoding=\"async\" class=\"alignleft  wp-image-1363\" alt=\"\" src=\"https:\/\/site.uit.no\/favllis\/wp-content\/uploads\/sites\/29\/2012\/09\/red-circle.png\" width=\"32\" height=\"32\" \/><\/td>\n<td valign=\"top\" width=\"550\">Observasjoner. Dette er steder der fiskere eller andre har observert nye arter, deformert fisk, eller annet som avviker fra det man lokalt oppfatter som fjordens og artenes\u00a0normaltilstand.<\/td>\n<\/tr>\n<\/tbody>\n<\/table>\n<p>&nbsp;<\/p>\n","protected":false},"excerpt":{"rendered":"<p>Klikk p\u00e5 symbolene, bruk pilene eller dra i kartet for geografisk oversikt over klipp fra forskningsmaterialet, eller utforsk tekstene som er samlet i L\u00d8Ksikonet fra Porsangerfjorden. Symbolene representerer klipp fra forskningsmaterialet p\u00e5 steder forskningen har foreg\u00e5tt eller som nevnes av &hellip; <a href=\"https:\/\/site.uit.no\/favllis\/lokal-okologisk-kunnskap-porsanger\/\">Continue reading <span class=\"meta-nav\">&rarr;<\/span><\/a><\/p>\n","protected":false},"author":69,"featured_media":0,"parent":0,"menu_order":0,"comment_status":"closed","ping_status":"closed","template":"onecolumn-page.php","meta":{"footnotes":""},"class_list":["post-841","page","type-page","status-publish","hentry"],"_links":{"self":[{"href":"https:\/\/site.uit.no\/favllis\/wp-json\/wp\/v2\/pages\/841","targetHints":{"allow":["GET"]}}],"collection":[{"href":"https:\/\/site.uit.no\/favllis\/wp-json\/wp\/v2\/pages"}],"about":[{"href":"https:\/\/site.uit.no\/favllis\/wp-json\/wp\/v2\/types\/page"}],"author":[{"embeddable":true,"href":"https:\/\/site.uit.no\/favllis\/wp-json\/wp\/v2\/users\/69"}],"replies":[{"embeddable":true,"href":"https:\/\/site.uit.no\/favllis\/wp-json\/wp\/v2\/comments?post=841"}],"version-history":[{"count":88,"href":"https:\/\/site.uit.no\/favllis\/wp-json\/wp\/v2\/pages\/841\/revisions"}],"predecessor-version":[{"id":2458,"href":"https:\/\/site.uit.no\/favllis\/wp-json\/wp\/v2\/pages\/841\/revisions\/2458"}],"wp:attachment":[{"href":"https:\/\/site.uit.no\/favllis\/wp-json\/wp\/v2\/media?parent=841"}],"curies":[{"name":"wp","href":"https:\/\/api.w.org\/{rel}","templated":true}]}}