{"id":160,"date":"2021-04-27T12:52:53","date_gmt":"2021-04-27T12:52:53","guid":{"rendered":"https:\/\/site.uit.no\/fjellifarta\/?page_id=160"},"modified":"2024-02-28T11:24:59","modified_gmt":"2024-02-28T11:24:59","slug":"geohazards-masters-theses-completed-at-uit","status":"publish","type":"page","link":"https:\/\/site.uit.no\/fjellifarta\/geohazards-masters-theses-completed-at-uit\/","title":{"rendered":"Geohazards masters theses completed at UiT"},"content":{"rendered":"<p>Here is a list of recent masters thesis related to geohazards in our department and links to the files. These are usually related to unstable rock slopes, rock fall or snow avalanches. The are often supervised together with interested industry partners- theses are a great way to connect students and the outside world, and are a win-win for the student and the industry partner. Contact Louise if you are interested in proposing a topic or doing a thesis yourself.<\/p>\n<h3>2022<\/h3>\n<h4><a href=\"https:\/\/munin.uit.no\/handle\/10037\/25427\">The effect of lithology and microstructure on the deformation of unstable rock slopes in northern Norway<\/a><\/h4>\n<p>Emilie Jensen Aamodt, mai 2022<\/p>\n<h4><a href=\"https:\/\/munin.uit.no\/handle\/10037\/25428\">Characteristics and failure mechanisms of the unstable rock slope Dusnj\u00e1rga<\/a><\/h4>\n<p>Simen Bekkevoll, mai 2022<\/p>\n<h3>2021<\/h3>\n<h4><a href=\"https:\/\/munin.uit.no\/handle\/10037\/21358\">Characterizing slope processes along the Piggtind mountain ridge , using 2D InSAR<\/a><\/h4>\n<p>Henrik Sandbakken, mai 2021<\/p>\n<h4><a href=\"https:\/\/munin.uit.no\/handle\/10037\/25207\">Reconstruction of the Kr\u00e5knes landslide event, Alta<\/a><\/h4>\n<p>Stina Mari Pettersen, mai 2021<\/p>\n<h4><a href=\"https:\/\/munin.uit.no\/handle\/10037\/29202\">An investigation into the causal factors of the Kr\u00e5knes landslide<\/a><\/h4>\n<p>Torgrim Sandnes, mai 2021<\/p>\n<h3>2020<\/h3>\n<h4><a href=\"https:\/\/munin.uit.no\/handle\/10037\/18435\">Analyse av strukturer og bevegelsesdata i det ustabile fjellskredomr\u00e5det G\u00e1mmanjunni 3, K\u00e5fjord kommune, Troms og Finnmark fylke. Med vekt p\u00e5 kontrollerende faktorer, skr\u00e5ningsprosesser, bevegelsesdynamikk og skredmodeller.<\/a><\/h4>\n<p>Anne-Marte Hansen, mai 2020<\/p>\n<h4><a href=\"https:\/\/munin.uit.no\/handle\/10037\/18489\">Engineering geology of the Jettan rockslide, K\u00e5fjorden<\/a><\/h4>\n<p>J\u00f8rgen Nicolai Berg, mai 2020<\/p>\n<h4><a href=\"https:\/\/munin.uit.no\/handle\/10037\/18548\">The rock slope failures at L\u00e5van and Dusnjarga, Northern Norway. A comprehensive Quaternary, morphological and structural analysis<\/a><\/h4>\n<p>Frederic Blau, mai 2020<\/p>\n<h3>2019<\/h3>\n<h4><a href=\"https:\/\/munin.uit.no\/handle\/10037\/17272\">Geomorfologiske unders\u00f8kelser av skr\u00e5ningsavsetninger og -prosesser i K\u00e5fjorddalen i Troms<\/a><\/h4>\n<p>Ragnhild Kj\u00f8lseth Tresselt, desember 2019<\/p>\n<h4><a href=\"https:\/\/munin.uit.no\/handle\/10037\/16788\">Evolution of a rock slope failure at Skredkallen, Vann\u00f8ya<\/a><\/h4>\n<p>Martin Mikkelsen, november 2019<\/p>\n<h4><a href=\"https:\/\/munin.uit.no\/handle\/10037\/15413\"><br \/>\nA structural, geomorphological and InSAR study of the unstable rock slopes at Mellomfjellet, Nordreisa<\/a><\/h4>\n<p>Gaute Sikveland, mai 2019<\/p>\n<h4><u><a href=\"https:\/\/munin.uit.no\/handle\/10037\/15479\">Structural assessment and characterization of the unstable rock slopes at Mellomfjellet, Nordreisa<\/a><\/u><\/h4>\n<p>Bernt Kristian Flekstad Vik, mai 2019<\/p>\n<h4><a href=\"https:\/\/munin.uit.no\/handle\/10037\/15480\">Structural assessment and characterisation of the rock slope failure at Skredkallen, Vann\u00f8ya. Structural analysis using field and desktop methods<\/a><\/h4>\n<p>Leif Tr\u00f8nnes, may 2019<\/p>\n<h3>2018<\/h3>\n<h4><a href=\"https:\/\/munin.uit.no\/handle\/10037\/14834\">Rockfall hazard assessment based on semi-automatic point cloud analysis from UAV data<\/a><\/h4>\n<p>Anna Karin Bergbj\u00f8rn, desember 2018<\/p>\n<h4><a href=\"https:\/\/munin.uit.no\/handle\/10037\/14259\">Terrenganalyse og 3D sn\u00f8skredsimuleringer for plassering av radar for sn\u00f8skredvarsling<\/a><\/h4>\n<p>Lars Tveit Christiansen, oktober 2018<\/p>\n<h4><a href=\"https:\/\/munin.uit.no\/handle\/10037\/12887\">Regional structural analysis of rock slope failure types, mechanisms and controlling bedrock structures in K\u00e5fjorden, Troms<\/a><\/h4>\n<p>Maren Lund Andresen, mai 2018<\/p>\n<h4><a href=\"https:\/\/munin.uit.no\/handle\/10037\/12890\">Comparison of 3D and 2D rockfall models. Considering terrain model quality effect on respective model performances<\/a><\/h4>\n<p>H\u00e5vard Hind, mai 2018<\/p>\n<h4><a href=\"https:\/\/munin.uit.no\/handle\/10037\/12886\">Steinsprang. Simulering, bevegelsesanalyse, struktur- og geomorfologisk unders\u00f8kelse av steinsprangomr\u00e5det over Holmen ved Oksfjellet, K\u00e5fjord, Troms.<\/a><\/h4>\n<p>H\u00e5vard Lytskjold Haukenes, mai 2018<\/p>\n<h3>2017<\/h3>\n<h4><a href=\"https:\/\/munin.uit.no\/handle\/10037\/12017\">Evaluering av automatiske sn\u00f8skredvarslingsanlegg<\/a><\/h4>\n<p>Kristin Brandtsegg Lome, desember 2017<\/p>\n<h4><a href=\"https:\/\/munin.uit.no\/handle\/10037\/11716\">Comparison and classification of an Arctic Transitional snow climate in Troms\u00f8, Norway<\/a><\/h4>\n<p>Paul Velsand, oktober 2017<\/p>\n<h4><a href=\"https:\/\/munin.uit.no\/handle\/10037\/11652\">Strukturgeologisk og geomorfologisk studium av fjellskred ved Skredan, Troms\u00f8 kommune<\/a><\/h4>\n<p>Eirik Bj\u00f8rklid, september 2017<\/p>\n<h4><a href=\"https:\/\/munin.uit.no\/handle\/10037\/11145\">Geomorfologisk unders\u00f8kelse av skredvifter i Indre Kjosen, Lyngen, Troms, med fokus p\u00e5 sn\u00f8skredavsetninger<\/a><\/h4>\n<p>Astrid Lemme, mai 2017<\/p>\n<h4><a href=\"https:\/\/munin.uit.no\/handle\/10037\/11154\">Geomorfologisk og strukturgeologisk unders\u00f8king av ustabile skr\u00e5ningar og skredavsettingar. Regional analyse av fjellomr\u00e5det mellom Troms\u00f8ysundet og Ullsfjorden -Troms, Norge.<\/a><\/h4>\n<p>Gaute Haugen Sandnes, mai 2017<\/p>\n<h4><a href=\"https:\/\/munin.uit.no\/handle\/10037\/11146\">Geomorfologisk kartlegging av Kjosen, Lyngen, Troms. Med fokus p\u00e5 sn\u00f8skredavsetninger p\u00e5 Sultinden og Tyteb\u00e6rdalen<\/a><\/h4>\n<p>J\u00f8rgen Friis Bolstad, mai 2017<\/p>\n<h4><a href=\"https:\/\/munin.uit.no\/handle\/10037\/11119\">Geomorfologisk og strukturgeologisk unders\u00f8kelse av ustabile skr\u00e5ninger og skredavsetninger i fjellomr\u00e5det mellom Troms\u00f8ysundet og Ullsfjorden i Troms<\/a><\/h4>\n<p>Andreas Grumstad, mai 2017<\/p>\n<h4><a href=\"https:\/\/munin.uit.no\/handle\/10037\/11131\">Geomorfologisk analyse og skredkartlegging av Sets\u00e5-omr\u00e5det i Saltdal kommune, Nordland<\/a><\/h4>\n<p>Karianne Drage, mai 2017<\/p>\n<h3>2016<\/h3>\n<h4><a href=\"https:\/\/munin.uit.no\/handle\/10037\/9345\">A structural, geomorphological and InSAR study of the unstable rock slope in Oksfjellet, K\u00e5fjord, Troms<\/a><\/h4>\n<p>Marie Bredal, mai 2016<\/p>\n","protected":false},"excerpt":{"rendered":"<p>Here is a list of recent masters thesis related to geohazards in our department and links to the files. These are usually related to unstable rock slopes, rock fall or snow avalanches. The are often supervised together with interested industry partners- theses are a great way to connect students and the outside world, and are &hellip; <a href=\"https:\/\/site.uit.no\/fjellifarta\/geohazards-masters-theses-completed-at-uit\/\" class=\"more-link\">Continue reading <span class=\"screen-reader-text\">Geohazards masters theses completed at UiT<\/span><\/a><\/p>\n","protected":false},"author":1079,"featured_media":0,"parent":0,"menu_order":0,"comment_status":"closed","ping_status":"closed","template":"","meta":{"footnotes":""},"class_list":["post-160","page","type-page","status-publish","hentry"],"_links":{"self":[{"href":"https:\/\/site.uit.no\/fjellifarta\/wp-json\/wp\/v2\/pages\/160","targetHints":{"allow":["GET"]}}],"collection":[{"href":"https:\/\/site.uit.no\/fjellifarta\/wp-json\/wp\/v2\/pages"}],"about":[{"href":"https:\/\/site.uit.no\/fjellifarta\/wp-json\/wp\/v2\/types\/page"}],"author":[{"embeddable":true,"href":"https:\/\/site.uit.no\/fjellifarta\/wp-json\/wp\/v2\/users\/1079"}],"replies":[{"embeddable":true,"href":"https:\/\/site.uit.no\/fjellifarta\/wp-json\/wp\/v2\/comments?post=160"}],"version-history":[{"count":4,"href":"https:\/\/site.uit.no\/fjellifarta\/wp-json\/wp\/v2\/pages\/160\/revisions"}],"predecessor-version":[{"id":559,"href":"https:\/\/site.uit.no\/fjellifarta\/wp-json\/wp\/v2\/pages\/160\/revisions\/559"}],"wp:attachment":[{"href":"https:\/\/site.uit.no\/fjellifarta\/wp-json\/wp\/v2\/media?parent=160"}],"curies":[{"name":"wp","href":"https:\/\/api.w.org\/{rel}","templated":true}]}}