{"id":164,"date":"2021-04-27T13:06:14","date_gmt":"2021-04-27T13:06:14","guid":{"rendered":"https:\/\/site.uit.no\/fjellifarta\/?page_id=164"},"modified":"2022-04-26T10:52:19","modified_gmt":"2022-04-26T10:52:19","slug":"emneportefolie","status":"publish","type":"page","link":"https:\/\/site.uit.no\/fjellifarta\/emneportefolie\/","title":{"rendered":"Emneportef\u00f8lie"},"content":{"rendered":"<p><strong>Emneportef\u00f8lje innen geofarer \u2013 Institutt for geovitenskap pr. februar 2021<\/strong><\/p>\n<p>(Course portfolio for geohazards as per February 2021)<\/p>\n<p>There are a mix of bachelor and masters courses that may be interesting or relevant to students who are looking to increase their geohazards knowledge. While there is no formal geohazards specification for the degree, choosing the right courses can set you up to take a relevant masters thesis topic in your area of interest.<\/p>\n<p><strong>Emnekode og tittel:<\/strong> GEO-2012 Geofarer<br \/>\n<strong>Studiepoeng og niv\u00e5:<\/strong> 10 SP, bachelor<br \/>\n<strong>Emneansvarlig:<\/strong> forsker Louise Vick<br \/>\n<strong>Emneinnhold:<\/strong><\/p>\n<p>Geofarer er hendelser koblet til geologiske og\/eller geofysiske prosesser, som potensielt kan lede til skade p\u00e5 milj\u00f8 og\/eller samfunn. Emnet har som m\u00e5l \u00e5 gi en innf\u00f8ring i forskjellige typer geofarer, deres potensielle konsekvenser og hva man kan gj\u00f8re for \u00e5 forebygge naturkatastrofer. Hovedfokus vil v\u00e6re p\u00e5 norske geofarer, men ekstreme hendelser fra andre deler av verden vil dras inn som eksempler der det er form\u00e5lstjenlig. Emnet skal formidle forst\u00e5else for de geologiske og fysiske prosesser som driver geofarer og hvordan samfunnet blir p\u00e5virket. Det skal gi innblikk i geotekniske metoder for \u00e5 h\u00e5ndtere geofarer, og hvilke tiltak som kan iverksettes for \u00e5 hindre katastrofale hendelser. Det vil legges vekt p\u00e5 \u00e5 bygge opp en forst\u00e5else for samspillet mellom natur og samfunn, og hvordan dette samspillet kontrollerer de potensielle konsekvenser av en hendelse.<\/p>\n<p>Hovedfokus vil v\u00e6re prosesser bak skred, flom, tsunami, jordskjelv og vulkanutbrudd, og mulige konsekvenser av disse, samt metoder for \u00e5 kvantifisere risiko. I tillegg diskuteres vekselvirkninger mellom forskjellige typer geofarer, forebygging og h\u00e5ndtering av katastrofer samt kvantifisering og h\u00e5ndtering av usikkerheter. Kurset vil inneholde tre komponenter; en teoretisk, en praktisk og en feltbasert del. De teoretiske l\u00e6ringsaktivitetene vil i hovedsak v\u00e6re studentaktive. Videre vil en viktig del av kurset v\u00e6re praktiske undervisningsaktiviteter der studentene selv kan jobbe med forskjellige aspekter av pensum. For \u00e5 f\u00e5 f\u00f8rsteh\u00e5nds kjennskap til aktuelle geofarer i n\u00e6rmilj\u00f8et vil det gjennomf\u00f8res en ekskursjon der studentene vil presenteres ulike geofarer (for eksempel flom og skred) samt forskjellige sikringstiltak, og vil f\u00e5 mulighet for selv \u00e5 identifisere potensielle og tidligere hendelser i felt.<\/p>\n<p><strong>Emnekode og tittel: <\/strong>(GEO-2201 forel\u00f8pig for pilot V-21) L\u00f8smasseskred og skr\u00e5ningsstabilitet<br \/>\n<strong>Studiepoeng og niv\u00e5:<\/strong> 10 SP, bachelor<br \/>\n<strong>Emneansvarlig:<\/strong> universitetslektor Marius Mathisen S\u00f8vik (NGI)<br \/>\n<strong>Emneinnhold:<\/strong><\/p>\n<p>Kurset vil gi en introduksjon til geoteknikk, og spesielt skr\u00e5ningsstabilitet og l\u00f8smasseskred. I tillegg til et overordnet blikk p\u00e5 mekanikken bak l\u00f8smasseskred, undervises hands-on problemstillinger relatert til skred som geoteknikere og geologer kan komme borti i arbeidslivet. Norsk regelverk og kartlegging, med fokus p\u00e5 kvikkleireskred, vil v\u00e6re tema.<br \/>\nTema som blir dekket:<br \/>\n-klassifisering av jord<br \/>\n-introduksjon til geoteknikk og mekanikk, med fokus p\u00e5 skr\u00e5ningsstabilitet<br \/>\n-grunnunders\u00f8kelser og geotekniske materialparametere<br \/>\n-skr\u00e5ningsstabilitet<br \/>\n-nedb\u00f8rsutl\u00f8ste skred<br \/>\n-faresonekartlegging og oversikt over lovverk, med fokus p\u00e5 kvikkleireskred.<\/p>\n<p><strong>Emnekode og tittel:<\/strong> GEO-3128 Marine Geohazards<br \/>\n<strong>Studiepoeng og niv\u00e5:<\/strong> 5 SP, master<br \/>\n<strong>Emneansvarlig:<\/strong> prof. Stein Bondevik (HVL)<br \/>\n<strong>Emneinnhold:<\/strong><\/p>\n<p>The course deals with marine geological processes that can pose a threat to human life and\/or installations at sea and onshore. These processes includes topics such as slope stability and submarine slides, fluids in the subsurface (e.g. pockmarks, mud volcanoes, gas hydrates, CO2-storage, blowouts) and tsunamis generated from earthquakes (faults) and submarine slides. Examples from these topics are further explored through practical exercises.<\/p>\n<p><strong>Emnekode og tittel:<\/strong> GEO-3135 Rock-Slope Failures: Geology, Hazard and Monitoring<br \/>\n<strong>Studiepoeng og niv\u00e5:<\/strong> 10 SP, master<br \/>\n<strong>Emneansvarlig:<\/strong> forsker Louise Vick<br \/>\n<strong>Emneinnhold:<\/strong><\/p>\n<p>Within the scope of this course the students will get theoretical and applied training in hazard assessment and monitoring of unstable rock slopes. The course builds on the student\u2019s prior geological knowledge, and aims to give a wide-ranging understanding of rock-slope failure theory, from rock mechanics, structure and kinematics, to landslide types and hazard characterization.<\/p>\n<p>Students will learn about and apply methods for characterization of unstable rock slopes including field mapping, desktop mapping, drone technology and photogrammetry, monitoring and instrumentation and remote sensing methods. Furthermore, students will learn how to characterize and assess the slope hazard (and secondary effects) using numerical modelling techniques and the Norwegian risk assessment system.<\/p>\n<p>The field course component will introduce the student to multiple types of rock-slope hazards in the dramatic north Troms mountain environment. Practical exercises and field investigations will give the students a systematic approach to the topic.<\/p>\n<p><strong>Emnekode og tittel:<\/strong> (GEO-3222 forel\u00f8pig for pilot V-21) Snow Avalanches Science and Management<br \/>\n<strong>Studiepoeng og niv\u00e5:<\/strong> 10 SP, master<br \/>\n<strong>Emneansvarlig: <\/strong>f\u00f8rsteamanuensis Christian Jaedicke (NGI)<br \/>\n<strong>Emneinnhold:<\/strong><\/p>\n<p>This course will give you an introduction and hands-on training on avalanche related physical processes, technical aspects and risk management in relation to Norwegian law and regulations.<br \/>\nTopics covered:<br \/>\n-personal safety in avalanche terrain<br \/>\n-avalanche history and events<br \/>\n-snow processes and avalanche formation<br \/>\n-avalanche motion and dynamic modelling<br \/>\n-regulations and hazard mapping<br \/>\n-avalanche mitigation<br \/>\n-avalanche forecasting<br \/>\n-risk management<br \/>\nWe will also have excursions to visit avalanche exposed settlements and roads as well as study snow properties and assess the avalanche danger in the field.<\/p>\n","protected":false},"excerpt":{"rendered":"<p>Emneportef\u00f8lje innen geofarer \u2013 Institutt for geovitenskap pr. februar 2021 (Course portfolio for geohazards as per February 2021) There are a mix of bachelor and masters courses that may be interesting or relevant to students who are looking to increase their geohazards knowledge. While there is no formal geohazards specification for the degree, choosing the &hellip; <a href=\"https:\/\/site.uit.no\/fjellifarta\/emneportefolie\/\" class=\"more-link\">Continue reading <span class=\"screen-reader-text\">Emneportef\u00f8lie<\/span><\/a><\/p>\n","protected":false},"author":1079,"featured_media":0,"parent":0,"menu_order":0,"comment_status":"closed","ping_status":"closed","template":"","meta":{"footnotes":""},"class_list":["post-164","page","type-page","status-publish","hentry"],"_links":{"self":[{"href":"https:\/\/site.uit.no\/fjellifarta\/wp-json\/wp\/v2\/pages\/164","targetHints":{"allow":["GET"]}}],"collection":[{"href":"https:\/\/site.uit.no\/fjellifarta\/wp-json\/wp\/v2\/pages"}],"about":[{"href":"https:\/\/site.uit.no\/fjellifarta\/wp-json\/wp\/v2\/types\/page"}],"author":[{"embeddable":true,"href":"https:\/\/site.uit.no\/fjellifarta\/wp-json\/wp\/v2\/users\/1079"}],"replies":[{"embeddable":true,"href":"https:\/\/site.uit.no\/fjellifarta\/wp-json\/wp\/v2\/comments?post=164"}],"version-history":[{"count":2,"href":"https:\/\/site.uit.no\/fjellifarta\/wp-json\/wp\/v2\/pages\/164\/revisions"}],"predecessor-version":[{"id":170,"href":"https:\/\/site.uit.no\/fjellifarta\/wp-json\/wp\/v2\/pages\/164\/revisions\/170"}],"wp:attachment":[{"href":"https:\/\/site.uit.no\/fjellifarta\/wp-json\/wp\/v2\/media?parent=164"}],"curies":[{"name":"wp","href":"https:\/\/api.w.org\/{rel}","templated":true}]}}