{"id":49,"date":"2021-04-26T11:48:34","date_gmt":"2021-04-26T11:48:34","guid":{"rendered":"https:\/\/site.uit.no\/fjellifarta\/?page_id=49"},"modified":"2024-02-28T10:10:18","modified_gmt":"2024-02-28T10:10:18","slug":"landslide-geotourism-series","status":"publish","type":"page","link":"https:\/\/site.uit.no\/fjellifarta\/landslide-geotourism-series\/","title":{"rendered":"Landslide geotourism series [Ras og skred geoturisme]"},"content":{"rendered":"\n<p><strong>Visit the local geosites!<\/strong> Geosites are areas of geological or scientific importance. Here in the Troms\u00f8 area we have access to some of the most beautiful (and often scary) landslide features in the world. This pages describes some geosite excursions leaving from Troms\u00f8 city, which range in time from a few hours in the car to a full day hike.<\/p>\n\n\n\n<div class=\"wp-block-media-text is-stacked-on-mobile\"><figure class=\"wp-block-media-text__media\"><a href=\"https:\/\/site.uit.no\/fjellifarta\/landslide-geotourism-series-geosite-1-skredan\/\"><img fetchpriority=\"high\" decoding=\"async\" width=\"1024\" height=\"765\" src=\"https:\/\/site.uit.no\/fjellifarta\/wp-content\/uploads\/sites\/467\/2021\/04\/Skredan_button-link-1024x765.png\" alt=\"\" class=\"wp-image-63 size-full\" srcset=\"https:\/\/site.uit.no\/fjellifarta\/wp-content\/uploads\/sites\/467\/2021\/04\/Skredan_button-link-1024x765.png 1024w, https:\/\/site.uit.no\/fjellifarta\/wp-content\/uploads\/sites\/467\/2021\/04\/Skredan_button-link-300x224.png 300w, https:\/\/site.uit.no\/fjellifarta\/wp-content\/uploads\/sites\/467\/2021\/04\/Skredan_button-link-768x574.png 768w, https:\/\/site.uit.no\/fjellifarta\/wp-content\/uploads\/sites\/467\/2021\/04\/Skredan_button-link-100x75.png 100w, https:\/\/site.uit.no\/fjellifarta\/wp-content\/uploads\/sites\/467\/2021\/04\/Skredan_button-link-150x112.png 150w, https:\/\/site.uit.no\/fjellifarta\/wp-content\/uploads\/sites\/467\/2021\/04\/Skredan_button-link-200x149.png 200w, https:\/\/site.uit.no\/fjellifarta\/wp-content\/uploads\/sites\/467\/2021\/04\/Skredan_button-link-450x336.png 450w, https:\/\/site.uit.no\/fjellifarta\/wp-content\/uploads\/sites\/467\/2021\/04\/Skredan_button-link-600x448.png 600w, https:\/\/site.uit.no\/fjellifarta\/wp-content\/uploads\/sites\/467\/2021\/04\/Skredan_button-link-900x672.png 900w\" sizes=\"(max-width: 1024px) 100vw, 1024px\" \/><\/a><\/figure><div class=\"wp-block-media-text__content\">\n<h3 class=\"wp-block-heading\">Skredan<\/h3>\n\n\n\n<p>A quite large landslide deposit and unstable area only 13 km from Troms\u00f8 city. <\/p>\n<\/div><\/div>\n\n\n\n<div class=\"wp-block-media-text is-stacked-on-mobile\"><figure class=\"wp-block-media-text__media\"><a href=\"https:\/\/site.uit.no\/fjellifarta\/landslide-geotourism-series-geosite-2-holen\/\"><img decoding=\"async\" width=\"1024\" height=\"762\" src=\"https:\/\/site.uit.no\/fjellifarta\/wp-content\/uploads\/sites\/467\/2021\/06\/H\u00f8len_button-link_small-1024x762.jpg\" alt=\"\" class=\"wp-image-244 size-full\" srcset=\"https:\/\/site.uit.no\/fjellifarta\/wp-content\/uploads\/sites\/467\/2021\/06\/H\u00f8len_button-link_small-1024x762.jpg 1024w, https:\/\/site.uit.no\/fjellifarta\/wp-content\/uploads\/sites\/467\/2021\/06\/H\u00f8len_button-link_small-300x223.jpg 300w, https:\/\/site.uit.no\/fjellifarta\/wp-content\/uploads\/sites\/467\/2021\/06\/H\u00f8len_button-link_small-768x572.jpg 768w\" sizes=\"(max-width: 1024px) 100vw, 1024px\" \/><\/a><\/figure><div class=\"wp-block-media-text__content\">\n<h2 class=\"wp-block-heading\">H\u00f8len<\/h2>\n\n\n\n<p>A large rockslide deposit damming up a lake in Balsfjord.<\/p>\n<\/div><\/div>\n\n\n\n<div class=\"wp-block-media-text is-stacked-on-mobile\" style=\"grid-template-columns:46% auto\"><figure class=\"wp-block-media-text__media\"><a href=\"https:\/\/site.uit.no\/fjellifarta\/landslide-geotourism-series-geosite-3-skredkallen\/\"><img decoding=\"async\" width=\"408\" height=\"408\" src=\"https:\/\/site.uit.no\/fjellifarta\/wp-content\/uploads\/sites\/467\/2024\/02\/kart1-edited-2.png\" alt=\"\" class=\"wp-image-544 size-full\" srcset=\"https:\/\/site.uit.no\/fjellifarta\/wp-content\/uploads\/sites\/467\/2024\/02\/kart1-edited-2.png 408w, https:\/\/site.uit.no\/fjellifarta\/wp-content\/uploads\/sites\/467\/2024\/02\/kart1-edited-2-300x300.png 300w, https:\/\/site.uit.no\/fjellifarta\/wp-content\/uploads\/sites\/467\/2024\/02\/kart1-edited-2-150x150.png 150w, https:\/\/site.uit.no\/fjellifarta\/wp-content\/uploads\/sites\/467\/2024\/02\/kart1-edited-2-144x144.png 144w\" sizes=\"(max-width: 408px) 100vw, 408px\" \/><\/a><\/figure><div class=\"wp-block-media-text__content\">\n<h3 class=\"wp-block-heading\"><a href=\"http:\/\/Skredkallen er en fantastisk skredlokalitet som har alt! Det er b\u00e5de en fjellskredavsetning, en ustabil fjellside og en fantastisk tur som ligger p\u00e5 \u00f8stsiden av Vann\u00f8ya noen timer nordvest for Troms\u00f8.\">Skredkallen<\/a><\/h3>\n\n\n\n<p>Skredkallen er en fantastisk skredlokalitet som har alt! Det er b\u00e5de en fjellskredavsetning, en ustabil fjellside og en fantastisk tur som ligger p\u00e5 \u00f8stsiden av Vann\u00f8ya noen timer nordvest for Troms\u00f8.<\/p>\n<\/div><\/div>\n\n\n\n<div class=\"wp-block-media-text is-stacked-on-mobile\"><figure class=\"wp-block-media-text__media\"><\/figure><div class=\"wp-block-media-text__content\">\n<p><\/p>\n<\/div><\/div>\n","protected":false},"excerpt":{"rendered":"<p>Visit the local geosites! Geosites are areas of geological or scientific importance. Here in the Troms\u00f8 area we have access to some of the most beautiful (and often scary) landslide features in the world. This pages describes some geosite excursions leaving from Troms\u00f8 city, which range in time from a few hours in the car &hellip; <a href=\"https:\/\/site.uit.no\/fjellifarta\/landslide-geotourism-series\/\" class=\"more-link\">Continue reading <span class=\"screen-reader-text\">Landslide geotourism series [Ras og skred geoturisme]<\/span><\/a><\/p>\n","protected":false},"author":1079,"featured_media":0,"parent":0,"menu_order":0,"comment_status":"closed","ping_status":"closed","template":"","meta":{"footnotes":""},"class_list":["post-49","page","type-page","status-publish","hentry"],"_links":{"self":[{"href":"https:\/\/site.uit.no\/fjellifarta\/wp-json\/wp\/v2\/pages\/49","targetHints":{"allow":["GET"]}}],"collection":[{"href":"https:\/\/site.uit.no\/fjellifarta\/wp-json\/wp\/v2\/pages"}],"about":[{"href":"https:\/\/site.uit.no\/fjellifarta\/wp-json\/wp\/v2\/types\/page"}],"author":[{"embeddable":true,"href":"https:\/\/site.uit.no\/fjellifarta\/wp-json\/wp\/v2\/users\/1079"}],"replies":[{"embeddable":true,"href":"https:\/\/site.uit.no\/fjellifarta\/wp-json\/wp\/v2\/comments?post=49"}],"version-history":[{"count":3,"href":"https:\/\/site.uit.no\/fjellifarta\/wp-json\/wp\/v2\/pages\/49\/revisions"}],"predecessor-version":[{"id":549,"href":"https:\/\/site.uit.no\/fjellifarta\/wp-json\/wp\/v2\/pages\/49\/revisions\/549"}],"wp:attachment":[{"href":"https:\/\/site.uit.no\/fjellifarta\/wp-json\/wp\/v2\/media?parent=49"}],"curies":[{"name":"wp","href":"https:\/\/api.w.org\/{rel}","templated":true}]}}