{"id":237,"date":"2011-06-06T10:22:04","date_gmt":"2011-06-06T08:22:04","guid":{"rendered":"https:\/\/site.uit.no\/flerespraaktilflere\/?page_id=237"},"modified":"2023-03-22T10:22:36","modified_gmt":"2023-03-22T09:22:36","slug":"populaervitenskapelige-artikler","status":"publish","type":"page","link":"https:\/\/site.uit.no\/flerespraaktilflere\/kilder\/populaervitenskapelige-artikler\/","title":{"rendered":"Popul\u00e6rvitenskapelige artikler"},"content":{"rendered":"<ul>\n<li><a href=\"https:\/\/partner.sciencenorway.no\/health-languages-natural-sciences\/can-bilingualism-help-keep-you-young-and-healthy\/1863549\">Can bilingualism help keep you young and healthy?<\/a>,\u00a0ScienceNorway<\/li>\n<li><a href=\"https:\/\/www.nrk.no\/trondelag\/tospraklighet-beskytter-hjernen-mot-kognitiv-aldring_-ifolge-forskning-fra-tromso-1.15481750?fbclid=IwAR3qyUJgrhcqlHsnfTpeyOn1CUyVIHzk7zdqTWQKJw6Z7Ja05PyNPteIGdI\">Philip og Selam har \u00e9n ting felles &#8211; det kan gi dem begge en fordel p\u00e5 sikt<\/a>,\u00a0NRK<\/li>\n<li><a href=\"https:\/\/www.nrk.no\/kvensk\/_-a-vokse-opp-som-flerspraklig-har-vaert-en-stor-fordel-1.15503041?fbclid=IwAR32ZNbXbJJc7q97hiM7MLE7CemEBaYxQ9R2aPMD5x3V8qVTdAxDyoRN6fQ\">\u00c5 vokse opp som flerspr\u00e5klig har v\u00e6rt en stor fordel<\/a>,\u00a0NRK<\/li>\n<li><a href=\"https:\/\/www.midtnorskdebatt.no\/meninger\/kronikker\/2017\/12\/26\/Spr\u00e5k-er-livet-15779592.ece\">Spr\u00e5k er livet<\/a>, Adresseavisen<\/li>\n<li><a href=\"https:\/\/www.nordlys.no\/kronikk\/grunnlaget-for-samisk-sprak\/s\/1-79-5594511\">Grunnlaget for samisk spr\u00e5k<\/a>, Nordlys<\/li>\n<li><a href=\"https:\/\/sciencenorway.no\/bilingualism-forskningno-language\/make-your-baby-bilingual\/1462102\">Make your baby bilingual<\/a>, ScienceNorway<\/li>\n<li><a href=\"https:\/\/www.nordlys.no\/kronikk\/velkommen-te-vares-norge\/s\/1-79-3145602\">&#8220;Velkommen te&#8217; v\u00e5res Norge&#8221;<\/a>, Nordlys<\/li>\n<li><a href=\"https:\/\/site.uit.no\/flerespraaktilflere\/wp-content\/uploads\/sites\/17\/2011\/03\/Askeland_Forskerforum.pdf\">Spr\u00e5kleg fattigdom?<\/a>, Forskerforum<\/li>\n<li><a href=\"http:\/\/forskning.no\/hjernen-sprak-samfunn-psykologi\/2014\/11\/tospraklige-hjerner-tenker-mer-effektivt\">Tospr\u00e5klige tenker mer effektivt<\/a>,\u00a0forskning.no<\/li>\n<li><a href=\"https:\/\/www.theguardian.com\/technology\/2011\/jun\/12\/ellen-bialystok-bilingual-brains-more-healthy\">Ellen Bialystok: Bilingual brains are more healthy<\/a>,\u00a0The Guardian<\/li>\n<li><a href=\"http:\/\/www.eurekalert.org\/pub_releases\/2011-08\/uow-bbv082611.php\">Bilingual babies&#8217; vocabulary linked to early brain differentiation<\/a>,\u00a0EurekAlert<\/li>\n<li><a href=\"http:\/\/www.eurekalert.org\/pub_releases\/2011-08\/uow-bbv082611.php\">Retten til et morsm\u00e5l<\/a>,\u00a0Nordlys<\/li>\n<li><a href=\"http:\/\/www.nrk.no\/nyheter\/verden\/1.7862489\">N\u00e5 tar Wales spr\u00e5ket tilbake<\/a>,\u00a0NRK<\/li>\n<\/ul>\n<iframe src=\"http:\/\/www.facebook.com\/plugins\/like.php?href=https%3A%2F%2Fsite.uit.no%2Fflerespraaktilflere%2Fkilder%2Fpopulaervitenskapelige-artikler%2F&amp;layout=standard&amp;show_faces=true&amp;width=450&amp;action=like&amp;colorscheme=light&amp;height=80\" scrolling=\"no\" frameborder=\"0\" style=\"border:none; overflow:hidden; width:450px; height:80px;\" allowTransparency=\"true\"><\/iframe>","protected":false},"excerpt":{"rendered":"<p>Can bilingualism help keep you young and healthy?,\u00a0ScienceNorway Philip og Selam har \u00e9n ting felles &#8211; det kan gi dem begge en fordel p\u00e5 sikt,\u00a0NRK \u00c5 vokse opp som flerspr\u00e5klig har v\u00e6rt en stor fordel,\u00a0NRK Spr\u00e5k er livet, Adresseavisen Grunnlaget for samisk spr\u00e5k, Nordlys Make your baby bilingual, ScienceNorway &#8220;Velkommen &#8230;<\/p>\n","protected":false},"author":20,"featured_media":0,"parent":13,"menu_order":2,"comment_status":"closed","ping_status":"closed","template":"","meta":{"footnotes":""},"class_list":["post-237","page","type-page","status-publish","hentry","column","twocol"],"_links":{"self":[{"href":"https:\/\/site.uit.no\/flerespraaktilflere\/wp-json\/wp\/v2\/pages\/237","targetHints":{"allow":["GET"]}}],"collection":[{"href":"https:\/\/site.uit.no\/flerespraaktilflere\/wp-json\/wp\/v2\/pages"}],"about":[{"href":"https:\/\/site.uit.no\/flerespraaktilflere\/wp-json\/wp\/v2\/types\/page"}],"author":[{"embeddable":true,"href":"https:\/\/site.uit.no\/flerespraaktilflere\/wp-json\/wp\/v2\/users\/20"}],"replies":[{"embeddable":true,"href":"https:\/\/site.uit.no\/flerespraaktilflere\/wp-json\/wp\/v2\/comments?post=237"}],"version-history":[{"count":23,"href":"https:\/\/site.uit.no\/flerespraaktilflere\/wp-json\/wp\/v2\/pages\/237\/revisions"}],"predecessor-version":[{"id":1556,"href":"https:\/\/site.uit.no\/flerespraaktilflere\/wp-json\/wp\/v2\/pages\/237\/revisions\/1556"}],"up":[{"embeddable":true,"href":"https:\/\/site.uit.no\/flerespraaktilflere\/wp-json\/wp\/v2\/pages\/13"}],"wp:attachment":[{"href":"https:\/\/site.uit.no\/flerespraaktilflere\/wp-json\/wp\/v2\/media?parent=237"}],"curies":[{"name":"wp","href":"https:\/\/api.w.org\/{rel}","templated":true}]}}