{"id":11,"date":"2020-02-11T16:06:20","date_gmt":"2020-02-11T15:06:20","guid":{"rendered":"https:\/\/site.uit.no\/geofaredagen\/?page_id=11"},"modified":"2021-10-15T15:56:57","modified_gmt":"2021-10-15T13:56:57","slug":"praktisk-informasjon","status":"publish","type":"page","link":"https:\/\/site.uit.no\/geofaredagen\/praktisk-informasjon\/","title":{"rendered":"Praktisk informasjon"},"content":{"rendered":"<p><em>For english, see below.\u00a0<\/em><\/p>\n<p>&nbsp;<\/p>\n<p><strong>Registration <\/strong><\/p>\n<p>Registrering er gratis for alle deltakende for b\u00e5de konferansedagen og eksursjonen.<\/p>\n<p>&nbsp;<\/p>\n<p><strong>Konferansedagen<\/strong><\/p>\n<p>Konferansen holdes tirsdag 19.10 ved Scandic Ishavshotel i Troms\u00f8 sentrum. Registrering \u00e5pner kl 08.00. Videre begynner konferansen kl 09.30 i Panorama rommet.<\/p>\n<p>Konferansen best\u00e5r av presentasjons \u00f8kter og poster presentasjonen. Kaffe, snacks og l\u00f8nsj er inkludert og blir servert.<\/p>\n<p>&nbsp;<\/p>\n<p><strong>Konferanse middag<\/strong><\/p>\n<p>Middag for konferansen er valgfri og gratis for deltagere, serveres ogs\u00e5 ved Scandic Ishavshotel.<\/p>\n<p>&nbsp;<\/p>\n<p><strong>Ekskursjon<\/strong><\/p>\n<p>Ekskursjonen holdes den f\u00f8lgende dagen, onsdag 20.10. og vil v\u00e6re en guidet tur til ulike geofare lokaliteter i Troms. Lunsj tilbys. Ser program for detaljer om reiseplanen.<\/p>\n<p>Oppm\u00f8te til bussen er ved hoveninngangen til Scandic kl 08.30.<\/p>\n<p>Bussen vil v\u00e6re tilbake i Troms\u00f8 sentrum til kl 16.00 og til flyplassen 16.30, i god tid f\u00f8r avgang til ettermidag og kvelds fly.<\/p>\n<p>&nbsp;<\/p>\n<p><strong>Overnatting i Troms\u00f8<\/strong><\/p>\n<p>Overnatting finnes ved flere hoteller i byen, samt BnB. Scandic Ishavshotel tilbyr en liten rabatt med UiT kode:\u00a0D000028122.<\/p>\n<p>&nbsp;<\/p>\n<p><strong>Student reiser<\/strong><\/p>\n<p>V\u00e6r oppmerksom p\u00e5 at master studenter og PhD stipendiater som kommer utenfra Troms\u00f8 kan s\u00f8ke om reisest\u00f8tte for \u00e5 dekke opphold og reise. St\u00f8tten kan dekke hele eller deler av bel\u00f8pet, avhengig av hvor mange som s\u00f8ker. Detaljer om hvordan du kan kreve utgifter vil bli gitt p\u00e5 konferansen. Dette vil vite f\u00e5 vite mer om n\u00e5r det n\u00e6rmer seg. For de som tar nasjonalt geofarekurs via UiB eller UiO s\u00e5 gjelder et annet system for st\u00f8tte. Ta kontakt med l\u00e6rer eller ansvarlig for emne.<\/p>\n<p>Huske \u00e5 registrere dere til konferansen og booke reise s\u00e5 fort som mulig, plassene fylles opp raskt.<\/p>\n<p>&nbsp;<\/p>\n<p><strong>Pris beste presentasjon<\/strong><\/p>\n<p>Pris for beste stundent presentasjon og beste poster presentasjon vil bli gitt ved slutten av dagen.<\/p>\n<p>&nbsp;<\/p>\n<p>________________________________________________________________________________________________<\/p>\n<p>&nbsp;<\/p>\n<p><strong>Registration<\/strong><\/p>\n<p>Registration is free for all participants, for the conference day and excursion.<\/p>\n<p>&nbsp;<\/p>\n<p><strong>Conference day<\/strong><\/p>\n<p>The conference will take place 19.10 at the Scandic Ishavshotel in Troms\u00f8 sentrum. Registration opens at 8.00. The conference begins at 9.30 in the Panorama room.<\/p>\n<p>The conference will consist of presentation sessions and poster presentations. Coffee, snacks and lunch are provided.<\/p>\n<p>&nbsp;<\/p>\n<p><strong>Conference dinner<\/strong><\/p>\n<p>The conference dinner is optional and free for participants, also at the Scandic Ishavshotel.<\/p>\n<p>&nbsp;<\/p>\n<p><strong>Excursion day<\/strong><\/p>\n<p>The excursion takes place 20.10 and will be a guided tour to geohazard sites around Troms. Lunch is provided. See the programme for itinerary details.<\/p>\n<p>We will meet at the tour bus at the front of the Scandic at 8.30am.<\/p>\n<p>The tour bus will deliver people to Troms\u00f8 sentrum by 16 and the airport by 16.30, in good time for the evening flights.<\/p>\n<p>&nbsp;<\/p>\n<p><strong>Accommodation in Troms\u00f8<\/strong><\/p>\n<p>Accommodation can be found at various hotels and BnB\u2019s in the city. A small discount is offered at the Scandic Ishavshotel with the UiT code D000028122.<\/p>\n<p>&nbsp;<\/p>\n<p><strong>Student travel<\/strong><\/p>\n<p>Stipends will be offered to cover most or all of the student travel and accommodation, depending on final numbers. Details on how to claim expenses will be given at the conference.<\/p>\n<p>&nbsp;<\/p>\n<p><strong>Best presentation award<\/strong><\/p>\n<p>Awards will be presented for the best student oral and poster presentations at the close of the ceremony.<\/p>\n<div id=\"gtx-trans\">\n<div class=\"gtx-trans-icon\"><\/div>\n<\/div>\n","protected":false},"excerpt":{"rendered":"<p>For english, see below.\u00a0 &nbsp; Registration Registrering er gratis for alle deltakende for b\u00e5de konferansedagen og eksursjonen. &nbsp; Konferansedagen Konferansen holdes tirsdag 19.10 ved Scandic Ishavshotel i Troms\u00f8 sentrum. Registrering \u00e5pner kl 08.00. Videre begynner konferansen kl 09.30 i Panorama &hellip; <a href=\"https:\/\/site.uit.no\/geofaredagen\/praktisk-informasjon\/\">Continued<\/a><\/p>\n","protected":false},"author":1079,"featured_media":0,"parent":0,"menu_order":0,"comment_status":"closed","ping_status":"closed","template":"","meta":{"footnotes":""},"class_list":["post-11","page","type-page","status-publish","hentry"],"_links":{"self":[{"href":"https:\/\/site.uit.no\/geofaredagen\/wp-json\/wp\/v2\/pages\/11","targetHints":{"allow":["GET"]}}],"collection":[{"href":"https:\/\/site.uit.no\/geofaredagen\/wp-json\/wp\/v2\/pages"}],"about":[{"href":"https:\/\/site.uit.no\/geofaredagen\/wp-json\/wp\/v2\/types\/page"}],"author":[{"embeddable":true,"href":"https:\/\/site.uit.no\/geofaredagen\/wp-json\/wp\/v2\/users\/1079"}],"replies":[{"embeddable":true,"href":"https:\/\/site.uit.no\/geofaredagen\/wp-json\/wp\/v2\/comments?post=11"}],"version-history":[{"count":9,"href":"https:\/\/site.uit.no\/geofaredagen\/wp-json\/wp\/v2\/pages\/11\/revisions"}],"predecessor-version":[{"id":229,"href":"https:\/\/site.uit.no\/geofaredagen\/wp-json\/wp\/v2\/pages\/11\/revisions\/229"}],"wp:attachment":[{"href":"https:\/\/site.uit.no\/geofaredagen\/wp-json\/wp\/v2\/media?parent=11"}],"curies":[{"name":"wp","href":"https:\/\/api.w.org\/{rel}","templated":true}]}}