{"id":34,"date":"2020-02-13T11:25:47","date_gmt":"2020-02-13T10:25:47","guid":{"rendered":"https:\/\/site.uit.no\/geofaredagen\/?page_id=34"},"modified":"2021-10-15T15:42:58","modified_gmt":"2021-10-15T13:42:58","slug":"home","status":"publish","type":"page","link":"https:\/\/site.uit.no\/geofaredagen\/","title":{"rendered":"Home"},"content":{"rendered":"<div class=\"entry-content\">\n<h4 align=\"justify\"><\/h4>\n<h4 style=\"text-align: left\" align=\"justify\"><em>UiT Norges arktiske universitet \u00f8nsker alle velkommen til Geofaredagen\u00a019.-20. oktober 2021 p\u00e5 Scandic Ishavshotel i Troms\u00f8<\/em><\/h4>\n<\/div>\n<h4>***NB! V\u00e6ret blir kaldt under konferansen. Forbered deg p\u00e5 minusgrader.<\/h4>\n<p>&nbsp;<\/p>\n<h3><span style=\"color: #5ca47a\"><strong>Hva er Geofaredagen?<\/strong><\/span><\/h3>\n<hr \/>\n<p align=\"justify\">Geofaredagen er et m\u00f8tested for studenter, undervisere og alle som jobber med geofarer i Norge. Her presenteres forskning og utvikling innen geofare i Norge og internasjonalt. Geofaredagen har fokus p\u00e5 studenter og deres arbeid, og er et viktig forum for rekruttering av nye og motiverte medarbeidere.<\/p>\n<hr \/>\n<h3><span style=\"color: #5ca47a\"><strong>Viktige Datoer<\/strong><\/span><\/h3>\n<hr \/>\n<p><span style=\"color: #5ca47a\"><strong>01.10.2021<\/strong><\/span>\u2026\u2026\u2026\u2026&#8230;&#8230;&#8230;&#8230;&#8230;&#8230;&#8230;&#8230;&#8230;&#8230;&#8230;&#8230;&#8230;&#8230;&#8230;&#8230;&#8230;&#8230;&#8230;.\u2026\u2026\u2026\u2026\u2026.Frist for innlevering av sammendrag<\/p>\n<p><span style=\"color: #5ca47a\"><strong>01.10.2021<\/strong><\/span>\u2026\u2026\u2026\u2026\u2026\u2026\u2026\u2026\u2026\u2026\u2026\u2026\u2026\u2026\u2026\u2026\u2026\u2026\u2026\u2026\u2026\u2026\u2026\u2026\u2026.P\u00e5meldingsfrist<\/p>\n<p><span style=\"color: #5ca47a\"><strong>19.10.2021<\/strong><\/span>\u2026\u2026\u2026\u2026\u2026\u2026\u2026\u2026\u2026\u2026\u2026\u2026\u2026\u2026\u2026\u2026\u2026\u2026\u2026\u2026\u2026\u2026\u2026\u2026\u2026.Geofaredagen<\/p>\n<p><span style=\"color: #5ca47a\"><strong>20.10.2021<\/strong><\/span>\u2026\u2026\u2026\u2026\u2026\u2026\u2026\u2026\u2026\u2026\u2026\u2026\u2026\u2026\u2026\u2026\u2026\u2026\u2026\u2026\u2026\u2026\u2026\u2026\u2026.Ekskursjon:\u00a0<em>Geofarer i Nord-Norge<\/em><\/p>\n<hr \/>\n<h3><span style=\"color: #5ca47a\"><strong>V\u00e5re sponsorer<\/strong><\/span><\/h3>\n<div class=\"row\"> <div class=\"col-md-3\">\n<p><img decoding=\"async\" class=\"aligncenter wp-image-154\" src=\"https:\/\/site.uit.no\/geofaredagen\/wp-content\/uploads\/sites\/455\/2021\/08\/NGI_logo_transparent.gif\" alt=\"\" width=\"143\" height=\"65\" \/><\/p>\n<\/div><div class=\"col-md-3\">\n<p><img decoding=\"async\" class=\"wp-image-153 aligncenter\" src=\"https:\/\/site.uit.no\/geofaredagen\/wp-content\/uploads\/sites\/455\/2021\/08\/Logo_NGU.jpg\" alt=\"\" width=\"118\" height=\"121\" \/><\/p>\n<\/div><div class=\"col-md-3\">\n<p><img decoding=\"async\" class=\"aligncenter wp-image-152\" src=\"https:\/\/site.uit.no\/geofaredagen\/wp-content\/uploads\/sites\/455\/2021\/08\/Logo_HvL.png\" alt=\"\" width=\"156\" height=\"156\" srcset=\"https:\/\/site.uit.no\/geofaredagen\/wp-content\/uploads\/sites\/455\/2021\/08\/Logo_HvL.png 200w, https:\/\/site.uit.no\/geofaredagen\/wp-content\/uploads\/sites\/455\/2021\/08\/Logo_HvL-150x150.png 150w\" sizes=\"(max-width: 156px) 100vw, 156px\" \/><\/p>\n<\/div><div class=\"col-md-3\">\n<p><img loading=\"lazy\" decoding=\"async\" class=\"aligncenter wp-image-157\" src=\"https:\/\/site.uit.no\/geofaredagen\/wp-content\/uploads\/sites\/455\/2021\/08\/Multiconsult-logo-sentrert-334x222.png\" alt=\"\" width=\"145\" height=\"96\" srcset=\"https:\/\/site.uit.no\/geofaredagen\/wp-content\/uploads\/sites\/455\/2021\/08\/Multiconsult-logo-sentrert-334x222.png 334w, https:\/\/site.uit.no\/geofaredagen\/wp-content\/uploads\/sites\/455\/2021\/08\/Multiconsult-logo-sentrert-334x222-300x199.png 300w\" sizes=\"(max-width: 145px) 100vw, 145px\" \/><\/p>\n<\/div><\/div>\n<div class=\"row\"> <div class=\"col-md-3\">\n<p><img loading=\"lazy\" decoding=\"async\" class=\"aligncenter wp-image-158 \" src=\"https:\/\/site.uit.no\/geofaredagen\/wp-content\/uploads\/sites\/455\/2021\/08\/UiT_Segl_Eng_Bla_960px-150x150.png\" alt=\"\" width=\"122\" height=\"122\" srcset=\"https:\/\/site.uit.no\/geofaredagen\/wp-content\/uploads\/sites\/455\/2021\/08\/UiT_Segl_Eng_Bla_960px-150x150.png 150w, https:\/\/site.uit.no\/geofaredagen\/wp-content\/uploads\/sites\/455\/2021\/08\/UiT_Segl_Eng_Bla_960px-300x300.png 300w, https:\/\/site.uit.no\/geofaredagen\/wp-content\/uploads\/sites\/455\/2021\/08\/UiT_Segl_Eng_Bla_960px-768x768.png 768w, https:\/\/site.uit.no\/geofaredagen\/wp-content\/uploads\/sites\/455\/2021\/08\/UiT_Segl_Eng_Bla_960px.png 960w\" sizes=\"(max-width: 122px) 100vw, 122px\" \/><\/p>\n<\/div><div class=\"col-md-3\">\n<p><img loading=\"lazy\" decoding=\"async\" class=\" wp-image-219 aligncenter\" src=\"https:\/\/site.uit.no\/geofaredagen\/wp-content\/uploads\/sites\/455\/2021\/10\/NVE-292x300.png\" alt=\"\" width=\"135\" height=\"139\" srcset=\"https:\/\/site.uit.no\/geofaredagen\/wp-content\/uploads\/sites\/455\/2021\/10\/NVE-292x300.png 292w, https:\/\/site.uit.no\/geofaredagen\/wp-content\/uploads\/sites\/455\/2021\/10\/NVE.png 580w\" sizes=\"(max-width: 135px) 100vw, 135px\" \/><\/p>\n<\/div><div class=\"col-md-6\">\n<p><img loading=\"lazy\" decoding=\"async\" class=\"aligncenter wp-image-159\" src=\"https:\/\/site.uit.no\/geofaredagen\/wp-content\/uploads\/sites\/455\/2021\/08\/362ee937-ec3f-477c-afa9-568899afa683.png\" alt=\"\" width=\"568\" height=\"94\" srcset=\"https:\/\/site.uit.no\/geofaredagen\/wp-content\/uploads\/sites\/455\/2021\/08\/362ee937-ec3f-477c-afa9-568899afa683.png 670w, https:\/\/site.uit.no\/geofaredagen\/wp-content\/uploads\/sites\/455\/2021\/08\/362ee937-ec3f-477c-afa9-568899afa683-300x50.png 300w\" sizes=\"(max-width: 568px) 100vw, 568px\" \/><\/p>\n<\/div><\/div>\n<hr \/>\n<h3><span style=\"color: #5ca47a\"><strong>Hvem er Geofaredagen for?<\/strong><\/span><\/h3>\n<hr \/>\n<p align=\"justify\">Geofaredagen skal v\u00e6re et m\u00f8tested for alle som arbeider med geofare, og blir arrangert som en nasjonal konferanse. Konferansen \u00f8nsker \u00e5 n\u00e5 dagens og fremtidens geofareforskere, undervisere og andre som jobber med geofarer. Konferansen er p\u00e5 norsk, men bidrag p\u00e5 engelsk blir ogs\u00e5 akseptert.<\/p>\n<p align=\"justify\">M\u00e5lgruppen for Geofaredagen er f\u00f8rst og fremst studenter som arbeider med mastergrad, doktorgrad, eller som nettopp har avsluttet studiet \u2013 neste generasjons geofareforskere. M\u00e5let er \u00e5 utveksle erfaringer og \u00e5 m\u00f8te fagmilj\u00f8et som arbeider med geofarer. Konferansen ogs\u00e5 ment \u00e5 v\u00e6re et kontaktledd mot viktige offentlige etater, konsulenter og andre akt\u00f8rer innenfor fagfeltet.<\/p>\n<h3><\/h3>\n<hr \/>\n<p>&nbsp;<\/p>\n<h3><span style=\"color: #5ca47a\"><strong>Geofarer i Norge<\/strong><\/span><\/h3>\n<hr \/>\n<p align=\"justify\">B\u00e5de menneskelig aktivitet, naturlige prosesser og klimaendringer kan utl\u00f8se forskjellige typer geofarer\u00a0<em>(geohazards)<\/em>, med konsekvenser for menneskeliv, milj\u00f8 og verdier. P\u00e5 denne konferansen forst\u00e5s \u201dgeofarer\u201d som jordskjelv, vulkanutbrudd, flom, oversv\u00f8mmelse, skred og storm. I tillegg inkluderes prosesser som erosjon og naturlig radioaktiv str\u00e5ling, samt effekter av menneskelig aktivitet.<br \/>\nKunnskap om disse prosessene i naturen er avgj\u00f8rende for hvordan samfunnet kan redusere risiko fra geofarer, gjennom forebygging og tilpasning av bygninger og annen infrastruktur.<br \/>\nKunnskap er viktig for \u00e5 definere hvilke tiltak som kan gj\u00f8res for \u00e5 sikre liv og verdier, b\u00e5de under dagens forhold og ved fremtidige klimaendringer.<\/p>\n<h3><\/h3>\n<hr \/>\n<div class=\"row\"> <div class=\"col-md-4\">\n<figure id=\"attachment_29\" class=\"thumbnail wp-caption aligncenter\" style=\"width: 1024px\"><img loading=\"lazy\" decoding=\"async\" class=\"wp-image-29 size-large\" src=\"https:\/\/site.uit.no\/geofaredagen\/wp-content\/uploads\/sites\/455\/2020\/02\/Geofaredage_mellomfjellet-e1624621268132-1024x711.jpeg\" alt=\"\" width=\"1024\" height=\"711\" srcset=\"https:\/\/site.uit.no\/geofaredagen\/wp-content\/uploads\/sites\/455\/2020\/02\/Geofaredage_mellomfjellet-e1624621268132-1024x711.jpeg 1024w, https:\/\/site.uit.no\/geofaredagen\/wp-content\/uploads\/sites\/455\/2020\/02\/Geofaredage_mellomfjellet-e1624621268132-300x208.jpeg 300w, https:\/\/site.uit.no\/geofaredagen\/wp-content\/uploads\/sites\/455\/2020\/02\/Geofaredage_mellomfjellet-e1624621268132-768x533.jpeg 768w, https:\/\/site.uit.no\/geofaredagen\/wp-content\/uploads\/sites\/455\/2020\/02\/Geofaredage_mellomfjellet-e1624621268132.jpeg 1100w\" sizes=\"(max-width: 1024px) 100vw, 1024px\" \/><figcaption class=\"caption wp-caption-text\">Ustabil fjellside, Reisadalen, 2018. L. M. Vick<\/figcaption><\/figure>\n<\/div><div class=\"col-md-4\">\n<figure id=\"attachment_118\" class=\"thumbnail wp-caption aligncenter\" style=\"width: 420px\"><img loading=\"lazy\" decoding=\"async\" class=\"wp-image-118 \" src=\"https:\/\/site.uit.no\/geofaredagen\/wp-content\/uploads\/sites\/455\/2021\/06\/Signaldalen_Steffen-300x225.jpg\" alt=\"\" width=\"420\" height=\"315\" srcset=\"https:\/\/site.uit.no\/geofaredagen\/wp-content\/uploads\/sites\/455\/2021\/06\/Signaldalen_Steffen-300x225.jpg 300w, https:\/\/site.uit.no\/geofaredagen\/wp-content\/uploads\/sites\/455\/2021\/06\/Signaldalen_Steffen-768x576.jpg 768w, https:\/\/site.uit.no\/geofaredagen\/wp-content\/uploads\/sites\/455\/2021\/06\/Signaldalen_Steffen.jpg 992w\" sizes=\"(max-width: 420px) 100vw, 420px\" \/><figcaption class=\"caption wp-caption-text\">Fjellskred, Signaldalen, 2008. S. Bergh<\/figcaption><\/figure>\n<\/div><div class=\"col-md-4\">\n<figure id=\"attachment_119\" class=\"thumbnail wp-caption aligncenter\" style=\"width: 404px\"><img loading=\"lazy\" decoding=\"async\" class=\"wp-image-119 \" src=\"https:\/\/site.uit.no\/geofaredagen\/wp-content\/uploads\/sites\/455\/2021\/06\/Skibotn_NRK-e1624615067505-300x230.jpg\" alt=\"\" width=\"404\" height=\"310\" srcset=\"https:\/\/site.uit.no\/geofaredagen\/wp-content\/uploads\/sites\/455\/2021\/06\/Skibotn_NRK-e1624615067505-300x230.jpg 300w, https:\/\/site.uit.no\/geofaredagen\/wp-content\/uploads\/sites\/455\/2021\/06\/Skibotn_NRK-e1624615067505.jpg 488w\" sizes=\"(max-width: 404px) 100vw, 404px\" \/><figcaption class=\"caption wp-caption-text\">Steinsprang, Skibotn, 2020. NRK<\/figcaption><\/figure>\n<\/div><\/div>\n<div class=\"row\"> <div class=\"col-md-4\">\n<figure id=\"attachment_115\" class=\"thumbnail wp-caption aligncenter\" style=\"width: 1024px\"><img loading=\"lazy\" decoding=\"async\" class=\"wp-image-115 size-large\" src=\"https:\/\/site.uit.no\/geofaredagen\/wp-content\/uploads\/sites\/455\/2021\/06\/02_03_2010-1024x685.jpg\" alt=\"\" width=\"1024\" height=\"685\" srcset=\"https:\/\/site.uit.no\/geofaredagen\/wp-content\/uploads\/sites\/455\/2021\/06\/02_03_2010-1024x685.jpg 1024w, https:\/\/site.uit.no\/geofaredagen\/wp-content\/uploads\/sites\/455\/2021\/06\/02_03_2010-300x201.jpg 300w, https:\/\/site.uit.no\/geofaredagen\/wp-content\/uploads\/sites\/455\/2021\/06\/02_03_2010-768x514.jpg 768w\" sizes=\"(max-width: 1024px) 100vw, 1024px\" \/><figcaption class=\"caption wp-caption-text\">Sn\u00f8skred, Rikgrensen, 2011. C. Jaedicke<\/figcaption><\/figure>\n<\/div><div class=\"col-md-4\">\n<figure id=\"attachment_129\" class=\"thumbnail wp-caption aligncenter\" style=\"width: 737px\"><img loading=\"lazy\" decoding=\"async\" class=\"wp-image-129 \" src=\"https:\/\/site.uit.no\/geofaredagen\/wp-content\/uploads\/sites\/455\/2021\/06\/Mathilde_earthquake-china.jpg\" alt=\"\" width=\"737\" height=\"493\" srcset=\"https:\/\/site.uit.no\/geofaredagen\/wp-content\/uploads\/sites\/455\/2021\/06\/Mathilde_earthquake-china.jpg 655w, https:\/\/site.uit.no\/geofaredagen\/wp-content\/uploads\/sites\/455\/2021\/06\/Mathilde_earthquake-china-300x201.jpg 300w\" sizes=\"(max-width: 737px) 100vw, 737px\" \/><figcaption class=\"caption wp-caption-text\">Jordskjelv, Kina, 2008. M. B. S\u00f8rensen<\/figcaption><\/figure>\n<\/div><div class=\"col-md-4\">\n<figure id=\"attachment_114\" class=\"thumbnail wp-caption aligncenter\" style=\"width: 1136px\"><img loading=\"lazy\" decoding=\"async\" class=\"wp-image-114 \" src=\"https:\/\/site.uit.no\/geofaredagen\/wp-content\/uploads\/sites\/455\/2021\/06\/DJI_0160-1024x683.jpg\" alt=\"\" width=\"1136\" height=\"758\" srcset=\"https:\/\/site.uit.no\/geofaredagen\/wp-content\/uploads\/sites\/455\/2021\/06\/DJI_0160-1024x683.jpg 1024w, https:\/\/site.uit.no\/geofaredagen\/wp-content\/uploads\/sites\/455\/2021\/06\/DJI_0160-300x200.jpg 300w, https:\/\/site.uit.no\/geofaredagen\/wp-content\/uploads\/sites\/455\/2021\/06\/DJI_0160-768x512.jpg 768w\" sizes=\"(max-width: 1136px) 100vw, 1136px\" \/><figcaption class=\"caption wp-caption-text\">Leireskred, Kr\u00e5knes, 2020. L. M. Vick<\/figcaption><\/figure>\n<\/div><\/div>\n<p>&nbsp;<\/p>\n<p>&nbsp;<\/p>\n","protected":false},"excerpt":{"rendered":"<p>UiT Norges arktiske universitet \u00f8nsker alle velkommen til Geofaredagen\u00a019.-20. oktober 2021 p\u00e5 Scandic Ishavshotel i Troms\u00f8 ***NB! V\u00e6ret blir kaldt under konferansen. Forbered deg p\u00e5 minusgrader. &nbsp; Hva er Geofaredagen? Geofaredagen er et m\u00f8tested for studenter, undervisere og alle som &hellip; <a href=\"https:\/\/site.uit.no\/geofaredagen\/\">Continued<\/a><\/p>\n","protected":false},"author":1079,"featured_media":32,"parent":0,"menu_order":0,"comment_status":"closed","ping_status":"closed","template":"","meta":{"footnotes":""},"class_list":["post-34","page","type-page","status-publish","has-post-thumbnail","hentry"],"_links":{"self":[{"href":"https:\/\/site.uit.no\/geofaredagen\/wp-json\/wp\/v2\/pages\/34","targetHints":{"allow":["GET"]}}],"collection":[{"href":"https:\/\/site.uit.no\/geofaredagen\/wp-json\/wp\/v2\/pages"}],"about":[{"href":"https:\/\/site.uit.no\/geofaredagen\/wp-json\/wp\/v2\/types\/page"}],"author":[{"embeddable":true,"href":"https:\/\/site.uit.no\/geofaredagen\/wp-json\/wp\/v2\/users\/1079"}],"replies":[{"embeddable":true,"href":"https:\/\/site.uit.no\/geofaredagen\/wp-json\/wp\/v2\/comments?post=34"}],"version-history":[{"count":49,"href":"https:\/\/site.uit.no\/geofaredagen\/wp-json\/wp\/v2\/pages\/34\/revisions"}],"predecessor-version":[{"id":225,"href":"https:\/\/site.uit.no\/geofaredagen\/wp-json\/wp\/v2\/pages\/34\/revisions\/225"}],"wp:featuredmedia":[{"embeddable":true,"href":"https:\/\/site.uit.no\/geofaredagen\/wp-json\/wp\/v2\/media\/32"}],"wp:attachment":[{"href":"https:\/\/site.uit.no\/geofaredagen\/wp-json\/wp\/v2\/media?parent=34"}],"curies":[{"name":"wp","href":"https:\/\/api.w.org\/{rel}","templated":true}]}}