{"id":13,"date":"2018-05-04T10:33:49","date_gmt":"2018-05-04T08:33:49","guid":{"rendered":"https:\/\/site.uit.no\/hybrid\/?page_id=13"},"modified":"2019-06-19T23:04:37","modified_gmt":"2019-06-19T21:04:37","slug":"media","status":"publish","type":"page","link":"https:\/\/site.uit.no\/hybrid\/media\/","title":{"rendered":"Media"},"content":{"rendered":"<h1>In the media:<\/h1>\n<p><img decoding=\"async\" class=\"\" src=\"https:\/\/www.minervanett.no\/wp-content\/uploads\/2017\/02\/Klassekampen-logo-1.jpg\" alt=\"Related image\" width=\"180\" height=\"40\" \/><\/p>\n<h1 class=\"header__title header__title--meninger\">Totalforsvarskonseptet<\/h1>\n<p><em>Skrevet av\u00a0Gunhild Hoogensen Gj\u00f8rv<\/em><\/p>\n<blockquote><p>I en krise er v\u00e5re kapasiteter som sivile like viktige som myndigheter og Forsvaret. Tillit er n\u00f8kkelordet.<\/p><\/blockquote>\n<p><b>I fjor h\u00f8st fikk\u00a0<\/b>alle husholdninger tilsendt brosjyren \u00abDu er en del av Norges beredskap\u00bb fra Direktoratet for samfunnssikkerhet og beredskap (DSB) med r\u00e5d om forberedelser og h\u00e5ndtering av mulige kriser.<br \/>\n<a href=\"https:\/\/dagens.klassekampen.no\/2019-04-02\/totalforsvarskonseptet\">Lenke til artikkelen<\/a><\/p>\n<hr \/>\n<p><a class=\"irc_mil i3597\" href=\"https:\/\/twitter.com\/armywarcollege\/status\/864958081704361985\" target=\"_blank\" rel=\"noopener\"><img decoding=\"async\" class=\"irc_mi\" src=\"https:\/\/pbs.twimg.com\/media\/DADyHr2XgAII08p.jpg\" alt=\"Image result for war room us war army college\" width=\"192\" height=\"52\" \/><\/a><\/p>\n<h1 class=\"entry-title\">Learning Painful Lessons from Afghanistan<\/h1>\n<p><em>By Gunhild Hoogensen Gj\u00f8rv<\/em><\/p>\n<blockquote><p>Conflicts, both in Afghanistan as well as at home, will continue to have both a complex civilian and military character<\/p><\/blockquote>\n<p>When the\u00a0<a class=\"external\" href=\"https:\/\/www.nato.int\/cps\/en\/natolive\/topics_69366.htm\" target=\"_blank\" rel=\"noopener\">International Security Assistance Force (ISAF)<\/a>\u00a0finally closed shop in Afghanistan in 2014, many participating nations professed a weariness with complex, civil-military, out-of-area operations. These operations demanded close, often awkward, relationships of cooperation, co-existence, and confrontation between different civil and military actors, including local civilians. Amid the withdrawal, many militaries and their defense departments seemed to express a collective sigh of relief, talking about a \u2018return\u2019 to strictly military priorities and operations. The focus shifted to \u2018near area\u2019 operations and security concerns at home.<\/p>\n<p><a href=\"https:\/\/warroom.armywarcollege.edu\/articles\/painful-lessons-afghanistan\/\">Link to article<\/a><\/p>\n<hr \/>\n<p><a href=\"https:\/\/www.e-ir.info\/2018\/08\/02\/hybrid-warfare-and-the-role-civilians-play\/\"><img decoding=\"async\" src=\"https:\/\/site.uit.no\/hybrid\/wp-content\/uploads\/sites\/355\/2018\/08\/logo_e_international.png\" width=\"150\" \/><\/a><\/p>\n<h1><strong>Hybrid Warfare and the Role Civilians Play<\/strong><\/h1>\n<p>On 16 July 2018 the press conference following the long anticipated Putin\u2013Trump Summit meeting in Helsinki, Finland was met with astonishment and anger from both American media and politicians and allies. American president Donald Trump sided with Russian president Vladimir Putin regarding accusations of Russian meddling in the US 2016 presidential election. The evidence procured by American intelligence agencies against Russian agents and those cooperating with Russia to manipulate public opinion and the American elections has thus far resulted in the indictment of at least 31 people, including some of Trump\u2019s own political staff.<br \/>\n<a href=\"https:\/\/www.e-ir.info\/2018\/08\/02\/hybrid-warfare-and-the-role-civilians-play\/\">Link to article<\/a><\/p>\n<hr \/>\n<p><a href=\"http:\/\/nordnorskdebatt.no\/article\/i-seng-fienden\"><img decoding=\"async\" src=\"http:\/\/nordnorskdebatt.no\/\/sites\/default\/themes\/nd\/logo.svg\" width=\"150\" \/><\/a><\/p>\n<h2>I seng med fienden?<\/h2>\n<blockquote><p>Etter NATOs tilbaketrekning fra Afghanistan har de europeiske statene fokusert langt mer p\u00e5 sikkerhetsutfordringer i egne n\u00e6romr\u00e5der. I Norge kan man for eksempel se denne sikkerhetspolitiske reorienteringen ved en ny aktualisering av totalforsvarskonseptet. Dette konseptet har sin historie fra den kalde krigen, og tilstreber et tett samarbeid mellom Forsvaret og det sivile samfunn for \u00e5 sikre b\u00e5de menneskelig og statlig sikkerhet.<br \/>\n<a href=\"http:\/\/nordnorskdebatt.no\/article\/i-seng-fienden\">Link til artikkelen<\/a><\/p><\/blockquote>\n<hr \/>\n<p><img decoding=\"async\" class=\"\" src=\"https:\/\/pbs.twimg.com\/profile_images\/423516091235594240\/DITYr_uY_400x400.jpeg\" alt=\"Image result for high north news logo\" width=\"64\" height=\"64\" \/><\/p>\n<h1 class=\"article--header__title\">UiT skal forske p\u00e5 sivile i hybridkrig<\/h1>\n<blockquote><p>Sivil-milit\u00e6r samhandling er sentralt i et nytt forskningsprosjekt kalt ResilientCivilians ved UiT. Hva skjer med sivile i en hybridkrig?<br \/>\nDet hersker en form for enighet om at fremtidige internasjonale konflikter i Europa kommer til \u00e5 bli dominert av, eller i alle fall omfatte, hybrid krigf\u00f8ring. En form for slik hybrid krigf\u00f8ring kan f.eks. den p\u00e5st\u00e5tte russiske innblandingen i valgkampen i USA.<br \/>\n<a href=\"http:\/\/www.highnorthnews.com\/uit-skal-forske-pa-sivile-i-hybridkrig\/\">Link to article<\/a><\/p><\/blockquote>\n<hr \/>\n<p><img loading=\"lazy\" decoding=\"async\" class=\"\" src=\"https:\/\/carnegieendowment.org\/site-assets\/layout-images\/logo_print_en.gif\" alt=\"Image result for carnegie endowment for international peace\" width=\"279\" height=\"51\" \/><\/p>\n<h1 class=\"headline\">The Primakov (Not Gerasimov) Doctrine in Action<\/h1>\n<blockquote><p>The Primakov doctrine has set Russia\u2019s recent course. The Kremlin must decide if it should continue to follow the doctrine, or if it should pursue a more robust set of global ambitions.<\/p><\/blockquote>\n<p>Since 2014, Russian \u201chybrid warfare\u201d has been at the center of attention of Western security analysts. The Kremlin\u2019s reliance on proxies, disinformation, and measures short of war has created the impression that its hybrid capabilities are distinct and separate from its military and can serve as a substitute for hard power. That impression is incorrect. Russian military and hybrid activities and tools are inextricably linked.<\/p>\n<p><a href=\"https:\/\/carnegieendowment.org\/2019\/06\/05\/primakov-not-gerasimov-doctrine-in-action-pub-79254\">Link to article<\/a><\/p>\n<hr \/>\n<p><img loading=\"lazy\" decoding=\"async\" class=\"\" src=\"https:\/\/www.sicherheit-und-frieden.nomos.de\/fileadmin\/suf\/img\/Head_Sicherheit_und_Frieden.jpg\" alt=\"Image result for sicherheit und frieden\" width=\"255\" height=\"85\" \/><\/p>\n<h1>Populism\u2019s Call to Citizenship<\/h1>\n<p>By\u00a0<em>Christopher Holshek<\/em><\/p>\n<p>Current threats to democracy and the liberal world order from authoritarian populism are due to the failures in governance and civics that have given it fertile ground. Like terrorism, hybrid warfare, and other distributed people-centric challenges in peace and security within and beyond borders, authoritarian populism is an international strategic challenge in human security and peacebuilding. Strategies to combat authoritarian populism must: first, distinguish it as an international security challenge, including its use of strategic narratives to sway populaces; second, see it as a result of failed citizenship as much as failed government; and third, employ a strategic peacebuilding approach to governance and citizenship that is as bottom-up as top-down.<\/p>\n<p><a href=\"https:\/\/site.uit.no\/hybrid\/wp-content\/uploads\/sites\/355\/2019\/06\/Sicherheit-und-Frieden-Populisms-Call-to-Citizenship.pdf\">Link to article<\/a><\/p>\n<p>&nbsp;<\/p>\n<iframe src=\"http:\/\/www.facebook.com\/plugins\/like.php?href=https%3A%2F%2Fsite.uit.no%2Fhybrid%2Fmedia%2F&amp;layout=standard&amp;show_faces=true&amp;width=450&amp;action=like&amp;colorscheme=light&amp;height=80\" scrolling=\"no\" frameborder=\"0\" style=\"border:none; overflow:hidden; width:450px; height:80px;\" allowTransparency=\"true\"><\/iframe>","protected":false},"excerpt":{"rendered":"<p>In the media: Totalforsvarskonseptet Skrevet av\u00a0Gunhild Hoogensen Gj\u00f8rv I en krise er v\u00e5re kapasiteter som sivile like viktige som myndigheter og Forsvaret. Tillit er n\u00f8kkelordet. I fjor h\u00f8st fikk\u00a0alle husholdninger tilsendt brosjyren \u00abDu er&#46;&#46;&#46;<\/p>\n","protected":false},"author":7,"featured_media":0,"parent":0,"menu_order":0,"comment_status":"closed","ping_status":"closed","template":"","meta":{"footnotes":""},"class_list":["post-13","page","type-page","status-publish","hentry"],"_links":{"self":[{"href":"https:\/\/site.uit.no\/hybrid\/wp-json\/wp\/v2\/pages\/13","targetHints":{"allow":["GET"]}}],"collection":[{"href":"https:\/\/site.uit.no\/hybrid\/wp-json\/wp\/v2\/pages"}],"about":[{"href":"https:\/\/site.uit.no\/hybrid\/wp-json\/wp\/v2\/types\/page"}],"author":[{"embeddable":true,"href":"https:\/\/site.uit.no\/hybrid\/wp-json\/wp\/v2\/users\/7"}],"replies":[{"embeddable":true,"href":"https:\/\/site.uit.no\/hybrid\/wp-json\/wp\/v2\/comments?post=13"}],"version-history":[{"count":34,"href":"https:\/\/site.uit.no\/hybrid\/wp-json\/wp\/v2\/pages\/13\/revisions"}],"predecessor-version":[{"id":273,"href":"https:\/\/site.uit.no\/hybrid\/wp-json\/wp\/v2\/pages\/13\/revisions\/273"}],"wp:attachment":[{"href":"https:\/\/site.uit.no\/hybrid\/wp-json\/wp\/v2\/media?parent=13"}],"curies":[{"name":"wp","href":"https:\/\/api.w.org\/{rel}","templated":true}]}}