{"id":113,"date":"2023-09-08T13:33:23","date_gmt":"2023-09-08T11:33:23","guid":{"rendered":"https:\/\/site.uit.no\/kaiki\/?page_id=113"},"modified":"2023-09-29T10:19:54","modified_gmt":"2023-09-29T08:19:54","slug":"kontakt","status":"publish","type":"page","link":"https:\/\/site.uit.no\/kaiki\/kontakt\/","title":{"rendered":"Kontakt"},"content":{"rendered":"<p>[et_pb_section fb_built=&raquo;1&#8243; custom_padding_last_edited=&raquo;off|desktop&raquo; admin_label=&raquo;Header&raquo; _builder_version=&raquo;4.21.0&#8243; _module_preset=&raquo;default&raquo; background_color=&raquo;#000000&#8243; background_enable_image=&raquo;off&raquo; custom_padding_tablet=&raquo;80px||80px||true|false&raquo; custom_padding_phone=&raquo;30px||30px||true|false&raquo; locked=&raquo;off&raquo; global_colors_info=&raquo;{}&raquo;][et_pb_row _builder_version=&raquo;4.16&#8243; _module_preset=&raquo;default&raquo; global_colors_info=&raquo;{}&raquo;][et_pb_column type=&raquo;4_4&#8243; _builder_version=&raquo;4.16&#8243; _module_preset=&raquo;default&raquo; global_colors_info=&raquo;{}&raquo;][et_pb_text _builder_version=&raquo;4.21.0&#8243; _module_preset=&raquo;77bd6224-541c-4dfa-aa0c-4832456a9557&#8243; header_font=&raquo;Dosis|700|||||||&raquo; header_font_size=&raquo;120px&raquo; background_layout=&raquo;dark&raquo; header_font_size_tablet=&raquo;60px&raquo; header_font_size_phone=&raquo;34px&raquo; header_font_size_last_edited=&raquo;on|phone&raquo; locked=&raquo;off&raquo; global_colors_info=&raquo;{}&raquo;]<\/p>\n<h1>KA I KI?<\/h1>\n<p>[\/et_pb_text][\/et_pb_column][\/et_pb_row][\/et_pb_section][et_pb_section fb_built=&raquo;1&#8243; admin_label=&raquo;Speakers&raquo; _builder_version=&raquo;4.16&#8243; _module_preset=&raquo;default&raquo; background_color=&raquo;#000000&#8243; global_colors_info=&raquo;{}&raquo;][et_pb_row column_structure=&raquo;1_4,1_4,1_2&#8243; _builder_version=&raquo;4.21.0&#8243; _module_preset=&raquo;default&raquo; global_colors_info=&raquo;{}&raquo;][et_pb_column type=&raquo;1_4&#8243; _builder_version=&raquo;4.21.0&#8243; _module_preset=&raquo;default&raquo; global_colors_info=&raquo;{}&raquo;][et_pb_image src=&raquo;https:\/\/site.uit.no\/kaiki\/wp-content\/uploads\/sites\/501\/2023\/09\/John-McNicol.jpg&raquo; title_text=&raquo;John McNicol&raquo; _builder_version=&raquo;4.21.0&#8243; _module_preset=&raquo;default&raquo; global_colors_info=&raquo;{}&raquo;][\/et_pb_image][\/et_pb_column][et_pb_column type=&raquo;1_4&#8243; _builder_version=&raquo;4.16&#8243; _module_preset=&raquo;default&raquo; global_colors_info=&raquo;{}&raquo;][et_pb_blurb title=&raquo;Programleder&raquo; use_icon=&raquo;on&raquo; icon_placement=&raquo;left&raquo; image_icon_width=&raquo;64px&raquo; content_max_width=&raquo;100%&raquo; image_icon_width_tablet=&raquo;48px&raquo; image_icon_width_phone=&raquo;48px&raquo; image_icon_width_last_edited=&raquo;on|phone&raquo; _builder_version=&raquo;4.21.0&#8243; _module_preset=&raquo;896b174a-9f2e-4e51-9b1c-d942bf8dce05&#8243; header_font=&raquo;|600||on|||||&raquo; header_text_color=&raquo;#ff8154&#8243; header_font_size=&raquo;12px&raquo; header_letter_spacing=&raquo;2px&raquo; header_line_height=&raquo;1.2em&raquo; body_font=&raquo;|700|||||||&raquo; body_font_size=&raquo;24px&raquo; body_line_height=&raquo;1.6em&raquo; background_layout=&raquo;dark&raquo; animation=&raquo;off&raquo; header_font_size_tablet=&raquo;16px&raquo; header_font_size_phone=&raquo;14px&raquo; header_font_size_last_edited=&raquo;on|desktop&raquo; body_font_size_tablet=&raquo;20px&raquo; body_font_size_phone=&raquo;18px&raquo; body_font_size_last_edited=&raquo;on|phone&raquo; border_radii_image=&raquo;on|60px|60px|60px|60px&raquo; image_max_width=&raquo;64px&raquo; image_max_width_tablet=&raquo;48px&raquo; image_max_width_phone=&raquo;&raquo; image_max_width_last_edited=&raquo;on|phone&raquo; locked=&raquo;off&raquo; global_colors_info=&raquo;{}&raquo;]<\/p>\n<p>John McNicol<\/p>\n<p>[\/et_pb_blurb][\/et_pb_column][et_pb_column type=&raquo;1_2&#8243; _builder_version=&raquo;4.16&#8243; _module_preset=&raquo;default&raquo; global_colors_info=&raquo;{}&raquo;][et_pb_text _builder_version=&raquo;4.21.0&#8243; _module_preset=&raquo;8cd1ce6b-38be-479c-8fe0-00b31d0a6bd3&#8243; text_font=&raquo;Poppins|300|||||||&raquo; text_font_size=&raquo;18px&raquo; text_line_height=&raquo;1.8em&raquo; background_layout=&raquo;dark&raquo; max_width=&raquo;800px&raquo; text_font_size_tablet=&raquo;16px&raquo; text_font_size_phone=&raquo;14px&raquo; text_font_size_last_edited=&raquo;on|desktop&raquo; locked=&raquo;off&raquo; global_colors_info=&raquo;{}&raquo;]<\/p>\n<p>Prodekan for utdanning og stedfortredende dekan ved Fakultet for humaniora, samfunnsvitenskap og l\u00e6rerutdanning ved UiT Norges Arktiske Universitet.<\/p>\n<p>[\/et_pb_text][et_pb_blurb title=&raquo;john.mcnicol@uit.no&raquo; use_icon=&raquo;on&raquo; font_icon=&raquo;&#xe010;||divi||400&#8243; icon_color=&raquo;#FFFFFF&raquo; icon_placement=&raquo;left&raquo; image_icon_width=&raquo;22px&raquo; _builder_version=&raquo;4.21.0&#8243; _module_preset=&raquo;default&raquo; header_font=&raquo;|300|||||||&raquo; header_font_size=&raquo;15px&raquo; background_layout=&raquo;dark&raquo; global_colors_info=&raquo;{}&raquo;][\/et_pb_blurb][\/et_pb_column][\/et_pb_row][et_pb_row column_structure=&raquo;1_4,1_4,1_2&#8243; _builder_version=&raquo;4.21.0&#8243; _module_preset=&raquo;default&raquo; global_colors_info=&raquo;{}&raquo;][et_pb_column type=&raquo;1_4&#8243; _builder_version=&raquo;4.21.0&#8243; _module_preset=&raquo;default&raquo; global_colors_info=&raquo;{}&raquo;][et_pb_image src=&raquo;https:\/\/site.uit.no\/kaiki\/wp-content\/uploads\/sites\/501\/2023\/09\/Sigurd-Tonnesen.jpg&raquo; title_text=&raquo;Sigurd T\u00f8nnesen&raquo; _builder_version=&raquo;4.21.0&#8243; _module_preset=&raquo;default&raquo; filter_saturate=&raquo;0%&raquo; filter_brightness=&raquo;94%&raquo; filter_contrast=&raquo;107%&raquo; global_colors_info=&raquo;{}&raquo;][\/et_pb_image][\/et_pb_column][et_pb_column type=&raquo;1_4&#8243; _builder_version=&raquo;4.16&#8243; _module_preset=&raquo;default&raquo; global_colors_info=&raquo;{}&raquo;][et_pb_blurb title=&raquo;Medprogramleder&raquo; use_icon=&raquo;on&raquo; icon_placement=&raquo;left&raquo; image_icon_width=&raquo;64px&raquo; content_max_width=&raquo;100%&raquo; image_icon_width_tablet=&raquo;48px&raquo; image_icon_width_phone=&raquo;48px&raquo; image_icon_width_last_edited=&raquo;on|phone&raquo; _builder_version=&raquo;4.21.0&#8243; _module_preset=&raquo;896b174a-9f2e-4e51-9b1c-d942bf8dce05&#8243; header_font=&raquo;|600||on|||||&raquo; header_text_color=&raquo;#ff8154&#8243; header_font_size=&raquo;12px&raquo; header_letter_spacing=&raquo;2px&raquo; header_line_height=&raquo;1.2em&raquo; body_font=&raquo;|700|||||||&raquo; body_font_size=&raquo;24px&raquo; body_line_height=&raquo;1.6em&raquo; background_layout=&raquo;dark&raquo; animation=&raquo;off&raquo; header_font_size_tablet=&raquo;16px&raquo; header_font_size_phone=&raquo;14px&raquo; header_font_size_last_edited=&raquo;on|desktop&raquo; body_font_size_tablet=&raquo;20px&raquo; body_font_size_phone=&raquo;18px&raquo; body_font_size_last_edited=&raquo;on|phone&raquo; border_radii_image=&raquo;on|60px|60px|60px|60px&raquo; image_max_width=&raquo;64px&raquo; image_max_width_tablet=&raquo;48px&raquo; image_max_width_phone=&raquo;&raquo; image_max_width_last_edited=&raquo;on|phone&raquo; locked=&raquo;off&raquo; global_colors_info=&raquo;{}&raquo;]<\/p>\n<p>Sigurd T\u00f8nnessen<\/p>\n<p>[\/et_pb_blurb][\/et_pb_column][et_pb_column type=&raquo;1_2&#8243; _builder_version=&raquo;4.16&#8243; _module_preset=&raquo;default&raquo; global_colors_info=&raquo;{}&raquo;][et_pb_text _builder_version=&raquo;4.21.0&#8243; _module_preset=&raquo;8cd1ce6b-38be-479c-8fe0-00b31d0a6bd3&#8243; text_font=&raquo;Poppins|300|||||||&raquo; text_font_size=&raquo;18px&raquo; text_line_height=&raquo;1.8em&raquo; background_layout=&raquo;dark&raquo; max_width=&raquo;800px&raquo; text_font_size_tablet=&raquo;16px&raquo; text_font_size_phone=&raquo;14px&raquo; text_font_size_last_edited=&raquo;on|desktop&raquo; locked=&raquo;off&raquo; global_colors_info=&raquo;{}&raquo;]<\/p>\n<p>F\u00f8rstelektor ved institutt for filosofi og f\u00f8rstesemesterstudier ved UiT Norges Arktiske Universitet.<\/p>\n<p>[\/et_pb_text][et_pb_blurb title=&raquo;sigurd.tonnessen@uit.no&raquo; use_icon=&raquo;on&raquo; font_icon=&raquo;&#xe010;||divi||400&#8243; icon_color=&raquo;#FFFFFF&raquo; icon_placement=&raquo;left&raquo; image_icon_width=&raquo;22px&raquo; _builder_version=&raquo;4.21.0&#8243; _module_preset=&raquo;default&raquo; header_font=&raquo;|300|||||||&raquo; header_font_size=&raquo;15px&raquo; background_layout=&raquo;dark&raquo; global_colors_info=&raquo;{}&raquo;][\/et_pb_blurb][\/et_pb_column][\/et_pb_row][et_pb_row column_structure=&raquo;1_4,1_4,1_2&#8243; _builder_version=&raquo;4.21.0&#8243; _module_preset=&raquo;default&raquo; global_colors_info=&raquo;{}&raquo;][et_pb_column type=&raquo;1_4&#8243; _builder_version=&raquo;4.21.0&#8243; _module_preset=&raquo;default&raquo; global_colors_info=&raquo;{}&raquo;][et_pb_image src=&raquo;https:\/\/site.uit.no\/kaiki\/wp-content\/uploads\/sites\/501\/2023\/09\/Gillian-Ramchand.jpg&raquo; title_text=&raquo;Gillian Ramchand&raquo; _builder_version=&raquo;4.21.0&#8243; _module_preset=&raquo;default&raquo; filter_saturate=&raquo;0%&raquo; filter_brightness=&raquo;94%&raquo; filter_contrast=&raquo;107%&raquo; global_colors_info=&raquo;{}&raquo;][\/et_pb_image][\/et_pb_column][et_pb_column type=&raquo;1_4&#8243; _builder_version=&raquo;4.16&#8243; _module_preset=&raquo;default&raquo; global_colors_info=&raquo;{}&raquo;][et_pb_blurb title=&raquo;Medprogramleder&raquo; use_icon=&raquo;on&raquo; icon_placement=&raquo;left&raquo; image_icon_width=&raquo;64px&raquo; content_max_width=&raquo;100%&raquo; image_icon_width_tablet=&raquo;48px&raquo; image_icon_width_phone=&raquo;48px&raquo; image_icon_width_last_edited=&raquo;on|phone&raquo; _builder_version=&raquo;4.21.0&#8243; _module_preset=&raquo;896b174a-9f2e-4e51-9b1c-d942bf8dce05&#8243; header_font=&raquo;|600||on|||||&raquo; header_text_color=&raquo;#ff8154&#8243; header_font_size=&raquo;12px&raquo; header_letter_spacing=&raquo;2px&raquo; header_line_height=&raquo;1.2em&raquo; body_font=&raquo;|700|||||||&raquo; body_font_size=&raquo;24px&raquo; body_line_height=&raquo;1.6em&raquo; background_layout=&raquo;dark&raquo; animation=&raquo;off&raquo; header_font_size_tablet=&raquo;16px&raquo; header_font_size_phone=&raquo;14px&raquo; header_font_size_last_edited=&raquo;on|desktop&raquo; body_font_size_tablet=&raquo;20px&raquo; body_font_size_phone=&raquo;18px&raquo; body_font_size_last_edited=&raquo;on|phone&raquo; border_radii_image=&raquo;on|60px|60px|60px|60px&raquo; image_max_width=&raquo;64px&raquo; image_max_width_tablet=&raquo;48px&raquo; image_max_width_phone=&raquo;&raquo; image_max_width_last_edited=&raquo;on|phone&raquo; locked=&raquo;off&raquo; global_colors_info=&raquo;{}&raquo;]<\/p>\n<p>Gillian Ramchand<\/p>\n<p>[\/et_pb_blurb][\/et_pb_column][et_pb_column type=&raquo;1_2&#8243; _builder_version=&raquo;4.16&#8243; _module_preset=&raquo;default&raquo; global_colors_info=&raquo;{}&raquo;][et_pb_text _builder_version=&raquo;4.21.0&#8243; _module_preset=&raquo;8cd1ce6b-38be-479c-8fe0-00b31d0a6bd3&#8243; text_font=&raquo;Poppins|300|||||||&raquo; text_font_size=&raquo;18px&raquo; text_line_height=&raquo;1.8em&raquo; background_layout=&raquo;dark&raquo; max_width=&raquo;800px&raquo; text_font_size_tablet=&raquo;16px&raquo; text_font_size_phone=&raquo;14px&raquo; text_font_size_last_edited=&raquo;on|desktop&raquo; locked=&raquo;off&raquo; global_colors_info=&raquo;{}&raquo;]<\/p>\n<p>Professor i lingvistikk ved institutt for spr\u00e5k og kultur ved UiT Norges Arktiske Universitet.<\/p>\n<p>[\/et_pb_text][et_pb_blurb title=&raquo;gillian.ramchand@uit.no&raquo; use_icon=&raquo;on&raquo; font_icon=&raquo;&#xe010;||divi||400&#8243; icon_color=&raquo;#FFFFFF&raquo; icon_placement=&raquo;left&raquo; image_icon_width=&raquo;22px&raquo; _builder_version=&raquo;4.21.0&#8243; _module_preset=&raquo;default&raquo; header_font=&raquo;|300|||||||&raquo; header_font_size=&raquo;15px&raquo; background_layout=&raquo;dark&raquo; global_colors_info=&raquo;{}&raquo;][\/et_pb_blurb][\/et_pb_column][\/et_pb_row][\/et_pb_section]<\/p>\n","protected":false},"excerpt":{"rendered":"<p>KA I KI?John McNicolProdekan for utdanning og stedfortredende dekan ved Fakultet for humaniora, samfunnsvitenskap og l\u00e6rerutdanning ved UiT Norges Arktiske Universitet.Sigurd T\u00f8nnessenF\u00f8rstelektor ved institutt for filosofi og f\u00f8rstesemesterstudier ved UiT Norges Arktiske Universitet.Gillian RamchandProfessor i lingvistikk ved institutt for spr\u00e5k og kultur ved UiT Norges Arktiske Universitet.<\/p>\n","protected":false},"author":1089,"featured_media":0,"parent":0,"menu_order":0,"comment_status":"closed","ping_status":"closed","template":"","meta":{"_et_pb_use_builder":"on","_et_pb_old_content":"","_et_gb_content_width":"","footnotes":""},"class_list":["post-113","page","type-page","status-publish","hentry"],"_links":{"self":[{"href":"https:\/\/site.uit.no\/kaiki\/wp-json\/wp\/v2\/pages\/113","targetHints":{"allow":["GET"]}}],"collection":[{"href":"https:\/\/site.uit.no\/kaiki\/wp-json\/wp\/v2\/pages"}],"about":[{"href":"https:\/\/site.uit.no\/kaiki\/wp-json\/wp\/v2\/types\/page"}],"author":[{"embeddable":true,"href":"https:\/\/site.uit.no\/kaiki\/wp-json\/wp\/v2\/users\/1089"}],"replies":[{"embeddable":true,"href":"https:\/\/site.uit.no\/kaiki\/wp-json\/wp\/v2\/comments?post=113"}],"version-history":[{"count":3,"href":"https:\/\/site.uit.no\/kaiki\/wp-json\/wp\/v2\/pages\/113\/revisions"}],"predecessor-version":[{"id":298,"href":"https:\/\/site.uit.no\/kaiki\/wp-json\/wp\/v2\/pages\/113\/revisions\/298"}],"wp:attachment":[{"href":"https:\/\/site.uit.no\/kaiki\/wp-json\/wp\/v2\/media?parent=113"}],"curies":[{"name":"wp","href":"https:\/\/api.w.org\/{rel}","templated":true}]}}