{"id":50,"date":"2022-12-20T08:11:21","date_gmt":"2022-12-20T07:11:21","guid":{"rendered":"https:\/\/site.uit.no\/kvinnehelse\/?page_id=50"},"modified":"2023-12-11T11:36:59","modified_gmt":"2023-12-11T10:36:59","slug":"om-vynino","status":"publish","type":"page","link":"https:\/\/site.uit.no\/kvinnehelse\/","title":{"rendered":"VYBINO-prosjektet"},"content":{"rendered":"\n<blockquote class=\"wp-block-quote has-text-align-center has-medium-font-size is-layout-flow wp-block-quote-is-layout-flow\" style=\"font-style:italic;font-weight:400\">\n<p>Hvorfor synes mange av oss at det vanskelig med kropp og mat, mens&nbsp;andre ikke? &nbsp;<\/p>\n\n\n\n<p>Kan&nbsp;tankene du har om din egen kropp p\u00e5virke hvor lett du kjenner at du fryser? &nbsp;<\/p>\n\n\n\n<p>Hvordan f\u00f8les det \u00e5 v\u00e6re i <span style=\"text-decoration: underline\">din<\/span> kropp, og hva har det \u00e5 gj\u00f8re med det&nbsp;du ser i speilet?&nbsp;<\/p>\n\n\n\n<p>Hvordan b\u00f8r&nbsp;vi egentlig forst\u00e5&nbsp;\u201ckroppsbilde\u201d?&nbsp;<\/p>\n<\/blockquote>\n\n\n\n<div style=\"height:35px\" aria-hidden=\"true\" class=\"wp-block-spacer\"><\/div>\n\n\n\n<p class=\"has-medium-font-size\">Slike sp\u00f8rsm\u00e5l gjorde at forskere ved UiT \u2013 Norges Arktiske Universitet og Northumbria University gikk i sammen for \u00e5 lage forskningsprosjektet <strong>VYBINO<\/strong>. VYBINO st\u00e5r for <strong><em>V<\/em><\/strong><em>iewing <\/em><strong><em>Y<\/em><\/strong><em>our <\/em><strong><em>B<\/em><\/strong><em>ody from the <\/em><strong><em>In<\/em><\/strong><em>side and <\/em><strong><em>O<\/em><\/strong><em>ut<\/em>, alts\u00e5 \u00e5 <em>Se kroppen din fra innsiden ut<\/em>. &nbsp;<\/p>\n\n\n\n<p class=\"has-medium-font-size\">Dette er fordi vi forsker p\u00e5 sammenhengen mellom:&nbsp;<\/p>\n\n\n\n<ul class=\"has-medium-font-size wp-block-list\">\n<li>Hva vi synes om kroppen v\u00e5r <\/li>\n\n\n\n<li>Hvordan vi&nbsp;ser kroppen v\u00e5r i speilet <\/li>\n\n\n\n<li>Hvor godt vi har det med oss selv <\/li>\n\n\n\n<li>Hvor godt vi greier \u00e5 kjenne p\u00e5 og forst\u00e5 signalene vi f\u00e5r fra kroppen v\u00e5r (indre sans<em>)<\/em>&nbsp;<\/li>\n<\/ul>\n\n\n\n<p class=\"has-medium-font-size\">Alts\u00e5 forsker vi p\u00e5 hvordan vi ser kroppen v\u00e5r fra <strong>innsiden <\/strong>(hva vi synes om kroppen v\u00e5r + indre sans + psykisk helse) og <strong>utsiden<\/strong> (hva vi ser i speilet).&nbsp;Dette vil vi unders\u00f8ke for \u00e5 bedre forst\u00e5 kroppsbilde i de av oss b\u00e5de med og uten en spiseforstyrrelse.<\/p>\n\n\n\n<p class=\"has-medium-font-size\">Derfor inviterer vi spent <span style=\"text-decoration: underline\">kvinner og jenter over 16 \u00e5r<\/span> som forst\u00e5r norsk til \u00e5 delta i den f\u00f8rste nettbaserte unders\u00f8kelsen til VYBINO. Deltakere fyller ut et sp\u00f8rreskjema med sp\u00f8rsm\u00e5l og bilder p\u00e5 egen laptop\/datamaskin. Man kan velge om man vil delta fra en til seks ganger.&nbsp;Takk for interessen!<\/p>\n\n\n\n<h2 class=\"wp-block-heading has-text-align-center has-x-large-font-size\"><a rel=\"noreferrer noopener\" href=\"https:\/\/nupsych.qualtrics.com\/jfe\/form\/SV_71cIkXjxoRpJ3ts\" target=\"_blank\"><span style=\"text-decoration: underline\">Delta her<\/span><\/a><\/h2>\n\n\n\n<div style=\"height:5px\" aria-hidden=\"true\" class=\"wp-block-spacer\"><\/div>\n\n\n\n<p class=\"has-text-align-center has-medium-font-size\">F\u00f8lg oss ogs\u00e5 p\u00e5:<br><a href=\"https:\/\/www.facebook.com\/ProsjektVYBINO\">Facebook<\/a><br><a href=\"https:\/\/www.instagram.com\/forskningsprosjektetvybino\/\">Instagram<\/a><\/p>\n\n\n\n<hr class=\"wp-block-separator has-alpha-channel-opacity is-style-wide\" \/>\n","protected":false},"excerpt":{"rendered":"<p>Hvorfor synes mange av oss at det vanskelig med kropp og mat, mens&nbsp;andre ikke? &nbsp; Kan&nbsp;tankene du har om din egen kropp p\u00e5virke hvor lett du kjenner at du fryser? &nbsp; Hvordan f\u00f8les det \u00e5 v\u00e6re i din kropp, og hva har det \u00e5 gj\u00f8re med det&nbsp;du ser i speilet?&nbsp; Hvordan b\u00f8r&nbsp;vi egentlig forst\u00e5&nbsp;\u201ckroppsbilde\u201d?&nbsp; Slike &hellip; <a href=\"https:\/\/site.uit.no\/kvinnehelse\/\" class=\"more-link\">Fortsett \u00e5 lese <span class=\"screen-reader-text\">VYBINO-prosjektet<\/span> <span class=\"meta-nav\">&rarr;<\/span><\/a><\/p>\n","protected":false},"author":123590,"featured_media":0,"parent":0,"menu_order":1,"comment_status":"closed","ping_status":"closed","template":"","meta":{"footnotes":""},"class_list":["post-50","page","type-page","status-publish","hentry"],"_links":{"self":[{"href":"https:\/\/site.uit.no\/kvinnehelse\/wp-json\/wp\/v2\/pages\/50","targetHints":{"allow":["GET"]}}],"collection":[{"href":"https:\/\/site.uit.no\/kvinnehelse\/wp-json\/wp\/v2\/pages"}],"about":[{"href":"https:\/\/site.uit.no\/kvinnehelse\/wp-json\/wp\/v2\/types\/page"}],"author":[{"embeddable":true,"href":"https:\/\/site.uit.no\/kvinnehelse\/wp-json\/wp\/v2\/users\/123590"}],"replies":[{"embeddable":true,"href":"https:\/\/site.uit.no\/kvinnehelse\/wp-json\/wp\/v2\/comments?post=50"}],"version-history":[{"count":3,"href":"https:\/\/site.uit.no\/kvinnehelse\/wp-json\/wp\/v2\/pages\/50\/revisions"}],"predecessor-version":[{"id":602,"href":"https:\/\/site.uit.no\/kvinnehelse\/wp-json\/wp\/v2\/pages\/50\/revisions\/602"}],"wp:attachment":[{"href":"https:\/\/site.uit.no\/kvinnehelse\/wp-json\/wp\/v2\/media?parent=50"}],"curies":[{"name":"wp","href":"https:\/\/api.w.org\/{rel}","templated":true}]}}