{"id":52,"date":"2022-12-20T08:12:39","date_gmt":"2022-12-20T07:12:39","guid":{"rendered":"https:\/\/site.uit.no\/kvinnehelse\/?page_id=52"},"modified":"2024-08-14T19:38:17","modified_gmt":"2024-08-14T17:38:17","slug":"hvem-er-vi","status":"publish","type":"page","link":"https:\/\/site.uit.no\/kvinnehelse\/hvem-er-vi\/","title":{"rendered":"Hvem er vi?"},"content":{"rendered":"\n<div style=\"height:3px\" aria-hidden=\"true\" class=\"wp-block-spacer\"><\/div>\n\n\n\n<h2 class=\"wp-block-heading has-text-align-center\">VYBINO-teamet<\/h2>\n\n\n\n<p class=\"has-medium-font-size\">VYBINO er et samarbeidsprosjekt mellom UiT &#8211; Norges Arktiske Universitet og Northumbria University i Newcastle. Teamet best\u00e5r av forskere og klinikere fra<em> Forskningsgruppe i klinisk psykologi<\/em> ved Institutt for psykologi og fra <em>Body Image and Eating Disorder Research Group<\/em>.<\/p>\n\n\n\n<p class=\"has-medium-font-size\">Prosjektets referansegruppe har medlemmer fra Regionalt senter for spiseforstyrrelser ved Nordlandssykehuset og ROS &#8211; R\u00e5dgivning om Spiseforstyrrelser Troms og Finnmark.<\/p>\n\n\n\n<p class=\"has-medium-font-size\">Under er en liten oversikt over hovedmedlemmene v\u00e5re fra hvert universitet, med litt av v\u00e5r tidligere forskning.<\/p>\n\n\n\n<div style=\"height:5px\" aria-hidden=\"true\" class=\"wp-block-spacer\"><\/div>\n\n\n\n<div style=\"height:15px\" aria-hidden=\"true\" class=\"wp-block-spacer\"><\/div>\n\n\n\n<div class=\"wp-block-group alignwide .media-block11 is-vertical is-content-justification-center is-layout-flex wp-container-core-group-is-layout-4b2eccd6 wp-block-group-is-layout-flex\">\n<h3 class=\"wp-block-heading has-text-align-center\" style=\"font-size:23px\">UiT &#8211; Norges Arktiske Universitet<\/h3>\n\n\n\n<div class=\"wp-block-media-text alignfull has-media-on-the-right is-stacked-on-mobile\" style=\"grid-template-columns:auto 26%\"><div class=\"wp-block-media-text__content\">\n<p><\/p>\n\n\n\n<p><\/p>\n\n\n\n<h4 class=\"wp-block-heading\" style=\"font-size:25px\"><strong>Kjersti Lillevoll<\/strong><\/h4>\n\n\n\n<h5 class=\"wp-block-heading has-medium-font-size\"><em>Prosjektleder<\/em><\/h5>\n\n\n\n<p class=\"has-dark-gray-color has-text-color has-medium-font-size\">K.R.L. er utdannet klinisk psykolog og jobber som f\u00f8rsteamanuensis ved Institutt for psykologi, UiT &#8211; Norges arktiske universitet. Hun underviser p\u00e5 profesjonsstudiet i psykologi og har sine forskningsinteresser i krysningspunktet psykisk og somatisk helse. Se<a href=\"https:\/\/uit.no\/ansatte\/kjersti.lillevoll\"> https:\/\/uit.no\/ansatte\/kjersti.lillevoll<\/a>. Hun har publisert forskning om blant annet:<\/p>\n\n\n\n<ul class=\"has-medium-font-size wp-block-list\">\n<li><a href=\"https:\/\/doi.org\/10.2196\/jmir.4351\" target=\"_blank\" rel=\"noreferrer noopener\">Veiledet selvhjelp for depresjon <\/a><\/li>\n\n\n\n<li><a href=\"https:\/\/doi.org\/10.1080\/01459740.2021.1883011\" target=\"_blank\" rel=\"noreferrer noopener\">ME-pasienters erfaringer med- og forst\u00e5else av \u00e5 navigere livet med ME<\/a><\/li>\n\n\n\n<li><a href=\"https:\/\/doi.org\/10.1186\/s12889-019-7271-6\" target=\"_blank\" rel=\"noreferrer noopener\">Forholdet mellom psykisk helse og fysisk aktivitet blant ungdom<\/a><\/li>\n<\/ul>\n<\/div><figure class=\"wp-block-media-text__media\"><img fetchpriority=\"high\" decoding=\"async\" width=\"683\" height=\"1024\" src=\"https:\/\/site.uit.no\/kvinnehelse\/wp-content\/uploads\/sites\/489\/2023\/02\/Portrett-Kjersti-Lillevoll-683x1024.jpg\" alt=\"\" class=\"wp-image-289 size-full\" srcset=\"https:\/\/site.uit.no\/kvinnehelse\/wp-content\/uploads\/sites\/489\/2023\/02\/Portrett-Kjersti-Lillevoll-683x1024.jpg 683w, https:\/\/site.uit.no\/kvinnehelse\/wp-content\/uploads\/sites\/489\/2023\/02\/Portrett-Kjersti-Lillevoll-200x300.jpg 200w, https:\/\/site.uit.no\/kvinnehelse\/wp-content\/uploads\/sites\/489\/2023\/02\/Portrett-Kjersti-Lillevoll-768x1152.jpg 768w, https:\/\/site.uit.no\/kvinnehelse\/wp-content\/uploads\/sites\/489\/2023\/02\/Portrett-Kjersti-Lillevoll-1024x1536.jpg 1024w, https:\/\/site.uit.no\/kvinnehelse\/wp-content\/uploads\/sites\/489\/2023\/02\/Portrett-Kjersti-Lillevoll-1365x2048.jpg 1365w, https:\/\/site.uit.no\/kvinnehelse\/wp-content\/uploads\/sites\/489\/2023\/02\/Portrett-Kjersti-Lillevoll-scaled.jpg 1707w\" sizes=\"(max-width: 683px) 100vw, 683px\" \/><\/figure><\/div>\n\n\n\n<div style=\"height:0px\" aria-hidden=\"true\" class=\"wp-block-spacer wp-container-content-728072c3\"><\/div>\n\n\n\n<div class=\"wp-block-media-text alignwide has-media-on-the-right is-stacked-on-mobile\" style=\"grid-template-columns:auto 38%\"><div class=\"wp-block-media-text__content\">\n<p><\/p>\n\n\n\n<p><\/p>\n\n\n\n<p><\/p>\n\n\n\n<p><\/p>\n\n\n\n<p><\/p>\n\n\n\n<p><\/p>\n\n\n\n<h4 class=\"wp-block-heading\" style=\"font-size:25px\">Lise Gulli Brokj\u00f8b<\/h4>\n\n\n\n<h5 class=\"wp-block-heading has-medium-font-size\"><em>Prosjektleder<\/em><\/h5>\n\n\n\n<p class=\"has-medium-font-size\">L.G.B er profesjons- og forskerlinjestudent i psykologi p\u00e5 UiT, og har en tidligere psykologigrad fra Northumbria University. Forskningsinteressene hennes inkluderer psykisk helse, kroppsbilde, og samspillet mellom kropp og sinn. Eksempler p\u00e5 den tidligere forskningen hennes er publikasjoner om:<\/p>\n\n\n\n<ul class=\"has-medium-font-size wp-block-list\">\n<li><a href=\"https:\/\/doi.org\/10.3389%2Ffpsyg.2022.888904\" target=\"_blank\" rel=\"noreferrer noopener\">Hvordan egne kroppsbildebekymringer p\u00e5virker hvordan man ser sin egen og andre kvinners kropper<\/a><\/li>\n\n\n\n<li><a href=\"https:\/\/doi.org\/10.1037\/sgd0000480\" target=\"_blank\" rel=\"noreferrer noopener\">Minoritetsstress, kj\u00f8nnsdysfori og psykisk helse<\/a><\/li>\n\n\n\n<li><a href=\"https:\/\/doi.org\/10.1111\/josi.12548\" target=\"_blank\" rel=\"noreferrer noopener\">Effekten av \u00e5 v\u00e6re obs p\u00e5 fordommer om egen minoritetsidentitet p\u00e5 f\u00f8lelsen av tilh\u00f8righet<\/a> <\/li>\n<\/ul>\n<\/div><figure class=\"wp-block-media-text__media\"><img decoding=\"async\" width=\"964\" height=\"1024\" src=\"https:\/\/site.uit.no\/kvinnehelse\/wp-content\/uploads\/sites\/489\/2023\/02\/IMG_20220616_101209-964x1024.jpg\" alt=\"\" class=\"wp-image-318 size-full\" srcset=\"https:\/\/site.uit.no\/kvinnehelse\/wp-content\/uploads\/sites\/489\/2023\/02\/IMG_20220616_101209-964x1024.jpg 964w, https:\/\/site.uit.no\/kvinnehelse\/wp-content\/uploads\/sites\/489\/2023\/02\/IMG_20220616_101209-283x300.jpg 283w, https:\/\/site.uit.no\/kvinnehelse\/wp-content\/uploads\/sites\/489\/2023\/02\/IMG_20220616_101209-768x816.jpg 768w, https:\/\/site.uit.no\/kvinnehelse\/wp-content\/uploads\/sites\/489\/2023\/02\/IMG_20220616_101209-1446x1536.jpg 1446w, https:\/\/site.uit.no\/kvinnehelse\/wp-content\/uploads\/sites\/489\/2023\/02\/IMG_20220616_101209-1929x2048.jpg 1929w\" sizes=\"(max-width: 964px) 100vw, 964px\" \/><\/figure><\/div>\n\n\n\n<div style=\"height:0px\" aria-hidden=\"true\" class=\"wp-block-spacer wp-container-content-b30579f5\"><\/div>\n\n\n\n<h3 class=\"wp-block-heading has-text-align-center\">Northumbria University<\/h3>\n\n\n\n<div class=\"wp-block-media-text alignwide has-media-on-the-right is-stacked-on-mobile\" style=\"grid-template-columns:auto 35%\"><div class=\"wp-block-media-text__content\">\n<p><\/p>\n\n\n\n<p><\/p>\n\n\n\n<p><\/p>\n\n\n\n<p><\/p>\n\n\n\n<p><\/p>\n\n\n\n<p><\/p>\n\n\n\n<p><\/p>\n\n\n\n<h4 class=\"wp-block-heading\" style=\"font-size:25px\">Katri K. Cornelissen<\/h4>\n\n\n\n<h5 class=\"wp-block-heading has-medium-font-size\"><em>Prosjektdeltaker<\/em><\/h5>\n\n\n\n<p class=\"has-medium-font-size\">K. K. C. er seniorforsker, underviser, samt direkt\u00f8r for transnasjonal utdanning p\u00e5 instituttet for psykologi ved Northumbria University. Hun er ogs\u00e5 utdannet psykolog med erfaring i behandling av spiseforstyrrelser. Forskningsinteressene hennes inkluderer kroppsbilde, klinisk psykologi, spiseforstyrrelser, og metodikk for \u00e5 m\u00e5le visuelle kroppsbildeforstyrrelser. Hun har publisert forskning om blant annet:<\/p>\n\n\n\n<ul class=\"has-medium-font-size wp-block-list\">\n<li><a href=\"https:\/\/doi.org\/10.1016\/j.bodyim.2019.08.001\" target=\"_blank\" rel=\"noreferrer noopener\">Forskjellen mellom visuelt og \u00abholdningsmessig\u00bb kroppsbilde<\/a><\/li>\n\n\n\n<li><a href=\"https:\/\/doi.org\/10.1016\/j.copsyc.2021.03.013\" target=\"_blank\" rel=\"noreferrer noopener\">\u00c5 behandle kroppsbildeforstyrrelser i spiseforstyrrelser <\/a><\/li>\n\n\n\n<li><a href=\"https:\/\/bpspsychub.onlinelibrary.wiley.com\/doi\/full\/10.1111\/bjhp.12217\" target=\"_blank\" rel=\"noreferrer noopener\">Utvikling og bruk av virtuelle oppgaver for \u00e5 behandle visuelle kroppsbildeforstyrrelser <\/a><\/li>\n<\/ul>\n<\/div><figure class=\"wp-block-media-text__media\"><img decoding=\"async\" width=\"255\" height=\"255\" src=\"https:\/\/site.uit.no\/kvinnehelse\/wp-content\/uploads\/sites\/489\/2023\/02\/Katri-K-Cornelissen-1.jpg\" alt=\"\" class=\"wp-image-350 size-full\" srcset=\"https:\/\/site.uit.no\/kvinnehelse\/wp-content\/uploads\/sites\/489\/2023\/02\/Katri-K-Cornelissen-1.jpg 255w, https:\/\/site.uit.no\/kvinnehelse\/wp-content\/uploads\/sites\/489\/2023\/02\/Katri-K-Cornelissen-1-150x150.jpg 150w\" sizes=\"(max-width: 255px) 100vw, 255px\" \/><\/figure><\/div>\n\n\n\n<div style=\"height:0px\" aria-hidden=\"true\" class=\"wp-block-spacer wp-container-content-728072c3\"><\/div>\n\n\n\n<div class=\"wp-block-media-text alignwide has-media-on-the-right is-stacked-on-mobile\" style=\"grid-template-columns:auto 32%\"><div class=\"wp-block-media-text__content\">\n<p><\/p>\n\n\n\n<p><\/p>\n\n\n\n<p><\/p>\n\n\n\n<p><\/p>\n\n\n\n<p><\/p>\n\n\n\n<p><\/p>\n\n\n\n<p><\/p>\n\n\n\n<p><\/p>\n\n\n\n<h4 class=\"wp-block-heading\" style=\"font-size:25px\">Piers L. Cornelissen<\/h4>\n\n\n\n<h5 class=\"wp-block-heading has-medium-font-size\"><em>Prosjektdeltaker<\/em><\/h5>\n\n\n\n<p class=\"has-medium-font-size\">P.L.C er professor og styreleder i kognitiv nevrovitenskap p\u00e5 Institutt for Psykologi p\u00e5 Northumbria University. Han har utdanning som lege fra at St Thomas\u2019s Hospital. Forskningsinteressene hans inkluderer kroppsbilde i personer med og uten en spiseforstyrrelse, m\u00e5ling av kroppsbildeforstyrrelser, og nevrologisk forskning p\u00e5 visuell spr\u00e5kforst\u00e5else og dysleksi. Han har publisert forskning om blant annet:<\/p>\n\n\n\n<ul class=\"has-medium-font-size wp-block-list\">\n<li><a href=\"https:\/\/doi.org\/10.1016\/j.bodyim.2019.08.001\" target=\"_blank\" rel=\"noreferrer noopener\">Forskjellen mellom visuelt og \u00abholdningsmessig\u00bb kroppsbilde<\/a><\/li>\n\n\n\n<li><a href=\"https:\/\/doi.org\/10.1016\/j.copsyc.2021.03.013\" target=\"_blank\" rel=\"noreferrer noopener\">\u00c5 behandle kroppsbildeforstyrrelser i spiseforstyrrelser <\/a><\/li>\n\n\n\n<li><a href=\"https:\/\/bpspsychub.onlinelibrary.wiley.com\/doi\/full\/10.1111\/bjhp.12217\" target=\"_blank\" rel=\"noreferrer noopener\">Utvikling og bruk av virtuelle oppgaver for \u00e5 behandle visuelle kroppsbildeforstyrrelser <\/a><\/li>\n<\/ul>\n<\/div><figure class=\"wp-block-media-text__media\"><img loading=\"lazy\" decoding=\"async\" width=\"739\" height=\"1024\" src=\"https:\/\/site.uit.no\/kvinnehelse\/wp-content\/uploads\/sites\/489\/2023\/02\/piers-picture-739x1024.png\" alt=\"\" class=\"wp-image-356 size-full\" srcset=\"https:\/\/site.uit.no\/kvinnehelse\/wp-content\/uploads\/sites\/489\/2023\/02\/piers-picture-739x1024.png 739w, https:\/\/site.uit.no\/kvinnehelse\/wp-content\/uploads\/sites\/489\/2023\/02\/piers-picture-216x300.png 216w, https:\/\/site.uit.no\/kvinnehelse\/wp-content\/uploads\/sites\/489\/2023\/02\/piers-picture.png 753w\" sizes=\"(max-width: 739px) 100vw, 739px\" \/><\/figure><\/div>\n<\/div>\n","protected":false},"excerpt":{"rendered":"<p>VYBINO-teamet VYBINO er et samarbeidsprosjekt mellom UiT &#8211; Norges Arktiske Universitet og Northumbria University i Newcastle. Teamet best\u00e5r av forskere og klinikere fra Forskningsgruppe i klinisk psykologi ved Institutt for psykologi og fra Body Image and Eating Disorder Research Group. Prosjektets referansegruppe har medlemmer fra Regionalt senter for spiseforstyrrelser ved Nordlandssykehuset og ROS &#8211; R\u00e5dgivning &hellip; <a href=\"https:\/\/site.uit.no\/kvinnehelse\/hvem-er-vi\/\" class=\"more-link\">Fortsett \u00e5 lese <span class=\"screen-reader-text\">Hvem er vi?<\/span> <span class=\"meta-nav\">&rarr;<\/span><\/a><\/p>\n","protected":false},"author":123590,"featured_media":0,"parent":0,"menu_order":4,"comment_status":"closed","ping_status":"closed","template":"","meta":{"footnotes":""},"class_list":["post-52","page","type-page","status-publish","hentry"],"_links":{"self":[{"href":"https:\/\/site.uit.no\/kvinnehelse\/wp-json\/wp\/v2\/pages\/52","targetHints":{"allow":["GET"]}}],"collection":[{"href":"https:\/\/site.uit.no\/kvinnehelse\/wp-json\/wp\/v2\/pages"}],"about":[{"href":"https:\/\/site.uit.no\/kvinnehelse\/wp-json\/wp\/v2\/types\/page"}],"author":[{"embeddable":true,"href":"https:\/\/site.uit.no\/kvinnehelse\/wp-json\/wp\/v2\/users\/123590"}],"replies":[{"embeddable":true,"href":"https:\/\/site.uit.no\/kvinnehelse\/wp-json\/wp\/v2\/comments?post=52"}],"version-history":[{"count":1,"href":"https:\/\/site.uit.no\/kvinnehelse\/wp-json\/wp\/v2\/pages\/52\/revisions"}],"predecessor-version":[{"id":620,"href":"https:\/\/site.uit.no\/kvinnehelse\/wp-json\/wp\/v2\/pages\/52\/revisions\/620"}],"wp:attachment":[{"href":"https:\/\/site.uit.no\/kvinnehelse\/wp-json\/wp\/v2\/media?parent=52"}],"curies":[{"name":"wp","href":"https:\/\/api.w.org\/{rel}","templated":true}]}}