{"id":55,"date":"2022-12-20T08:14:31","date_gmt":"2022-12-20T07:14:31","guid":{"rendered":"https:\/\/site.uit.no\/kvinnehelse\/?page_id=55"},"modified":"2023-02-27T19:22:35","modified_gmt":"2023-02-27T18:22:35","slug":"faq","status":"publish","type":"page","link":"https:\/\/site.uit.no\/kvinnehelse\/faq\/","title":{"rendered":"FAQ"},"content":{"rendered":"\n<h2 class=\"has-text-align-center wp-block-heading\">Ofte stilte sp\u00f8rsm\u00e5l<\/h2>\n\n\n\n<p class=\"has-medium-font-size\"><strong>Hvem kan delta i unders\u00f8kelsen?<\/strong>\u00a0Denne gangen er det jenter og kvinner fra 16 \u00e5r opp til 65 \u00e5r som forst\u00e5r norsk som kan delta. Vi \u00f8nsker \u00e5 gj\u00f8re forskning som er relevant for alle kvinner, s\u00e5 vi \u00f8nsker s\u00e5 mye variasjon som mulig. Du kan derfor delta selv om du har en fysisk eller psykisk sykdom\/tilstand\/utviklingsforstyrrelse.<\/p>\n\n\n\n<p class=\"has-medium-font-size\"><strong>Kan man trekke seg hvis man f\u00f8rst har meldt seg?<\/strong>\u00a0Ja. \u00c5 delta i forskning er frivillig og du kan trekke deg n\u00e5r som helst. Hvis du \u00f8nsker at informasjon om deg slettes, kontakter du prosjektgruppen.<\/p>\n\n\n\n<p class=\"has-medium-font-size\"><strong>Er det noen fordeler med \u00e5 delta?<\/strong>\u00a0F\u00f8rst og fremst bidrar du til ny kunnskap om kvinnehelse, og du f\u00e5r muligheten til \u00e5 reflektere over ditt forhold til din egen kropp p\u00e5 en helt ny m\u00e5te. Deltakere er ogs\u00e5 med i en trekning av gavekort som takk for bidraget til forskningen.<\/p>\n\n\n\n<p class=\"has-medium-font-size\"><strong>Vil noen se p\u00e5 akkurat mine svar i unders\u00f8kelsen?<\/strong>\u00a0VYBINO-prosjektet unders\u00f8ker sammenhenger &laquo;p\u00e5 gruppeniv\u00e5&raquo;. Dette betyr at vi ikke ser p\u00e5 svarene fra en-og-en deltaker.<\/p>\n\n\n\n<p class=\"has-medium-font-size\"><strong>Hva er det slags sp\u00f8rsm\u00e5l i sp\u00f8rreskjemaet?<\/strong>&nbsp;Du vil bli bedt om \u00e5 svare p\u00e5 sp\u00f8rsm\u00e5l om ditt forhold til kropp og mat, hvordan du opplever kroppen din, din psykiske helse, vekt og h\u00f8yde.<\/p>\n\n\n\n<p class=\"has-medium-font-size\"><strong>Hvor lang tid tar det \u00e5 fylle ut sp\u00f8rreskjemaet?<\/strong>\u00a0Det tar ca. 20 minutter.<\/p>\n","protected":false},"excerpt":{"rendered":"<p>Ofte stilte sp\u00f8rsm\u00e5l Hvem kan delta i unders\u00f8kelsen?\u00a0Denne gangen er det jenter og kvinner fra 16 \u00e5r opp til 65 \u00e5r som forst\u00e5r norsk som kan delta. Vi \u00f8nsker \u00e5 gj\u00f8re forskning som er relevant for alle kvinner, s\u00e5 vi \u00f8nsker s\u00e5 mye variasjon som mulig. Du kan derfor delta selv om du har en &hellip; <a href=\"https:\/\/site.uit.no\/kvinnehelse\/faq\/\" class=\"more-link\">Fortsett \u00e5 lese <span class=\"screen-reader-text\">FAQ<\/span> <span class=\"meta-nav\">&rarr;<\/span><\/a><\/p>\n","protected":false},"author":123590,"featured_media":0,"parent":0,"menu_order":3,"comment_status":"closed","ping_status":"closed","template":"","meta":{"footnotes":""},"class_list":["post-55","page","type-page","status-publish","hentry"],"_links":{"self":[{"href":"https:\/\/site.uit.no\/kvinnehelse\/wp-json\/wp\/v2\/pages\/55","targetHints":{"allow":["GET"]}}],"collection":[{"href":"https:\/\/site.uit.no\/kvinnehelse\/wp-json\/wp\/v2\/pages"}],"about":[{"href":"https:\/\/site.uit.no\/kvinnehelse\/wp-json\/wp\/v2\/types\/page"}],"author":[{"embeddable":true,"href":"https:\/\/site.uit.no\/kvinnehelse\/wp-json\/wp\/v2\/users\/123590"}],"replies":[{"embeddable":true,"href":"https:\/\/site.uit.no\/kvinnehelse\/wp-json\/wp\/v2\/comments?post=55"}],"version-history":[{"count":8,"href":"https:\/\/site.uit.no\/kvinnehelse\/wp-json\/wp\/v2\/pages\/55\/revisions"}],"predecessor-version":[{"id":562,"href":"https:\/\/site.uit.no\/kvinnehelse\/wp-json\/wp\/v2\/pages\/55\/revisions\/562"}],"wp:attachment":[{"href":"https:\/\/site.uit.no\/kvinnehelse\/wp-json\/wp\/v2\/media?parent=55"}],"curies":[{"name":"wp","href":"https:\/\/api.w.org\/{rel}","templated":true}]}}