{"id":69,"date":"2020-03-09T11:56:19","date_gmt":"2020-03-09T10:56:19","guid":{"rendered":"https:\/\/site.uit.no\/language-at-work\/?page_id=69"},"modified":"2020-03-13T10:28:14","modified_gmt":"2020-03-13T09:28:14","slug":"film_no","status":"publish","type":"page","link":"https:\/\/site.uit.no\/language-at-work\/film_no\/","title":{"rendered":"Dokumentarfilm"},"content":{"rendered":"<p>&nbsp;<\/p>\n<p>&nbsp;<\/p>\n<p>Spr\u00e5kmangfold er en ressurs, og det byr p\u00e5 utfordringer for arbeidstakere, bedrifter og m\u00e5ten vi organiserer arbeidsprosesser p\u00e5. Men hva inneb\u00e6rer det \u00e5 jobbe i et flerspr\u00e5klig arbeidsmilj\u00f8? Hvordan verdsetter vi ulike spr\u00e5k og spr\u00e5klig mangfold? Og hvordan l\u00f8ser vi utfordringer? Disse sp\u00f8rsm\u00e5lene skal vi fors\u00f8ke \u00e5 finne svar p\u00e5.<\/p>\n<p>&nbsp;<\/p>\n<div class=\"entry-content-asset videofit\"><iframe title=\"Hva spra\u030ak har a\u030a si\" width=\"500\" height=\"281\" src=\"https:\/\/www.youtube.com\/embed\/NS4LgZ-j0Sw?feature=oembed\" frameborder=\"0\" allow=\"accelerometer; autoplay; clipboard-write; encrypted-media; gyroscope; picture-in-picture; web-share\" referrerpolicy=\"strict-origin-when-cross-origin\" allowfullscreen><\/iframe><\/div>\n<p>&nbsp;<\/p>\n<p>Filmen p\u00e5 engelsk:<\/p>\n<div class=\"entry-content-asset videofit\"><iframe title=\"What Language Has to Say\" width=\"500\" height=\"281\" src=\"https:\/\/www.youtube.com\/embed\/dckAnAJfL7w?feature=oembed\" frameborder=\"0\" allow=\"accelerometer; autoplay; clipboard-write; encrypted-media; gyroscope; picture-in-picture; web-share\" referrerpolicy=\"strict-origin-when-cross-origin\" allowfullscreen><\/iframe><\/div>\n<p>&nbsp;<\/p>\n<p>En film av 1001 Films for UiT Norges arktiske universitet<\/p>\n<p>Finansiert av Norges forskningsr\u00e5d (SAMKUL)<\/p>\n<p>Regiss\u00f8r og produsent: Anwar Saab<\/p>\n<p>Manuskript: Florian Hiss og Anwar Saab<\/p>\n<p>\u00a91001 Films 2019<\/p>\n","protected":false},"excerpt":{"rendered":"<p>&nbsp; &nbsp; Spr\u00e5kmangfold er en ressurs, og det byr p\u00e5 utfordringer for arbeidstakere, bedrifter og m\u00e5ten vi organiserer arbeidsprosesser p\u00e5. Men hva inneb\u00e6rer det \u00e5 jobbe i et flerspr\u00e5klig arbeidsmilj\u00f8? Hvordan verdsetter vi ulike spr\u00e5k og spr\u00e5klig mangfold? Og hvordan &hellip; <a href=\"https:\/\/site.uit.no\/language-at-work\/film_no\/\">Continued<\/a><\/p>\n","protected":false},"author":991,"featured_media":0,"parent":0,"menu_order":0,"comment_status":"closed","ping_status":"closed","template":"","meta":{"footnotes":""},"class_list":["post-69","page","type-page","status-publish","hentry"],"_links":{"self":[{"href":"https:\/\/site.uit.no\/language-at-work\/wp-json\/wp\/v2\/pages\/69","targetHints":{"allow":["GET"]}}],"collection":[{"href":"https:\/\/site.uit.no\/language-at-work\/wp-json\/wp\/v2\/pages"}],"about":[{"href":"https:\/\/site.uit.no\/language-at-work\/wp-json\/wp\/v2\/types\/page"}],"author":[{"embeddable":true,"href":"https:\/\/site.uit.no\/language-at-work\/wp-json\/wp\/v2\/users\/991"}],"replies":[{"embeddable":true,"href":"https:\/\/site.uit.no\/language-at-work\/wp-json\/wp\/v2\/comments?post=69"}],"version-history":[{"count":12,"href":"https:\/\/site.uit.no\/language-at-work\/wp-json\/wp\/v2\/pages\/69\/revisions"}],"predecessor-version":[{"id":139,"href":"https:\/\/site.uit.no\/language-at-work\/wp-json\/wp\/v2\/pages\/69\/revisions\/139"}],"wp:attachment":[{"href":"https:\/\/site.uit.no\/language-at-work\/wp-json\/wp\/v2\/media?parent=69"}],"curies":[{"name":"wp","href":"https:\/\/api.w.org\/{rel}","templated":true}]}}