{"id":76,"date":"2020-03-09T12:04:48","date_gmt":"2020-03-09T11:04:48","guid":{"rendered":"https:\/\/site.uit.no\/language-at-work\/?page_id=76"},"modified":"2020-03-09T18:12:14","modified_gmt":"2020-03-09T17:12:14","slug":"research","status":"publish","type":"page","link":"https:\/\/site.uit.no\/language-at-work\/en\/research\/","title":{"rendered":"Research"},"content":{"rendered":"<p><strong>Publications<\/strong><\/p>\n<p class=\"EndNoteBibliography\"><span lang=\"EN-US\">Hiss, Florian (2014). Flerspr\u00e5klighetens rolle p\u00e5 det nord-norske arbeidsmarkedet. En stikkpr\u00f8ve. In Gulbrand Alhaug, Tove Bull and Aud-Kirsti Pedersen (eds.), <i>Endre-boka. Postfestumskrift til Endre M\u00f8rck, <\/i>211-232. Oslo: Novus.<\/span><\/p>\n<p class=\"EndNoteBibliography\"><span lang=\"EN-US\">Hiss, Florian (2017a). Spr\u00e5klig og kulturelt mangfold i og rundt Nordkalottens f\u00f8rste industrielle storbedrift. <i>Multiethnica\u00a0<\/i>(37): 52-59.<\/span><\/p>\n<p class=\"EndNoteBibliography\"><span lang=\"EN-US\">Hiss, Florian (2017b). Workplace multilingualism in shifting contexts. A historical case. <i>Language in Society\u00a0<\/i>46(5): 697-718.<\/span><\/p>\n<p class=\"EndNoteBibliography\"><span lang=\"EN-US\">Hiss, Florian (2018). Talk, time, and creativity: Developing ideas and identities during a start-up weekend. <i>Language &amp; Communication\u00a0<\/i>60: 64-79.<\/span><\/p>\n<p class=\"EndNoteBibliography\"><span lang=\"EN-US\">Hiss, Florian (2019). Responding responsibly: Ideological, interactional, and professional responsibilities in survey responses about multilingualism at work. <i>Journal of Applied Linguistics and Professional Practice\u00a0<\/i>12(3): 289-312.<\/span><\/p>\n","protected":false},"excerpt":{"rendered":"<p>Publications Hiss, Florian (2014). Flerspr\u00e5klighetens rolle p\u00e5 det nord-norske arbeidsmarkedet. En stikkpr\u00f8ve. In Gulbrand Alhaug, Tove Bull and Aud-Kirsti Pedersen (eds.), Endre-boka. Postfestumskrift til Endre M\u00f8rck, 211-232. Oslo: Novus. Hiss, Florian (2017a). Spr\u00e5klig og kulturelt mangfold i og rundt Nordkalottens &hellip; <a href=\"https:\/\/site.uit.no\/language-at-work\/en\/research\/\">Continued<\/a><\/p>\n","protected":false},"author":991,"featured_media":0,"parent":0,"menu_order":0,"comment_status":"closed","ping_status":"closed","template":"","meta":{"footnotes":""},"class_list":["post-76","page","type-page","status-publish","hentry"],"_links":{"self":[{"href":"https:\/\/site.uit.no\/language-at-work\/wp-json\/wp\/v2\/pages\/76","targetHints":{"allow":["GET"]}}],"collection":[{"href":"https:\/\/site.uit.no\/language-at-work\/wp-json\/wp\/v2\/pages"}],"about":[{"href":"https:\/\/site.uit.no\/language-at-work\/wp-json\/wp\/v2\/types\/page"}],"author":[{"embeddable":true,"href":"https:\/\/site.uit.no\/language-at-work\/wp-json\/wp\/v2\/users\/991"}],"replies":[{"embeddable":true,"href":"https:\/\/site.uit.no\/language-at-work\/wp-json\/wp\/v2\/comments?post=76"}],"version-history":[{"count":2,"href":"https:\/\/site.uit.no\/language-at-work\/wp-json\/wp\/v2\/pages\/76\/revisions"}],"predecessor-version":[{"id":136,"href":"https:\/\/site.uit.no\/language-at-work\/wp-json\/wp\/v2\/pages\/76\/revisions\/136"}],"wp:attachment":[{"href":"https:\/\/site.uit.no\/language-at-work\/wp-json\/wp\/v2\/media?parent=76"}],"curies":[{"name":"wp","href":"https:\/\/api.w.org\/{rel}","templated":true}]}}