{"id":151,"date":"2023-11-21T11:48:09","date_gmt":"2023-11-21T10:48:09","guid":{"rendered":"https:\/\/site.uit.no\/ler3001-3002\/?page_id=151"},"modified":"2024-11-18T14:55:40","modified_gmt":"2024-11-18T13:55:40","slug":"forside","status":"publish","type":"page","link":"https:\/\/site.uit.no\/ler3001-3002\/","title":{"rendered":"Forside"},"content":{"rendered":"\n[et_pb_section fb_built=&raquo;1&#8243; inner_shadow=&raquo;on&raquo; next_background_color=&raquo;#ffffff&raquo; _builder_version=&raquo;4.22.2&#8243; _module_preset=&raquo;default&raquo; background_color=&raquo;rgba(106,170,196,0.44)&raquo; background_enable_pattern_style=&raquo;on&raquo; background_pattern_color=&raquo;RGBA(255,255,255,0)&raquo; custom_margin=&raquo;||-3px|||&raquo; bottom_divider_style=&raquo;clouds2&#8243; global_colors_info=&raquo;{}&raquo;][et_pb_row _builder_version=&raquo;4.22.2&#8243; _module_preset=&raquo;default&raquo; global_colors_info=&raquo;{}&raquo;][et_pb_column type=&raquo;4_4&#8243; _builder_version=&raquo;4.22.2&#8243; _module_preset=&raquo;default&raquo; global_colors_info=&raquo;{}&raquo;][et_pb_text _builder_version=&raquo;4.22.2&#8243; _module_preset=&raquo;default&raquo; text_font=&raquo;|700|||||||&raquo; text_text_color=&raquo;#E02B20&#8243; text_font_size=&raquo;12px&raquo; text_orientation=&raquo;center&raquo; text_text_shadow_style=&raquo;preset1&#8243; text_text_shadow_vertical_length=&raquo;0em&raquo; text_text_shadow_blur_strength=&raquo;1.09em&raquo; text_text_shadow_color=&raquo;#FFFFFF&raquo; global_colors_info=&raquo;{}&raquo;]<h1 class=\"entry-title\" style=\"text-align: center\"><strong>UIT: L\u00e6rerstudentene blogger om kulturpedagogiske<\/strong><br \/><strong>utfordringer i skole og samfunn<\/strong><\/h1>[\/et_pb_text][\/et_pb_column][\/et_pb_row][et_pb_row _builder_version=&raquo;4.22.2&#8243; _module_preset=&raquo;default&raquo; custom_margin=&raquo;24px|auto||auto||&raquo; global_colors_info=&raquo;{}&raquo;][et_pb_column type=&raquo;4_4&#8243; _builder_version=&raquo;4.22.2&#8243; _module_preset=&raquo;default&raquo; global_colors_info=&raquo;{}&raquo;][et_pb_text _builder_version=&raquo;4.22.2&#8243; _module_preset=&raquo;default&raquo; min_height=&raquo;153.4px&raquo; global_colors_info=&raquo;{}&raquo;]<p>Som ledd i undervisningen p\u00e5 4. \u00e5ret, har studentene fra GLU 1-7 og 5-10 skrevet bloggposter om kulturpedagogiske utfordringer i skole og samfunn.<\/p>\n<p>Det er blitt mange interessante tekster om en rekke emner som er aktuelle i undervisning og l\u00e6ring om skolen og samfunnet.<\/p>\n<p>God lesing!<\/p>[\/et_pb_text][\/et_pb_column][\/et_pb_row][\/et_pb_section][et_pb_section fb_built=&raquo;1&#8243; _builder_version=&raquo;4.22.2&#8243; _module_preset=&raquo;default&raquo; global_colors_info=&raquo;{}&raquo;][et_pb_row _builder_version=&raquo;4.22.2&#8243; _module_preset=&raquo;default&raquo; global_colors_info=&raquo;{}&raquo;][et_pb_column type=&raquo;4_4&#8243; _builder_version=&raquo;4.22.2&#8243; _module_preset=&raquo;default&raquo; global_colors_info=&raquo;{}&raquo;][et_pb_blog meta_date=&raquo;j. M. y&raquo; show_thumbnail=&raquo;off&raquo; show_more=&raquo;on&raquo; show_author=&raquo;off&raquo; show_more_tablet=&raquo;on&raquo; show_more_phone=&raquo;on&raquo; show_more_last_edited=&raquo;on|desktop&raquo; _builder_version=&raquo;4.22.2&#8243; _module_preset=&raquo;default&raquo; hover_enabled=&raquo;0&#8243; global_colors_info=&raquo;{}&raquo; show_more__hover_enabled=&raquo;off|desktop&raquo; sticky_enabled=&raquo;0&#8243;][\/et_pb_blog][\/et_pb_column][\/et_pb_row][\/et_pb_section]\n","protected":false},"excerpt":{"rendered":"<p>UIT: L\u00e6rerstudentene blogger om kulturpedagogiskeutfordringer i skole og samfunnSom ledd i undervisningen p\u00e5 4. \u00e5ret, har studentene fra GLU 1-7 og 5-10 skrevet bloggposter om kulturpedagogiske utfordringer i skole og samfunn. Det er blitt mange interessante tekster om en rekke emner som er aktuelle i undervisning og l\u00e6ring om skolen og samfunnet. God lesing!<\/p>\n","protected":false},"author":123629,"featured_media":0,"parent":0,"menu_order":0,"comment_status":"closed","ping_status":"closed","template":"","meta":{"_et_pb_use_builder":"on","_et_pb_old_content":"","_et_gb_content_width":"","footnotes":""},"class_list":["post-151","page","type-page","status-publish","hentry"],"_links":{"self":[{"href":"https:\/\/site.uit.no\/ler3001-3002\/wp-json\/wp\/v2\/pages\/151","targetHints":{"allow":["GET"]}}],"collection":[{"href":"https:\/\/site.uit.no\/ler3001-3002\/wp-json\/wp\/v2\/pages"}],"about":[{"href":"https:\/\/site.uit.no\/ler3001-3002\/wp-json\/wp\/v2\/types\/page"}],"author":[{"embeddable":true,"href":"https:\/\/site.uit.no\/ler3001-3002\/wp-json\/wp\/v2\/users\/123629"}],"replies":[{"embeddable":true,"href":"https:\/\/site.uit.no\/ler3001-3002\/wp-json\/wp\/v2\/comments?post=151"}],"version-history":[{"count":3,"href":"https:\/\/site.uit.no\/ler3001-3002\/wp-json\/wp\/v2\/pages\/151\/revisions"}],"predecessor-version":[{"id":550,"href":"https:\/\/site.uit.no\/ler3001-3002\/wp-json\/wp\/v2\/pages\/151\/revisions\/550"}],"wp:attachment":[{"href":"https:\/\/site.uit.no\/ler3001-3002\/wp-json\/wp\/v2\/media?parent=151"}],"curies":[{"name":"wp","href":"https:\/\/api.w.org\/{rel}","templated":true}]}}