{"id":9,"date":"2017-10-31T22:45:06","date_gmt":"2017-10-31T21:45:06","guid":{"rendered":"https:\/\/site.uit.no\/linguisticsdatacitation\/?page_id=9"},"modified":"2019-11-28T15:08:14","modified_gmt":"2019-11-28T14:08:14","slug":"publications","status":"publish","type":"page","link":"https:\/\/site.uit.no\/linguisticsdatacitation\/publications\/","title":{"rendered":"Outreach"},"content":{"rendered":"<h4><\/h4>\n<h4>2019<\/h4>\n<p>14. Andreassen, H. N. &amp; Berez-Kroeker, A. (2019). <em>Data citation in linguistics publictions. A scholar-led, community-based initiative. <\/em>Paper presented at the 14th Munin Conference on Scholarly Publishing, November 27-28, Troms\u00f8, Norway. Slides not yet available.<\/p>\n<p>13. Andreassen, H. N., Berez-Kroeker, A., Collister, L. B., Conzett, P., Cox, C., De Smedt, K., Gawne, L., &amp; McDonnell, B. (2019). <em>Writing data citation guidelines for linguistics: Lessons learned.<\/em> Poster presented at the RDA 14th Plenary Meeting, October 23-25, Helsinki, Finland. (<a href=\"https:\/\/hdl.handle.net\/10037\/16710\" target=\"_blank\" rel=\"noopener\">poster<\/a>)<\/p>\n<p>12. Andreassen, H. N. (2019). <em>La citation de donn\u00e9es de recherche dans des publications en linguistique: L\u2019histoire d\u2019une initiative prise par la communaut\u00e9 scientifique.<\/em> S\u00e9minaire &#8220;Journ\u00e9e \u00e9valuation des corpus : o\u00f9 en est-on, o\u00f9 allons-nous ?&#8221; organised by CORLI (Corpus, Langues, Interactions), October 3, Paris, France. (<a href=\"https:\/\/hdl.handle.net\/10037\/16363\" target=\"_blank\" rel=\"noopener\">slides<\/a>)<\/p>\n<p>11.\u00a0 Andreassen, H. N., Collister, L. B., Conzett, P., De Smedt, K., McDonnell, B., Berez-Kroeker, A., &amp; Cox, C. (2019).\u00a0<em>Citation of research data for linguistic publications.\u00a0<\/em>Working meeting organised at the RDA 13th Plenary Meeting, April 2-4, Philadelphia, USA. (<a href=\"https:\/\/hdl.handle.net\/10037\/16531\" target=\"_blank\" rel=\"noopener\">slides<\/a>)<\/p>\n<h4>2018<\/h4>\n<p>10. Gawne, L. (2018). <em>Where does this sentence come from? <\/em><em>Citing linguistic data. <\/em>Linguistics in the pub, October 16, Melbourne, Australia. <a href=\"http:\/\/www.rnld.org\/node\/538\" target=\"_blank\" rel=\"noopener\">(web add)<\/a><\/p>\n<p>9. Gawne, L., Krajcik, C., Andreassen, H. N., Berez-Kroeker, A., &amp; Kelly. B. F. (2018). <em>Data transparency and citation in Gesture<\/em>. Poster presented at the 8th International Society for Gesture Studies (ISGS) International Conference, July 4-8, Cape Town, South Africa. Poster not yet available.<\/p>\n<p>8. Gawne, L., Berez-Kroeker, A., &amp; Andreassen, H. N. (2018). <em>Data Citation in Linguistics: Looking forward to new standards.<\/em> Paper presented at the 20th International Congress of Linguists, July 2-6, Cape Town, South Africa. Paper not yet available.<\/p>\n<p>7. Andreassen, H. N., Berez-Kroeker, A., &amp; Gawne, L. (2018). <em>The Austin Principles of Data Citation in Linguistics.<\/em> Poster presented at the RDA 11th Plenary Meeting, March 21-23, Berlin, Germany. (<a href=\"https:\/\/hdl.handle.net\/10037\/16598\" target=\"_blank\" rel=\"noopener\">poster<\/a>)<\/p>\n<p>6. Andreassen, H. N., Conzett, P., De Smedt, K., Berez-Kroeker, A., &amp; Gawne, L. (2018). <em>Data citation and metadata standards in linguistics.<\/em> Working meeting organised at the RDA 11th Plenary Meeting, March 21-23, Berlin, Germany. (<a href=\"https:\/\/hdl.handle.net\/10037\/16556\" target=\"_blank\" rel=\"noopener\">slides<\/a>)<\/p>\n<p>5. Andreassen, H. N. (2018). The Austin Principles of Data Citation in Linguistics. Unannounced paper presented at <em>Fonologi i Norden (FiNo)<\/em><em>\/Phonology in the Nordic Countries<\/em>, February 8-9, Lund, Sweden. (<a href=\"https:\/\/site.uit.no\/linguisticsdatacitation\/wp-content\/uploads\/sites\/326\/2019\/01\/FiNo_Austin_principles_LDIG.pdf\">slides<\/a>)<\/p>\n<p>4. Berez-Kroeker, A., Collister, L., Koller, E., Kung, S., &amp; McDonnell, B. (2018). <em>Data Management Plans for Linguistic Research.<\/em> Workshop presented at the Annual Meeting of the Linguistic Society of America, January 4, Salt Lake City, USA. (<a href=\"https:\/\/docs.google.com\/presentation\/d\/111Q_6ICfp5KXsxPvVgF-UZnPq1mddCw9L6N5msYpolI\/edit?usp=sharing\">slides<\/a>)<\/p>\n<h4>2017<\/h4>\n<p>3. Gawne, L., Berez-Kroeker, A., Andreassen, H. N., &amp; Okura, E. (2017). <em>Data citation in linguistic typology: Working towards a data citation standard in linguistics.<\/em> Paper presented at the 12th Conference of the Association for Linguistic Typology (ALT), December 12-14, Canberra, Australia. Poster not yet available.<\/p>\n<p>2. Andreassen, H. N., Berez-Kroeker, A., &amp; Gawne, L. (2017). <em>Research Data Alliance et les donn\u00e9es linguistiques.<\/em> Paper presented at the Journ\u00e9es FLOraL-PFC: dialectologie et phonologie de corpus, November 23-25, Paris, France. <a href=\"https:\/\/munin.uit.no\/handle\/10037\/11869\" target=\"_blank\" rel=\"noopener\">(pdf)<\/a><\/p>\n<p>1. Gawne, L., Berez-Kroeker, A., &amp; Andreassen, H. N. (2017). <em>Data citation and attribution in Linguistics: Toward a common standard.<\/em> Working meeting at the Research Data Alliance (RDA) 10th Plenary Meeting, September 19-21, Montr\u00e9al, Canada. <a href=\"https:\/\/www.rd-alliance.org\/ldig-10th-plenary-documents\" target=\"_blank\" rel=\"noopener\">(pdf)<\/a><\/p>\n","protected":false},"excerpt":{"rendered":"<p>2019 14. Andreassen, H. N. &amp; Berez-Kroeker, A. (2019). Data citation in linguistics publictions. A scholar-led, community-based initiative. Paper presented at the 14th Munin Conference on Scholarly Publishing, November 27-28, Troms\u00f8, Norway. Slides not yet available. 13. Andreassen, H. N., Berez-Kroeker, A., Collister, L. B., Conzett, P., Cox, C., De Smedt, K., Gawne, L., &amp; [&hellip;]<\/p>\n","protected":false},"author":427,"featured_media":0,"parent":0,"menu_order":0,"comment_status":"closed","ping_status":"closed","template":"","meta":{"footnotes":""},"class_list":["post-9","page","type-page","status-publish","hentry"],"_links":{"self":[{"href":"https:\/\/site.uit.no\/linguisticsdatacitation\/wp-json\/wp\/v2\/pages\/9","targetHints":{"allow":["GET"]}}],"collection":[{"href":"https:\/\/site.uit.no\/linguisticsdatacitation\/wp-json\/wp\/v2\/pages"}],"about":[{"href":"https:\/\/site.uit.no\/linguisticsdatacitation\/wp-json\/wp\/v2\/types\/page"}],"author":[{"embeddable":true,"href":"https:\/\/site.uit.no\/linguisticsdatacitation\/wp-json\/wp\/v2\/users\/427"}],"replies":[{"embeddable":true,"href":"https:\/\/site.uit.no\/linguisticsdatacitation\/wp-json\/wp\/v2\/comments?post=9"}],"version-history":[{"count":20,"href":"https:\/\/site.uit.no\/linguisticsdatacitation\/wp-json\/wp\/v2\/pages\/9\/revisions"}],"predecessor-version":[{"id":349,"href":"https:\/\/site.uit.no\/linguisticsdatacitation\/wp-json\/wp\/v2\/pages\/9\/revisions\/349"}],"wp:attachment":[{"href":"https:\/\/site.uit.no\/linguisticsdatacitation\/wp-json\/wp\/v2\/media?parent=9"}],"curies":[{"name":"wp","href":"https:\/\/api.w.org\/{rel}","templated":true}]}}