{"id":153,"date":"2015-12-09T07:29:48","date_gmt":"2015-12-09T06:29:48","guid":{"rendered":"https:\/\/site.uit.no\/lll\/?page_id=153"},"modified":"2016-11-09T11:21:44","modified_gmt":"2016-11-09T10:21:44","slug":"network-meeting-2015","status":"publish","type":"page","link":"https:\/\/site.uit.no\/lll\/network-meeting-2015\/","title":{"rendered":"Network meeting 2015"},"content":{"rendered":"<p>The presentations from our network meeting 2015 are now available as downloadable pdf&#8217;s:<\/p>\n<p>Thursday\u00a0October 29th 2015<\/p>\n<ul>\n<li>Marie-Theres Federhofer\u00a0(UiT The Arctic University of Norway): Opening. [<a href=\"https:\/\/site.uit.no\/lll\/wp-content\/uploads\/sites\/220\/2016\/01\/Federhofer02.pdf\" target=\"_blank\">pdf<\/a>]<\/li>\n<\/ul>\n<ul>\n<li>Rolf Inge Larsen (UiT The Arctic University of Norway):\u00a0Making Lars Levi Laestadius Online. [<a href=\"https:\/\/site.uit.no\/lll\/wp-content\/uploads\/sites\/220\/2016\/01\/Larsen.pdf\" target=\"_blank\">pdf<\/a>]<\/li>\n<li>Hannu Mustakallio (University of Eastern Finland, Joensuu):\u00a0En nordisk komparasjon av synet p\u00e5 Laestadius, med hovedvekt p\u00e5 Finland. [<a href=\"https:\/\/site.uit.no\/lll\/wp-content\/uploads\/sites\/220\/2016\/01\/Mustakallio.pdf\" target=\"_blank\">pdf<\/a>]<\/li>\n<li>Olle Sundstr\u00f6m (Ume\u00e5 University, Sweden): Lars Levi L\u00e6stadius\u2019s depiction of indigenous Sami religion in Fragmenter i lappska mythologien. [<a href=\"https:\/\/site.uit.no\/lll\/wp-content\/uploads\/sites\/220\/2015\/12\/Sundstrom.pdf\" target=\"_blank\">pdf<\/a>]<\/li>\n<li>Lars Erik Wikberg (Bibliotheca Laestadiana, Sweden): Den ok\u00e4nde Laestadius. [Full version in Swedish &#8211; <a href=\"https:\/\/site.uit.no\/lll\/wp-content\/uploads\/sites\/220\/2016\/11\/The-Unknown-Laestadius-swedish.pdf\" target=\"_blank\">pdf<\/a>] | The unknown Laestadius. [Presentation notes in English\u00a0<a href=\"https:\/\/site.uit.no\/lll\/wp-content\/uploads\/sites\/220\/2016\/01\/Wikberg.pdf\" target=\"_blank\">pdf<\/a>]<\/li>\n<li>Natalia Koroleva (Kola Science Center, Kirovsk, Russia) &amp; Andy Sortland ( UiT The Arctic University of Norway): Mellom Ararat og Tsjatsja \u2013botanikeren Lars Levi L\u00e6stadius (1800-1861). [<a href=\"https:\/\/site.uit.no\/lll\/wp-content\/uploads\/sites\/220\/2015\/12\/Koroleva_Sortland.pdf\" target=\"_blank\">pfd<\/a>]<\/li>\n<li>Roald E. Kristiansen (UiT The Arctic University of Norway):\u00a0The \u00abFirstborn\u00bb \u2013 A Historical Survey of the Old Apostolic Lutheran Church. [<a href=\"https:\/\/site.uit.no\/lll\/wp-content\/uploads\/sites\/220\/2016\/02\/Kristiansen.pdf\" target=\"_blank\">pdf<\/a>]<\/li>\n<li>Anne Heith (Ume\u00e5 University, Sweden):\u00a0The Orthodox Christian Tradition Meets Popular Revivalism: Bengt Pohjanen\u2019s Song of Praise to Lars Levi Laestadius. [<a href=\"https:\/\/site.uit.no\/lll\/wp-content\/uploads\/sites\/220\/2016\/02\/Heith.pdf\" target=\"_blank\">pdf<\/a>]<\/li>\n<\/ul>\n<p>Friday\u00a0October 30th 2015<\/p>\n<ul>\n<li>Steinar Thorvaldsen (UiT The Arctic University of Norway): Laestadius: The visualstory.\u00a0Some fragments mainly from Karesuando, 2015. [<a href=\"https:\/\/site.uit.no\/lll\/wp-content\/uploads\/sites\/220\/2015\/12\/Thorvaldsen.pdf\" target=\"_blank\">pdf<\/a>]<\/li>\n<li>Per Pippin Aspaas &amp; Philipp Conzett (UiT The Arctic University of Norway):\u00a0A preliminary survey of Nordic digital scholarly editions. [<a href=\"https:\/\/site.uit.no\/lll\/wp-content\/uploads\/sites\/220\/2015\/12\/Aspaas_Conzett.pdf\" target=\"_blank\">pdf<\/a>]<\/li>\n<li>M\u00e4rtha Norrback (Svenska litteraturs\u00e4llskapet i Finland): Zacharias Topelius Skrifter. Erfarenheter av en p\u00e5g\u00e5ende digital utg\u00e5va \u2013 organisation och arbetsmetoder. [<a href=\"https:\/\/site.uit.no\/lll\/wp-content\/uploads\/sites\/220\/2015\/12\/Norrback.pdf\" target=\"_blank\">pdf<\/a>]<\/li>\n<li>Peter \u00d8hrstr\u00f8m (Aalborg University,\u00a0Denmark): Digitalizing the cultural heritage: design, technical solutions and examples. [<a href=\"https:\/\/site.uit.no\/lll\/wp-content\/uploads\/sites\/220\/2015\/12\/Ohrstrom.pdf\" target=\"_blank\">pdf<\/a>]<\/li>\n<li>Stina Karlgren (Ume\u00e5 University, Sweden): Den vetgirige Lappmarkspr\u00e4sten.\u00a0Ett infrastrukturprojekt kring J. A. Nens\u00e9ns uppteckningar av de nordliga folkens liv och kultur. [<a href=\"https:\/\/site.uit.no\/lll\/wp-content\/uploads\/sites\/220\/2015\/12\/Karlgren.pdf\" target=\"_blank\">pdf<\/a>]<\/li>\n<\/ul>\n<p>&nbsp;<\/p>\n<p>&nbsp;<\/p>\n","protected":false},"excerpt":{"rendered":"<p>The presentations from our network meeting 2015 are now available as downloadable pdf&#8217;s: Thursday\u00a0October 29th 2015 Marie-Theres Federhofer\u00a0(UiT The Arctic University of Norway): Opening. [pdf] Rolf Inge Larsen (UiT The Arctic University of Norway):\u00a0Making Lars Levi Laestadius Online. [pdf] Hannu &hellip; <a href=\"https:\/\/site.uit.no\/lll\/network-meeting-2015\/\">Continue reading <span class=\"meta-nav\">&rarr;<\/span><\/a><\/p>\n","protected":false},"author":425,"featured_media":0,"parent":0,"menu_order":0,"comment_status":"closed","ping_status":"closed","template":"","meta":{"footnotes":""},"class_list":["post-153","page","type-page","status-publish","hentry"],"_links":{"self":[{"href":"https:\/\/site.uit.no\/lll\/wp-json\/wp\/v2\/pages\/153","targetHints":{"allow":["GET"]}}],"collection":[{"href":"https:\/\/site.uit.no\/lll\/wp-json\/wp\/v2\/pages"}],"about":[{"href":"https:\/\/site.uit.no\/lll\/wp-json\/wp\/v2\/types\/page"}],"author":[{"embeddable":true,"href":"https:\/\/site.uit.no\/lll\/wp-json\/wp\/v2\/users\/425"}],"replies":[{"embeddable":true,"href":"https:\/\/site.uit.no\/lll\/wp-json\/wp\/v2\/comments?post=153"}],"version-history":[{"count":15,"href":"https:\/\/site.uit.no\/lll\/wp-json\/wp\/v2\/pages\/153\/revisions"}],"predecessor-version":[{"id":239,"href":"https:\/\/site.uit.no\/lll\/wp-json\/wp\/v2\/pages\/153\/revisions\/239"}],"wp:attachment":[{"href":"https:\/\/site.uit.no\/lll\/wp-json\/wp\/v2\/media?parent=153"}],"curies":[{"name":"wp","href":"https:\/\/api.w.org\/{rel}","templated":true}]}}