{"id":19,"date":"2016-12-12T13:10:10","date_gmt":"2016-12-12T12:10:10","guid":{"rendered":"https:\/\/site.uit.no\/maritwestergaard\/?page_id=19"},"modified":"2026-03-13T11:38:16","modified_gmt":"2026-03-13T10:38:16","slug":"teaching-and-supervision","status":"publish","type":"page","link":"https:\/\/site.uit.no\/maritwestergaard\/teaching-and-supervision\/","title":{"rendered":"Teaching and supervision"},"content":{"rendered":"<p><span style=\"color: #008080\"><strong><big>Teaching<\/big><\/strong><\/span><\/p>\n<p>I have taught numerous courses from first-year intro courses to PhD seminars on topics such as First\/Second\/Ln\/Bilingual language acquisition &amp; attrition, Varieties of English, Syntax and morphology, etc. See below for a selection of courses.<\/p>\n<p><span style=\"color: #008080\"><big><strong>Supervision &#8211; PhD dissertations<br \/>\n<\/strong><\/big><\/span><\/p>\n<p><a href=\"https:\/\/www.researchgate.net\/profile\/Rasmus_Sinn2\">Sinn, Rasmus<\/a>. In progress. PhD is part of the DFG-funded Emmy Noether project <a href=\"https:\/\/www.genlab.group\/genpath\/\">GenPath<\/a>. Goethe-Universit\u00e4t Frankfurt (<a href=\"https:\/\/www.genlab.group\">GenLab<\/a>). (with Ana Rita S\u00e1 Leite).<\/p>\n<p><a href=\"https:\/\/www.ling.uni-konstanz.de\/studium\/bereiche-der-linguistik-in-konstanz\/romanistische-linguistik\/personen-romanistische-linguistik\/personalia-romanistische-linguistik\/sonja-gumbsheimer\/\">Englert, Charlotte<\/a>. In progress. Working title: <em>Der Erwerb der Verbzweitstellung im Dritt- und Viertspracherwerb<\/em>. Universit\u00e4t Konstanz. (with Professors Tanja Kupisch and Georg Kaiser).<\/p>\n<p><a href=\"https:\/\/uit.no\/ansatte\/person?p_document_id=530809\">Jensen, Isabel Nadine<\/a>. 2022. <em><a href=\"https:\/\/munin.uit.no\/handle\/10037\/25390\">Crosslinguistic Influence in Third Language Acquisition<\/a>.<\/em> UiT The Arctic University of Norway. (with Professor Roumyana Slabakova)<\/p>\n<p><a href=\"https:\/\/uit.no\/om\/enhet\/ansatte\/person?p_document_id=517115&amp;p_dimension_id=210121\">Bj\u00f6rnsd\u00f3ttir, Sigr\u00ed\u00f0ur<\/a>. 2021. <a href=\"https:\/\/munin.uit.no\/handle\/10037\/22438\"><em>Discovering gender and inflection.<\/em> <em>A view from Icelandic.<\/em><\/a> UiT The Arctic University of Norway. (with Professor Terje Lohndal)<\/p>\n<p><a href=\"http:\/\/www.ntnu.no\/ansatte\/tina.ringstad\">Larsen, Tina L. Ringstad<\/a>. 2021. <em>Acquiring variation: A study of children\u2019s and adults\u2019 embedded clause word orders in Norwegian \u2013 distribution, development and effects.<\/em> NTNU Norwegian University of Science and Technology. (with Professor Kristin M. Eide and Associate Professor Dave Kush)<\/p>\n<p><a href=\"http:\/\/castl.uit.no\/index.php?option=com_comprofiler&amp;task=userProfile&amp;user=182&amp;Itemid=118\">Velnic, Marta<\/a>. 2018. <em><a href=\"https:\/\/munin.uit.no\/handle\/10037\/12197\">Ditransitive Structures in Croatian Adult and Child Language: The role of animacy and givenness<\/a>.<\/em>\u00a0 UiT The Arctic University of Norway. (with Professor Merete Anderssen)<\/p>\n<p>Shunack, Silke. 2016. <em>Processing of non-canonical word orders in an L2: When small changes make no big difference.<\/em> <a href=\"http:\/\/www.uni-potsdam.de\/prim\/\">PRIM &#8211; Potsdam Research Institute for Multilingualism<\/a>. (with Professor Claudia Felser).<\/p>\n<p><a href=\"http:\/\/castl.uit.no\/index.php?option=com_comprofiler&amp;task=userProfile&amp;user=183&amp;Itemid=118\">Castro, Tammer<\/a>. 2016. <em><a href=\"http:\/\/munin.uit.no\/handle\/10037\/10015\">Heritage and adult L2 acquisition of empty categories in a bidialectal\/bilingual context: Brazilian and European Portuguese in contact<\/a>.<\/em> UiT The Arctic University of Norway. (with Professor Jason Rothman)<\/p>\n<p><a href=\"http:\/\/castl.uit.no\/index.php?option=com_comprofiler&amp;task=userProfile&amp;user=181&amp;Itemid=118\">Mitrofanova, Natalia<\/a>. 2016. <em><a href=\"https:\/\/munin.uit.no\/handle\/10037\/11250\">Paths and Places: Aspects of Grammar and Acquisition<\/a>.<\/em> The Arctic University of Norway. (with Professor Peter Svenonius)<\/p>\n<p><a href=\"http:\/\/castl.uit.no\/index.php?option=com_comprofiler&amp;task=userProfile&amp;user=172&amp;Itemid=118\">Urek, Olga<\/a>. 2016. <em><a href=\"http:\/\/munin.uit.no\/handle\/10037\/9501\">Palatalization in Latvian<\/a>.<\/em> UiT The Arctic University of Norway. (with Professor Martin Kr\u00e4mer)<\/p>\n<p><a href=\"https:\/\/castl.uit.no\/index.php\/people\/phd-students\/userprofile\/anna\">Wolleb, Anna<\/a>. 2015. <em><a href=\"http:\/\/munin.uit.no\/handle\/10037\/8275\">Syntactic representations in the bilingual mind: the role of executive function and pragmatics in cross-language priming<\/a>. <\/em>UiT The Arctic University of Norway. (with Professor Antonella Sorace, University of Edinburgh)<\/p>\n<p><a href=\"http:\/\/uit.no\/ansatte\/organisasjon\/ansatte\/person?p_document_id=43951&amp;p_dimension_id=\">R\u00f8reng, Anita<\/a>. 2011. <em><a href=\"http:\/\/munin.uit.no\/handle\/10037\/3377\">Die deutsche Doppelobjektkonstruktion: Eine korpusbasierte Untersuchung zur relativen Abfolge nominaler Akkusativ- und Dativobjekte im geschriebenen Deutsch<\/a>.<\/em> University of Troms\u00f8. (with Professor Olaf Westvik, UiT and Professor Jorunn Hetland, NTNU)<\/p>\n<p><a href=\"http:\/\/www.uib.no\/personer\/Asta.Haukas\">Hauk\u00e5s, \u00c5sta<\/a>. 2009. <em>Frequenz, Transfer und\/oder Grammatikunterricht? Der L2-Erwerb des deutschen hypothetischen Konditionalgef\u00fcges aus kognitiv linguistischer Sicht.<\/em> [Frequency, transfer and\/or grammar instruction? The L2 acquisition of the German hypothetical conditional from a cognitive linguistics perspective.] University of Troms\u00f8. (with Associate Professor Beate Lindemann)<\/p>\n<p><a href=\"http:\/\/castl.uit.no\/index.php?option=com_comprofiler&amp;task=userProfile&amp;user=104&amp;Itemid=117\">Rodina, Yulia<\/a>. 2008. <em><a href=\"http:\/\/munin.uit.no\/handle\/10037\/2247\">Semantics and Morphology: The Acquisition of Grammatical Gender in Russian.<\/a><\/em> University of Troms\u00f8. (with Professor Tore Nesset)<\/p>\n<p><span style=\"color: #008080\"><big><strong>Supervision &#8211;\u00a0 Masters theses<\/strong><\/big><\/span><\/p>\n<p>Asghari, Marjan. 2024. <a href=\"https:\/\/munin.uit.no\/handle\/10037\/33909\">Crosslinguistic Influence in Third Language Acquisition: CLI in L3 English acquisition of Persian-Mazandarani bilinguals<\/a>. UiT The Arctic University of Norway.<\/p>\n<p>Jazayeriasl, Ashwagh. 2024. <a href=\"https:\/\/munin.uit.no\/handle\/10037\/33948\">Cross-linguistic Influence in Third Language Acquisition: Acquisition of an artificial language by Arabic-English bilinguals<\/a>. UiT The Arctic University of Norway.<\/p>\n<p>Lazarou, Grigoria. 2024. <a href=\"https:\/\/munin.uit.no\/handle\/10037\/34122\"><strong>T<\/strong>he Acquisition of Aspect in L2 English by Greek speakers: A Feature Reassembly Approach<\/a>. UiT The Arctic University of Norway.<\/p>\n<p>Mathiesen, Fredrikke Leinan. 2024. <a href=\"https:\/\/munin.uit.no\/handle\/10037\/33969\"><span style=\"font-size: revert\">The impact of Extramural English on Norwegian lower secondary school <\/span><\/a><span style=\"font-size: revert\">students \u0301 English vocabulary and grammar. UiT The Arctic University of Norway.<\/span><\/p>\n<p>Bahrani, Bentholhoda. 2024. <a href=\"https:\/\/munin.uit.no\/handle\/10037\/33938\">Crosslinguistic Influence in L3A: Acquisition of English as a Foreign Language by Arabic, Norwegian and Arabic-Norwegian Adolescents<\/a>. UiT The Arctic University of Norway.<\/p>\n<p>Nazari, Parisa. 2023. <a href=\"https:\/\/munin.uit.no\/handle\/10037\/30049\">Cross-linguistic influence in the acquisition of a third language: Acquisition of an artificial language by Persian-English bilinguals<\/a>. UiT The Arctic University of Norway.<\/p>\n<p>Dehooei, Farnoosh Abdollahi. 2022. <a href=\"https:\/\/munin.uit.no\/handle\/10037\/27150\"><em>Crosslinguistic Influence in L3 Acquisition of English by Persian heritage speakers in Norway.<\/em><\/a> UiT The Arctic University of Norway.<\/p>\n<p>\u00d8ien, Dina Jakobsen. In progress. Topic: L3 Acquisition in the Classroom. UiT The Arctic University of NOrway.<\/p>\n<p>Rajabi, Melika. 2022.\u00a0<em><span style=\"font-size: revert\"><a href=\"https:\/\/munin.uit.no\/handle\/10037\/25743\">L2 Acquisition of English by Persian L1 Speakers. Comparing Morphology, Syntax and Semantics<\/a>.<\/span><\/em><span style=\"font-size: revert\">\u00a0UiT The Arctic University of Norway.<\/span><\/p>\n<p>Stevens, Dashiel Naea. 2021. <em><a href=\"https:\/\/munin.uit.no\/handle\/10037\/21884\">Ab Initio Adult Third Language Acquisition Transfer source selection and effects of CLI in acquisition of an artificial language<\/a>. <\/em>UiT The Arctic University of Norway.<em><br \/>\n<\/em><\/p>\n<p>Son, Minjeong. 2020. <a href=\"https:\/\/munin.uit.no\/handle\/10037\/20511\"><em>Subject-verb agreement in written English by L1 Norwegian university students: Error patterns, causes, and implication for teachin<\/em>g<\/a>. UiT The Arctic University of Norway.<\/p>\n<p>Kalstad, P\u00e5l Hunstad. 2019. <em><a href=\"https:\/\/munin.uit.no\/handle\/10037\/16615\">Child second language acquisition without communication<\/a><\/em>. UiT The Arctic Unversity of Norway.<\/p>\n<p>Brattsti, Fredrick. 2019. <a href=\"https:\/\/munin.uit.no\/handle\/10037\/16100\"><em>The acquisition of word order in yes\/no and wh- questions: A case study of an unbalanced bilingual<\/em><\/a>. UiT The Arctic University of Norway.<\/p>\n<p>Kwame, Abukari. 2018. <a href=\"https:\/\/munin.uit.no\/handle\/10037\/13674\"><em>Acquisition of L2 English articles among L1 Dagbani speakers: L1 Transfer or Fluctuation?<\/em><\/a> UiT The Arctic University of Norway.<\/p>\n<p>Gorgone, Paula. 2018. <a href=\"https:\/\/munin.uit.no\/handle\/10037\/13708\"><em>The acquisition of English as an L3 by Catalan\/Spanish bilinguals<\/em>.<\/a> UiT The Arctic University of Norway.<\/p>\n<p>Bakkevoll, Audun. 2018. <a href=\"https:\/\/munin.uit.no\/handle\/10037\/13709\"><em>Media habits vs. English proficiency: A study of L1 Norwegian primary school children.<\/em><\/a> UiT The Arctic University of Norway.<\/p>\n<p>Andersen, Daniel Flakowski. 2017. <em><a href=\"https:\/\/munin.uit.no\/handle\/10037\/21267\">The effect of media habits on English proficiency: A study of L1 Norwegian teenagers<\/a>.<\/em> UiT The Arctic University of Norway.<\/p>\n<p>Jensen, Mirjam. 2017. <em><a href=\"https:\/\/munin.uit.no\/handle\/10037\/21266\">Investigating the Bottleneck Hypothesis in Second Language Acquisition: The acquisition of narrow syntax and functional morphology among Norwegian L2 learners of English<\/a>. <\/em>UiT The Arctic University of Norway.<\/p>\n<p>Basnet, Lila. 2017. <em><a href=\"https:\/\/munin.uit.no\/handle\/10037\/13176\">Acquisition of subject-verb agreement and word order by Nepali learners of English: The Bottleneck Hypothesis in L2 acquisition<\/a>.<\/em> UiT The Arctic University of Norway.<\/p>\n<p>Jensen, Isabel Nadine. 2016. <em><a href=\"http:\/\/munin.uit.no\/handle\/10037\/9727\">The Bottleneck Hypothesis in L2 acquisition: Norwegian L1 speakers\u2019 knowledge of syntax and morphology in English L2<\/a>.<\/em> UiT The Arctic University of Norway.<\/p>\n<p>Didriksen, Jelena. 2016. <em><a href=\"http:\/\/munin.uit.no\/handle\/10037\/9734\">The acquisition of Norwegian Object Shift by Ln learners<\/a>.<\/em> UiT The Arctic University of Norway.<\/p>\n<p>Stagelund, Annette Mygind Stagelund. 2016. <em><a href=\"http:\/\/munin.uit.no\/handle\/10037\/9729\">The Effect of Norwegian Dyslexia Friendly Schools: The acquisition of L2 English in 6th and 7th grade<\/a>.<\/em> UiT The Arctic University of Norway.<\/p>\n<p>Tsegaye, Hiwot. 2011. <em>The Transfer of Word Order by Native Speakers of Amharic Learning English.<\/em> University of Troms\u00f8. (with Associate Professor Thomas McFadden)<\/p>\n<p><a href=\"http:\/\/castl.uit.no\/index.php?option=com_comprofiler&amp;task=userProfile&amp;user=170&amp;Itemid=119\">Caglar-Ryeng, \u00d6m\u00fcr<\/a>. 2010. <em><a href=\"http:\/\/munin.uit.no\/handle\/10037\/2775\">Morphological Awareness Skills of Norwegian Adolescent Dyslexics Acquiring English as a Second Language<\/a>.<\/em> University of Troms\u00f8.<\/p>\n<p><a href=\"http:\/\/www.northeastern.edu\/psychology\/people\/graduate-students\/katalin-tamasi\/\">Tam\u00e1si, Katalin<\/a>. 2010. <em><a href=\"http:\/\/munin.uit.no\/handle\/10037\/2759\">Segment Interactions in Autism<\/a>.<\/em> University of Troms\u00f8. (with Senior Researcher Bruce Mor\u00e9n-Duollj\u00e1)<\/p>\n<p>Rahman, Syed Shahrier. 2010. <em><a href=\"http:\/\/munin.uit.no\/handle\/10037\/2780\">Wh-Question and Focus Construction in Bengali: Word Order Variation and Acquisition<\/a>.\u00a0 University of Troms\u00f8.<\/em> (with Professor Gillian Ramchand)<\/p>\n<p>Hui, Ding. 2010. <em>A Study on Adult Chinese Acquiring Norwegian Word Order.<\/em> University of Troms\u00f8. (with Associate Professor Thomas McFadden)<\/p>\n<p>Maksimova, Irina. 2009. <em><a href=\"http:\/\/munin.uit.no\/handle\/10037\/2068\">Production of articles and monosyllabic prepositions in early child English: a prosodic account<\/a>.<\/em> University of Troms\u00f8. (with Associate Professor Martin Kr\u00e4mer)<\/p>\n<p>Bjermeland, Lene Kristin Brevik. 2005. <em>Age, Input and Proficiency Levels in Child Foreign Language Learning in Norwegian Schools.<\/em> Norwegian University of Science and Technology, NTNU. (with Professor Mila Vulchanova)<\/p>\n<p>Zdorenko, Tatiana. 2005. <em>The Acquisition of Subjects in English and Russian.<\/em> University of Troms\u00f8.<\/p>\n<p>Zyryanova, Marina. 2005. <em>The Acquisition of Wh-Questions in Russian and English: The Presence of Pragmatics.<\/em> University of Troms\u00f8.<\/p>\n<p>Borge, Aud Inger Nilsen. 2005. <em>Acquisition of Adverb and Verb Placement in Norwegian Learners of English: A Study on Learner Language and the Effectiveness of Teaching.<\/em> University of Troms\u00f8.<\/p>\n<p><a href=\"http:\/\/www.hiof.no\/nor\/avdeling-for-okonomi_-sprak-og-samfunnsfag\/om-avdelingen\/ansatte\/?&amp;displayitem=26326&amp;module=admin\">Filiouchkina, Maria<\/a>. 2003. <em>How Tense and Aspect are acquired: a cross-linguistic analysis of child Russian and English.<\/em> University of Troms\u00f8.<\/p>\n<p>Diakonova, Marina. 2003. <em>The Acquisition of Word Order in English and Russian.<\/em> University of Troms\u00f8.<\/p>\n<p><a href=\"http:\/\/castl.uit.no\/index.php?option=com_comprofiler&amp;task=userProfile&amp;user=104&amp;Itemid=117\">Rodina, Yulia<\/a>. 2003. <em>Acquisition of Verbal Possession in English.<\/em> Troms\u00f8. University of Troms\u00f8.<\/p>\n<p>Evtyukhin, Sergey. 2003. <em>Incidental Acquisition of English Phrasal Verbs by Norwegian and Russian Native Speakers.<\/em> University of Troms\u00f8.<\/p>\n<p><a href=\"http:\/\/www.hibo.no\/index.php?ID=12154&amp;lang=nor&amp;displayitem=894&amp;module=admin\">Jensvoll, Maja Henriette.<\/a> 2002. <em>The Acquisition of Past Tense in English\/Norwegian Bilingual Children: Single versus Dual Mechanisms.<\/em> Cand. philol. thesis, University of Troms\u00f8.<\/p>\n<p><a href=\"http:\/\/castl.uit.no\/index.php?option=com_comprofiler&amp;task=userProfile&amp;user=94&amp;Itemid=117\">Bentzen, Kristine<\/a>. 2000. <em>\u2019I like not it like du like it!\u2019 A case study of language transfer in bilingual first language acquisition.<\/em> Cand. philol. thesis, University of Troms\u00f8.<\/p>\n<p><a href=\"http:\/\/www.ntnu.no\/ansatte\/anne.j.dahl\">Dahl, Anne<\/a>. 2000. <em>Unlearning: On the Acquisition of Case Absorption Effects in English Passives by Native Speakers of Norwegian.<\/em> Cand. philol. thesis, University of Troms\u00f8.<\/p>\n<p><a href=\"http:\/\/castl.uit.no\/index.php?option=com_comprofiler&amp;task=userProfile&amp;user=91&amp;Itemid=119\">Anderssen, Merete<\/a>. 1995. <em>The Acquisition of Functional Categories.<\/em> Cand. philol. thesis, University of Troms\u00f8.<\/p>\n<p>Ashigbie, Livingstone. 1995. <em>First Language and Developmental Influences in Second Language Acquisition and Use: A Cross-Sectional Study of Ghanaian and Norwegian Learners\u2019 Acquisition and Use of the English Articles.<\/em> Cand. philol. thesis,\u00a0 University of Troms\u00f8. (with Professor Waldemar Marton)<\/p>\n<p><a href=\"http:\/\/www.hinesna.no\/node\/1042\">Waara, Renee Hilda<\/a>. 1992. <em>Syntactic and Thematic Structures in English Passives.<\/em> Cand. philol. thesis, University of Troms\u00f8.<\/p>\n<p><span style=\"color: #008080\"><strong><big>PhD seminars in Language Acquisition\/Attrition (selection)<br \/>\n<\/big><\/strong><\/span><\/p>\n<p>Spring 2018: PhD seminar, LAVA research group, <a href=\"https:\/\/site.uit.no\/lava\/phd-seminar-l2l3ln-acquisition-spring-2018\/\">L2\/L3\/Ln Acquisition<\/a> (with Jason Rothman &amp; Roumyana Slabakova)<br \/>\nFall 2017: PhD seminar, LAVA research group, <a href=\"https:\/\/site.uit.no\/lava\/lin-8002-phd-seminar-acquisition-fall-2017\/\">Child and Adult Heritage Speakers <\/a>(with Tanja Kupisch &amp; Jason Rothman)<br \/>\nFall 2016: PhD seminar, LAVA research group, <a href=\"https:\/\/site.uit.no\/lava\/phd-seminar-fall-2016\/\">Bilingualism\/L2A<\/a> (with Tanja Kupisch &amp; Jason Rothman)<br \/>\nFall 2015: PhD seminar, CASTL Graduate School, <a href=\"https:\/\/uit.no\/studietilbud\/emner\/emne?p_document_id=415677\">Language Acquisition<\/a> (with Merete Anderssen)<br \/>\nFall 2013: PhD seminar, CASTL Graduate School, <a href=\"https:\/\/castl.uit.no\/index.php\/seminars\/acquisition-seminar-fall-2013\">Topics in Bilingualism<\/a><\/p>\n<p><span style=\"color: #008080\"><strong><big>Courses in English linguistics taught at UiT (selection)<\/big><\/strong><\/span><\/p>\n<ul>\n<li>Varieties of English, graduate course (3000-level), 2018, 2022.<\/li>\n<li>Second Language Acquisition, graduate course (3000-level): 2009, 2015, 2016, 2018.<\/li>\n<li>First Language Acquisition, graduate course (3000-level): 2004, 2005.<\/li>\n<li>Language Acquisition, graduate course (3000-level): 1997, 2000, 2002, 2003.<\/li>\n<li>Second Language Acquisition, intermediate course (2000-level): 2015.<\/li>\n<li>Language Acquisition, intermediate course (2000-level): 1997, 1998, 1999, 2002.<\/li>\n<li>English Grammar and Introduction to Linguistics, (1000-level): 1995-1999, 2001-2002, 2008.<\/li>\n<\/ul>\n<p><span style=\"color: #008080\"><strong><big>Courses taught at other institutions<\/big><\/strong><\/span><\/p>\n<ul>\n<li>SPR\u00c5K-3000 Language Acquisition (English), NTNU, Norwegian University of Science and Technology, Trondheim: Fall semester 2009.<\/li>\n<li>ENG-2153 First and Second Language Acquisition, NTNU, Norwegian University of Science and Technology, Trondheim: Spring semester 2005.<\/li>\n<li>Issues in 1st and 2nd Language Acquisition, St. Olaf College, USA: Interim 2001, and summers\u00a0 2002 and 2003.<\/li>\n<\/ul>\n","protected":false},"excerpt":{"rendered":"<p>Teaching I have taught numerous courses from first-year intro courses to PhD seminars on topics such as First\/Second\/Ln\/Bilingual language acquisition &amp; attrition, Varieties of English, Syntax and morphology, etc. See below for a selection of courses. Supervision &#8211; PhD dissertations &hellip; <a href=\"https:\/\/site.uit.no\/maritwestergaard\/teaching-and-supervision\/\">Continue reading <span class=\"meta-nav\">&rarr;<\/span><\/a><\/p>\n","protected":false},"author":644,"featured_media":0,"parent":0,"menu_order":0,"comment_status":"closed","ping_status":"closed","template":"","meta":{"footnotes":""},"class_list":["post-19","page","type-page","status-publish","hentry"],"_links":{"self":[{"href":"https:\/\/site.uit.no\/maritwestergaard\/wp-json\/wp\/v2\/pages\/19","targetHints":{"allow":["GET"]}}],"collection":[{"href":"https:\/\/site.uit.no\/maritwestergaard\/wp-json\/wp\/v2\/pages"}],"about":[{"href":"https:\/\/site.uit.no\/maritwestergaard\/wp-json\/wp\/v2\/types\/page"}],"author":[{"embeddable":true,"href":"https:\/\/site.uit.no\/maritwestergaard\/wp-json\/wp\/v2\/users\/644"}],"replies":[{"embeddable":true,"href":"https:\/\/site.uit.no\/maritwestergaard\/wp-json\/wp\/v2\/comments?post=19"}],"version-history":[{"count":3,"href":"https:\/\/site.uit.no\/maritwestergaard\/wp-json\/wp\/v2\/pages\/19\/revisions"}],"predecessor-version":[{"id":1259,"href":"https:\/\/site.uit.no\/maritwestergaard\/wp-json\/wp\/v2\/pages\/19\/revisions\/1259"}],"wp:attachment":[{"href":"https:\/\/site.uit.no\/maritwestergaard\/wp-json\/wp\/v2\/media?parent=19"}],"curies":[{"name":"wp","href":"https:\/\/api.w.org\/{rel}","templated":true}]}}