{"id":105,"date":"2020-11-04T15:31:00","date_gmt":"2020-11-04T15:31:00","guid":{"rendered":"https:\/\/site.uit.no\/materialkurs\/?page_id=105"},"modified":"2020-11-05T16:27:42","modified_gmt":"2020-11-05T16:27:42","slug":"steinalder","status":"publish","type":"page","link":"https:\/\/site.uit.no\/materialkurs\/steinalder\/","title":{"rendered":"Steinalder"},"content":{"rendered":"<p>Steinalderen deles som regel inn i tre perioder: Paleolittisk tid ca. 2 000 000-8000 fvt., Mesolittisk tid ca. 8000-4000 fvt. og Neolittisk tid 4000-1800 fvt. I Norge regnes steinalderen fra cirka den tiden mennesker f\u00f8rst migrerte til i landomr\u00e5det som i dag er landet Norge, ca. 10 000 fvt. og fram til 1800 fvt.<\/p>\n<p>Steinalderen i Norge deles inn i to perioder, den eldre steinalderen som har start fra \u00e5r 10 000 fvt til rundt 4000 fvt. Perioden som etterf\u00f8lger er den yngre steinalder og varer fra 4000 til 1800-fvt. og leder inn til tidlig metalltid.<\/p>\n<p>Perioden har f\u00e5tt navn etter materialet menneskene brukte til \u00e5 lage gjenstander, nettopp stein. Steinredskap av flint og kvartsitt er kanskje noe man assosierer mest med steinalderen. Andre kjente materialer som ble brukt under steinalderen var blant annet tre, bein\/horn, leire til keramikk m.m.<\/p>\n<p>Vi har valgt \u00e5 dele inn materialet vi har fra steinalderen i de to periodene eldre og yngre steinalder, s\u00e5 videre herfra kan man klikke inn p\u00e5 periodene.<\/p>\n<p>&nbsp;<\/p>\n","protected":false},"excerpt":{"rendered":"<p>Steinalderen deles som regel inn i tre perioder: Paleolittisk tid ca. 2 000 000-8000 fvt., Mesolittisk tid ca. 8000-4000 fvt. og Neolittisk tid 4000-1800 fvt. I Norge regnes steinalderen fra cirka den tiden mennesker f\u00f8rst migrerte til i landomr\u00e5det som i dag er landet Norge, ca. 10 000 fvt. og fram til 1800 fvt. Steinalderen [&hellip;]<\/p>\n","protected":false},"author":1162,"featured_media":0,"parent":0,"menu_order":0,"comment_status":"closed","ping_status":"closed","template":"","meta":{"footnotes":""},"class_list":["post-105","page","type-page","status-publish","hentry"],"_links":{"self":[{"href":"https:\/\/site.uit.no\/materialkurs\/wp-json\/wp\/v2\/pages\/105","targetHints":{"allow":["GET"]}}],"collection":[{"href":"https:\/\/site.uit.no\/materialkurs\/wp-json\/wp\/v2\/pages"}],"about":[{"href":"https:\/\/site.uit.no\/materialkurs\/wp-json\/wp\/v2\/types\/page"}],"author":[{"embeddable":true,"href":"https:\/\/site.uit.no\/materialkurs\/wp-json\/wp\/v2\/users\/1162"}],"replies":[{"embeddable":true,"href":"https:\/\/site.uit.no\/materialkurs\/wp-json\/wp\/v2\/comments?post=105"}],"version-history":[{"count":6,"href":"https:\/\/site.uit.no\/materialkurs\/wp-json\/wp\/v2\/pages\/105\/revisions"}],"predecessor-version":[{"id":163,"href":"https:\/\/site.uit.no\/materialkurs\/wp-json\/wp\/v2\/pages\/105\/revisions\/163"}],"wp:attachment":[{"href":"https:\/\/site.uit.no\/materialkurs\/wp-json\/wp\/v2\/media?parent=105"}],"curies":[{"name":"wp","href":"https:\/\/api.w.org\/{rel}","templated":true}]}}