{"id":11,"date":"2020-10-05T20:05:35","date_gmt":"2020-10-05T20:05:35","guid":{"rendered":"https:\/\/site.uit.no\/materialkurs\/?page_id=11"},"modified":"2020-11-05T16:07:49","modified_gmt":"2020-11-05T16:07:49","slug":"eldre-steinalder","status":"publish","type":"page","link":"https:\/\/site.uit.no\/materialkurs\/steinalder\/eldre-steinalder\/","title":{"rendered":"Eldre steinalder"},"content":{"rendered":"<p>Eldre steinalder er perioden f\u00f8r yngre steinalder og varer lenge, fra ca. 10 000 fvt.\u20134000 fvt. Perioden g\u00e5r ogs\u00e5 inn under den Mesolittiske perioden, som varer fra 8000 fvt-4000 fvt.<\/p>\n<h5 class=\"model-name\"><span class=\"model-name c-model-name\"><span class=\"model-name__label\">Midtstikkel (TS4949\u00c6)<\/span><\/span><\/h5>\n<p>Datering: Steinalder (noe usikkerhet, men mye mulig eldre steinalder).<\/p>\n<p>Funnsted:\u00a0Nesseby, Troms og Finnmark.<\/p>\n<p>Materiale: Flint.<\/p>\n<p>Bruksomr\u00e5de:<\/p>\n<div class=\"sketchfab-embed-wrapper\">    <iframe title=\"Midtstikkel (TS4949\u00c6)\" id=\"\" class=\"\" width=\"580\" height=\"326\" src=\"https:\/\/sketchfab.com\/models\/e62b6194ee7b4bc7a87a42d1d4b7e0d9\/embed\" frameborder=\"0\" allow=\"autoplay; fullscreen; xr-spatial-tracking\" allowfullscreen=\"\" mozallowfullscreen=\"true\" webkitallowfullscreen=\"true\" xr-spatial-tracking=\"true\" execution-while-out-of-viewport=\"true\" execution-while-not-rendered=\"true\" web-share=\"true\"><\/iframe><\/div>\n<p>&nbsp;<\/p>\n","protected":false},"excerpt":{"rendered":"<p>Eldre steinalder er perioden f\u00f8r yngre steinalder og varer lenge, fra ca. 10 000 fvt.\u20134000 fvt. Perioden g\u00e5r ogs\u00e5 inn under den Mesolittiske perioden, som varer fra 8000 fvt-4000 fvt. Midtstikkel (TS4949\u00c6) Datering: Steinalder (noe usikkerhet, men mye mulig eldre steinalder). Funnsted:\u00a0Nesseby, Troms og Finnmark. Materiale: Flint. Bruksomr\u00e5de: &nbsp;<\/p>\n","protected":false},"author":1100,"featured_media":0,"parent":105,"menu_order":1,"comment_status":"closed","ping_status":"closed","template":"","meta":{"footnotes":""},"class_list":["post-11","page","type-page","status-publish","hentry"],"_links":{"self":[{"href":"https:\/\/site.uit.no\/materialkurs\/wp-json\/wp\/v2\/pages\/11","targetHints":{"allow":["GET"]}}],"collection":[{"href":"https:\/\/site.uit.no\/materialkurs\/wp-json\/wp\/v2\/pages"}],"about":[{"href":"https:\/\/site.uit.no\/materialkurs\/wp-json\/wp\/v2\/types\/page"}],"author":[{"embeddable":true,"href":"https:\/\/site.uit.no\/materialkurs\/wp-json\/wp\/v2\/users\/1100"}],"replies":[{"embeddable":true,"href":"https:\/\/site.uit.no\/materialkurs\/wp-json\/wp\/v2\/comments?post=11"}],"version-history":[{"count":12,"href":"https:\/\/site.uit.no\/materialkurs\/wp-json\/wp\/v2\/pages\/11\/revisions"}],"predecessor-version":[{"id":158,"href":"https:\/\/site.uit.no\/materialkurs\/wp-json\/wp\/v2\/pages\/11\/revisions\/158"}],"up":[{"embeddable":true,"href":"https:\/\/site.uit.no\/materialkurs\/wp-json\/wp\/v2\/pages\/105"}],"wp:attachment":[{"href":"https:\/\/site.uit.no\/materialkurs\/wp-json\/wp\/v2\/media?parent=11"}],"curies":[{"name":"wp","href":"https:\/\/api.w.org\/{rel}","templated":true}]}}