{"id":171,"date":"2020-11-06T12:10:18","date_gmt":"2020-11-06T12:10:18","guid":{"rendered":"https:\/\/site.uit.no\/materialkurs\/?page_id=171"},"modified":"2020-11-06T14:50:48","modified_gmt":"2020-11-06T14:50:48","slug":"forromersk-jernalder","status":"publish","type":"page","link":"https:\/\/site.uit.no\/materialkurs\/forromersk-jernalder\/","title":{"rendered":"F\u00f8rromersk jernalder"},"content":{"rendered":"<p>F\u00f8rromers jernalder, ogs\u00e5 kjent som keltertid, hadde sin start fra ca. \u00e5r 500 fvt. og frem til \u00e5r null.<\/p>\n","protected":false},"excerpt":{"rendered":"<p>F\u00f8rromers jernalder, ogs\u00e5 kjent som keltertid, hadde sin start fra ca. \u00e5r 500 fvt. og frem til \u00e5r null.<\/p>\n","protected":false},"author":1161,"featured_media":0,"parent":0,"menu_order":0,"comment_status":"closed","ping_status":"closed","template":"","meta":{"footnotes":""},"class_list":["post-171","page","type-page","status-publish","hentry"],"_links":{"self":[{"href":"https:\/\/site.uit.no\/materialkurs\/wp-json\/wp\/v2\/pages\/171","targetHints":{"allow":["GET"]}}],"collection":[{"href":"https:\/\/site.uit.no\/materialkurs\/wp-json\/wp\/v2\/pages"}],"about":[{"href":"https:\/\/site.uit.no\/materialkurs\/wp-json\/wp\/v2\/types\/page"}],"author":[{"embeddable":true,"href":"https:\/\/site.uit.no\/materialkurs\/wp-json\/wp\/v2\/users\/1161"}],"replies":[{"embeddable":true,"href":"https:\/\/site.uit.no\/materialkurs\/wp-json\/wp\/v2\/comments?post=171"}],"version-history":[{"count":3,"href":"https:\/\/site.uit.no\/materialkurs\/wp-json\/wp\/v2\/pages\/171\/revisions"}],"predecessor-version":[{"id":192,"href":"https:\/\/site.uit.no\/materialkurs\/wp-json\/wp\/v2\/pages\/171\/revisions\/192"}],"wp:attachment":[{"href":"https:\/\/site.uit.no\/materialkurs\/wp-json\/wp\/v2\/media?parent=171"}],"curies":[{"name":"wp","href":"https:\/\/api.w.org\/{rel}","templated":true}]}}