{"id":20,"date":"2020-10-06T08:00:52","date_gmt":"2020-10-06T08:00:52","guid":{"rendered":"https:\/\/site.uit.no\/materialkurs\/?page_id=20"},"modified":"2020-11-05T13:01:10","modified_gmt":"2020-11-05T13:01:10","slug":"om-materialkurset","status":"publish","type":"page","link":"https:\/\/site.uit.no\/materialkurs\/","title":{"rendered":"Om materialkurset"},"content":{"rendered":"<p>Koronasituasjonen tvang universitetene i Norge til \u00e5 g\u00e5 over til digital undervisning over natten i mars 2020. P\u00e5 arkeologistudiet jobber vi med materiell kultur og en god forst\u00e5else av det arkeologiske materialet er vanskelig \u00e5 danne seg uten \u00e5 fysisk oppleve spesifikke materialer, former og typer av gjenstander. En todimensjonal representasjon av en arkeologisk gjenstand, slik som en tegning eller et fotografi, er den tradisjonelle m\u00e5ten \u00e5 formidle gjenstands- og materialspesifikk arkeologisk kunnskap gjennom ulike publikasjoner, forelesninger og foredrag. Med 3D-teknologi \u00e5pnes andre muligheter til \u00e5 oppleve eksempelvis en arkeologisk gjenstand uten \u00e5 ber\u00f8re den fysisk.<\/p>\n<p>Det digitale materialkurset, som i sin n\u00e5v\u00e6rende form er en testversjon, er utviklet av studenter ved emnet ARK-1017 h\u00f8sten 2020.<\/p>\n<p>Under de ulike periodiske kategoriene vil det ligge kort info om perioden. Over modellene vil det og st\u00e5 kort info om gjenstanden, da det er mulig \u00e5 klikke seg videre til modellen og f\u00e5 mer info der.<\/p>\n","protected":false},"excerpt":{"rendered":"<p>Koronasituasjonen tvang universitetene i Norge til \u00e5 g\u00e5 over til digital undervisning over natten i mars 2020. P\u00e5 arkeologistudiet jobber vi med materiell kultur og en god forst\u00e5else av det arkeologiske materialet er vanskelig \u00e5 danne seg uten \u00e5 fysisk oppleve spesifikke materialer, former og typer av gjenstander. En todimensjonal representasjon av en arkeologisk gjenstand, [&hellip;]<\/p>\n","protected":false},"author":1100,"featured_media":0,"parent":0,"menu_order":0,"comment_status":"closed","ping_status":"closed","template":"","meta":{"footnotes":""},"class_list":["post-20","page","type-page","status-publish","hentry"],"_links":{"self":[{"href":"https:\/\/site.uit.no\/materialkurs\/wp-json\/wp\/v2\/pages\/20","targetHints":{"allow":["GET"]}}],"collection":[{"href":"https:\/\/site.uit.no\/materialkurs\/wp-json\/wp\/v2\/pages"}],"about":[{"href":"https:\/\/site.uit.no\/materialkurs\/wp-json\/wp\/v2\/types\/page"}],"author":[{"embeddable":true,"href":"https:\/\/site.uit.no\/materialkurs\/wp-json\/wp\/v2\/users\/1100"}],"replies":[{"embeddable":true,"href":"https:\/\/site.uit.no\/materialkurs\/wp-json\/wp\/v2\/comments?post=20"}],"version-history":[{"count":11,"href":"https:\/\/site.uit.no\/materialkurs\/wp-json\/wp\/v2\/pages\/20\/revisions"}],"predecessor-version":[{"id":153,"href":"https:\/\/site.uit.no\/materialkurs\/wp-json\/wp\/v2\/pages\/20\/revisions\/153"}],"wp:attachment":[{"href":"https:\/\/site.uit.no\/materialkurs\/wp-json\/wp\/v2\/media?parent=20"}],"curies":[{"name":"wp","href":"https:\/\/api.w.org\/{rel}","templated":true}]}}