{"id":58,"date":"2020-11-03T13:45:31","date_gmt":"2020-11-03T13:45:31","guid":{"rendered":"https:\/\/site.uit.no\/materialkurs\/?page_id=58"},"modified":"2020-11-05T12:58:04","modified_gmt":"2020-11-05T12:58:04","slug":"middelalder","status":"publish","type":"page","link":"https:\/\/site.uit.no\/materialkurs\/middelalder\/","title":{"rendered":"Middelalder"},"content":{"rendered":"<p>Middelalderen er den siste historiske perioden f\u00f8r nyere tid, starten p\u00e5 perioden er omdiskutert men regnes som ca. fra \u00e5r 500-1500 e.Kr.<\/p>\n<p><strong>Beinskje (TS773)<\/strong><\/p>\n<p>Datering: Middelalder.<\/p>\n<p>Funnsted:\u00a0Haug, Hadsel, Nordland.<\/p>\n<p>Materiale: Bein\/Horn.<\/p>\n<p>Bruksomr\u00e5de: Spiseskje.<\/p>\n<div class=\"sketchfab-embed-wrapper\">    <iframe title=\"Beinskje (TS773)\" id=\"\" class=\"\" width=\"580\" height=\"326\" src=\"https:\/\/sketchfab.com\/models\/0d508a2fe20d4d84a802cc90bd717ac3\/embed\" frameborder=\"0\" allow=\"autoplay; fullscreen; xr-spatial-tracking\" allowfullscreen=\"\" mozallowfullscreen=\"true\" webkitallowfullscreen=\"true\" xr-spatial-tracking=\"true\" execution-while-out-of-viewport=\"true\" execution-while-not-rendered=\"true\" web-share=\"true\"><\/iframe><\/div>\n<p><strong>Kleberkole (TS293)\u00a0<\/strong><\/p>\n<p>Datering: Middelalder.<\/p>\n<p>Funnsted:\u00a0Rensaa, Tjeldsund, Troms og Finnmark.<\/p>\n<p>N\u00e5r funnet: 1877.<\/p>\n<p>Materiale: Kleber.<\/p>\n<p>Bruksomr\u00e5de: Ble vanligvis brukt som tranlampe, \u00e5 holde oljen. Kunne festes i veggen eller ligge p\u00e5 bordet.<\/p>\n<div class=\"sketchfab-embed-wrapper\">    <iframe title=\"Kleberkole (TS293)\" id=\"\" class=\"\" width=\"580\" height=\"326\" src=\"https:\/\/sketchfab.com\/models\/3354ce88c67e4015a2fd474a04f34461\/embed\" frameborder=\"0\" allow=\"autoplay; fullscreen; xr-spatial-tracking\" allowfullscreen=\"\" mozallowfullscreen=\"true\" webkitallowfullscreen=\"true\" xr-spatial-tracking=\"true\" execution-while-out-of-viewport=\"true\" execution-while-not-rendered=\"true\" web-share=\"true\"><\/iframe><\/div>\n<p><strong>Fiskes\u00f8kke (Ts8477 hq)<\/strong><\/p>\n<p>Datering:\u00a0Middelalder, ca. 1200.<\/p>\n<p>Funnsted:\u00a0Storv\u00e5gen, V\u00e5gan, Nordland.<\/p>\n<p>Materiale: Kleber.<\/p>\n<p>Bruksomr\u00e5de: Fisking.<\/p>\n<div class=\"sketchfab-embed-wrapper\">    <iframe title=\"Fiskes\u00f8kke (Ts8477 hq)\" id=\"\" class=\"\" width=\"580\" height=\"326\" src=\"https:\/\/sketchfab.com\/models\/722cd08b530948d58c9265ef1182896f\/embed\" frameborder=\"0\" allow=\"autoplay; fullscreen; xr-spatial-tracking\" allowfullscreen=\"\" mozallowfullscreen=\"true\" webkitallowfullscreen=\"true\" xr-spatial-tracking=\"true\" execution-while-out-of-viewport=\"true\" execution-while-not-rendered=\"true\" web-share=\"true\"><\/iframe><\/div>\n","protected":false},"excerpt":{"rendered":"<p>Middelalderen er den siste historiske perioden f\u00f8r nyere tid, starten p\u00e5 perioden er omdiskutert men regnes som ca. fra \u00e5r 500-1500 e.Kr. Beinskje (TS773) Datering: Middelalder. Funnsted:\u00a0Haug, Hadsel, Nordland. Materiale: Bein\/Horn. Bruksomr\u00e5de: Spiseskje. Kleberkole (TS293)\u00a0 Datering: Middelalder. Funnsted:\u00a0Rensaa, Tjeldsund, Troms og Finnmark. N\u00e5r funnet: 1877. Materiale: Kleber. Bruksomr\u00e5de: Ble vanligvis brukt som tranlampe, \u00e5 holde [&hellip;]<\/p>\n","protected":false},"author":1162,"featured_media":0,"parent":0,"menu_order":0,"comment_status":"closed","ping_status":"closed","template":"","meta":{"footnotes":""},"class_list":["post-58","page","type-page","status-publish","hentry"],"_links":{"self":[{"href":"https:\/\/site.uit.no\/materialkurs\/wp-json\/wp\/v2\/pages\/58","targetHints":{"allow":["GET"]}}],"collection":[{"href":"https:\/\/site.uit.no\/materialkurs\/wp-json\/wp\/v2\/pages"}],"about":[{"href":"https:\/\/site.uit.no\/materialkurs\/wp-json\/wp\/v2\/types\/page"}],"author":[{"embeddable":true,"href":"https:\/\/site.uit.no\/materialkurs\/wp-json\/wp\/v2\/users\/1162"}],"replies":[{"embeddable":true,"href":"https:\/\/site.uit.no\/materialkurs\/wp-json\/wp\/v2\/comments?post=58"}],"version-history":[{"count":20,"href":"https:\/\/site.uit.no\/materialkurs\/wp-json\/wp\/v2\/pages\/58\/revisions"}],"predecessor-version":[{"id":149,"href":"https:\/\/site.uit.no\/materialkurs\/wp-json\/wp\/v2\/pages\/58\/revisions\/149"}],"wp:attachment":[{"href":"https:\/\/site.uit.no\/materialkurs\/wp-json\/wp\/v2\/media?parent=58"}],"curies":[{"name":"wp","href":"https:\/\/api.w.org\/{rel}","templated":true}]}}