{"id":73,"date":"2020-11-03T17:24:36","date_gmt":"2020-11-03T17:24:36","guid":{"rendered":"https:\/\/site.uit.no\/materialkurs\/?page_id=73"},"modified":"2020-11-06T12:47:04","modified_gmt":"2020-11-06T12:47:04","slug":"yngere-steinalder","status":"publish","type":"page","link":"https:\/\/site.uit.no\/materialkurs\/steinalder\/yngere-steinalder\/","title":{"rendered":"Yngre steinalder"},"content":{"rendered":"<h5>Den yngere steinalder eller neolitikum som den ogs\u00e5 kalles, varte fra ca 4000\u20131800 f.Kr. Denne tiden var ogs\u00e5 starten p\u00e5 jordbruket<\/h5>\n<h5 class=\"model-name\"><span class=\"model-name c-model-name\"><span class=\"model-name__label\">Skiferpil (TS21)<\/span><\/span><\/h5>\n<p>Funnsted: &#8211; Flakstad g\u00e5rd, Torsken, Senja, Troms og Finnmark<\/p>\n<p>Datering: Yngre steinalder<\/p>\n<p>Materiale: &#8211; Dividalsskifer<\/p>\n<div class=\"sketchfab-embed-wrapper\">    <iframe title=\"Skiferpil (TS21)\" id=\"\" class=\"\" width=\"580\" height=\"326\" src=\"https:\/\/sketchfab.com\/models\/a7446e07bddd41ad898d3178acef7582\/embed\" frameborder=\"0\" allow=\"autoplay; fullscreen; xr-spatial-tracking\" allowfullscreen=\"\" mozallowfullscreen=\"true\" webkitallowfullscreen=\"true\" xr-spatial-tracking=\"true\" execution-while-out-of-viewport=\"true\" execution-while-not-rendered=\"true\" web-share=\"true\"><\/iframe><\/div>\n<p>&nbsp;<\/p>\n<h5 class=\"model-name\"><span class=\"model-name c-model-name\"><span class=\"model-name__label\">Spydspiss (TS123)<\/span><\/span><\/h5>\n<p>Funnsted: Saksenvik venstre\/Saksenvik \u00f8stre, Saltdal, Nordland.<\/p>\n<p>Datering: Yngre steinalder.<\/p>\n<p>Materiale: Skifer<\/p>\n<div class=\"sketchfab-embed-wrapper\">    <iframe title=\"Spydspiss (TS123)\" id=\"\" class=\"\" width=\"580\" height=\"326\" src=\"https:\/\/sketchfab.com\/models\/95a7adff7eca48178a7105e6ccc19550\/embed\" frameborder=\"0\" allow=\"autoplay; fullscreen; xr-spatial-tracking\" allowfullscreen=\"\" mozallowfullscreen=\"true\" webkitallowfullscreen=\"true\" xr-spatial-tracking=\"true\" execution-while-out-of-viewport=\"true\" execution-while-not-rendered=\"true\" web-share=\"true\"><\/iframe><\/div>\n<h5><\/h5>\n<div class=\"popup-container\">\n<h4 class=\"model-name\"><span class=\"model-name c-model-name\"><span class=\"model-name__label\">Meisel (Ts343)<\/span><\/span><\/h4>\n<div id=\"view25\" class=\"js-popup js-popup-content c-popup__container\">\n<div id=\"view26\">\n<div id=\"view28\">\n<section class=\"c-popup c-model-page-popup\">\n<div class=\"c-popup__content c-popup__full-height\">\n<div id=\"view30\">\n<section class=\"c-model-page-popup__container view sidebar-right model-container\">\n<div class=\"main c-model-page-popup__main\">\n<div>\n<div class=\"grecaptcha-badge\">\n<p>Funnsted: Stokke, Tjeldsund, Troms og Finnmark<\/p>\n<p class=\"grecaptcha-logo\">Datering: Yngre steinalder<\/p>\n<p class=\"user-summary hidden\">Materialet: Skifer<\/p>\n<div class=\"sketchfab-embed-wrapper\">    <iframe title=\"Meisel (Ts343)\" id=\"\" class=\"\" width=\"580\" height=\"326\" src=\"https:\/\/sketchfab.com\/models\/86331635f3204ccfbb094313bb64c1cc\/embed\" frameborder=\"0\" allow=\"autoplay; fullscreen; xr-spatial-tracking\" allowfullscreen=\"\" mozallowfullscreen=\"true\" webkitallowfullscreen=\"true\" xr-spatial-tracking=\"true\" execution-while-out-of-viewport=\"true\" execution-while-not-rendered=\"true\" web-share=\"true\"><\/iframe><\/div>\n<h4 class=\"model-name\"><span class=\"model-name c-model-name\"><span class=\"model-name__label\">Beinknuser (TS8508) 05<\/span><\/span><\/h4>\n<p>Funnsted: Berghulnes, Saltdal ,Nordland.<\/p>\n<p>Datering: Yngre steinalder.<\/p>\n<p>Materialet: Bergart.<\/p>\n<div class=\"sketchfab-embed-wrapper\">    <iframe title=\"Beinknuser (TS8508)  05\" id=\"\" class=\"\" width=\"580\" height=\"326\" src=\"https:\/\/sketchfab.com\/models\/a0117327202f4f219412d57bc6b7821f\/embed\" frameborder=\"0\" allow=\"autoplay; fullscreen; xr-spatial-tracking\" allowfullscreen=\"\" mozallowfullscreen=\"true\" webkitallowfullscreen=\"true\" xr-spatial-tracking=\"true\" execution-while-out-of-viewport=\"true\" execution-while-not-rendered=\"true\" web-share=\"true\"><\/iframe><\/div>\n<p>&nbsp;<\/p>\n<h4 class=\"model-name\"><span class=\"model-name c-model-name\"><span class=\"model-name__label\">Kamkeramikk (TS4455C)<\/span><\/span><\/h4>\n<p>Funnsted: Noatun, S\u00f8rvaranger prestgjeld, Troms og Finnmark.<\/p>\n<p>Datering: Yngre steinalder.<\/p>\n<p>Materialet: Keramikk<\/p>\n<div class=\"sketchfab-embed-wrapper\">    <iframe title=\"Kamkeramikk (TS4455C)\" id=\"\" class=\"\" width=\"580\" height=\"326\" src=\"https:\/\/sketchfab.com\/models\/df92613239874535a150789d754f24d9\/embed\" frameborder=\"0\" allow=\"autoplay; fullscreen; xr-spatial-tracking\" allowfullscreen=\"\" mozallowfullscreen=\"true\" webkitallowfullscreen=\"true\" xr-spatial-tracking=\"true\" execution-while-out-of-viewport=\"true\" execution-while-not-rendered=\"true\" web-share=\"true\"><\/iframe><\/div>\n<p>&nbsp;<\/p>\n<h4 class=\"model-name\"><span class=\"model-name c-model-name\"><span class=\"model-name__label\">Kamkeramikk (A1742)<\/span><\/span><\/h4>\n<\/div>\n<\/div>\n<\/div>\n<\/section>\n<\/div>\n<div id=\"view30\">\n<section class=\"c-model-page-popup__container view sidebar-right model-container\">\n<div class=\"main c-model-page-popup__main\">\n<div>\n<div class=\"popup-container\">\n<div id=\"view25\" class=\"js-popup js-popup-content c-popup__container\">\n<div id=\"view26\">\n<div id=\"view28\">\n<section class=\"c-popup c-model-page-popup\">\n<div class=\"c-popup__content c-popup__full-height\">\n<div id=\"view30\">\n<section class=\"c-model-page-popup__container view sidebar-right model-container\">\n<div class=\"main c-model-page-popup__main\">\n<div id=\"view31\">\n<p class=\"c-viewer\">Funnsted: Nimisj\u00e4rvi, S\u00e4r\u00e4isniemi, \u00d8sterbotten, Finnland.<\/p>\n<p>Datering: Yngre Steinalder.<\/p>\n<p>Materiale: Keramikk.<\/p>\n<div class=\"sketchfab-embed-wrapper\">    <iframe title=\"Kamkeramikk (A1742)\" id=\"\" class=\"\" width=\"580\" height=\"326\" src=\"https:\/\/sketchfab.com\/models\/5ac591d9670f4344a4fa0775be2e8a8d\/embed\" frameborder=\"0\" allow=\"autoplay; fullscreen; xr-spatial-tracking\" allowfullscreen=\"\" mozallowfullscreen=\"true\" webkitallowfullscreen=\"true\" xr-spatial-tracking=\"true\" execution-while-out-of-viewport=\"true\" execution-while-not-rendered=\"true\" web-share=\"true\"><\/iframe><\/div>\n<div>\n<h4 class=\"model-name\"><span class=\"model-name c-model-name\"><span class=\"model-name__label\">Beinangel (TS5526eo)<\/span><\/span><\/h4>\n<p>Funnsted: Gressbakken, Nesseby, Troms og Finnmark<\/p>\n<p>Datering: Yngre steinalder.<\/p>\n<p>Materiale: Bein\/ horn.<\/p>\n<div class=\"sketchfab-embed-wrapper\">    <iframe title=\"Beinangel (TS5526eo)\" id=\"\" class=\"\" width=\"580\" height=\"326\" src=\"https:\/\/sketchfab.com\/models\/79aa8d690df849079520a1d109f8bf1e\/embed\" frameborder=\"0\" allow=\"autoplay; fullscreen; xr-spatial-tracking\" allowfullscreen=\"\" mozallowfullscreen=\"true\" webkitallowfullscreen=\"true\" xr-spatial-tracking=\"true\" execution-while-out-of-viewport=\"true\" execution-while-not-rendered=\"true\" web-share=\"true\"><\/iframe><\/div>\n<\/div>\n<\/div>\n<\/div>\n<\/section>\n<\/div>\n<\/div>\n<\/section>\n<\/div>\n<\/div>\n<\/div>\n<\/div>\n<\/div>\n<\/div>\n<\/section>\n<\/div>\n<\/div>\n<\/section>\n<\/div>\n<\/div>\n<\/div>\n<\/div>\n","protected":false},"excerpt":{"rendered":"<p>Den yngere steinalder eller neolitikum som den ogs\u00e5 kalles, varte fra ca 4000\u20131800 f.Kr. Denne tiden var ogs\u00e5 starten p\u00e5 jordbruket Skiferpil (TS21) Funnsted: &#8211; Flakstad g\u00e5rd, Torsken, Senja, Troms og Finnmark Datering: Yngre steinalder Materiale: &#8211; Dividalsskifer &nbsp; Spydspiss (TS123) Funnsted: Saksenvik venstre\/Saksenvik \u00f8stre, Saltdal, Nordland. Datering: Yngre steinalder. Materiale: Skifer Meisel (Ts343) Funnsted: [&hellip;]<\/p>\n","protected":false},"author":1161,"featured_media":0,"parent":105,"menu_order":1,"comment_status":"closed","ping_status":"closed","template":"","meta":{"footnotes":""},"class_list":["post-73","page","type-page","status-publish","hentry"],"_links":{"self":[{"href":"https:\/\/site.uit.no\/materialkurs\/wp-json\/wp\/v2\/pages\/73","targetHints":{"allow":["GET"]}}],"collection":[{"href":"https:\/\/site.uit.no\/materialkurs\/wp-json\/wp\/v2\/pages"}],"about":[{"href":"https:\/\/site.uit.no\/materialkurs\/wp-json\/wp\/v2\/types\/page"}],"author":[{"embeddable":true,"href":"https:\/\/site.uit.no\/materialkurs\/wp-json\/wp\/v2\/users\/1161"}],"replies":[{"embeddable":true,"href":"https:\/\/site.uit.no\/materialkurs\/wp-json\/wp\/v2\/comments?post=73"}],"version-history":[{"count":22,"href":"https:\/\/site.uit.no\/materialkurs\/wp-json\/wp\/v2\/pages\/73\/revisions"}],"predecessor-version":[{"id":187,"href":"https:\/\/site.uit.no\/materialkurs\/wp-json\/wp\/v2\/pages\/73\/revisions\/187"}],"up":[{"embeddable":true,"href":"https:\/\/site.uit.no\/materialkurs\/wp-json\/wp\/v2\/pages\/105"}],"wp:attachment":[{"href":"https:\/\/site.uit.no\/materialkurs\/wp-json\/wp\/v2\/media?parent=73"}],"curies":[{"name":"wp","href":"https:\/\/api.w.org\/{rel}","templated":true}]}}