{"id":9,"date":"2020-10-05T20:04:14","date_gmt":"2020-10-05T20:04:14","guid":{"rendered":"https:\/\/site.uit.no\/materialkurs\/?page_id=9"},"modified":"2020-11-06T14:52:25","modified_gmt":"2020-11-06T14:52:25","slug":"jernalder","status":"publish","type":"page","link":"https:\/\/site.uit.no\/materialkurs\/jernalder\/","title":{"rendered":"Jernalder"},"content":{"rendered":"<p>&nbsp;<\/p>\n<p>Under denne kategorien vil du finne modeller av gjenstands materiale fra Jernalderen. Jernalderen begynner 500 \u00e5r f\u00f8r Kristus og varer til 1050 etter Kristus. Perioden er lang og dekker en del kortere perioder innen jernalderen, slik som F\u00f8rromersk jernalder (500-0), romertid (0-400 AD), folkevandringstid (400-550), Merovingertid (550-800) og Vikingtiden (800-1050).\u00a0I Norge deles perioden inn i eldre og yngre jernalder. Hvor eldre regnes fra 500 f.Kr. til 550 e.Kr, og yngre fra 550 til 1050 e.Kr. Perioden er etterf\u00f8lger av tidlig metall tid, og forgjenger til middelalderen.<\/p>\n<p>Jernalderen har f\u00e5tt sitt navn etter det nye materiale mennesker tok i bruk i denne perioden, nettopp jern. Likevel er det andre materialer som fremdeles er i bruk, slik som bronse, bein\/horn m.m.<\/p>\n<p>Ved trykke videre til modellenes side, vil det st\u00e5 mer info om gjenstandene under modellene, likevel har vi valgt \u00e5 legge ved noe info her ogs\u00e5.<\/p>\n<p><strong>Draktspenner fra Yngre Jernalder<\/strong><\/p>\n<p>Sk\u00e5lformede bronsespenner ble vanligvis brukt som dekorasjon p\u00e5 kvinnelige kl\u00e6r, ofte brukt som draktspenne par for \u00e5 holde sammen kvinnedrakten.<\/p>\n<ul>\n<li><strong>Oval dobbelspenne (TS754):<\/strong><\/li>\n<\/ul>\n<p>Datering: Yngre Jernalder (Vikingtid).<\/p>\n<p>Funnsted:\u00a0\u00a0\u00c5ngstad g\u00e5rd, Hadsel, Nordland.<\/p>\n<p>Materiale: Bronse<\/p>\n<div class=\"sketchfab-embed-wrapper\">    <iframe title=\"Oval brooch (TS754)\" id=\"\" class=\"\" width=\"580\" height=\"326\" src=\"https:\/\/sketchfab.com\/models\/1f4ffbc3437141719c47c5654df784e0\/embed\" frameborder=\"0\" allow=\"autoplay; fullscreen; xr-spatial-tracking\" allowfullscreen=\"\" mozallowfullscreen=\"true\" webkitallowfullscreen=\"true\" xr-spatial-tracking=\"true\" execution-while-out-of-viewport=\"true\" execution-while-not-rendered=\"true\" web-share=\"true\"><\/iframe><\/div>\n<ul>\n<li><strong>Sk\u00e5lformet bronsespenne (TS69):<\/strong><\/li>\n<\/ul>\n<p>Datering: Yngre Jernalder (Vikingtid).<\/p>\n<p>Funnsted: Hamn, Senja, Troms og Finnmark.<\/p>\n<p>Materiale: Bronse.<\/p>\n<div class=\"sketchfab-embed-wrapper\">    <iframe title=\"Sk\u00e5lformet bronsespenne (TS69)\" id=\"\" class=\"\" width=\"580\" height=\"326\" src=\"https:\/\/sketchfab.com\/models\/aecbee7796c84609bc35fb4bcc922262\/embed\" frameborder=\"0\" allow=\"autoplay; fullscreen; xr-spatial-tracking\" allowfullscreen=\"\" mozallowfullscreen=\"true\" webkitallowfullscreen=\"true\" xr-spatial-tracking=\"true\" execution-while-out-of-viewport=\"true\" execution-while-not-rendered=\"true\" web-share=\"true\"><\/iframe><\/div>\n<ul>\n<li><strong>Rundspenne fra Yngre jernalder (Merovingertid) (TS2610):<\/strong><\/li>\n<\/ul>\n<p>Datering: Yngre jernalder, f\u00f8rste halvdel av merovingertid (550-800).<\/p>\n<p>Funnsted:\u00a0Harstad, Troms og Finnmark.<\/p>\n<p>Funnet: 1920.<\/p>\n<p>Materiale: Bronse<\/p>\n<p>Bruksomr\u00e5de: Draktspenne til kl\u00e6r.<\/p>\n<div class=\"sketchfab-embed-wrapper\">    <iframe title=\"Rundspenne (TS2610)\" id=\"\" class=\"\" width=\"580\" height=\"326\" src=\"https:\/\/sketchfab.com\/models\/7a3d15c1124f4c53af79384b98f8dae6\/embed\" frameborder=\"0\" allow=\"autoplay; fullscreen; xr-spatial-tracking\" allowfullscreen=\"\" mozallowfullscreen=\"true\" webkitallowfullscreen=\"true\" xr-spatial-tracking=\"true\" execution-while-out-of-viewport=\"true\" execution-while-not-rendered=\"true\" web-share=\"true\"><\/iframe><\/div>\n<ul>\n<li><strong>Korsformet bronsespenne (TS31):<\/strong><\/li>\n<\/ul>\n<p>Datering: Yngre jernalder, siste halvdel av folkevandringstid (500-600).<\/p>\n<p>Funnsted:\u00a0Hundstad, Kv\u00e6fjord, Troms og Finnmark.<\/p>\n<p>Funnet: 1874.<\/p>\n<p>Materiale: Bronse.<\/p>\n<p>Bruksomr\u00e5de: Dekorasjon p\u00e5 kl\u00e6r, fester til blant annet kapper o.l.<\/p>\n<div class=\"sketchfab-embed-wrapper\">    <iframe title=\"Korsformet bronsespenne (TS31)\" id=\"\" class=\"\" width=\"580\" height=\"326\" src=\"https:\/\/sketchfab.com\/models\/1bfeb81cf6cb4493be47aa15d6bff024\/embed\" frameborder=\"0\" allow=\"autoplay; fullscreen; xr-spatial-tracking\" allowfullscreen=\"\" mozallowfullscreen=\"true\" webkitallowfullscreen=\"true\" xr-spatial-tracking=\"true\" execution-while-out-of-viewport=\"true\" execution-while-not-rendered=\"true\" web-share=\"true\"><\/iframe><\/div>\n<p><strong>Jernalder \u00f8kser<\/strong><\/p>\n<ul>\n<li><strong>Skjegg\u00f8ks (TS102):<\/strong><\/li>\n<\/ul>\n<p>Skjegg\u00f8ksen har f\u00e5tt sitt navn etter sin lange form.<\/p>\n<p>Datering: Yngre jernalder (merovingertid eller vikingtid).<\/p>\n<p>Funnsted: Sortland, Sortland kommune, Nordland.<\/p>\n<p>Funnet: 1870.<\/p>\n<p>Materiale: Jern.<\/p>\n<p>Bruksomr\u00e5de: V\u00e5pen.<\/p>\n<div class=\"sketchfab-embed-wrapper\">    <iframe title=\"Skjegg\u00f8ks (Ts102)\" id=\"\" class=\"\" width=\"580\" height=\"326\" src=\"https:\/\/sketchfab.com\/models\/7ec719dd751349e6a4bad5e5775205d8\/embed\" frameborder=\"0\" allow=\"autoplay; fullscreen; xr-spatial-tracking\" allowfullscreen=\"\" mozallowfullscreen=\"true\" webkitallowfullscreen=\"true\" xr-spatial-tracking=\"true\" execution-while-out-of-viewport=\"true\" execution-while-not-rendered=\"true\" web-share=\"true\"><\/iframe><\/div>\n<ul>\n<li><strong>\u00d8ks (TS40):<\/strong><\/li>\n<\/ul>\n<p>Datering: Eldre jernalder (500 f.Kr-550 e.Kr.)<\/p>\n<p>Funnsted:\u00a0Hundstad, Kv\u00e6fjord, Troms og Finnmark.<\/p>\n<p>Materiale: Jern.<\/p>\n<div class=\"sketchfab-embed-wrapper\">    <iframe title=\"\u00d8ks (TS40)\" id=\"\" class=\"\" width=\"580\" height=\"326\" src=\"https:\/\/sketchfab.com\/models\/4d29b15c1ec14f4e8436460ebc2e2fe0\/embed\" frameborder=\"0\" allow=\"autoplay; fullscreen; xr-spatial-tracking\" allowfullscreen=\"\" mozallowfullscreen=\"true\" webkitallowfullscreen=\"true\" xr-spatial-tracking=\"true\" execution-while-out-of-viewport=\"true\" execution-while-not-rendered=\"true\" web-share=\"true\"><\/iframe><\/div>\n<p><strong>Kniv (TS496):<\/strong><\/p>\n<p>Datering:<\/p>\n<p>Funnsted:<\/p>\n<p>Materiale:<\/p>\n<p>Bruksomr\u00e5de:<\/p>\n<div class=\"sketchfab-embed-wrapper\">    <iframe title=\"Kniv (TS496??)\" id=\"\" class=\"\" width=\"580\" height=\"326\" src=\"https:\/\/sketchfab.com\/models\/b85b99e3a3fe4347891011623c8d4ca5\/embed\" frameborder=\"0\" allow=\"autoplay; fullscreen; xr-spatial-tracking\" allowfullscreen=\"\" mozallowfullscreen=\"true\" webkitallowfullscreen=\"true\" xr-spatial-tracking=\"true\" execution-while-out-of-viewport=\"true\" execution-while-not-rendered=\"true\" web-share=\"true\"><\/iframe><\/div>\n<p><strong>Kam (TS901):<\/strong><\/p>\n<p>Datering: Yngre jernalder (550-1050).<\/p>\n<p>Funnsted:\u00a0L\u00f8dningen, Nordland.<\/p>\n<p>Materiale: Bein\/horn.<\/p>\n<p>Bruksomr\u00e5de: Stell av h\u00e5r\/skjegg.<\/p>\n<div class=\"sketchfab-embed-wrapper\">    <iframe title=\"Kam (TS901)\" id=\"\" class=\"\" width=\"580\" height=\"326\" src=\"https:\/\/sketchfab.com\/models\/917382612dd24b3eb7c5718fd2134971\/embed\" frameborder=\"0\" allow=\"autoplay; fullscreen; xr-spatial-tracking\" allowfullscreen=\"\" mozallowfullscreen=\"true\" webkitallowfullscreen=\"true\" xr-spatial-tracking=\"true\" execution-while-out-of-viewport=\"true\" execution-while-not-rendered=\"true\" web-share=\"true\"><\/iframe><\/div>\n","protected":false},"excerpt":{"rendered":"<p>&nbsp; Under denne kategorien vil du finne modeller av gjenstands materiale fra Jernalderen. Jernalderen begynner 500 \u00e5r f\u00f8r Kristus og varer til 1050 etter Kristus. Perioden er lang og dekker en del kortere perioder innen jernalderen, slik som F\u00f8rromersk jernalder (500-0), romertid (0-400 AD), folkevandringstid (400-550), Merovingertid (550-800) og Vikingtiden (800-1050).\u00a0I Norge deles perioden inn [&hellip;]<\/p>\n","protected":false},"author":1100,"featured_media":0,"parent":0,"menu_order":0,"comment_status":"closed","ping_status":"closed","template":"","meta":{"footnotes":""},"class_list":["post-9","page","type-page","status-publish","hentry"],"_links":{"self":[{"href":"https:\/\/site.uit.no\/materialkurs\/wp-json\/wp\/v2\/pages\/9","targetHints":{"allow":["GET"]}}],"collection":[{"href":"https:\/\/site.uit.no\/materialkurs\/wp-json\/wp\/v2\/pages"}],"about":[{"href":"https:\/\/site.uit.no\/materialkurs\/wp-json\/wp\/v2\/types\/page"}],"author":[{"embeddable":true,"href":"https:\/\/site.uit.no\/materialkurs\/wp-json\/wp\/v2\/users\/1100"}],"replies":[{"embeddable":true,"href":"https:\/\/site.uit.no\/materialkurs\/wp-json\/wp\/v2\/comments?post=9"}],"version-history":[{"count":34,"href":"https:\/\/site.uit.no\/materialkurs\/wp-json\/wp\/v2\/pages\/9\/revisions"}],"predecessor-version":[{"id":190,"href":"https:\/\/site.uit.no\/materialkurs\/wp-json\/wp\/v2\/pages\/9\/revisions\/190"}],"wp:attachment":[{"href":"https:\/\/site.uit.no\/materialkurs\/wp-json\/wp\/v2\/media?parent=9"}],"curies":[{"name":"wp","href":"https:\/\/api.w.org\/{rel}","templated":true}]}}