{"id":102,"date":"2019-02-02T12:17:53","date_gmt":"2019-02-02T11:17:53","guid":{"rendered":"https:\/\/site.uit.no\/mentorbfe\/?page_id=102"},"modified":"2019-04-21T19:42:36","modified_gmt":"2019-04-21T17:42:36","slug":"opplaeringsdag-for-mentorer-29-30-april-2019","status":"publish","type":"page","link":"https:\/\/site.uit.no\/mentorbfe\/opplaeringsdag-for-mentorer-29-30-april-2019\/","title":{"rendered":"Oppl\u00e6ringsdag 29.-30. april"},"content":{"rendered":"<p><strong>BFE arrangerer mentoroppl\u00e6ring f\u00f8r mottak av kull 2019 i Troms\u00f8:<br \/>\nArrang\u00f8rer: Bj\u00f8rn-Petter FInstad,\u00a0<\/strong><em>prodekan for utdanning BFE<\/em> <strong>og Trine Holm Larsen, <\/strong><em>koordinator mentorprogrammet BFE<\/em><\/p>\n<p><strong><em>Tidsrammen er lunsj til lunsj:<\/em><\/strong><br \/>\nMandag 29. april fra ca klokken 12 &#8211; 19, inkludert lunsj og felles middag<br \/>\nTirsdag 30. april fra ca klokken 09 &#8211; 12, inkludert lunsj<\/p>\n<p><strong>Forel\u00f8pige tema (detaljert program og rekkef\u00f8lge kommer senere):<br \/>\n<\/strong><br \/>\n* Velkommen<br \/>\n&#8211; <strong>Kathrine Tveiter\u00e5s,\u00a0<\/strong><em>dekan BFE\u00a0<\/em><strong><br \/>\n<\/strong>&#8211;\u00a0<strong>Wenche Jakobsen,\u00a0<\/strong><em>prorektor utdanning, universitetsledelsen UiT<\/em><br \/>\n* Erfaringsutveksling (mentorene presenterer hva de har gjort s\u00e5 langt)<br \/>\n&#8211; mentorer ved BFE (AMB, HHT, NFH)<br \/>\n* Pedagogisk input<br \/>\n&#8211; <strong>Bj\u00f8rn-Petter Finstad<\/strong><\/p>\n<p>* Parallelsesjoner for hvert program for mentorer og faglige programansvarlige<br \/>\n* Rolleavklaring (hva betyr det \u00e5 v\u00e6re mentor p\u00e5 BFE?)<br \/>\n* Innhold i mentortimene<br \/>\n* Sosialt og faglig fokus<br \/>\n* Praktisk info (L\u00f8nn, \u00f8konomi med mer)<\/p>\n","protected":false},"excerpt":{"rendered":"<p>BFE arrangerer mentoroppl\u00e6ring f\u00f8r mottak av kull 2019 i Troms\u00f8: Arrang\u00f8rer: Bj\u00f8rn-Petter FInstad,\u00a0prodekan for utdanning BFE og Trine Holm Larsen, koordinator mentorprogrammet BFE Tidsrammen er lunsj til lunsj: Mandag 29. april fra ca klokken 12 &#8211; 19, inkludert lunsj og &hellip; <a href=\"https:\/\/site.uit.no\/mentorbfe\/opplaeringsdag-for-mentorer-29-30-april-2019\/\">Les videre <span class=\"meta-nav\">&rarr;<\/span><\/a><\/p>\n","protected":false},"author":471,"featured_media":0,"parent":0,"menu_order":0,"comment_status":"closed","ping_status":"closed","template":"","meta":{"footnotes":""},"class_list":["post-102","page","type-page","status-publish","hentry"],"_links":{"self":[{"href":"https:\/\/site.uit.no\/mentorbfe\/wp-json\/wp\/v2\/pages\/102","targetHints":{"allow":["GET"]}}],"collection":[{"href":"https:\/\/site.uit.no\/mentorbfe\/wp-json\/wp\/v2\/pages"}],"about":[{"href":"https:\/\/site.uit.no\/mentorbfe\/wp-json\/wp\/v2\/types\/page"}],"author":[{"embeddable":true,"href":"https:\/\/site.uit.no\/mentorbfe\/wp-json\/wp\/v2\/users\/471"}],"replies":[{"embeddable":true,"href":"https:\/\/site.uit.no\/mentorbfe\/wp-json\/wp\/v2\/comments?post=102"}],"version-history":[{"count":8,"href":"https:\/\/site.uit.no\/mentorbfe\/wp-json\/wp\/v2\/pages\/102\/revisions"}],"predecessor-version":[{"id":120,"href":"https:\/\/site.uit.no\/mentorbfe\/wp-json\/wp\/v2\/pages\/102\/revisions\/120"}],"wp:attachment":[{"href":"https:\/\/site.uit.no\/mentorbfe\/wp-json\/wp\/v2\/media?parent=102"}],"curies":[{"name":"wp","href":"https:\/\/api.w.org\/{rel}","templated":true}]}}